{"id":624,"date":"2022-09-30T12:53:59","date_gmt":"2022-09-30T11:53:59","guid":{"rendered":"http:\/\/thehottieandthenottie.com\/sesso-vicino-a-me\/"},"modified":"2022-09-30T12:53:59","modified_gmt":"2022-09-30T11:53:59","slug":"sesso-vicino-a-me","status":"publish","type":"page","link":"http:\/\/thehottieandthenottie.com\/it\/sesso-vicino-a-me\/","title":{"rendered":"Sesso vicino a me"},"content":{"rendered":"<p>Non c&#8217;\u00e8 bisogno di passare ore online alla ricerca di &#8220;sesso gratuito vicino a me&#8221;. Vai al tuo bar o club locale e inizia a chattare con potenziali collegamenti. Potresti essere sorpreso di quanto sia facile trovare qualcuno che \u00e8 gi\u00f9 per un po &#8216;di divertimento senza vincoli. Ricorda solo di essere sicuro e di usare la protezione!<\/p>\n<h2>Trova sesso<\/h2>\n<p>Non c&#8217;\u00e8 niente come il brivido di sapere che c&#8217;\u00e8 <a href=\"http:\/\/thehottieandthenottie.com\/swinger-sites\/\">sesso libero nelle vicinanze<\/a>. Che si tratti di un collegamento una tantum o di una cosa normale, \u00e8 sempre eccitante. E, naturalmente, \u00e8 ancora meglio quando non devi andare lontano per trovarlo. Se stai cercando sesso gratuito nelle vicinanze, uno dei modi migliori per trovarlo \u00e8 attraverso gli appuntamenti online. Ci sono molti siti di incontri e app l\u00e0 fuori che possono aiutarti a connetterti con qualcuno che \u00e8 interessato alla stessa cosa. Naturalmente, puoi anche tentare la fortuna in bar o club. Ma, se non sei in quella scena, gli appuntamenti online sono sicuramente la strada da percorrere. Con cos\u00ec tante persone in cerca di sesso libero, sei sicuro di trovare qualcuno che \u00e8 gi\u00f9 per questo.<\/p>\n<h2>Collegamenti locali<\/h2>\n<p>Quando stai cercando di trovare l&#8217;amore, pu\u00f2 sembrare che tu stia cercando un ago in un pagliaio. Ma se ampli la tua ricerca per includere potenziali partner che vivono vicino a te, le tue possibilit\u00e0 di trovare l&#8217;amore aumentano esponenzialmente. E grazie alla tecnologia, \u00e8 pi\u00f9 facile che mai trovare qualcuno che scopa vicino a te. Esistono numerose app e siti Web di appuntamenti che ti consentono di cercare potenziali partner per posizione. Quindi, se stai cercando l&#8217;amore e sei disposto a scopare vicino a qualcuno, ci sono buone probabilit\u00e0 che sarai in grado di trovare quello che stai cercando. Certo, non ci sono garanzie nella vita. Ma se sei aperto a scopare vicino a qualcuno per trovare l&#8217;amore, potresti essere sorpreso di quanto sia facile trovare una corrispondenza. Quindi vai avanti e provalo. Potresti trovare l&#8217;amore della tua vita.<\/p>\n<h2>Incontro di sesso occasionale<\/h2>\n<p>Non c&#8217;\u00e8 una risposta a questa domanda poich\u00e9 le persone hanno opinioni diverse su ci\u00f2 che si qualifica come &#8220;sesso occasionale&#8221;. Per alcune persone, il sesso occasionale si riferisce all&#8217;attivit\u00e0 sessuale che non comporta alcun tipo di connessione emotiva o impegno, mentre per altri si riferisce semplicemente al sesso che non fa parte di una relazione monogama a lungo termine.<\/p>\n<p>Se sei interessato a esplorare il sesso occasionale, ci sono alcune cose da tenere a mente. Innanzitutto, assicurati di comunicare con i tuoi partner sulle tue aspettative e sui tuoi confini intorno al sesso. \u00c8 anche importante essere onesti con te stesso su ci\u00f2 che stai cercando e su ci\u00f2 con cui ti senti a tuo agio. Se non sei sicuro, va bene! Puoi sempre sperimentare e vedere cosa ti fa sentire bene.<\/p>\n<p>Infine, ricorda di praticare sesso sicuro usando preservativi e \/ o altre forme di controllo delle nascite e di sottoporsi regolarmente al test per le malattie sessualmente trasmissibili. Il sesso occasionale pu\u00f2 essere un modo divertente ed eccitante per esplorare la tua sessualit\u00e0, ma \u00e8 importante essere sicuri e responsabili.<\/p>\n<h3>Badoo \u00b7<\/h3>\n<p>Badoo \u00e8 un&#8217;app di appuntamenti online gratuita che ti consente di incontrare nuove persone nella tua zona. Non \u00e8 necessario registrarsi per un account per utilizzare Badoo e puoi iniziare a chattare immediatamente con le persone vicine. L&#8217;app ha anche un&#8217;opzione di abbonamento a pagamento che ti d\u00e0 accesso a funzionalit\u00e0 aggiuntive come la messaggistica illimitata e la possibilit\u00e0 di vedere chi ha visualizzato il tuo profilo. Badoo non \u00e8 un&#8217;app di collegamento e non \u00e8 destinata all&#8217;uso come un modo per trovare sesso libero vicino a me. Tuttavia, molti utenti utilizzano l&#8217;app per questo scopo ed \u00e8 possibile trovare persone interessate a incontri casuali e incontri sessuali. L&#8217;app \u00e8 relativamente sicura da usare e ci sono diversi modi per segnalare e bloccare gli utenti che si comportano in modo inappropriato. Nel complesso, Badoo \u00e8 una buona opzione per incontrare nuove persone e potenzialmente trovare collegamenti casuali.<\/p>\n<h3>Ashley Madison<\/h3>\n<p>Se stai cercando un modo discreto per avere una relazione o un collegamento, allora Ashley Madison \u00e8 l&#8217;app di appuntamenti che fa per te. Con oltre 60 milioni di membri in tutto il mondo, \u00e8 una delle app pi\u00f9 popolari per le persone in cerca di relazioni extraconiugali e incontri casuali. L&#8217;app pu\u00f2 essere scaricata e utilizzata gratuitamente, ma dovrai acquistare crediti per sbloccare determinate funzionalit\u00e0. Nel complesso, Ashley Madison \u00e8 un&#8217;ottima app per chiunque cerchi un po &#8216;di eccitazione in pi\u00f9 nella propria vita amorosa.<\/p>\n<h3>DateMyAge<\/h3>\n<p>Se stai cercando una nuova app di appuntamenti, DateMyAge \u00e8 un&#8217;ottima opzione. \u00c8 scaricabile gratuitamente e ha una valutazione di 4,5 stelle sull&#8217;App Store. L&#8217;app \u00e8 progettata per le persone di et\u00e0 superiore ai 50 anni ed \u00e8 un ottimo modo per incontrare nuove persone, sia che tu stia cercando amicizia o amore. L&#8217;app \u00e8 facile da usare e ha molte grandi funzionalit\u00e0, come la possibilit\u00e0 di visualizzare i profili di altri utenti nella tua zona. Puoi anche inviare messaggi e utilizzare la funzione chat per conoscere meglio gli altri utenti.<\/p>\n<p>Nel complesso, consiglierei sicuramente DateMyAge a chiunque cerchi una nuova app di appuntamenti. \u00c8 un ottimo modo per incontrare nuove persone ed \u00e8 gratuito.<\/p>\n","protected":false},"excerpt":{"rendered":"<p>Non c&#8217;\u00e8 bisogno di passare ore online alla ricerca di &#8220;sesso gratuito vicino a me&#8221;. Vai al tuo bar o club locale e inizia a chattare con potenziali collegamenti. Potresti essere sorpreso di quanto sia facile trovare qualcuno che \u00e8 gi\u00f9 per un po &#8216;di divertimento senza vincoli. Ricorda solo di essere sicuro e di &#8230; <a title=\"Sesso vicino a me\" class=\"read-more\" href=\"http:\/\/thehottieandthenottie.com\/it\/sesso-vicino-a-me\/\" aria-label=\"Leggi di pi\u00f9 su Sesso vicino a me\">Leggi tutto<\/a><\/p>\n","protected":false},"author":1,"featured_media":0,"parent":0,"menu_order":0,"comment_status":"closed","ping_status":"closed","template":"","meta":[],"yoast_head":"<!-- This site is optimized with the Yoast SEO plugin v17.7.1 - https:\/\/yoast.com\/wordpress\/plugins\/seo\/ -->\n<title>Sesso vicino a me - Nei dintorni Hotties<\/title>\n<meta name=\"robots\" content=\"index, follow, max-snippet:-1, max-image-preview:large, max-video-preview:-1\" \/>\n<link rel=\"canonical\" href=\"http:\/\/thehottieandthenottie.com\/it\/sesso-vicino-a-me\/\" \/>\n<meta property=\"og:locale\" content=\"it_IT\" \/>\n<meta property=\"og:type\" content=\"article\" \/>\n<meta property=\"og:title\" content=\"Sesso vicino a me - Nei dintorni Hotties\" \/>\n<meta property=\"og:description\" content=\"Non c&#8217;\u00e8 bisogno di passare ore online alla ricerca di &#8220;sesso gratuito vicino a me&#8221;. Vai al tuo bar o club locale e inizia a chattare con potenziali collegamenti. Potresti essere sorpreso di quanto sia facile trovare qualcuno che \u00e8 gi\u00f9 per un po &#8216;di divertimento senza vincoli. Ricorda solo di essere sicuro e di ... Leggi tutto\" \/>\n<meta property=\"og:url\" content=\"http:\/\/thehottieandthenottie.com\/it\/sesso-vicino-a-me\/\" \/>\n<meta property=\"og:site_name\" content=\"Nei dintorni Hotties\" \/>\n<meta name=\"twitter:card\" content=\"summary_large_image\" \/>\n<meta name=\"twitter:label1\" content=\"Tempo di lettura stimato\" \/>\n\t<meta name=\"twitter:data1\" content=\"4 minuti\" \/>\n<script type=\"application\/ld+json\" class=\"yoast-schema-graph\">{\"@context\":\"https:\/\/schema.org\",\"@graph\":[{\"@type\":\"WebSite\",\"@id\":\"https:\/\/thehottieandthenottie.com\/#website\",\"url\":\"https:\/\/thehottieandthenottie.com\/\",\"name\":\"Nei dintorni Hotties\",\"description\":\"Incontra le donne nella tua zona\",\"potentialAction\":[{\"@type\":\"SearchAction\",\"target\":{\"@type\":\"EntryPoint\",\"urlTemplate\":\"https:\/\/thehottieandthenottie.com\/?s={search_term_string}\"},\"query-input\":\"required name=search_term_string\"}],\"inLanguage\":\"it-IT\"},{\"@type\":\"WebPage\",\"@id\":\"http:\/\/thehottieandthenottie.com\/it\/sesso-vicino-a-me\/#webpage\",\"url\":\"http:\/\/thehottieandthenottie.com\/it\/sesso-vicino-a-me\/\",\"name\":\"Sesso vicino a me - Nei dintorni Hotties\",\"isPartOf\":{\"@id\":\"https:\/\/thehottieandthenottie.com\/#website\"},\"datePublished\":\"2022-09-30T11:53:59+00:00\",\"dateModified\":\"2022-09-30T11:53:59+00:00\",\"breadcrumb\":{\"@id\":\"http:\/\/thehottieandthenottie.com\/it\/sesso-vicino-a-me\/#breadcrumb\"},\"inLanguage\":\"it-IT\",\"potentialAction\":[{\"@type\":\"ReadAction\",\"target\":[\"http:\/\/thehottieandthenottie.com\/it\/sesso-vicino-a-me\/\"]}]},{\"@type\":\"BreadcrumbList\",\"@id\":\"http:\/\/thehottieandthenottie.com\/it\/sesso-vicino-a-me\/#breadcrumb\",\"itemListElement\":[{\"@type\":\"ListItem\",\"position\":1,\"name\":\"Home\",\"item\":\"http:\/\/thehottieandthenottie.com\/it\/\"},{\"@type\":\"ListItem\",\"position\":2,\"name\":\"Sesso vicino a me\"}]}]}<\/script>\n<!-- \/ Yoast SEO plugin. -->","yoast_head_json":{"title":"Sesso vicino a me - Nei dintorni Hotties","robots":{"index":"index","follow":"follow","max-snippet":"max-snippet:-1","max-image-preview":"max-image-preview:large","max-video-preview":"max-video-preview:-1"},"canonical":"http:\/\/thehottieandthenottie.com\/it\/sesso-vicino-a-me\/","og_locale":"it_IT","og_type":"article","og_title":"Sesso vicino a me - Nei dintorni Hotties","og_description":"Non c&#8217;\u00e8 bisogno di passare ore online alla ricerca di &#8220;sesso gratuito vicino a me&#8221;. Vai al tuo bar o club locale e inizia a chattare con potenziali collegamenti. Potresti essere sorpreso di quanto sia facile trovare qualcuno che \u00e8 gi\u00f9 per un po &#8216;di divertimento senza vincoli. Ricorda solo di essere sicuro e di ... Leggi tutto","og_url":"http:\/\/thehottieandthenottie.com\/it\/sesso-vicino-a-me\/","og_site_name":"Nei dintorni Hotties","twitter_card":"summary_large_image","twitter_misc":{"Tempo di lettura stimato":"4 minuti"},"schema":{"@context":"https:\/\/schema.org","@graph":[{"@type":"WebSite","@id":"https:\/\/thehottieandthenottie.com\/#website","url":"https:\/\/thehottieandthenottie.com\/","name":"Nei dintorni Hotties","description":"Incontra le donne nella tua zona","potentialAction":[{"@type":"SearchAction","target":{"@type":"EntryPoint","urlTemplate":"https:\/\/thehottieandthenottie.com\/?s={search_term_string}"},"query-input":"required name=search_term_string"}],"inLanguage":"it-IT"},{"@type":"WebPage","@id":"http:\/\/thehottieandthenottie.com\/it\/sesso-vicino-a-me\/#webpage","url":"http:\/\/thehottieandthenottie.com\/it\/sesso-vicino-a-me\/","name":"Sesso vicino a me - Nei dintorni Hotties","isPartOf":{"@id":"https:\/\/thehottieandthenottie.com\/#website"},"datePublished":"2022-09-30T11:53:59+00:00","dateModified":"2022-09-30T11:53:59+00:00","breadcrumb":{"@id":"http:\/\/thehottieandthenottie.com\/it\/sesso-vicino-a-me\/#breadcrumb"},"inLanguage":"it-IT","potentialAction":[{"@type":"ReadAction","target":["http:\/\/thehottieandthenottie.com\/it\/sesso-vicino-a-me\/"]}]},{"@type":"BreadcrumbList","@id":"http:\/\/thehottieandthenottie.com\/it\/sesso-vicino-a-me\/#breadcrumb","itemListElement":[{"@type":"ListItem","position":1,"name":"Home","item":"http:\/\/thehottieandthenottie.com\/it\/"},{"@type":"ListItem","position":2,"name":"Sesso vicino a me"}]}]}},"_links":{"self":[{"href":"http:\/\/thehottieandthenottie.com\/it\/wp-json\/wp\/v2\/pages\/624"}],"collection":[{"href":"http:\/\/thehottieandthenottie.com\/it\/wp-json\/wp\/v2\/pages"}],"about":[{"href":"http:\/\/thehottieandthenottie.com\/it\/wp-json\/wp\/v2\/types\/page"}],"author":[{"embeddable":true,"href":"http:\/\/thehottieandthenottie.com\/it\/wp-json\/wp\/v2\/users\/1"}],"replies":[{"embeddable":true,"href":"http:\/\/thehottieandthenottie.com\/it\/wp-json\/wp\/v2\/comments?post=624"}],"version-history":[{"count":0,"href":"http:\/\/thehottieandthenottie.com\/it\/wp-json\/wp\/v2\/pages\/624\/revisions"}],"wp:attachment":[{"href":"http:\/\/thehottieandthenottie.com\/it\/wp-json\/wp\/v2\/media?parent=624"}],"curies":[{"name":"wp","href":"https:\/\/api.w.org\/{rel}","templated":true}]}}