{"id":626,"date":"2022-09-30T12:54:32","date_gmt":"2022-09-30T11:54:32","guid":{"rendered":"http:\/\/thehottieandthenottie.com\/siti-di-collegamento-sessuale\/"},"modified":"2022-09-30T12:54:32","modified_gmt":"2022-09-30T11:54:32","slug":"siti-di-collegamento-sessuale","status":"publish","type":"page","link":"http:\/\/thehottieandthenottie.com\/it\/siti-di-collegamento-sessuale\/","title":{"rendered":"Siti di collegamento sessuale"},"content":{"rendered":"<p>Ci sono molti siti di messaggistica sessuale gratuiti l\u00e0 fuori, ma non tutti vale la pena usarli. Se stai cercando un sito che ti aiuti a connetterti con qualcuno, vuoi assicurarti che abbia una buona reputazione e che sia facile da usare. Vuoi anche assicurarti che il sito abbia molti membri in modo da avere maggiori probabilit\u00e0 di trovare qualcuno compatibile con te.<\/p>\n<h2>Collegamento sessuale gratuito<\/h2>\n<p>Ci sono molte idee sbagliate l\u00e0 fuori sugli appuntamenti sessuali gratuiti. Molte persone pensano che si tratti di trovare qualcuno con cui fare sesso senza doversi impegnare emotivamente o finanziariamente. Ma questo non \u00e8 davvero ci\u00f2 che riguarda gli appuntamenti sessuali gratuiti. Gli appuntamenti sessuali gratuiti riguardano la ricerca di qualcuno da cui sei attratto fisicamente ed emotivamente e che \u00e8 anche attratto da te. Si tratta di fare sesso con qualcuno senza doversi preoccupare delle conseguenze che derivano da una relazione tradizionale. Naturalmente, ci sono alcuni rischi connessi con gli appuntamenti sessuali gratuiti. Potresti finire per affezionarti emotivamente a qualcuno con cui non sei davvero compatibile. E c&#8217;\u00e8 sempre la possibilit\u00e0 che tu possa prendere una STD. Ma se sei disposto a correre questi rischi, gli appuntamenti sessuali gratuiti possono essere molto divertenti. Pu\u00f2 essere un ottimo modo per esplorare la tua sessualit\u00e0 e scoprire cosa stai davvero cercando in un partner.<\/p>\n<p>Non c&#8217;\u00e8 niente di meglio che trovare l&#8217;amore, e se stai cercando sesso gratis, allora dovresti assolutamente dare un&#8217;occhiata a Free Sex Meet Up. Questo sito Web \u00e8 perfetto per le persone che cercano sesso senza vincoli e puoi trovare persone nella tua zona che cercano la stessa cosa. Tutto quello che devi fare \u00e8 creare un profilo e iniziare a cercare persone che cercano sesso libero. Puoi anche utilizzare il sito Web per trovare persone che cercano una relazione e puoi persino trovare persone che cercano qualcosa di pi\u00f9 casual. Qualunque cosa tu stia cercando, puoi trovarla su Free Sex Meet Up.<\/p>\n<h2>Chat sessuale gratuita<\/h2>\n<p>Ci sono molte persone l\u00e0 fuori che sono in messaggi di sesso libero. Qui \u00e8 dove puoi inviare messaggi a qualcuno gratuitamente e ti invieranno messaggi sessualmente espliciti in cambio. Questo pu\u00f2 essere un ottimo modo per conoscere qualcuno sessualmente senza doverlo incontrare di persona. Pu\u00f2 anche essere un ottimo modo per ottenere un po &#8216;di tensione sessuale l\u00e0 fuori prima di incontrare effettivamente qualcuno di persona.<\/p>\n<h3>SwingLifestyle<\/h3>\n<p>SwingLifestyle \u00e8 un sito di messaggistica sessuale gratuito che ti consente di connetterti con persone che la pensano allo stesso modo per incontri casuali o altro. Il sito \u00e8 in circolazione da un po &#8216;e ha una buona reputazione per essere un posto sicuro per connettersi con le persone. L&#8217;app \u00e8 facile da usare e ha molte funzionalit\u00e0 che la rendono un&#8217;ottima scelta per le persone che sono alla ricerca di un sito di messaggistica sessuale gratuito. L&#8217;unico aspetto negativo \u00e8 che il sito non \u00e8 cos\u00ec popolare come alcuni degli altri siti di messaggistica sessuale gratuiti l\u00e0 fuori.<\/p>\n<h3>XPickup<\/h3>\n<p>Se stai cercando un sito di messaggistica sessuale gratuito, XPickup \u00e8 un&#8217;ottima opzione. L&#8217;app \u00e8 facile da usare e ha molte funzionalit\u00e0 che la rendono un&#8217;ottima scelta per chiunque cerchi un collegamento casuale. La funzione di ricerca \u00e8 particolarmente utile, in quanto ti consente di trovare persone nella tua zona che stanno cercando la tua stessa cosa. L&#8217;app ha anche un ottimo sistema di messaggistica, che rende facile rimanere in contatto con potenziali collegamenti. Nel complesso, XPickup \u00e8 un&#8217;ottima scelta per chiunque cerchi un sito di collegamento casuale.<\/p>\n<h3>Alt.com<\/h3>\n<p>Alt.com \u00e8 un sito di messaggistica sessuale gratuito che ti consente di inviare e ricevere messaggi con altri membri. Il sito ha una vasta base di membri ed \u00e8 facile da usare. Tuttavia, il sito non ha molte funzionalit\u00e0 e non \u00e8 molto user-friendly.<\/p>\n","protected":false},"excerpt":{"rendered":"<p>Ci sono molti siti di messaggistica sessuale gratuiti l\u00e0 fuori, ma non tutti vale la pena usarli. Se stai cercando un sito che ti aiuti a connetterti con qualcuno, vuoi assicurarti che abbia una buona reputazione e che sia facile da usare. Vuoi anche assicurarti che il sito abbia molti membri in modo da avere &#8230; <a title=\"Siti di collegamento sessuale\" class=\"read-more\" href=\"http:\/\/thehottieandthenottie.com\/it\/siti-di-collegamento-sessuale\/\" aria-label=\"Leggi di pi\u00f9 su Siti di collegamento sessuale\">Leggi tutto<\/a><\/p>\n","protected":false},"author":1,"featured_media":0,"parent":0,"menu_order":0,"comment_status":"closed","ping_status":"closed","template":"","meta":[],"yoast_head":"<!-- This site is optimized with the Yoast SEO plugin v17.7.1 - https:\/\/yoast.com\/wordpress\/plugins\/seo\/ -->\n<title>Siti di collegamento sessuale - Nei dintorni Hotties<\/title>\n<meta name=\"robots\" content=\"index, follow, max-snippet:-1, max-image-preview:large, max-video-preview:-1\" \/>\n<link rel=\"canonical\" href=\"http:\/\/thehottieandthenottie.com\/it\/siti-di-collegamento-sessuale\/\" \/>\n<meta property=\"og:locale\" content=\"it_IT\" \/>\n<meta property=\"og:type\" content=\"article\" \/>\n<meta property=\"og:title\" content=\"Siti di collegamento sessuale - Nei dintorni Hotties\" \/>\n<meta property=\"og:description\" content=\"Ci sono molti siti di messaggistica sessuale gratuiti l\u00e0 fuori, ma non tutti vale la pena usarli. Se stai cercando un sito che ti aiuti a connetterti con qualcuno, vuoi assicurarti che abbia una buona reputazione e che sia facile da usare. Vuoi anche assicurarti che il sito abbia molti membri in modo da avere ... Leggi tutto\" \/>\n<meta property=\"og:url\" content=\"http:\/\/thehottieandthenottie.com\/it\/siti-di-collegamento-sessuale\/\" \/>\n<meta property=\"og:site_name\" content=\"Nei dintorni Hotties\" \/>\n<meta name=\"twitter:card\" content=\"summary_large_image\" \/>\n<meta name=\"twitter:label1\" content=\"Tempo di lettura stimato\" \/>\n\t<meta name=\"twitter:data1\" content=\"3 minuti\" \/>\n<script type=\"application\/ld+json\" class=\"yoast-schema-graph\">{\"@context\":\"https:\/\/schema.org\",\"@graph\":[{\"@type\":\"WebSite\",\"@id\":\"https:\/\/thehottieandthenottie.com\/#website\",\"url\":\"https:\/\/thehottieandthenottie.com\/\",\"name\":\"Nei dintorni Hotties\",\"description\":\"Incontra le donne nella tua zona\",\"potentialAction\":[{\"@type\":\"SearchAction\",\"target\":{\"@type\":\"EntryPoint\",\"urlTemplate\":\"https:\/\/thehottieandthenottie.com\/?s={search_term_string}\"},\"query-input\":\"required name=search_term_string\"}],\"inLanguage\":\"it-IT\"},{\"@type\":\"WebPage\",\"@id\":\"http:\/\/thehottieandthenottie.com\/it\/siti-di-collegamento-sessuale\/#webpage\",\"url\":\"http:\/\/thehottieandthenottie.com\/it\/siti-di-collegamento-sessuale\/\",\"name\":\"Siti di collegamento sessuale - Nei dintorni Hotties\",\"isPartOf\":{\"@id\":\"https:\/\/thehottieandthenottie.com\/#website\"},\"datePublished\":\"2022-09-30T11:54:32+00:00\",\"dateModified\":\"2022-09-30T11:54:32+00:00\",\"breadcrumb\":{\"@id\":\"http:\/\/thehottieandthenottie.com\/it\/siti-di-collegamento-sessuale\/#breadcrumb\"},\"inLanguage\":\"it-IT\",\"potentialAction\":[{\"@type\":\"ReadAction\",\"target\":[\"http:\/\/thehottieandthenottie.com\/it\/siti-di-collegamento-sessuale\/\"]}]},{\"@type\":\"BreadcrumbList\",\"@id\":\"http:\/\/thehottieandthenottie.com\/it\/siti-di-collegamento-sessuale\/#breadcrumb\",\"itemListElement\":[{\"@type\":\"ListItem\",\"position\":1,\"name\":\"Home\",\"item\":\"http:\/\/thehottieandthenottie.com\/it\/\"},{\"@type\":\"ListItem\",\"position\":2,\"name\":\"Siti di collegamento sessuale\"}]}]}<\/script>\n<!-- \/ Yoast SEO plugin. -->","yoast_head_json":{"title":"Siti di collegamento sessuale - Nei dintorni Hotties","robots":{"index":"index","follow":"follow","max-snippet":"max-snippet:-1","max-image-preview":"max-image-preview:large","max-video-preview":"max-video-preview:-1"},"canonical":"http:\/\/thehottieandthenottie.com\/it\/siti-di-collegamento-sessuale\/","og_locale":"it_IT","og_type":"article","og_title":"Siti di collegamento sessuale - Nei dintorni Hotties","og_description":"Ci sono molti siti di messaggistica sessuale gratuiti l\u00e0 fuori, ma non tutti vale la pena usarli. Se stai cercando un sito che ti aiuti a connetterti con qualcuno, vuoi assicurarti che abbia una buona reputazione e che sia facile da usare. Vuoi anche assicurarti che il sito abbia molti membri in modo da avere ... Leggi tutto","og_url":"http:\/\/thehottieandthenottie.com\/it\/siti-di-collegamento-sessuale\/","og_site_name":"Nei dintorni Hotties","twitter_card":"summary_large_image","twitter_misc":{"Tempo di lettura stimato":"3 minuti"},"schema":{"@context":"https:\/\/schema.org","@graph":[{"@type":"WebSite","@id":"https:\/\/thehottieandthenottie.com\/#website","url":"https:\/\/thehottieandthenottie.com\/","name":"Nei dintorni Hotties","description":"Incontra le donne nella tua zona","potentialAction":[{"@type":"SearchAction","target":{"@type":"EntryPoint","urlTemplate":"https:\/\/thehottieandthenottie.com\/?s={search_term_string}"},"query-input":"required name=search_term_string"}],"inLanguage":"it-IT"},{"@type":"WebPage","@id":"http:\/\/thehottieandthenottie.com\/it\/siti-di-collegamento-sessuale\/#webpage","url":"http:\/\/thehottieandthenottie.com\/it\/siti-di-collegamento-sessuale\/","name":"Siti di collegamento sessuale - Nei dintorni Hotties","isPartOf":{"@id":"https:\/\/thehottieandthenottie.com\/#website"},"datePublished":"2022-09-30T11:54:32+00:00","dateModified":"2022-09-30T11:54:32+00:00","breadcrumb":{"@id":"http:\/\/thehottieandthenottie.com\/it\/siti-di-collegamento-sessuale\/#breadcrumb"},"inLanguage":"it-IT","potentialAction":[{"@type":"ReadAction","target":["http:\/\/thehottieandthenottie.com\/it\/siti-di-collegamento-sessuale\/"]}]},{"@type":"BreadcrumbList","@id":"http:\/\/thehottieandthenottie.com\/it\/siti-di-collegamento-sessuale\/#breadcrumb","itemListElement":[{"@type":"ListItem","position":1,"name":"Home","item":"http:\/\/thehottieandthenottie.com\/it\/"},{"@type":"ListItem","position":2,"name":"Siti di collegamento sessuale"}]}]}},"_links":{"self":[{"href":"http:\/\/thehottieandthenottie.com\/it\/wp-json\/wp\/v2\/pages\/626"}],"collection":[{"href":"http:\/\/thehottieandthenottie.com\/it\/wp-json\/wp\/v2\/pages"}],"about":[{"href":"http:\/\/thehottieandthenottie.com\/it\/wp-json\/wp\/v2\/types\/page"}],"author":[{"embeddable":true,"href":"http:\/\/thehottieandthenottie.com\/it\/wp-json\/wp\/v2\/users\/1"}],"replies":[{"embeddable":true,"href":"http:\/\/thehottieandthenottie.com\/it\/wp-json\/wp\/v2\/comments?post=626"}],"version-history":[{"count":0,"href":"http:\/\/thehottieandthenottie.com\/it\/wp-json\/wp\/v2\/pages\/626\/revisions"}],"wp:attachment":[{"href":"http:\/\/thehottieandthenottie.com\/it\/wp-json\/wp\/v2\/media?parent=626"}],"curies":[{"name":"wp","href":"https:\/\/api.w.org\/{rel}","templated":true}]}}