{"id":335,"date":"2022-09-09T10:59:01","date_gmt":"2022-09-09T09:59:01","guid":{"rendered":"http:\/\/thehottieandthenottie.com\/napalone-kobiety-szukajace-seksu-randki-na-co-dzien\/"},"modified":"2022-09-09T10:59:01","modified_gmt":"2022-09-09T09:59:01","slug":"napalone-kobiety-szukajace-seksu-randki-na-co-dzien","status":"publish","type":"page","link":"http:\/\/thehottieandthenottie.com\/pl\/","title":{"rendered":"Napalone kobiety szukaj\u0105ce seksu &#8211; Randki na co dzie\u0144"},"content":{"rendered":"<p><img loading=\"lazy\" class=\"aligncenter wp-image-77\" src=\"http:\/\/thehottieandthenottie.com\/wp-content\/uploads\/2022\/09\/real-dating-apps-1024x683.jpeg\" alt=\"\" width=\"649\" height=\"433\" srcset=\"http:\/\/thehottieandthenottie.com\/wp-content\/uploads\/2022\/09\/real-dating-apps-1024x683.jpeg 1024w, http:\/\/thehottieandthenottie.com\/wp-content\/uploads\/2022\/09\/real-dating-apps-300x200.jpeg 300w, http:\/\/thehottieandthenottie.com\/wp-content\/uploads\/2022\/09\/real-dating-apps-768x512.jpeg 768w, http:\/\/thehottieandthenottie.com\/wp-content\/uploads\/2022\/09\/real-dating-apps.jpeg 1125w\" sizes=\"(max-width: 649px) 100vw, 649px\" \/><\/p>\n<p>Wiele os\u00f3b zwraca si\u0119 do bezp\u0142atnych serwis\u00f3w randkowych i aplikacji do pod\u0142\u0105czania, aby znale\u017a\u0107 przypadkowych partner\u00f3w seksualnych. Te witryny i aplikacje u\u0142atwiaj\u0105 i niedrogo spotkanie z kim\u015b, kto ma te same zainteresowania. S\u0105 r\u00f3wnie\u017c anonimowi, co oznacza, \u017ce mo\u017cesz przegl\u0105da\u0107 profile bez konieczno\u015bci ujawniania czegokolwiek o sobie.<\/p>\n<p>Istnieje mn\u00f3stwo opcji, ale zaw\u0119zili\u015bmy nasz\u0105 list\u0119 do 10 \u015bwietnych miejsc, w kt\u00f3rych mo\u017cna znale\u017a\u0107 przypadkowe spotkania. Niezale\u017cnie od tego, czy szukasz czego\u015b powa\u017cnego, czy po prostu chcesz spr\u00f3bowa\u0107 czego\u015b innego, oto najlepsze strony i aplikacje do znajdowania przypadkowego seksu.<\/p>\n<h2>Chcesz si\u0119 po\u0142o\u017cy\u0107?<\/h2>\n<p>Istnieje wiele opcji znajdowania przypadkowych spotka\u0144 online, niezale\u017cnie od tego, czy jest to szybkie po\u0142\u0105czenie, d\u0142ugotrwa\u0142y zwi\u0105zek, czy nawet po prostu zabawa bez zobowi\u0105za\u0144. Ale co, je\u015bli chcesz czego\u015b innego? Co je\u015bli szukasz jednej nocy lub dyskretnego romansu? Je\u015bli nie masz nic przeciwko temu, aby otwarcie powiedzie\u0107, co chcesz zrobi\u0107, te dziesi\u0119\u0107 witryn z pewno\u015bci\u0105 pasuje do rachunku.<\/p>\n<h2>Jakie aplikacje wypr\u00f3bowa\u0107?<\/h2>\n<p>Po pierwsze, strony z pod\u0142\u0105czeniami to co\u015b. W rzeczywisto\u015bci s\u0105 one bardzo powszechne w dzisiejszych czasach. I chocia\u017c termin &#8222;pod\u0142\u0105czenie&#8221; mo\u017ce wydawa\u0107 si\u0119 czym\u015b, co dzieje si\u0119 tylko za zamkni\u0119tymi drzwiami, w rzeczywisto\u015bci odnosi si\u0119 do wszystkiego, co ma miejsce poza zaanga\u017cowanym zwi\u0105zkiem. Mo\u017cesz my\u015ble\u0107 o tym jako o sposobie na znalezienie kogo\u015b na randk\u0119 od niechcenia.<\/p>\n<p>Istnieje wiele r\u00f3\u017cnych rodzaj\u00f3w stron z pod\u0142\u0105czeniami, od tych, kt\u00f3re koncentruj\u0105 si\u0119 wy\u0142\u0105cznie na seksie, po te, kt\u00f3re zaspokajaj\u0105 potrzeby obu p\u0142ci. S\u0105 nawet takie, kt\u00f3re s\u0105 specjalnie zaprojektowane dla gej\u00f3w lub dla za\u0142ama\u0144<\/p>\n<p>S\u0142yszeli\u015bmy o pod\u0142\u0105czeniach od d\u0142u\u017cszego czasu, ale nigdy tak naprawd\u0119 nie wiedzieli\u015bmy, co to dok\u0142adnie znaczy. C\u00f3\u017c, dzisiaj jeste\u015bmy tutaj, aby powiedzie\u0107 Ci wszystko, co trzeba wiedzie\u0107 o witrynach do pod\u0142\u0105czania.<\/p>\n<h3>Ashley Madison \u2212 Centrum oszust\u00f3w<\/h3>\n<p>Je\u015bli szukasz oszukiwania, sprawd\u017a Ashley Madison. Ta strona jest specjalnie zaprojektowana dla \u017conatych ludzi, kt\u00f3rzy szukaj\u0105 romans\u00f3w. Je\u015bli chcesz troch\u0119 pokopa\u0107, znajdziesz wielu seksownych samotnych m\u0119\u017cczyzn i kobiet, kt\u00f3rzy s\u0105 otwarci na dyskretne relacje.<\/p>\n<p>AshleyMadison.com to powiew \u015bwie\u017cego powietrza online dla tych, kt\u00f3rzy szukaj\u0105 mi\u0142o\u015bci, romansu lub po prostu zabawy. Z ponad 50 milionami cz\u0142onk\u00f3w na ca\u0142ym \u015bwiecie, AshleyMadison.com jest najwi\u0119ksz\u0105 na \u015bwiecie witryn\u0105 dla doros\u0142ych. Niezale\u017cnie od tego, czy szukasz przypadkowych spotka\u0144, powa\u017cnego zwi\u0105zku, czy nawet ma\u0142\u017ce\u0144stwa, jest mn\u00f3stwo ludzi, kt\u00f3rzy czekaj\u0105 na spotkanie.<\/p>\n<p><img loading=\"lazy\" class=\"aligncenter wp-image-76\" src=\"http:\/\/thehottieandthenottie.com\/wp-content\/uploads\/2022\/09\/online-hookups-1024x683.jpeg\" alt=\"\" width=\"517\" height=\"345\" srcset=\"http:\/\/thehottieandthenottie.com\/wp-content\/uploads\/2022\/09\/online-hookups-1024x683.jpeg 1024w, http:\/\/thehottieandthenottie.com\/wp-content\/uploads\/2022\/09\/online-hookups-300x200.jpeg 300w, http:\/\/thehottieandthenottie.com\/wp-content\/uploads\/2022\/09\/online-hookups-768x512.jpeg 768w, http:\/\/thehottieandthenottie.com\/wp-content\/uploads\/2022\/09\/online-hookups.jpeg 1125w\" sizes=\"(max-width: 517px) 100vw, 517px\" \/><\/p>\n<h3>AdultFriendFinder &#8211; zaufana platforma hookup<\/h3>\n<p>Z ponad trzema milionami cz\u0142onk\u00f3w na ca\u0142ym \u015bwiecie, AFF oferuje wiele sposob\u00f3w \u0142\u0105czenia si\u0119 z innymi. Mo\u017cesz korzysta\u0107 z wiadomo\u015bci tekstowych, czat\u00f3w wideo z kamer\u0105 internetow\u0105, a nawet do\u0142\u0105czy\u0107 do spotkania grupowego, aby zaspokoi\u0107 swoje potrzeby seksualne.<\/p>\n<p>Adult Friend Finder (AFF), jedna z najpopularniejszych witryn dla doros\u0142ych dla par swingers\u00f3w i swingers\u00f3w, oferuje bezpieczne \u015brodowisko, w kt\u00f3rym ludzie mog\u0105 spotka\u0107 innych zainteresowanych aktywno\u015bciami swingowymi, takimi jak seks grupowy, tr\u00f3jki i czw\u00f3rki. Swingersi s\u0105 zach\u0119cani do publikowania swoich zdj\u0119\u0107 i film\u00f3w w akcji, a ka\u017cdy, kto chce zobaczy\u0107, jak to jest, mo\u017ce zarejestrowa\u0107 si\u0119 w celu uzyskania cz\u0142onkostwa.<\/p>\n<p>Strona zawiera du\u017c\u0105 baz\u0119 aktywnych cz\u0142onk\u00f3w, z kt\u00f3rych wielu szuka przypadkowych spotka\u0144. Istniej\u0105 setki tysi\u0119cy cz\u0142onk\u00f3w, a liczba ta ro\u015bnie ka\u017cdego dnia. Ludzie korzystaj\u0105 z witryny, aby znale\u017a\u0107 partner\u00f3w do wszystkiego, od prostych jednonocnych stoisk po d\u0142ugoterminowe relacje.<\/p>\n<h3>Tinder &#8211; Twoja zaufana opcja<\/h3>\n<p>Tinder to jedna z najpopularniejszych aplikacji randkowych. Jego swobodna atmosfera zach\u0119ca do zalotnych rozm\u00f3w, co prowadzi do szybkich mecz\u00f3w i jeszcze szybszych randek. U\u017cytkownicy s\u0105 zach\u0119cani do przesuwania palcem w lewo, je\u015bli nie podoba im si\u0119 czyje\u015b zdj\u0119cie; w przeciwnym razie przesuwaj\u0105 palcem w prawo. Je\u015bli obie strony s\u0105 zgodne, zobaczysz nawzajem swoje zdj\u0119cia profilowe i biografie. Mo\u017cesz pisa\u0107 o sobie i wybra\u0107, czy do\u0142\u0105czy\u0107 swoje zdj\u0119cie.<\/p>\n<p>Popularno\u015b\u0107 aplikacji eksplodowa\u0142a od czasu jej uruchomienia w 2012 roku. W 2013 roku firma poinformowa\u0142a, \u017ce jej dzienna liczba aktywnych u\u017cytkownik\u00f3w wzros\u0142a do oko\u0142o 5 milion\u00f3w. Do 2016 roku liczba ta wzros\u0142a do 15 milion\u00f3w. Dzi\u015b aplikacja mo\u017ce pochwali\u0107 si\u0119 50 milionami aktywnych u\u017cytkownik\u00f3w miesi\u0119cznie.<\/p>\n<p>W czerwcu 2017 roku Tinder og\u0142osi\u0142 plany uruchomienia wersji premium aplikacji o nazwie &#8222;Tinder Gold&#8221;. Ta wersja pozwala cz\u0142onkom wysy\u0142a\u0107 nieograniczon\u0105 liczb\u0119 wiadomo\u015bci i pozwala im przegl\u0105da\u0107 profile bez konieczno\u015bci p\u0142acenia.<\/p>\n<h3>69Kuchy<\/h3>\n<p>\u015awiat randek online szybko si\u0119 zmienia. Dzi\u0119ki rozwojowi Internetu ludzie maj\u0105 teraz dost\u0119p do informacji o potencjalnych partnerach dos\u0142ownie na wyci\u0105gni\u0119cie r\u0119ki. Trend ten doprowadzi\u0142 do pojawienia si\u0119 wielu r\u00f3\u017cnych rodzaj\u00f3w internetowych platform randkowych. W\u015br\u00f3d nich jest jeden o nazwie 69Fuck. Ta strona twierdzi, \u017ce jest najlepsz\u0105 lokaln\u0105 witryn\u0105 do pod\u0142\u0105czania. Przyjrzyjmy si\u0119 wi\u0119c bli\u017cej, co wyr\u00f3\u017cnia t\u0119 stron\u0119 z t\u0142umu.<\/p>\n<p>69Fuck to internetowa platforma randkowa, na kt\u00f3rej cz\u0142onkowie mog\u0105 znale\u017a\u0107 dat\u0119 w swoim mie\u015bcie. M\u00f3wi\u0105, \u017ce oferuj\u0105 szerok\u0105 gam\u0119 miast na ca\u0142ym \u015bwiecie, w tym ponad 30 kraj\u00f3w. Ich celem jest pomoc m\u0119\u017cczyznom i kobietom w nawi\u0105zaniu kontaktu w prawdziwym \u017cyciu. Aby to osi\u0105gn\u0105\u0107, zapewniaj\u0105 kilka narz\u0119dzi, kt\u00f3re u\u0142atwiaj\u0105 spotkanie z kim\u015b. Na przyk\u0142ad pozwalaj\u0105 u\u017cytkownikom przes\u0142a\u0107 swoje zdj\u0119cie, napisa\u0107 kr\u00f3tk\u0105 biografi\u0119 i wybra\u0107 zdj\u0119cie profilowe.<\/p>\n<p>Ponadto daj\u0105 ci 24 godziny bezp\u0142atnego cz\u0142onkostwa. Nast\u0119pnie mo\u017cesz zap\u0142aci\u0107 19 USD miesi\u0119cznie, aby odblokowa\u0107 dodatkowe funkcje, takie jak nieograniczona liczba wiadomo\u015bci i profili przegl\u0105dania. Mo\u017cesz anulowa\u0107 w dowolnym momencie, nie p\u0142ac\u0105c nic.<\/p>\n<h2>Jak wybra\u0107 odpowiedni dla siebie?<\/h2>\n<p>Wszyscy wiemy, \u017ce znalezienie randki mo\u017ce by\u0107 trudne. I wszyscy wiemy, \u017ce istnieje wiele r\u00f3\u017cnych rodzaj\u00f3w dat. Ale co z tymi czasami, kiedy po prostu nie masz ochoty si\u0119 z kim\u015b spotka\u0107? A mo\u017ce szukasz czego\u015b powa\u017cniejszego? C\u00f3\u017c, trafi\u0142e\u015b we w\u0142a\u015bciwe miejsce. Zebrali\u015bmy kilka informacji na temat najlepszych stron z pod\u0142\u0105czeniami w Internecie.<\/p>\n<p>Strona jest ca\u0142kowicie bezp\u0142atna i oferuje dost\u0119p zar\u00f3wno dla samotnych kobiet, jak i m\u0119\u017cczyzn. Znajdziesz tu wszystko &#8211; od czat\u00f3w z kamer\u0105 internetow\u0105 na \u017cywo po pokoje rozm\u00f3w wideo, w kt\u00f3rych mo\u017cesz spotka\u0107 lokalnych singli. Nie ma \u017cadnych ukrytych op\u0142at ani prowizji. W rzeczywisto\u015bci, je\u015bli zdecydujesz si\u0119 na przej\u015bcie na cz\u0142onkostwo premium, otrzymasz jeszcze wi\u0119cej funkcji i korzy\u015bci.<\/p>\n<p>Mo\u017cesz wybra\u0107, czy chcesz korzysta\u0107 z aplikacji mobilnych, czy przegl\u0105darek komputerowych. Je\u015bli zdecydujesz si\u0119 na to drugie, mo\u017cesz cieszy\u0107 si\u0119 wygod\u0105 logowania si\u0119 w dowolnym miejscu i czasie. Wszystko, co musisz zrobi\u0107, to zarejestrowa\u0107 si\u0119 i rozpocz\u0105\u0107 przegl\u0105danie!<\/p>\n<p>Po znalezieniu profilu osoby, kt\u00f3r\u0105 chcesz pozna\u0107, mo\u017cesz wysy\u0142a\u0107 wiadomo\u015bci bezpo\u015brednio do tej osoby. W ten spos\u00f3b nie b\u0119dziesz traci\u0107 czasu, pr\u00f3buj\u0105c dowiedzie\u0107 si\u0119, jak skontaktowa\u0107 si\u0119 z t\u0105 osob\u0105. Wystarczy napisa\u0107 kr\u00f3tk\u0105 notatk\u0119 i nacisn\u0105\u0107 &#8222;wy\u015blij&#8221;.<\/p>\n<p>Je\u015bli jeste\u015b zainteresowany rozmow\u0105 z innymi, mo\u017cesz do\u0142\u0105czy\u0107 do grup publicznych, prywatnych czat\u00f3w, a nawet przej\u015b\u0107 bezpo\u015brednio do sesji kamery na \u017cywo. Te opcje s\u0105 idealne dla tych, kt\u00f3rzy chc\u0105 si\u0119 zaprzyja\u017ani\u0107 podczas zabawy.<\/p>\n","protected":false},"excerpt":{"rendered":"<p>Wiele os\u00f3b zwraca si\u0119 do bezp\u0142atnych serwis\u00f3w randkowych i aplikacji do pod\u0142\u0105czania, aby znale\u017a\u0107 przypadkowych partner\u00f3w seksualnych. Te witryny i aplikacje u\u0142atwiaj\u0105 i niedrogo spotkanie z kim\u015b, kto ma te same zainteresowania. S\u0105 r\u00f3wnie\u017c anonimowi, co oznacza, \u017ce mo\u017cesz przegl\u0105da\u0107 profile bez konieczno\u015bci ujawniania czegokolwiek o sobie. Istnieje mn\u00f3stwo opcji, ale zaw\u0119zili\u015bmy nasz\u0105 list\u0119 do &#8230; <a title=\"Napalone kobiety szukaj\u0105ce seksu &#8211; Randki na co dzie\u0144\" class=\"read-more\" href=\"http:\/\/thehottieandthenottie.com\/pl\/\" aria-label=\"More on Napalone kobiety szukaj\u0105ce seksu &#8211; Randki na co dzie\u0144\">Czytaj dalej<\/a><\/p>\n","protected":false},"author":1,"featured_media":0,"parent":0,"menu_order":0,"comment_status":"closed","ping_status":"closed","template":"","meta":[],"yoast_head":"<!-- This site is optimized with the Yoast SEO plugin v17.7.1 - https:\/\/yoast.com\/wordpress\/plugins\/seo\/ -->\n<title>Napalone kobiety szukaj\u0105ce seksu - Randki na co dzie\u0144 - W okolicach Hotties<\/title>\n<meta name=\"description\" content=\"Opis META\" \/>\n<meta name=\"robots\" content=\"index, follow, max-snippet:-1, max-image-preview:large, max-video-preview:-1\" \/>\n<link rel=\"canonical\" href=\"http:\/\/thehottieandthenottie.com\/pl\/\" \/>\n<meta property=\"og:locale\" content=\"pl_PL\" \/>\n<meta property=\"og:type\" content=\"article\" \/>\n<meta property=\"og:title\" content=\"Napalone kobiety szukaj\u0105ce seksu - Randki na co dzie\u0144 - W okolicach Hotties\" \/>\n<meta property=\"og:description\" content=\"Opis META\" \/>\n<meta property=\"og:url\" content=\"http:\/\/thehottieandthenottie.com\/pl\/\" \/>\n<meta property=\"og:site_name\" content=\"W okolicach Hotties\" \/>\n<meta property=\"og:image\" content=\"http:\/\/thehottieandthenottie.com\/wp-content\/uploads\/2022\/09\/real-dating-apps-1024x683.jpeg\" \/>\n<meta name=\"twitter:card\" content=\"summary_large_image\" \/>\n<meta name=\"twitter:label1\" content=\"Szacowany czas czytania\" \/>\n\t<meta name=\"twitter:data1\" content=\"6 minut\" \/>\n<script type=\"application\/ld+json\" class=\"yoast-schema-graph\">{\"@context\":\"https:\/\/schema.org\",\"@graph\":[{\"@type\":\"WebSite\",\"@id\":\"https:\/\/thehottieandthenottie.com\/#website\",\"url\":\"https:\/\/thehottieandthenottie.com\/\",\"name\":\"W okolicach Hotties\",\"description\":\"Poznaj kobiety w twojej okolicy\",\"potentialAction\":[{\"@type\":\"SearchAction\",\"target\":{\"@type\":\"EntryPoint\",\"urlTemplate\":\"https:\/\/thehottieandthenottie.com\/?s={search_term_string}\"},\"query-input\":\"required name=search_term_string\"}],\"inLanguage\":\"pl-PL\"},{\"@type\":\"ImageObject\",\"@id\":\"http:\/\/thehottieandthenottie.com\/pl\/#primaryimage\",\"inLanguage\":\"pl-PL\",\"url\":\"http:\/\/thehottieandthenottie.com\/wp-content\/uploads\/2022\/09\/real-dating-apps.jpeg\",\"contentUrl\":\"http:\/\/thehottieandthenottie.com\/wp-content\/uploads\/2022\/09\/real-dating-apps.jpeg\",\"width\":1125,\"height\":750},{\"@type\":\"WebPage\",\"@id\":\"http:\/\/thehottieandthenottie.com\/pl\/#webpage\",\"url\":\"http:\/\/thehottieandthenottie.com\/pl\/\",\"name\":\"Napalone kobiety szukaj\\u0105ce seksu - Randki na co dzie\\u0144 - W okolicach Hotties\",\"isPartOf\":{\"@id\":\"https:\/\/thehottieandthenottie.com\/#website\"},\"primaryImageOfPage\":{\"@id\":\"http:\/\/thehottieandthenottie.com\/pl\/#primaryimage\"},\"datePublished\":\"2022-09-09T09:59:01+00:00\",\"dateModified\":\"2022-09-09T09:59:01+00:00\",\"description\":\"Opis META\",\"breadcrumb\":{\"@id\":\"http:\/\/thehottieandthenottie.com\/pl\/#breadcrumb\"},\"inLanguage\":\"pl-PL\",\"potentialAction\":[{\"@type\":\"ReadAction\",\"target\":[\"http:\/\/thehottieandthenottie.com\/pl\/\"]}]},{\"@type\":\"BreadcrumbList\",\"@id\":\"http:\/\/thehottieandthenottie.com\/pl\/#breadcrumb\",\"itemListElement\":[{\"@type\":\"ListItem\",\"position\":1,\"name\":\"Home\",\"item\":\"http:\/\/thehottieandthenottie.com\/pl\/\"},{\"@type\":\"ListItem\",\"position\":2,\"name\":\"Napalone kobiety szukaj\\u0105ce seksu &#8211; Randki na co dzie\\u0144\"}]}]}<\/script>\n<!-- \/ Yoast SEO plugin. -->","yoast_head_json":{"title":"Napalone kobiety szukaj\u0105ce seksu - Randki na co dzie\u0144 - W okolicach Hotties","description":"Opis META","robots":{"index":"index","follow":"follow","max-snippet":"max-snippet:-1","max-image-preview":"max-image-preview:large","max-video-preview":"max-video-preview:-1"},"canonical":"http:\/\/thehottieandthenottie.com\/pl\/","og_locale":"pl_PL","og_type":"article","og_title":"Napalone kobiety szukaj\u0105ce seksu - Randki na co dzie\u0144 - W okolicach Hotties","og_description":"Opis META","og_url":"http:\/\/thehottieandthenottie.com\/pl\/","og_site_name":"W okolicach Hotties","og_image":[{"url":"http:\/\/thehottieandthenottie.com\/wp-content\/uploads\/2022\/09\/real-dating-apps-1024x683.jpeg"}],"twitter_card":"summary_large_image","twitter_misc":{"Szacowany czas czytania":"6 minut"},"schema":{"@context":"https:\/\/schema.org","@graph":[{"@type":"WebSite","@id":"https:\/\/thehottieandthenottie.com\/#website","url":"https:\/\/thehottieandthenottie.com\/","name":"W okolicach Hotties","description":"Poznaj kobiety w twojej okolicy","potentialAction":[{"@type":"SearchAction","target":{"@type":"EntryPoint","urlTemplate":"https:\/\/thehottieandthenottie.com\/?s={search_term_string}"},"query-input":"required name=search_term_string"}],"inLanguage":"pl-PL"},{"@type":"ImageObject","@id":"http:\/\/thehottieandthenottie.com\/pl\/#primaryimage","inLanguage":"pl-PL","url":"http:\/\/thehottieandthenottie.com\/wp-content\/uploads\/2022\/09\/real-dating-apps.jpeg","contentUrl":"http:\/\/thehottieandthenottie.com\/wp-content\/uploads\/2022\/09\/real-dating-apps.jpeg","width":1125,"height":750},{"@type":"WebPage","@id":"http:\/\/thehottieandthenottie.com\/pl\/#webpage","url":"http:\/\/thehottieandthenottie.com\/pl\/","name":"Napalone kobiety szukaj\u0105ce seksu - Randki na co dzie\u0144 - W okolicach Hotties","isPartOf":{"@id":"https:\/\/thehottieandthenottie.com\/#website"},"primaryImageOfPage":{"@id":"http:\/\/thehottieandthenottie.com\/pl\/#primaryimage"},"datePublished":"2022-09-09T09:59:01+00:00","dateModified":"2022-09-09T09:59:01+00:00","description":"Opis META","breadcrumb":{"@id":"http:\/\/thehottieandthenottie.com\/pl\/#breadcrumb"},"inLanguage":"pl-PL","potentialAction":[{"@type":"ReadAction","target":["http:\/\/thehottieandthenottie.com\/pl\/"]}]},{"@type":"BreadcrumbList","@id":"http:\/\/thehottieandthenottie.com\/pl\/#breadcrumb","itemListElement":[{"@type":"ListItem","position":1,"name":"Home","item":"http:\/\/thehottieandthenottie.com\/pl\/"},{"@type":"ListItem","position":2,"name":"Napalone kobiety szukaj\u0105ce seksu &#8211; Randki na co dzie\u0144"}]}]}},"_links":{"self":[{"href":"http:\/\/thehottieandthenottie.com\/pl\/wp-json\/wp\/v2\/pages\/335"}],"collection":[{"href":"http:\/\/thehottieandthenottie.com\/pl\/wp-json\/wp\/v2\/pages"}],"about":[{"href":"http:\/\/thehottieandthenottie.com\/pl\/wp-json\/wp\/v2\/types\/page"}],"author":[{"embeddable":true,"href":"http:\/\/thehottieandthenottie.com\/pl\/wp-json\/wp\/v2\/users\/1"}],"replies":[{"embeddable":true,"href":"http:\/\/thehottieandthenottie.com\/pl\/wp-json\/wp\/v2\/comments?post=335"}],"version-history":[{"count":0,"href":"http:\/\/thehottieandthenottie.com\/pl\/wp-json\/wp\/v2\/pages\/335\/revisions"}],"wp:attachment":[{"href":"http:\/\/thehottieandthenottie.com\/pl\/wp-json\/wp\/v2\/media?parent=335"}],"curies":[{"name":"wp","href":"https:\/\/api.w.org\/{rel}","templated":true}]}}