{"id":558,"date":"2022-09-30T12:57:19","date_gmt":"2022-09-30T11:57:19","guid":{"rendered":"http:\/\/thehottieandthenottie.com\/swinger-sites\/"},"modified":"2022-09-30T12:57:19","modified_gmt":"2022-09-30T11:57:19","slug":"swinger-sites","status":"publish","type":"page","link":"http:\/\/thehottieandthenottie.com\/pl\/swinger-sites\/","title":{"rendered":"Swinger Sites"},"content":{"rendered":"<p>Istnieje wiele lokalnych witryn swinger\u00f3w, kt\u00f3rych mo\u017cesz u\u017cy\u0107, aby po\u0142\u0105czy\u0107 si\u0119 z lud\u017ami w Twojej okolicy. Te strony to \u015bwietny spos\u00f3b na poznanie nowych ludzi i odkrywanie granic seksualnych. Mo\u017cesz u\u017cy\u0107 tych stron, aby znale\u017a\u0107 ludzi, kt\u00f3rzy interesuj\u0105 si\u0119 tymi samymi rzeczami co Ty i kt\u00f3rzy szukaj\u0105 dobrej zabawy. Mo\u017cesz r\u00f3wnie\u017c skorzysta\u0107 z tych stron, aby znale\u017a\u0107 ludzi, kt\u00f3rzy szukaj\u0105 powa\u017cnego zwi\u0105zku. Je\u015bli szukasz pod\u0142\u0105czenia, zdecydowanie powiniene\u015b sprawdzi\u0107 niekt\u00f3re z lokalnych stron swinger\u00f3w.<\/p>\n<p>Istnieje wiele stron swinger\u00f3w dost\u0119pnych online i s\u0105 one przeznaczone dla r\u00f3\u017cnych odbiorc\u00f3w. Niekt\u00f3re strony swinger\u00f3w s\u0105 skierowane do par, kt\u00f3re szukaj\u0105 innych par do swingowania, podczas gdy inne s\u0105 nastawione na singli, kt\u00f3rzy s\u0105 zainteresowani spotkaniem z innymi singlami w celach swingowych. Witryny Swinger zazwyczaj maj\u0105 szeroki zakres funkcji i opcji, z kt\u00f3rych u\u017cytkownicy mog\u0105 skorzysta\u0107, i zapewniaj\u0105 bezpieczne \u015brodowisko dla ludzi do \u0142\u0105czenia si\u0119 i odkrywania swoich zainteresowa\u0144 seksualnych.<\/p>\n<h2>Swingers Hookup Strony internetowe<\/h2>\n<p>Jest co\u015b w <a href=\"http:\/\/thehottieandthenottie.com\/free-adult-classifieds\/\">dreszczyku emocji zwi\u0105zanych z \u0142\u0105czeniem si\u0119 z nieznajomym<\/a> , czego po prostu nie mo\u017cna pokona\u0107. A je\u015bli szukasz mi\u0142o\u015bci, swingersy s\u0105 idealnym rozwi\u0105zaniem. Mo\u017cesz poznawa\u0107 nowych ludzi, odkrywa\u0107 nowe do\u015bwiadczenia seksualne i dobrze si\u0119 przy tym bawi\u0107. Ponadto nigdy nie wiesz, gdzie mo\u017cesz znale\u017a\u0107 idealne dopasowanie. Wi\u0119c je\u015bli jeste\u015b gotowy, aby urozmaici\u0107 swoje \u017cycie mi\u0142osne, po\u0142\u0105czenia swingers\u00f3w s\u0105 najlepszym rozwi\u0105zaniem.<\/p>\n<p>Je\u015bli chcesz doda\u0107 troch\u0119 pikanterii do swojego \u017cycia randkowego, mo\u017cesz sprawdzi\u0107 lokaln\u0105 stron\u0119 swingers\u00f3w. Strony swingerskie to \u015bwietny spos\u00f3b na poznanie nowych ludzi, kt\u00f3rzy podzielaj\u0105 te same zainteresowania. Mo\u017cesz przegl\u0105da\u0107 profile i znajdowa\u0107 osoby w Twojej okolicy, kt\u00f3re s\u0105 zainteresowane tymi samymi rzeczami co Ty. Ponadto mo\u017cesz rozmawia\u0107 z innymi cz\u0142onkami i poznawa\u0107 ich przed spotkaniem osobistym. Strony swingerskie to \u015bwietny spos\u00f3b na zabaw\u0119 i poznanie nowych ludzi.<\/p>\n<h3>SimpleFlirts<\/h3>\n<p>Je\u015bli szukasz lokalnej strony swinger\u00f3w, SimpleFlirts to \u015bwietna opcja. Witryna ma du\u017c\u0105 baz\u0119 danych cz\u0142onk\u00f3w, wi\u0119c na pewno znajdziesz kogo\u015b w swojej okolicy. Funkcja wyszukiwania jest \u0142atwa w u\u017cyciu i mo\u017cna filtrowa\u0107 wyniki wed\u0142ug wieku, lokalizacji i zainteresowa\u0144. System przesy\u0142ania wiadomo\u015bci jest prosty i \u0142atwy w u\u017cyciu, a tak\u017ce mo\u017cna wysy\u0142a\u0107 zdj\u0119cia i filmy. Witryna ma r\u00f3wnie\u017c aplikacj\u0119 mobiln\u0105, dzi\u0119ki czemu mo\u017cesz uzyska\u0107 dost\u0119p do swojego konta w podr\u00f3\u017cy. Jedynym minusem jest to, \u017ce strona nie ma wielu dzwonk\u00f3w i gwizdk\u00f3w &#8211; ale jest idealna do znalezienia lokalnych swingers\u00f3w.<\/p>\n<h3>SextFun<\/h3>\n<p>SextFun to aplikacja randkowa, kt\u00f3ra \u0142\u0105czy ze sob\u0105 lokalnych swingers\u00f3w. Aplikacja jest bezp\u0142atna do pobrania i u\u017cytkowania i oferuje wiele funkcji, kt\u00f3re u\u0142atwiaj\u0105 \u0142\u0105czenie si\u0119 z innymi swingersami w Twojej okolicy. SextFun oferuje r\u00f3wnie\u017c wiele funkcji, kt\u00f3re u\u0142atwiaj\u0105 znalezienie i po\u0142\u0105czenie z innymi lokalnymi swingersami. Aplikacja jest dost\u0119pna zar\u00f3wno na iOS, jak i Androida i jest to \u015bwietny spos\u00f3b na poznanie innych lokalnych swingers\u00f3w w Twojej okolicy.<\/p>\n<h3>Sprawy gor\u0105ce<\/h3>\n<p>HeatedAffairs to jedna z najpopularniejszych aplikacji randkowych dla lokalnych swingers\u00f3w. Aplikacja zosta\u0142a zaprojektowana, aby pom\u00f3c parom po\u0142\u0105czy\u0107 si\u0119 z innymi parami w ich okolicy dla zabawy i emocji. Aplikacja jest bezp\u0142atna do pobrania i u\u017cytkowania i oferuje szeroki zakres funkcji, kt\u00f3re pomagaj\u0105 parom \u0142\u0105czy\u0107 si\u0119 ze sob\u0105. Aplikacja zawiera r\u00f3wnie\u017c system wiadomo\u015bci, dzi\u0119ki czemu pary mog\u0105 rozmawia\u0107 i flirtowa\u0107 ze sob\u0105.<\/p>\n","protected":false},"excerpt":{"rendered":"<p>Istnieje wiele lokalnych witryn swinger\u00f3w, kt\u00f3rych mo\u017cesz u\u017cy\u0107, aby po\u0142\u0105czy\u0107 si\u0119 z lud\u017ami w Twojej okolicy. Te strony to \u015bwietny spos\u00f3b na poznanie nowych ludzi i odkrywanie granic seksualnych. Mo\u017cesz u\u017cy\u0107 tych stron, aby znale\u017a\u0107 ludzi, kt\u00f3rzy interesuj\u0105 si\u0119 tymi samymi rzeczami co Ty i kt\u00f3rzy szukaj\u0105 dobrej zabawy. Mo\u017cesz r\u00f3wnie\u017c skorzysta\u0107 z tych stron, &#8230; <a title=\"Swinger Sites\" class=\"read-more\" href=\"http:\/\/thehottieandthenottie.com\/pl\/swinger-sites\/\" aria-label=\"More on Swinger Sites\">Czytaj dalej<\/a><\/p>\n","protected":false},"author":1,"featured_media":0,"parent":0,"menu_order":0,"comment_status":"closed","ping_status":"closed","template":"","meta":[],"yoast_head":"<!-- This site is optimized with the Yoast SEO plugin v17.7.1 - https:\/\/yoast.com\/wordpress\/plugins\/seo\/ -->\n<title>Swinger Sites - W okolicach Hotties<\/title>\n<meta name=\"robots\" content=\"index, follow, max-snippet:-1, max-image-preview:large, max-video-preview:-1\" \/>\n<link rel=\"canonical\" href=\"http:\/\/thehottieandthenottie.com\/pl\/swinger-sites\/\" \/>\n<meta property=\"og:locale\" content=\"pl_PL\" \/>\n<meta property=\"og:type\" content=\"article\" \/>\n<meta property=\"og:title\" content=\"Swinger Sites - W okolicach Hotties\" \/>\n<meta property=\"og:description\" content=\"Istnieje wiele lokalnych witryn swinger\u00f3w, kt\u00f3rych mo\u017cesz u\u017cy\u0107, aby po\u0142\u0105czy\u0107 si\u0119 z lud\u017ami w Twojej okolicy. Te strony to \u015bwietny spos\u00f3b na poznanie nowych ludzi i odkrywanie granic seksualnych. Mo\u017cesz u\u017cy\u0107 tych stron, aby znale\u017a\u0107 ludzi, kt\u00f3rzy interesuj\u0105 si\u0119 tymi samymi rzeczami co Ty i kt\u00f3rzy szukaj\u0105 dobrej zabawy. Mo\u017cesz r\u00f3wnie\u017c skorzysta\u0107 z tych stron, ... Czytaj dalej\" \/>\n<meta property=\"og:url\" content=\"http:\/\/thehottieandthenottie.com\/pl\/swinger-sites\/\" \/>\n<meta property=\"og:site_name\" content=\"W okolicach Hotties\" \/>\n<meta name=\"twitter:card\" content=\"summary_large_image\" \/>\n<meta name=\"twitter:label1\" content=\"Szacowany czas czytania\" \/>\n\t<meta name=\"twitter:data1\" content=\"3 minuty\" \/>\n<script type=\"application\/ld+json\" class=\"yoast-schema-graph\">{\"@context\":\"https:\/\/schema.org\",\"@graph\":[{\"@type\":\"WebSite\",\"@id\":\"https:\/\/thehottieandthenottie.com\/#website\",\"url\":\"https:\/\/thehottieandthenottie.com\/\",\"name\":\"W okolicach Hotties\",\"description\":\"Poznaj kobiety w twojej okolicy\",\"potentialAction\":[{\"@type\":\"SearchAction\",\"target\":{\"@type\":\"EntryPoint\",\"urlTemplate\":\"https:\/\/thehottieandthenottie.com\/?s={search_term_string}\"},\"query-input\":\"required name=search_term_string\"}],\"inLanguage\":\"pl-PL\"},{\"@type\":\"WebPage\",\"@id\":\"http:\/\/thehottieandthenottie.com\/pl\/swinger-sites\/#webpage\",\"url\":\"http:\/\/thehottieandthenottie.com\/pl\/swinger-sites\/\",\"name\":\"Swinger Sites - W okolicach Hotties\",\"isPartOf\":{\"@id\":\"https:\/\/thehottieandthenottie.com\/#website\"},\"datePublished\":\"2022-09-30T11:57:19+00:00\",\"dateModified\":\"2022-09-30T11:57:19+00:00\",\"breadcrumb\":{\"@id\":\"http:\/\/thehottieandthenottie.com\/pl\/swinger-sites\/#breadcrumb\"},\"inLanguage\":\"pl-PL\",\"potentialAction\":[{\"@type\":\"ReadAction\",\"target\":[\"http:\/\/thehottieandthenottie.com\/pl\/swinger-sites\/\"]}]},{\"@type\":\"BreadcrumbList\",\"@id\":\"http:\/\/thehottieandthenottie.com\/pl\/swinger-sites\/#breadcrumb\",\"itemListElement\":[{\"@type\":\"ListItem\",\"position\":1,\"name\":\"Home\",\"item\":\"http:\/\/thehottieandthenottie.com\/pl\/\"},{\"@type\":\"ListItem\",\"position\":2,\"name\":\"Swinger Sites\"}]}]}<\/script>\n<!-- \/ Yoast SEO plugin. -->","yoast_head_json":{"title":"Swinger Sites - W okolicach Hotties","robots":{"index":"index","follow":"follow","max-snippet":"max-snippet:-1","max-image-preview":"max-image-preview:large","max-video-preview":"max-video-preview:-1"},"canonical":"http:\/\/thehottieandthenottie.com\/pl\/swinger-sites\/","og_locale":"pl_PL","og_type":"article","og_title":"Swinger Sites - W okolicach Hotties","og_description":"Istnieje wiele lokalnych witryn swinger\u00f3w, kt\u00f3rych mo\u017cesz u\u017cy\u0107, aby po\u0142\u0105czy\u0107 si\u0119 z lud\u017ami w Twojej okolicy. Te strony to \u015bwietny spos\u00f3b na poznanie nowych ludzi i odkrywanie granic seksualnych. Mo\u017cesz u\u017cy\u0107 tych stron, aby znale\u017a\u0107 ludzi, kt\u00f3rzy interesuj\u0105 si\u0119 tymi samymi rzeczami co Ty i kt\u00f3rzy szukaj\u0105 dobrej zabawy. Mo\u017cesz r\u00f3wnie\u017c skorzysta\u0107 z tych stron, ... Czytaj dalej","og_url":"http:\/\/thehottieandthenottie.com\/pl\/swinger-sites\/","og_site_name":"W okolicach Hotties","twitter_card":"summary_large_image","twitter_misc":{"Szacowany czas czytania":"3 minuty"},"schema":{"@context":"https:\/\/schema.org","@graph":[{"@type":"WebSite","@id":"https:\/\/thehottieandthenottie.com\/#website","url":"https:\/\/thehottieandthenottie.com\/","name":"W okolicach Hotties","description":"Poznaj kobiety w twojej okolicy","potentialAction":[{"@type":"SearchAction","target":{"@type":"EntryPoint","urlTemplate":"https:\/\/thehottieandthenottie.com\/?s={search_term_string}"},"query-input":"required name=search_term_string"}],"inLanguage":"pl-PL"},{"@type":"WebPage","@id":"http:\/\/thehottieandthenottie.com\/pl\/swinger-sites\/#webpage","url":"http:\/\/thehottieandthenottie.com\/pl\/swinger-sites\/","name":"Swinger Sites - W okolicach Hotties","isPartOf":{"@id":"https:\/\/thehottieandthenottie.com\/#website"},"datePublished":"2022-09-30T11:57:19+00:00","dateModified":"2022-09-30T11:57:19+00:00","breadcrumb":{"@id":"http:\/\/thehottieandthenottie.com\/pl\/swinger-sites\/#breadcrumb"},"inLanguage":"pl-PL","potentialAction":[{"@type":"ReadAction","target":["http:\/\/thehottieandthenottie.com\/pl\/swinger-sites\/"]}]},{"@type":"BreadcrumbList","@id":"http:\/\/thehottieandthenottie.com\/pl\/swinger-sites\/#breadcrumb","itemListElement":[{"@type":"ListItem","position":1,"name":"Home","item":"http:\/\/thehottieandthenottie.com\/pl\/"},{"@type":"ListItem","position":2,"name":"Swinger Sites"}]}]}},"_links":{"self":[{"href":"http:\/\/thehottieandthenottie.com\/pl\/wp-json\/wp\/v2\/pages\/558"}],"collection":[{"href":"http:\/\/thehottieandthenottie.com\/pl\/wp-json\/wp\/v2\/pages"}],"about":[{"href":"http:\/\/thehottieandthenottie.com\/pl\/wp-json\/wp\/v2\/types\/page"}],"author":[{"embeddable":true,"href":"http:\/\/thehottieandthenottie.com\/pl\/wp-json\/wp\/v2\/users\/1"}],"replies":[{"embeddable":true,"href":"http:\/\/thehottieandthenottie.com\/pl\/wp-json\/wp\/v2\/comments?post=558"}],"version-history":[{"count":0,"href":"http:\/\/thehottieandthenottie.com\/pl\/wp-json\/wp\/v2\/pages\/558\/revisions"}],"wp:attachment":[{"href":"http:\/\/thehottieandthenottie.com\/pl\/wp-json\/wp\/v2\/media?parent=558"}],"curies":[{"name":"wp","href":"https:\/\/api.w.org\/{rel}","templated":true}]}}