{"id":570,"date":"2022-09-30T12:56:06","date_gmt":"2022-09-30T11:56:06","guid":{"rendered":"http:\/\/thehottieandthenottie.com\/pieprzyc-kogos-w-poblizu\/"},"modified":"2022-09-30T12:56:06","modified_gmt":"2022-09-30T11:56:06","slug":"pieprzyc-kogos-w-poblizu","status":"publish","type":"page","link":"http:\/\/thehottieandthenottie.com\/pl\/pieprzyc-kogos-w-poblizu\/","title":{"rendered":"Pieprzy\u0107 kogo\u015b w pobli\u017cu"},"content":{"rendered":"<p>Je\u015bli szukasz po\u0142\u0105cze\u0144 w pobli\u017cu, jest kilka rzeczy, kt\u00f3re mo\u017cesz zrobi\u0107, aby zwi\u0119kszy\u0107 swoje szanse na znalezienie kogo\u015b. Najpierw spr\u00f3buj u\u017cy\u0107 aplikacji randkowych lub stron internetowych, kt\u00f3re s\u0105 przeznaczone specjalnie dla po\u0142\u0105cze\u0144. Mog\u0105 to by\u0107 \u015bwietny spos\u00f3b na poznanie ludzi, kt\u00f3rzy r\u00f3wnie\u017c szukaj\u0105 przypadkowych spotka\u0144. Inn\u0105 opcj\u0105 jest udanie si\u0119 do bar\u00f3w lub klub\u00f3w, kt\u00f3re s\u0105 znane z tego, \u017ce s\u0105 miejscami do pod\u0142\u0105czenia. Na koniec zawsze mo\u017cesz zapyta\u0107, czy kt\u00f3ry\u015b z twoich znajomych zna kogo\u015b, kto mo\u017ce by\u0107 <a href=\"http:\/\/thehottieandthenottie.com\/bondage-dating\/\">zainteresowany pod\u0142\u0105czeniem<\/a>.<\/p>\n<h2>Darmowe pod\u0142\u0105czenia w pobli\u017cu mnie<\/h2>\n<p>W pobli\u017cu mnie znajduje si\u0119 wiele miejsc do pod\u0142\u0105czenia, od bar\u00f3w i klub\u00f3w po parki i inne przestrzenie publiczne. Je\u015bli szukam przypadkowego po\u0142\u0105czenia, zwykle udaj\u0119 si\u0119 do baru lub klubu, gdzie jest mn\u00f3stwo ludzi, kt\u00f3rzy r\u00f3wnie\u017c szukaj\u0105 dobrej zabawy. Je\u015bli szukam czego\u015b bardziej intymnego, mog\u0119 uda\u0107 si\u0119 do parku lub innej przestrzeni publicznej, gdzie mog\u0119 by\u0107 sam na sam z moj\u0105 randk\u0105. Tak czy inaczej, istnieje wiele opcji znalezienia dobrego miejsca do pod\u0142\u0105czenia w pobli\u017cu mnie.<\/p>\n<p>Nie musisz robi\u0107 wszystkiego, aby znale\u017a\u0107 kogo\u015b, kto pieprzy si\u0119 w pobli\u017cu. Po prostu b\u0105d\u017a sob\u0105 i b\u0105d\u017a otwarty na nowe do\u015bwiadczenia. Nigdy nie wiesz, kogo mo\u017cesz spotka\u0107 i co mo\u017ce si\u0119 wydarzy\u0107. Kto wie, mo\u017ce po prostu znajdziesz mi\u0142o\u015b\u0107 swojego \u017cycia.<\/p>\n<h2>Lokalne randki erotyczne<\/h2>\n<p>Istnieje wiele lokalnych miejsc seksu, je\u015bli szukasz miejsca na randk\u0119. Biblioteka jest zawsze dobrym zak\u0142adem &#8211; pami\u0119taj tylko, aby by\u0107 cicho! Je\u015bli czujesz si\u0119 troch\u0119 bardziej odwa\u017cny, zawsze jest park po zmroku. Pami\u0119taj tylko, aby mie\u0107 oko na policjant\u00f3w!<\/p>\n<h3>Chatzy \u2022<\/h3>\n<p>Je\u015bli szukasz nowej aplikacji randkowej, Chatzy mo\u017ce by\u0107 wart sprawdzenia. Aplikacja zosta\u0142a zaprojektowana, aby pom\u00f3c Ci po\u0142\u0105czy\u0107 si\u0119 z lud\u017ami w pobli\u017cu, dzi\u0119ki czemu mo\u017cesz rozmawia\u0107, a mo\u017ce nawet spotka\u0107 si\u0119 osobi\u015bcie. Aplikacja jest bezp\u0142atna do pobrania i u\u017cytkowania, a tak\u017ce do\u015b\u0107 \u0142atwo jest dowiedzie\u0107 si\u0119, jak z niej korzysta\u0107. Po prostu utw\u00f3rz profil i zacznij rozmawia\u0107 z lud\u017ami w Twojej okolicy.<\/p>\n<p>U\u017cywam Chatzy od kilku tygodni i mam z nim dobre do\u015bwiadczenia. Pozna\u0142em naprawd\u0119 fajnych ludzi i odby\u0142em kilka \u015bwietnych rozm\u00f3w. Aplikacja jest zdecydowanie warta sprawdzenia, je\u015bli szukasz czego\u015b nowego i innego.<\/p>\n<h3>TinderMeets<\/h3>\n<p>Je\u015bli szukasz nowej aplikacji randkowej do wypr\u00f3bowania, rozwa\u017c TinderMeets. Jest to popularna aplikacja o dobrej reputacji, kt\u00f3ra pomaga ludziom znale\u017a\u0107 po\u0142\u0105czenia w pobli\u017cu. Aplikacja jest bezp\u0142atna do pobrania i u\u017cytkowania, a rejestracja i rozpocz\u0119cie pracy s\u0105 \u0142atwe. Mo\u017cesz przegl\u0105da\u0107 profile, wysy\u0142a\u0107 wiadomo\u015bci i wy\u015bwietla\u0107 zdj\u0119cia potencjalnych dopasowa\u0144 w Twojej okolicy. Aplikacja ma r\u00f3wnie\u017c dobr\u0105 funkcj\u0119 wyszukiwania, dzi\u0119ki czemu mo\u017cesz znale\u017a\u0107 osoby, kt\u00f3re spe\u0142niaj\u0105 okre\u015blone kryteria. TinderMeets to \u015bwietna opcja dla os\u00f3b, kt\u00f3re szukaj\u0105 nowego sposobu na poznanie potencjalnych po\u0142\u0105cze\u0144 w ich pobli\u017cu.<\/p>\n<h3>Milfaholic \u2022<\/h3>\n<p>Je\u015bli szukasz przypadkowego po\u0142\u0105czenia w pobli\u017cu, Milfaholic to \u015bwietna opcja. Aplikacja jest bezp\u0142atna do pobrania i u\u017cywania i jest jedn\u0105 z najpopularniejszych aplikacji randkowych. Jest \u0142atwy w u\u017cyciu i \u015bwietnie nadaje si\u0119 do znajdowania lokalnych po\u0142\u0105cze\u0144. Jedynym minusem jest to, \u017ce nie jest to najbardziej estetyczna aplikacja.<\/p>\n","protected":false},"excerpt":{"rendered":"<p>Je\u015bli szukasz po\u0142\u0105cze\u0144 w pobli\u017cu, jest kilka rzeczy, kt\u00f3re mo\u017cesz zrobi\u0107, aby zwi\u0119kszy\u0107 swoje szanse na znalezienie kogo\u015b. Najpierw spr\u00f3buj u\u017cy\u0107 aplikacji randkowych lub stron internetowych, kt\u00f3re s\u0105 przeznaczone specjalnie dla po\u0142\u0105cze\u0144. Mog\u0105 to by\u0107 \u015bwietny spos\u00f3b na poznanie ludzi, kt\u00f3rzy r\u00f3wnie\u017c szukaj\u0105 przypadkowych spotka\u0144. Inn\u0105 opcj\u0105 jest udanie si\u0119 do bar\u00f3w lub klub\u00f3w, kt\u00f3re &#8230; <a title=\"Pieprzy\u0107 kogo\u015b w pobli\u017cu\" class=\"read-more\" href=\"http:\/\/thehottieandthenottie.com\/pl\/pieprzyc-kogos-w-poblizu\/\" aria-label=\"More on Pieprzy\u0107 kogo\u015b w pobli\u017cu\">Czytaj dalej<\/a><\/p>\n","protected":false},"author":1,"featured_media":0,"parent":0,"menu_order":0,"comment_status":"closed","ping_status":"closed","template":"","meta":[],"yoast_head":"<!-- This site is optimized with the Yoast SEO plugin v17.7.1 - https:\/\/yoast.com\/wordpress\/plugins\/seo\/ -->\n<title>Pieprzy\u0107 kogo\u015b w pobli\u017cu - W okolicach Hotties<\/title>\n<meta name=\"robots\" content=\"index, follow, max-snippet:-1, max-image-preview:large, max-video-preview:-1\" \/>\n<link rel=\"canonical\" href=\"http:\/\/thehottieandthenottie.com\/pl\/pieprzyc-kogos-w-poblizu\/\" \/>\n<meta property=\"og:locale\" content=\"pl_PL\" \/>\n<meta property=\"og:type\" content=\"article\" \/>\n<meta property=\"og:title\" content=\"Pieprzy\u0107 kogo\u015b w pobli\u017cu - W okolicach Hotties\" \/>\n<meta property=\"og:description\" content=\"Je\u015bli szukasz po\u0142\u0105cze\u0144 w pobli\u017cu, jest kilka rzeczy, kt\u00f3re mo\u017cesz zrobi\u0107, aby zwi\u0119kszy\u0107 swoje szanse na znalezienie kogo\u015b. Najpierw spr\u00f3buj u\u017cy\u0107 aplikacji randkowych lub stron internetowych, kt\u00f3re s\u0105 przeznaczone specjalnie dla po\u0142\u0105cze\u0144. Mog\u0105 to by\u0107 \u015bwietny spos\u00f3b na poznanie ludzi, kt\u00f3rzy r\u00f3wnie\u017c szukaj\u0105 przypadkowych spotka\u0144. Inn\u0105 opcj\u0105 jest udanie si\u0119 do bar\u00f3w lub klub\u00f3w, kt\u00f3re ... Czytaj dalej\" \/>\n<meta property=\"og:url\" content=\"http:\/\/thehottieandthenottie.com\/pl\/pieprzyc-kogos-w-poblizu\/\" \/>\n<meta property=\"og:site_name\" content=\"W okolicach Hotties\" \/>\n<meta name=\"twitter:card\" content=\"summary_large_image\" \/>\n<meta name=\"twitter:label1\" content=\"Szacowany czas czytania\" \/>\n\t<meta name=\"twitter:data1\" content=\"3 minuty\" \/>\n<script type=\"application\/ld+json\" class=\"yoast-schema-graph\">{\"@context\":\"https:\/\/schema.org\",\"@graph\":[{\"@type\":\"WebSite\",\"@id\":\"https:\/\/thehottieandthenottie.com\/#website\",\"url\":\"https:\/\/thehottieandthenottie.com\/\",\"name\":\"W okolicach Hotties\",\"description\":\"Poznaj kobiety w twojej okolicy\",\"potentialAction\":[{\"@type\":\"SearchAction\",\"target\":{\"@type\":\"EntryPoint\",\"urlTemplate\":\"https:\/\/thehottieandthenottie.com\/?s={search_term_string}\"},\"query-input\":\"required name=search_term_string\"}],\"inLanguage\":\"pl-PL\"},{\"@type\":\"WebPage\",\"@id\":\"http:\/\/thehottieandthenottie.com\/pl\/pieprzyc-kogos-w-poblizu\/#webpage\",\"url\":\"http:\/\/thehottieandthenottie.com\/pl\/pieprzyc-kogos-w-poblizu\/\",\"name\":\"Pieprzy\\u0107 kogo\\u015b w pobli\\u017cu - W okolicach Hotties\",\"isPartOf\":{\"@id\":\"https:\/\/thehottieandthenottie.com\/#website\"},\"datePublished\":\"2022-09-30T11:56:06+00:00\",\"dateModified\":\"2022-09-30T11:56:06+00:00\",\"breadcrumb\":{\"@id\":\"http:\/\/thehottieandthenottie.com\/pl\/pieprzyc-kogos-w-poblizu\/#breadcrumb\"},\"inLanguage\":\"pl-PL\",\"potentialAction\":[{\"@type\":\"ReadAction\",\"target\":[\"http:\/\/thehottieandthenottie.com\/pl\/pieprzyc-kogos-w-poblizu\/\"]}]},{\"@type\":\"BreadcrumbList\",\"@id\":\"http:\/\/thehottieandthenottie.com\/pl\/pieprzyc-kogos-w-poblizu\/#breadcrumb\",\"itemListElement\":[{\"@type\":\"ListItem\",\"position\":1,\"name\":\"Home\",\"item\":\"http:\/\/thehottieandthenottie.com\/pl\/\"},{\"@type\":\"ListItem\",\"position\":2,\"name\":\"Pieprzy\\u0107 kogo\\u015b w pobli\\u017cu\"}]}]}<\/script>\n<!-- \/ Yoast SEO plugin. -->","yoast_head_json":{"title":"Pieprzy\u0107 kogo\u015b w pobli\u017cu - W okolicach Hotties","robots":{"index":"index","follow":"follow","max-snippet":"max-snippet:-1","max-image-preview":"max-image-preview:large","max-video-preview":"max-video-preview:-1"},"canonical":"http:\/\/thehottieandthenottie.com\/pl\/pieprzyc-kogos-w-poblizu\/","og_locale":"pl_PL","og_type":"article","og_title":"Pieprzy\u0107 kogo\u015b w pobli\u017cu - W okolicach Hotties","og_description":"Je\u015bli szukasz po\u0142\u0105cze\u0144 w pobli\u017cu, jest kilka rzeczy, kt\u00f3re mo\u017cesz zrobi\u0107, aby zwi\u0119kszy\u0107 swoje szanse na znalezienie kogo\u015b. Najpierw spr\u00f3buj u\u017cy\u0107 aplikacji randkowych lub stron internetowych, kt\u00f3re s\u0105 przeznaczone specjalnie dla po\u0142\u0105cze\u0144. Mog\u0105 to by\u0107 \u015bwietny spos\u00f3b na poznanie ludzi, kt\u00f3rzy r\u00f3wnie\u017c szukaj\u0105 przypadkowych spotka\u0144. Inn\u0105 opcj\u0105 jest udanie si\u0119 do bar\u00f3w lub klub\u00f3w, kt\u00f3re ... Czytaj dalej","og_url":"http:\/\/thehottieandthenottie.com\/pl\/pieprzyc-kogos-w-poblizu\/","og_site_name":"W okolicach Hotties","twitter_card":"summary_large_image","twitter_misc":{"Szacowany czas czytania":"3 minuty"},"schema":{"@context":"https:\/\/schema.org","@graph":[{"@type":"WebSite","@id":"https:\/\/thehottieandthenottie.com\/#website","url":"https:\/\/thehottieandthenottie.com\/","name":"W okolicach Hotties","description":"Poznaj kobiety w twojej okolicy","potentialAction":[{"@type":"SearchAction","target":{"@type":"EntryPoint","urlTemplate":"https:\/\/thehottieandthenottie.com\/?s={search_term_string}"},"query-input":"required name=search_term_string"}],"inLanguage":"pl-PL"},{"@type":"WebPage","@id":"http:\/\/thehottieandthenottie.com\/pl\/pieprzyc-kogos-w-poblizu\/#webpage","url":"http:\/\/thehottieandthenottie.com\/pl\/pieprzyc-kogos-w-poblizu\/","name":"Pieprzy\u0107 kogo\u015b w pobli\u017cu - W okolicach Hotties","isPartOf":{"@id":"https:\/\/thehottieandthenottie.com\/#website"},"datePublished":"2022-09-30T11:56:06+00:00","dateModified":"2022-09-30T11:56:06+00:00","breadcrumb":{"@id":"http:\/\/thehottieandthenottie.com\/pl\/pieprzyc-kogos-w-poblizu\/#breadcrumb"},"inLanguage":"pl-PL","potentialAction":[{"@type":"ReadAction","target":["http:\/\/thehottieandthenottie.com\/pl\/pieprzyc-kogos-w-poblizu\/"]}]},{"@type":"BreadcrumbList","@id":"http:\/\/thehottieandthenottie.com\/pl\/pieprzyc-kogos-w-poblizu\/#breadcrumb","itemListElement":[{"@type":"ListItem","position":1,"name":"Home","item":"http:\/\/thehottieandthenottie.com\/pl\/"},{"@type":"ListItem","position":2,"name":"Pieprzy\u0107 kogo\u015b w pobli\u017cu"}]}]}},"_links":{"self":[{"href":"http:\/\/thehottieandthenottie.com\/pl\/wp-json\/wp\/v2\/pages\/570"}],"collection":[{"href":"http:\/\/thehottieandthenottie.com\/pl\/wp-json\/wp\/v2\/pages"}],"about":[{"href":"http:\/\/thehottieandthenottie.com\/pl\/wp-json\/wp\/v2\/types\/page"}],"author":[{"embeddable":true,"href":"http:\/\/thehottieandthenottie.com\/pl\/wp-json\/wp\/v2\/users\/1"}],"replies":[{"embeddable":true,"href":"http:\/\/thehottieandthenottie.com\/pl\/wp-json\/wp\/v2\/comments?post=570"}],"version-history":[{"count":0,"href":"http:\/\/thehottieandthenottie.com\/pl\/wp-json\/wp\/v2\/pages\/570\/revisions"}],"wp:attachment":[{"href":"http:\/\/thehottieandthenottie.com\/pl\/wp-json\/wp\/v2\/media?parent=570"}],"curies":[{"name":"wp","href":"https:\/\/api.w.org\/{rel}","templated":true}]}}