{"id":579,"date":"2022-09-30T12:56:42","date_gmt":"2022-09-30T11:56:42","guid":{"rendered":"http:\/\/thehottieandthenottie.com\/darmowe-ogloszenia-dla-doroslych\/"},"modified":"2022-09-30T12:56:42","modified_gmt":"2022-09-30T11:56:42","slug":"darmowe-ogloszenia-dla-doroslych","status":"publish","type":"page","link":"http:\/\/thehottieandthenottie.com\/pl\/darmowe-ogloszenia-dla-doroslych\/","title":{"rendered":"Darmowe og\u0142oszenia dla doros\u0142ych"},"content":{"rendered":"<p>Nie musisz i\u015b\u0107 do baru lub klubu, aby odebra\u0107, w por\u00f3wnaniu do korzystania z lokalnych doros\u0142ych. Wszystko, co musisz zrobi\u0107, to opublikowa\u0107 osobiste og\u0142oszenie online i mo\u017cesz po\u0142\u0105czy\u0107 si\u0119 z kim\u015b lokalnym w Twojej okolicy, nawet nie wychodz\u0105c z domu. Mo\u017cesz by\u0107 tak konkretny, jak chcesz w swojej reklamie, aby przyci\u0105ga\u0107 tylko osoby, kt\u00f3re szukaj\u0105 tego samego co Ty. Pami\u0119taj, \u017ce nie ka\u017cdy szuka jednej nocy, wi\u0119c je\u015bli to wszystko, czego szukasz, mo\u017cesz mie\u0107 wi\u0119cej szcz\u0119\u015bcia gdzie indziej.<\/p>\n<h2>Lokalne osobisto\u015bci seksualne<\/h2>\n<p>Jest wiele os\u00f3b, kt\u00f3re u\u017cywaj\u0105 seksualnych osobowo\u015bci, gdy szukaj\u0105 randki. Dzieje si\u0119 tak dlatego, \u017ce mog\u0105 by\u0107 bardzo konkretni w tym, czego szukaj\u0105 i mog\u0105 znale\u017a\u0107 ludzi, kt\u00f3rzy szukaj\u0105 tego samego. Istnieje r\u00f3wnie\u017c wiele os\u00f3b, kt\u00f3re u\u017cywaj\u0105 osobowo\u015bci seksualnych, aby znale\u017a\u0107 kogo\u015b, z kim mo\u017cna si\u0119 spotka\u0107. Dzieje si\u0119 tak dlatego, \u017ce o wiele \u0142atwiej jest znale\u017a\u0107 kogo\u015b, kto szuka tego samego, gdy korzystasz z witryny erotycznej. Istnieje wiele stron z og\u0142oszeniami dla doros\u0142ych, kt\u00f3re zaspokajaj\u0105 potrzeby tych, kt\u00f3rzy szukaj\u0105 mi\u0142o\u015bci. Strony te oferuj\u0105 r\u00f3\u017cnorodne us\u0142ugi, kt\u00f3re mog\u0105 pom\u00f3c w znalezieniu idealnego dopasowania. Mog\u0105 r\u00f3wnie\u017c udzieli\u0107 wskaz\u00f3wek i porad, jak najlepiej wykorzysta\u0107 sw\u00f3j zwi\u0105zek. Wi\u0119kszo\u015b\u0107 z tych stron internetowych jest bezp\u0142atna, wi\u0119c mo\u017cesz je przegl\u0105da\u0107 w wolnym czasie.<\/p>\n<h2>Darmowe reklamy erotyczne<\/h2>\n<p>Ostatnio nast\u0105pi\u0142 wzrost <a href=\"http:\/\/thehottieandthenottie.com\/fuck-someone-near-you\/\">lokalnych reklam erotycznych<\/a> w \u015bwiecie randek. Wynika to prawdopodobnie z faktu, \u017ce ludzie czuj\u0105 si\u0119 bardziej komfortowo ze swoj\u0105 seksualno\u015bci\u0105 i s\u0105 bardziej otwarci na odkrywanie swoich opcji. Reklamy te mog\u0105 by\u0107 \u015bwietnym sposobem na nawi\u0105zanie kontaktu z kim\u015b, kto podziela Twoje zainteresowania i pragnienia. Mog\u0105 by\u0107 r\u00f3wnie\u017c \u015bwietnym sposobem na znalezienie kogo\u015b, kto szuka czego\u015b bardziej swobodnego. Je\u015bli jeste\u015b zainteresowany poznaniem swoich opcji, sprawdzenie lokalnych reklam erotycznych mo\u017ce by\u0107 \u015bwietnym miejscem do rozpocz\u0119cia. Pami\u0119taj tylko, aby by\u0107 bezpiecznym i szczerym w tym, czego szukasz.<\/p>\n<h3>Podw\u00f3jna lista<\/h3>\n<p>DoubleList to nowa aplikacja randkowa, kt\u00f3ra ostatnio robi si\u0119 du\u017co szumu. Aplikacja zosta\u0142a zaprojektowana, aby pom\u00f3c Ci znale\u017a\u0107 lokalnych doros\u0142ych singli do tej pory i po\u0142\u0105czy\u0107 si\u0119 z nimi. Aplikacja jest bezp\u0142atna do pobrania i u\u017cywania i jest dost\u0119pna zar\u00f3wno dla urz\u0105dze\u0144 z systemem iOS, jak i Android. Aplikacja DoubleList jest bardzo przyjazna dla u\u017cytkownika i \u0142atwa w nawigacji. Mo\u017cesz przegl\u0105da\u0107 profile lokalnych singli w Twojej okolicy i przegl\u0105da\u0107 ich zdj\u0119cia i informacje. Gdy znajdziesz kogo\u015b, kto Ci\u0119 interesuje, mo\u017cesz wys\u0142a\u0107 mu wiadomo\u015b\u0107 i rozpocz\u0105\u0107 rozmow\u0119. Aplikacja ma r\u00f3wnie\u017c wbudowany system czatu, dzi\u0119ki czemu mo\u017cesz rozmawia\u0107 ze swoimi meczami w czasie rzeczywistym. Aplikacja DoubleList to \u015bwietny spos\u00f3b na poznanie lokalnych singli na randki i \u0142\u0105czenie si\u0119.<\/p>\n<h3>Badoo \u2022<\/h3>\n<p>Badoo to aplikacja randkowa, kt\u00f3ra zyskuje na popularno\u015bci w\u015br\u00f3d doros\u0142ych, kt\u00f3rzy szukaj\u0105 lokalnych po\u0142\u0105cze\u0144. Aplikacja jest bezp\u0142atna do pobrania i u\u017cytkowania i oferuje wiele funkcji, kt\u00f3re u\u0142atwiaj\u0105 \u0142\u0105czenie si\u0119 z potencjalnymi meczami w Twojej okolicy. Badoo ma r\u00f3wnie\u017c siln\u0105 polityk\u0119 prywatno\u015bci i jest jedn\u0105 z niewielu aplikacji randkowych, kt\u00f3re pozwalaj\u0105 kontrolowa\u0107, kto mo\u017ce zobaczy\u0107 Tw\u00f3j profil. Og\u00f3lnie rzecz bior\u0105c, Badoo to \u015bwietna opcja dla doros\u0142ych, kt\u00f3rzy szukaj\u0105 aplikacji do pod\u0142\u0105czania, kt\u00f3ra jest \u0142atwa w u\u017cyciu i ma siln\u0105 polityk\u0119 prywatno\u015bci.<\/p>\n<h3>Alt.com<\/h3>\n<p>Alt.com to lokalna aplikacja randkowa dla doros\u0142ych, kt\u00f3ra ostatnio robi du\u017co szumu. Aplikacja jest do pobrania za darmo i obiecuje pom\u00f3c Ci znale\u017a\u0107 lokalnych doros\u0142ych, z kt\u00f3rymi mo\u017cesz si\u0119 po\u0142\u0105czy\u0107. Ale czy spe\u0142nia oczekiwania?<\/p>\n<p>Postanowi\u0142em da\u0107 Alt.com spr\u00f3bowa\u0107 i przekona\u0107 si\u0119 sam. Proces rejestracji by\u0142 szybki i \u0142atwy, a ja wkr\u00f3tce przegl\u0105da\u0142em lokalne profile doros\u0142ych. By\u0142em zaskoczony, jak wiele ich by\u0142o! Znalaz\u0142em kilka potencjalnych mecz\u00f3w i rozmawia\u0142em z nimi przez chwil\u0119.<\/p>\n<p>Og\u00f3lnie rzecz bior\u0105c, by\u0142em pod wra\u017ceniem Alt.com. To \u015bwietny spos\u00f3b na poznanie lokalnych doros\u0142ych na przypadkowe po\u0142\u0105czenia. Aplikacja jest \u0142atwa w u\u017cyciu i ma wielu u\u017cytkownik\u00f3w do wyboru. Je\u015bli szukasz nowej aplikacji randkowej do wypr\u00f3bowania, polecam da\u0107 Alt.com szans\u0119.<\/p>\n","protected":false},"excerpt":{"rendered":"<p>Nie musisz i\u015b\u0107 do baru lub klubu, aby odebra\u0107, w por\u00f3wnaniu do korzystania z lokalnych doros\u0142ych. Wszystko, co musisz zrobi\u0107, to opublikowa\u0107 osobiste og\u0142oszenie online i mo\u017cesz po\u0142\u0105czy\u0107 si\u0119 z kim\u015b lokalnym w Twojej okolicy, nawet nie wychodz\u0105c z domu. Mo\u017cesz by\u0107 tak konkretny, jak chcesz w swojej reklamie, aby przyci\u0105ga\u0107 tylko osoby, kt\u00f3re szukaj\u0105 &#8230; <a title=\"Darmowe og\u0142oszenia dla doros\u0142ych\" class=\"read-more\" href=\"http:\/\/thehottieandthenottie.com\/pl\/darmowe-ogloszenia-dla-doroslych\/\" aria-label=\"More on Darmowe og\u0142oszenia dla doros\u0142ych\">Czytaj dalej<\/a><\/p>\n","protected":false},"author":1,"featured_media":0,"parent":0,"menu_order":0,"comment_status":"closed","ping_status":"closed","template":"","meta":[],"yoast_head":"<!-- This site is optimized with the Yoast SEO plugin v17.7.1 - https:\/\/yoast.com\/wordpress\/plugins\/seo\/ -->\n<title>Darmowe og\u0142oszenia dla doros\u0142ych - W okolicach Hotties<\/title>\n<meta name=\"robots\" content=\"index, follow, max-snippet:-1, max-image-preview:large, max-video-preview:-1\" \/>\n<link rel=\"canonical\" href=\"http:\/\/thehottieandthenottie.com\/pl\/darmowe-ogloszenia-dla-doroslych\/\" \/>\n<meta property=\"og:locale\" content=\"pl_PL\" \/>\n<meta property=\"og:type\" content=\"article\" \/>\n<meta property=\"og:title\" content=\"Darmowe og\u0142oszenia dla doros\u0142ych - W okolicach Hotties\" \/>\n<meta property=\"og:description\" content=\"Nie musisz i\u015b\u0107 do baru lub klubu, aby odebra\u0107, w por\u00f3wnaniu do korzystania z lokalnych doros\u0142ych. Wszystko, co musisz zrobi\u0107, to opublikowa\u0107 osobiste og\u0142oszenie online i mo\u017cesz po\u0142\u0105czy\u0107 si\u0119 z kim\u015b lokalnym w Twojej okolicy, nawet nie wychodz\u0105c z domu. Mo\u017cesz by\u0107 tak konkretny, jak chcesz w swojej reklamie, aby przyci\u0105ga\u0107 tylko osoby, kt\u00f3re szukaj\u0105 ... Czytaj dalej\" \/>\n<meta property=\"og:url\" content=\"http:\/\/thehottieandthenottie.com\/pl\/darmowe-ogloszenia-dla-doroslych\/\" \/>\n<meta property=\"og:site_name\" content=\"W okolicach Hotties\" \/>\n<meta name=\"twitter:card\" content=\"summary_large_image\" \/>\n<meta name=\"twitter:label1\" content=\"Szacowany czas czytania\" \/>\n\t<meta name=\"twitter:data1\" content=\"4 minuty\" \/>\n<script type=\"application\/ld+json\" class=\"yoast-schema-graph\">{\"@context\":\"https:\/\/schema.org\",\"@graph\":[{\"@type\":\"WebSite\",\"@id\":\"https:\/\/thehottieandthenottie.com\/#website\",\"url\":\"https:\/\/thehottieandthenottie.com\/\",\"name\":\"W okolicach Hotties\",\"description\":\"Poznaj kobiety w twojej okolicy\",\"potentialAction\":[{\"@type\":\"SearchAction\",\"target\":{\"@type\":\"EntryPoint\",\"urlTemplate\":\"https:\/\/thehottieandthenottie.com\/?s={search_term_string}\"},\"query-input\":\"required name=search_term_string\"}],\"inLanguage\":\"pl-PL\"},{\"@type\":\"WebPage\",\"@id\":\"http:\/\/thehottieandthenottie.com\/pl\/darmowe-ogloszenia-dla-doroslych\/#webpage\",\"url\":\"http:\/\/thehottieandthenottie.com\/pl\/darmowe-ogloszenia-dla-doroslych\/\",\"name\":\"Darmowe og\\u0142oszenia dla doros\\u0142ych - W okolicach Hotties\",\"isPartOf\":{\"@id\":\"https:\/\/thehottieandthenottie.com\/#website\"},\"datePublished\":\"2022-09-30T11:56:42+00:00\",\"dateModified\":\"2022-09-30T11:56:42+00:00\",\"breadcrumb\":{\"@id\":\"http:\/\/thehottieandthenottie.com\/pl\/darmowe-ogloszenia-dla-doroslych\/#breadcrumb\"},\"inLanguage\":\"pl-PL\",\"potentialAction\":[{\"@type\":\"ReadAction\",\"target\":[\"http:\/\/thehottieandthenottie.com\/pl\/darmowe-ogloszenia-dla-doroslych\/\"]}]},{\"@type\":\"BreadcrumbList\",\"@id\":\"http:\/\/thehottieandthenottie.com\/pl\/darmowe-ogloszenia-dla-doroslych\/#breadcrumb\",\"itemListElement\":[{\"@type\":\"ListItem\",\"position\":1,\"name\":\"Home\",\"item\":\"http:\/\/thehottieandthenottie.com\/pl\/\"},{\"@type\":\"ListItem\",\"position\":2,\"name\":\"Darmowe og\\u0142oszenia dla doros\\u0142ych\"}]}]}<\/script>\n<!-- \/ Yoast SEO plugin. -->","yoast_head_json":{"title":"Darmowe og\u0142oszenia dla doros\u0142ych - W okolicach Hotties","robots":{"index":"index","follow":"follow","max-snippet":"max-snippet:-1","max-image-preview":"max-image-preview:large","max-video-preview":"max-video-preview:-1"},"canonical":"http:\/\/thehottieandthenottie.com\/pl\/darmowe-ogloszenia-dla-doroslych\/","og_locale":"pl_PL","og_type":"article","og_title":"Darmowe og\u0142oszenia dla doros\u0142ych - W okolicach Hotties","og_description":"Nie musisz i\u015b\u0107 do baru lub klubu, aby odebra\u0107, w por\u00f3wnaniu do korzystania z lokalnych doros\u0142ych. Wszystko, co musisz zrobi\u0107, to opublikowa\u0107 osobiste og\u0142oszenie online i mo\u017cesz po\u0142\u0105czy\u0107 si\u0119 z kim\u015b lokalnym w Twojej okolicy, nawet nie wychodz\u0105c z domu. Mo\u017cesz by\u0107 tak konkretny, jak chcesz w swojej reklamie, aby przyci\u0105ga\u0107 tylko osoby, kt\u00f3re szukaj\u0105 ... Czytaj dalej","og_url":"http:\/\/thehottieandthenottie.com\/pl\/darmowe-ogloszenia-dla-doroslych\/","og_site_name":"W okolicach Hotties","twitter_card":"summary_large_image","twitter_misc":{"Szacowany czas czytania":"4 minuty"},"schema":{"@context":"https:\/\/schema.org","@graph":[{"@type":"WebSite","@id":"https:\/\/thehottieandthenottie.com\/#website","url":"https:\/\/thehottieandthenottie.com\/","name":"W okolicach Hotties","description":"Poznaj kobiety w twojej okolicy","potentialAction":[{"@type":"SearchAction","target":{"@type":"EntryPoint","urlTemplate":"https:\/\/thehottieandthenottie.com\/?s={search_term_string}"},"query-input":"required name=search_term_string"}],"inLanguage":"pl-PL"},{"@type":"WebPage","@id":"http:\/\/thehottieandthenottie.com\/pl\/darmowe-ogloszenia-dla-doroslych\/#webpage","url":"http:\/\/thehottieandthenottie.com\/pl\/darmowe-ogloszenia-dla-doroslych\/","name":"Darmowe og\u0142oszenia dla doros\u0142ych - W okolicach Hotties","isPartOf":{"@id":"https:\/\/thehottieandthenottie.com\/#website"},"datePublished":"2022-09-30T11:56:42+00:00","dateModified":"2022-09-30T11:56:42+00:00","breadcrumb":{"@id":"http:\/\/thehottieandthenottie.com\/pl\/darmowe-ogloszenia-dla-doroslych\/#breadcrumb"},"inLanguage":"pl-PL","potentialAction":[{"@type":"ReadAction","target":["http:\/\/thehottieandthenottie.com\/pl\/darmowe-ogloszenia-dla-doroslych\/"]}]},{"@type":"BreadcrumbList","@id":"http:\/\/thehottieandthenottie.com\/pl\/darmowe-ogloszenia-dla-doroslych\/#breadcrumb","itemListElement":[{"@type":"ListItem","position":1,"name":"Home","item":"http:\/\/thehottieandthenottie.com\/pl\/"},{"@type":"ListItem","position":2,"name":"Darmowe og\u0142oszenia dla doros\u0142ych"}]}]}},"_links":{"self":[{"href":"http:\/\/thehottieandthenottie.com\/pl\/wp-json\/wp\/v2\/pages\/579"}],"collection":[{"href":"http:\/\/thehottieandthenottie.com\/pl\/wp-json\/wp\/v2\/pages"}],"about":[{"href":"http:\/\/thehottieandthenottie.com\/pl\/wp-json\/wp\/v2\/types\/page"}],"author":[{"embeddable":true,"href":"http:\/\/thehottieandthenottie.com\/pl\/wp-json\/wp\/v2\/users\/1"}],"replies":[{"embeddable":true,"href":"http:\/\/thehottieandthenottie.com\/pl\/wp-json\/wp\/v2\/comments?post=579"}],"version-history":[{"count":0,"href":"http:\/\/thehottieandthenottie.com\/pl\/wp-json\/wp\/v2\/pages\/579\/revisions"}],"wp:attachment":[{"href":"http:\/\/thehottieandthenottie.com\/pl\/wp-json\/wp\/v2\/media?parent=579"}],"curies":[{"name":"wp","href":"https:\/\/api.w.org\/{rel}","templated":true}]}}