{"id":589,"date":"2022-09-30T12:55:30","date_gmt":"2022-09-30T11:55:30","guid":{"rendered":"http:\/\/thehottieandthenottie.com\/randki-zniewoleniem\/"},"modified":"2022-09-30T12:55:30","modified_gmt":"2022-09-30T11:55:30","slug":"randki-zniewoleniem","status":"publish","type":"page","link":"http:\/\/thehottieandthenottie.com\/pl\/randki-zniewoleniem\/","title":{"rendered":"Randki zniewoleniem"},"content":{"rendered":"<p>Jest co\u015b w anonimowo\u015bci czatu, co naprawd\u0119 sprawia, \u017ce ludzie m\u00f3wi\u0105 o swoich za\u0142amaniach i fetyszach. Je\u015bli jeste\u015b w niewoli, istnieje wiele czat\u00f3w, w kt\u00f3rych mo\u017cesz odkrywa\u0107 swoje zainteresowania z podobnie my\u015bl\u0105cymi lud\u017ami.<\/p>\n<p>Mo\u017cesz znale\u017a\u0107 czaty dla wszelkiego rodzaju za\u0142ama\u0144 i fetyszy, wi\u0119c na pewno znajdziesz taki, kt\u00f3ry jest odpowiedni dla Ciebie. Pami\u0119taj tylko, aby by\u0107 bezpiecznym i pe\u0142nym szacunku, gdy rozmawiasz z kim\u015b nowym. I kto wie, mo\u017ce po prostu znajdziesz swojego idealnego partnera do pod\u0142\u0105czenia w jednym z tych czat\u00f3w. Randki zniewoleniem odnosz\u0105 si\u0119 do praktyki cieszenia si\u0119 intymnymi relacjami fizycznymi i emocjonalnymi z kim\u015b, kto lubi powstrzymywa\u0107 swojego partnera. Mo\u017ce to obejmowa\u0107 kajdanki, liny, gagi, opaski na oczy i inne rodzaje ogranicze\u0144. Mo\u017ce to by\u0107 zabawny i ekscytuj\u0105cy spos\u00f3b na dodanie pikanterii do twojego zwi\u0105zku. Wa\u017cne jest jednak, aby by\u0107 bezpiecznym i konsensualnym podczas anga\u017cowania si\u0119 w gr\u0119 niewoli.<\/p>\n<h2>Strony z pod\u0142\u0105czeniem BDSM<\/h2>\n<p>Nie ma jednej odpowiedzi na to pytanie &#8211; do\u015bwiadczenia ka\u017cdego b\u0119d\u0105 inne. Je\u015bli jednak jeste\u015b zainteresowany odkrywaniem pod\u0142\u0105cze\u0144 BDSM, jest kilka rzeczy, o kt\u00f3rych mo\u017cesz pami\u0119ta\u0107. Po pierwsze, wa\u017cne jest, aby mie\u0107 jasno\u015b\u0107 co do tego, czego szukasz i jakie s\u0105 twoje granice. Dobrym pomys\u0142em jest r\u00f3wnie\u017c wcze\u015bniejsze skontaktowanie si\u0119 z potencjalnym partnerem, aby upewni\u0107 si\u0119, \u017ce jeste\u015b na tej samej stronie. Kiedy ju\u017c znajdziesz kogo\u015b, z kim jeste\u015b kompatybilny, wa\u017cne jest, aby zaufa\u0107 swoim instynktom i i\u015b\u0107 z intuicj\u0105. Na koniec upewnij si\u0119, \u017ce dobrze si\u0119 bawisz i dobrze si\u0119 bawisz!<\/p>\n<h2>Randki fetyszowe<\/h2>\n<p>Witryny spotka\u0144 fetysz\u00f3w mog\u0105 by\u0107 \u015bwietnym sposobem dla os\u00f3b z okre\u015blonymi fetyszami, aby po\u0142\u0105czy\u0107 si\u0119 z innymi, kt\u00f3rzy podzielaj\u0105 ich zainteresowania. Witryny te mog\u0105 pom\u00f3c ludziom znale\u017a\u0107 partner\u00f3w do randek, zwi\u0105zk\u00f3w, a nawet przypadkowych spotka\u0144. Podczas gdy niekt\u00f3rzy ludzie mog\u0105 postrzega\u0107 fetysze jako dziwne lub dziwne, nie ma nic z\u0142ego w ich posiadaniu. Ka\u017cdy jest inny i nie ma wstydu w cieszeniu si\u0119 czym\u015b, co mo\u017cna uzna\u0107 za tabu. Miejsca spotka\u0144 fetyszystycznych mog\u0105 zapewni\u0107 bezpieczne i przyjazne \u015brodowisko dla ludzi do odkrywania swojej seksualno\u015bci i znajdowania podobnie my\u015bl\u0105cych partner\u00f3w.<\/p>\n<h3>Sprawy gor\u0105ce<\/h3>\n<p>Heated Affairs to internetowa aplikacja randkowa, kt\u00f3ra jest przeznaczona dla os\u00f3b zainteresowanych czatami o niewoli. Aplikacja jest \u0142atwa w u\u017cyciu i ma wiele funkcji, kt\u00f3re sprawiaj\u0105, \u017ce jest doskona\u0142ym wyborem dla os\u00f3b, kt\u00f3re szukaj\u0105 sposobu na nawi\u0105zanie kontaktu z innymi, kt\u00f3rzy podzielaj\u0105 ich zainteresowania. Aplikacja jest bezp\u0142atna do pobrania i u\u017cytkowania i oferuje szerok\u0105 gam\u0119 funkcji, kt\u00f3re sprawiaj\u0105, \u017ce jest to \u015bwietna opcja dla os\u00f3b, kt\u00f3re szukaj\u0105 sposobu na nawi\u0105zanie kontaktu z innymi, kt\u00f3rzy podzielaj\u0105 ich zainteresowania.<\/p>\n<h3>Aleja czatu<\/h3>\n<p>Je\u015bli szukasz pokoju rozm\u00f3w, kt\u00f3ry jest specjalnie zaprojektowany dla os\u00f3b zainteresowanych zniewoleniem, powiniene\u015b sprawdzi\u0107 czat niewoli Chat Avenue. Ten czat jest wype\u0142niony lud\u017ami, kt\u00f3rzy chc\u0105 odkry\u0107 swoj\u0105 perwersyjn\u0105 stron\u0119 i jest to \u015bwietne miejsce, aby znale\u017a\u0107 kogo\u015b, z kim mo\u017cna porozmawia\u0107 o swoich wsp\u00f3lnych zainteresowaniach. Czat jest moderowany, dzi\u0119ki czemu mo\u017cesz czu\u0107 si\u0119 bezpiecznie, omawiaj\u0105c swoje zainteresowania z innymi, a tak\u017ce mo\u017cesz znale\u017a\u0107 ludzi, z kt\u00f3rymi mo\u017cesz porozmawia\u0107, kt\u00f3rzy dziel\u0105 si\u0119 twoimi perwersyjnymi fetyszami.<\/p>\n<h3>Niegrzeczny<\/h3>\n<p>BeNaughty to aplikacja randkowa zaprojektowana specjalnie dla os\u00f3b zainteresowanych czatami o zniewoleniu. Aplikacja jest bardzo przyjazna dla u\u017cytkownika i u\u0142atwia znalezienie os\u00f3b, kt\u00f3re podzielaj\u0105 Twoje zainteresowania. Aplikacja ma r\u00f3wnie\u017c wiele funkcji, kt\u00f3re u\u0142atwiaj\u0105 \u0142\u0105czenie si\u0119 z innymi u\u017cytkownikami. Og\u00f3lnie rzecz bior\u0105c, BeNaughty to \u015bwietna opcja dla os\u00f3b, kt\u00f3re s\u0105 zainteresowane czatami niewoli.<\/p>\n","protected":false},"excerpt":{"rendered":"<p>Jest co\u015b w anonimowo\u015bci czatu, co naprawd\u0119 sprawia, \u017ce ludzie m\u00f3wi\u0105 o swoich za\u0142amaniach i fetyszach. Je\u015bli jeste\u015b w niewoli, istnieje wiele czat\u00f3w, w kt\u00f3rych mo\u017cesz odkrywa\u0107 swoje zainteresowania z podobnie my\u015bl\u0105cymi lud\u017ami. Mo\u017cesz znale\u017a\u0107 czaty dla wszelkiego rodzaju za\u0142ama\u0144 i fetyszy, wi\u0119c na pewno znajdziesz taki, kt\u00f3ry jest odpowiedni dla Ciebie. Pami\u0119taj tylko, aby &#8230; <a title=\"Randki zniewoleniem\" class=\"read-more\" href=\"http:\/\/thehottieandthenottie.com\/pl\/randki-zniewoleniem\/\" aria-label=\"More on Randki zniewoleniem\">Czytaj dalej<\/a><\/p>\n","protected":false},"author":1,"featured_media":0,"parent":0,"menu_order":0,"comment_status":"closed","ping_status":"closed","template":"","meta":[],"yoast_head":"<!-- This site is optimized with the Yoast SEO plugin v17.7.1 - https:\/\/yoast.com\/wordpress\/plugins\/seo\/ -->\n<title>Randki zniewoleniem - W okolicach Hotties<\/title>\n<meta name=\"robots\" content=\"index, follow, max-snippet:-1, max-image-preview:large, max-video-preview:-1\" \/>\n<link rel=\"canonical\" href=\"http:\/\/thehottieandthenottie.com\/pl\/randki-zniewoleniem\/\" \/>\n<meta property=\"og:locale\" content=\"pl_PL\" \/>\n<meta property=\"og:type\" content=\"article\" \/>\n<meta property=\"og:title\" content=\"Randki zniewoleniem - W okolicach Hotties\" \/>\n<meta property=\"og:description\" content=\"Jest co\u015b w anonimowo\u015bci czatu, co naprawd\u0119 sprawia, \u017ce ludzie m\u00f3wi\u0105 o swoich za\u0142amaniach i fetyszach. Je\u015bli jeste\u015b w niewoli, istnieje wiele czat\u00f3w, w kt\u00f3rych mo\u017cesz odkrywa\u0107 swoje zainteresowania z podobnie my\u015bl\u0105cymi lud\u017ami. Mo\u017cesz znale\u017a\u0107 czaty dla wszelkiego rodzaju za\u0142ama\u0144 i fetyszy, wi\u0119c na pewno znajdziesz taki, kt\u00f3ry jest odpowiedni dla Ciebie. Pami\u0119taj tylko, aby ... Czytaj dalej\" \/>\n<meta property=\"og:url\" content=\"http:\/\/thehottieandthenottie.com\/pl\/randki-zniewoleniem\/\" \/>\n<meta property=\"og:site_name\" content=\"W okolicach Hotties\" \/>\n<meta name=\"twitter:card\" content=\"summary_large_image\" \/>\n<meta name=\"twitter:label1\" content=\"Szacowany czas czytania\" \/>\n\t<meta name=\"twitter:data1\" content=\"3 minuty\" \/>\n<script type=\"application\/ld+json\" class=\"yoast-schema-graph\">{\"@context\":\"https:\/\/schema.org\",\"@graph\":[{\"@type\":\"WebSite\",\"@id\":\"https:\/\/thehottieandthenottie.com\/#website\",\"url\":\"https:\/\/thehottieandthenottie.com\/\",\"name\":\"W okolicach Hotties\",\"description\":\"Poznaj kobiety w twojej okolicy\",\"potentialAction\":[{\"@type\":\"SearchAction\",\"target\":{\"@type\":\"EntryPoint\",\"urlTemplate\":\"https:\/\/thehottieandthenottie.com\/?s={search_term_string}\"},\"query-input\":\"required name=search_term_string\"}],\"inLanguage\":\"pl-PL\"},{\"@type\":\"WebPage\",\"@id\":\"http:\/\/thehottieandthenottie.com\/pl\/randki-zniewoleniem\/#webpage\",\"url\":\"http:\/\/thehottieandthenottie.com\/pl\/randki-zniewoleniem\/\",\"name\":\"Randki zniewoleniem - W okolicach Hotties\",\"isPartOf\":{\"@id\":\"https:\/\/thehottieandthenottie.com\/#website\"},\"datePublished\":\"2022-09-30T11:55:30+00:00\",\"dateModified\":\"2022-09-30T11:55:30+00:00\",\"breadcrumb\":{\"@id\":\"http:\/\/thehottieandthenottie.com\/pl\/randki-zniewoleniem\/#breadcrumb\"},\"inLanguage\":\"pl-PL\",\"potentialAction\":[{\"@type\":\"ReadAction\",\"target\":[\"http:\/\/thehottieandthenottie.com\/pl\/randki-zniewoleniem\/\"]}]},{\"@type\":\"BreadcrumbList\",\"@id\":\"http:\/\/thehottieandthenottie.com\/pl\/randki-zniewoleniem\/#breadcrumb\",\"itemListElement\":[{\"@type\":\"ListItem\",\"position\":1,\"name\":\"Home\",\"item\":\"https:\/\/thehottieandthenottie.com\/pl\/\"},{\"@type\":\"ListItem\",\"position\":2,\"name\":\"Randki zniewoleniem\"}]}]}<\/script>\n<!-- \/ Yoast SEO plugin. -->","yoast_head_json":{"title":"Randki zniewoleniem - W okolicach Hotties","robots":{"index":"index","follow":"follow","max-snippet":"max-snippet:-1","max-image-preview":"max-image-preview:large","max-video-preview":"max-video-preview:-1"},"canonical":"http:\/\/thehottieandthenottie.com\/pl\/randki-zniewoleniem\/","og_locale":"pl_PL","og_type":"article","og_title":"Randki zniewoleniem - W okolicach Hotties","og_description":"Jest co\u015b w anonimowo\u015bci czatu, co naprawd\u0119 sprawia, \u017ce ludzie m\u00f3wi\u0105 o swoich za\u0142amaniach i fetyszach. Je\u015bli jeste\u015b w niewoli, istnieje wiele czat\u00f3w, w kt\u00f3rych mo\u017cesz odkrywa\u0107 swoje zainteresowania z podobnie my\u015bl\u0105cymi lud\u017ami. Mo\u017cesz znale\u017a\u0107 czaty dla wszelkiego rodzaju za\u0142ama\u0144 i fetyszy, wi\u0119c na pewno znajdziesz taki, kt\u00f3ry jest odpowiedni dla Ciebie. Pami\u0119taj tylko, aby ... Czytaj dalej","og_url":"http:\/\/thehottieandthenottie.com\/pl\/randki-zniewoleniem\/","og_site_name":"W okolicach Hotties","twitter_card":"summary_large_image","twitter_misc":{"Szacowany czas czytania":"3 minuty"},"schema":{"@context":"https:\/\/schema.org","@graph":[{"@type":"WebSite","@id":"https:\/\/thehottieandthenottie.com\/#website","url":"https:\/\/thehottieandthenottie.com\/","name":"W okolicach Hotties","description":"Poznaj kobiety w twojej okolicy","potentialAction":[{"@type":"SearchAction","target":{"@type":"EntryPoint","urlTemplate":"https:\/\/thehottieandthenottie.com\/?s={search_term_string}"},"query-input":"required name=search_term_string"}],"inLanguage":"pl-PL"},{"@type":"WebPage","@id":"http:\/\/thehottieandthenottie.com\/pl\/randki-zniewoleniem\/#webpage","url":"http:\/\/thehottieandthenottie.com\/pl\/randki-zniewoleniem\/","name":"Randki zniewoleniem - W okolicach Hotties","isPartOf":{"@id":"https:\/\/thehottieandthenottie.com\/#website"},"datePublished":"2022-09-30T11:55:30+00:00","dateModified":"2022-09-30T11:55:30+00:00","breadcrumb":{"@id":"http:\/\/thehottieandthenottie.com\/pl\/randki-zniewoleniem\/#breadcrumb"},"inLanguage":"pl-PL","potentialAction":[{"@type":"ReadAction","target":["http:\/\/thehottieandthenottie.com\/pl\/randki-zniewoleniem\/"]}]},{"@type":"BreadcrumbList","@id":"http:\/\/thehottieandthenottie.com\/pl\/randki-zniewoleniem\/#breadcrumb","itemListElement":[{"@type":"ListItem","position":1,"name":"Home","item":"https:\/\/thehottieandthenottie.com\/pl\/"},{"@type":"ListItem","position":2,"name":"Randki zniewoleniem"}]}]}},"_links":{"self":[{"href":"http:\/\/thehottieandthenottie.com\/pl\/wp-json\/wp\/v2\/pages\/589"}],"collection":[{"href":"http:\/\/thehottieandthenottie.com\/pl\/wp-json\/wp\/v2\/pages"}],"about":[{"href":"http:\/\/thehottieandthenottie.com\/pl\/wp-json\/wp\/v2\/types\/page"}],"author":[{"embeddable":true,"href":"http:\/\/thehottieandthenottie.com\/pl\/wp-json\/wp\/v2\/users\/1"}],"replies":[{"embeddable":true,"href":"http:\/\/thehottieandthenottie.com\/pl\/wp-json\/wp\/v2\/comments?post=589"}],"version-history":[{"count":0,"href":"http:\/\/thehottieandthenottie.com\/pl\/wp-json\/wp\/v2\/pages\/589\/revisions"}],"wp:attachment":[{"href":"http:\/\/thehottieandthenottie.com\/pl\/wp-json\/wp\/v2\/media?parent=589"}],"curies":[{"name":"wp","href":"https:\/\/api.w.org\/{rel}","templated":true}]}}