{"id":609,"date":"2022-09-30T12:55:07","date_gmt":"2022-09-30T11:55:07","guid":{"rendered":"http:\/\/thehottieandthenottie.com\/randki-nsa\/"},"modified":"2022-09-30T12:55:07","modified_gmt":"2022-09-30T11:55:07","slug":"randki-nsa","status":"publish","type":"page","link":"http:\/\/thehottieandthenottie.com\/pl\/randki-nsa\/","title":{"rendered":"Randki NSA"},"content":{"rendered":"<p>Istnieje kilka sposob\u00f3w na znalezienie stoiska na jedn\u0105 noc w pobli\u017cu. Najprostszym sposobem jest skorzystanie z aplikacji randkowej, takiej jak Tinder lub Bumble. Mo\u017cesz tak\u017ce spr\u00f3bowa\u0107 p\u00f3j\u015b\u0107 do baru lub klubu i sprawdzi\u0107, czy s\u0105 jakie\u015b pojedyncze osoby, kt\u00f3re wydaj\u0105 si\u0119 zainteresowane pod\u0142\u0105czeniem. Je\u015bli nie masz szcz\u0119\u015bcia znale\u017a\u0107 kogo\u015b zainteresowanego jedn\u0105 noc\u0105, zawsze mo\u017cesz spr\u00f3bowa\u0107 opublikowa\u0107 osobiste og\u0142oszenie na Craigslist lub podobnej stronie internetowej. Pami\u0119taj tylko, aby mie\u0107 jasno\u015b\u0107 co do tego, czego szukasz i by\u0107 bezpiecznym podczas spotkania z nieznajomymi.<\/p>\n<p>Istnieje wiele stron internetowych, kt\u00f3re mog\u0105 pom\u00f3c Ci znale\u017a\u0107 stoisko na jedn\u0105 noc. Wszystko, co musisz zrobi\u0107, to wpisa\u0107 to, czego szukasz i swoj\u0105 lokalizacj\u0119, a b\u0119dziesz m\u00f3g\u0142 znale\u017a\u0107 list\u0119 potencjalnych dopasowa\u0144. Nast\u0119pnie mo\u017cesz wys\u0142a\u0107 do nich wiadomo\u015b\u0107 i um\u00f3wi\u0107 si\u0119 na spotkanie. Pami\u0119taj tylko, aby by\u0107 bezpiecznym i u\u017cywa\u0107 prezerwatywy!<\/p>\n<h2>Serwisy randkowe NSA<\/h2>\n<p>Nie da si\u0119 ukry\u0107, \u017ce randki NSA mog\u0105 by\u0107 \u015bwietnym sposobem na znalezienie mi\u0142o\u015bci. W ko\u0144cu, co mo\u017ce by\u0107 bardziej romantycznego ni\u017c spotkanie z kim\u015b bez \u017cadnych oczekiwa\u0144 i zobowi\u0105za\u0144? Jednak wa\u017cne jest, aby pami\u0119ta\u0107, \u017ce randki NSA nie s\u0105 dla wszystkich. Je\u015bli szukasz czego\u015b powa\u017cnego, to ten rodzaj randek prawdopodobnie nie jest dla Ciebie. Ale je\u015bli szukasz tylko zabawy i emocji, randki NSA mog\u0105 by\u0107 idealnym sposobem na znalezienie go.<\/p>\n<h2>Randki One Night Stand<\/h2>\n<p>Jest co\u015b wyzwalaj\u0105cego w jednej nocy. Bez \u017cadnych zobowi\u0105za\u0144, bez oczekiwa\u0144 &#8211; tylko dwie osoby ciesz\u0105ce si\u0119 swoim towarzystwem przez noc. A je\u015bli szukasz strony, kt\u00f3ra pomo\u017ce Ci znale\u017a\u0107 stoisko na jedn\u0105 noc, nie szukaj dalej ni\u017c One Night Stand Site. One Night Stand Site to idealne miejsce, aby znale\u017a\u0107 kogo\u015b na pod\u0142\u0105czone bez zobowi\u0105za\u0144. Niezale\u017cnie od tego, czy szukasz zwyk\u0142ej zabawy, czy te\u017c masz nadziej\u0119 znale\u017a\u0107 kolejnego d\u0142ugoterminowego partnera, One Night Stand Site mo\u017ce pom\u00f3c Ci znale\u017a\u0107 to, czego szukasz.<\/p>\n<p>Wszystko, co musisz zrobi\u0107, to zarejestrowa\u0107 si\u0119, utworzy\u0107 profil i zacz\u0105\u0107 przegl\u0105da\u0107 profile innych cz\u0142onk\u00f3w. Kiedy znajdziesz kogo\u015b, kto Ci\u0119 interesuje, po prostu wy\u015blij mu wiadomo\u015b\u0107 i zobacz, dok\u0105d zmierzaj\u0105 sprawy. Wi\u0119c je\u015bli jeste\u015b gotowy, aby dobrze si\u0119 bawi\u0107 i do\u015bwiadczy\u0107 emocji zwi\u0105zanych z jedn\u0105 noc\u0105, zarejestruj si\u0119 na one Night Stand Site ju\u017c dzi\u015b!<\/p>\n<h3>FriendFinder-X<\/h3>\n<p>Je\u015bli szukasz stoiska na jedn\u0105 noc, FriendFinder-X to aplikacja randkowa, kt\u00f3ra pomo\u017ce Ci znale\u017a\u0107 lokalne po\u0142\u0105czenia. Aplikacja jest bezp\u0142atna do pobrania i u\u017cywania i jest dost\u0119pna zar\u00f3wno na iOS, jak i Androida. FriendFinder-X jest \u0142atwy w u\u017cyciu, a rejestracja zajmuje tylko kilka minut. Po zarejestrowaniu si\u0119 mo\u017cesz zacz\u0105\u0107 przegl\u0105da\u0107 lokalne single i wysy\u0142a\u0107 im wiadomo\u015bci. Aplikacja ma r\u00f3wnie\u017c funkcj\u0119 &#8222;hot or not&#8221;, kt\u00f3ra pozwala ocenia\u0107 innych u\u017cytkownik\u00f3w. Je\u015bli szukasz stojaka na jedn\u0105 noc, FriendFinder-X to \u015bwietna opcja.<\/p>\n<h3>Rubmapy<\/h3>\n<p>Rubmaps to aplikacja randkowa, kt\u00f3ra pozwala znale\u017a\u0107 potencjalnych partner\u00f3w na jedn\u0105 noc w pobli\u017cu. Aplikacja jest bezp\u0142atna do pobrania i u\u017cytkowania i oferuje wiele funkcji, kt\u00f3re pomog\u0105 Ci znale\u017a\u0107 dopasowanie. Mo\u017cesz wyszukiwa\u0107 potencjalnych partner\u00f3w wed\u0142ug lokalizacji, wieku i zainteresowa\u0144, a tak\u017ce wysy\u0142a\u0107 do nich wiadomo\u015bci bezpo\u015brednio. Aplikacja zawiera r\u00f3wnie\u017c wbudowan\u0105 funkcj\u0119 czatu, dzi\u0119ki czemu mo\u017cesz pozna\u0107 swojego potencjalnego partnera przed spotkaniem. Og\u00f3lnie rzecz bior\u0105c, Rubmaps to \u015bwietna opcja do znalezienia stoiska na jedn\u0105 noc w pobli\u017cu.<\/p>\n<h3>Shag<\/h3>\n<p>Je\u015bli szukasz stoiska na jedn\u0105 noc, Shag mo\u017ce by\u0107 aplikacj\u0105 randkow\u0105 dla Ciebie. Jest szybki, \u0142atwy w u\u017cyciu i mo\u017cesz filtrowa\u0107 dopasowania wed\u0142ug lokalizacji, wieku i statusu zwi\u0105zku. Jednak aplikacja jest dost\u0119pna tylko w Wielkiej Brytanii i Irlandii, wi\u0119c je\u015bli nie jeste\u015b w jednym z tych kraj\u00f3w, nie b\u0119dziesz mia\u0142 szcz\u0119\u015bcia.<\/p>\n","protected":false},"excerpt":{"rendered":"<p>Istnieje kilka sposob\u00f3w na znalezienie stoiska na jedn\u0105 noc w pobli\u017cu. Najprostszym sposobem jest skorzystanie z aplikacji randkowej, takiej jak Tinder lub Bumble. Mo\u017cesz tak\u017ce spr\u00f3bowa\u0107 p\u00f3j\u015b\u0107 do baru lub klubu i sprawdzi\u0107, czy s\u0105 jakie\u015b pojedyncze osoby, kt\u00f3re wydaj\u0105 si\u0119 zainteresowane pod\u0142\u0105czeniem. Je\u015bli nie masz szcz\u0119\u015bcia znale\u017a\u0107 kogo\u015b zainteresowanego jedn\u0105 noc\u0105, zawsze mo\u017cesz spr\u00f3bowa\u0107 &#8230; <a title=\"Randki NSA\" class=\"read-more\" href=\"http:\/\/thehottieandthenottie.com\/pl\/randki-nsa\/\" aria-label=\"More on Randki NSA\">Czytaj dalej<\/a><\/p>\n","protected":false},"author":1,"featured_media":0,"parent":0,"menu_order":0,"comment_status":"closed","ping_status":"closed","template":"","meta":[],"yoast_head":"<!-- This site is optimized with the Yoast SEO plugin v17.7.1 - https:\/\/yoast.com\/wordpress\/plugins\/seo\/ -->\n<title>Randki NSA - W okolicach Hotties<\/title>\n<meta name=\"robots\" content=\"index, follow, max-snippet:-1, max-image-preview:large, max-video-preview:-1\" \/>\n<link rel=\"canonical\" href=\"http:\/\/thehottieandthenottie.com\/pl\/randki-nsa\/\" \/>\n<meta property=\"og:locale\" content=\"pl_PL\" \/>\n<meta property=\"og:type\" content=\"article\" \/>\n<meta property=\"og:title\" content=\"Randki NSA - W okolicach Hotties\" \/>\n<meta property=\"og:description\" content=\"Istnieje kilka sposob\u00f3w na znalezienie stoiska na jedn\u0105 noc w pobli\u017cu. Najprostszym sposobem jest skorzystanie z aplikacji randkowej, takiej jak Tinder lub Bumble. Mo\u017cesz tak\u017ce spr\u00f3bowa\u0107 p\u00f3j\u015b\u0107 do baru lub klubu i sprawdzi\u0107, czy s\u0105 jakie\u015b pojedyncze osoby, kt\u00f3re wydaj\u0105 si\u0119 zainteresowane pod\u0142\u0105czeniem. Je\u015bli nie masz szcz\u0119\u015bcia znale\u017a\u0107 kogo\u015b zainteresowanego jedn\u0105 noc\u0105, zawsze mo\u017cesz spr\u00f3bowa\u0107 ... Czytaj dalej\" \/>\n<meta property=\"og:url\" content=\"http:\/\/thehottieandthenottie.com\/pl\/randki-nsa\/\" \/>\n<meta property=\"og:site_name\" content=\"W okolicach Hotties\" \/>\n<meta name=\"twitter:card\" content=\"summary_large_image\" \/>\n<meta name=\"twitter:label1\" content=\"Szacowany czas czytania\" \/>\n\t<meta name=\"twitter:data1\" content=\"3 minuty\" \/>\n<script type=\"application\/ld+json\" class=\"yoast-schema-graph\">{\"@context\":\"https:\/\/schema.org\",\"@graph\":[{\"@type\":\"WebSite\",\"@id\":\"https:\/\/thehottieandthenottie.com\/#website\",\"url\":\"https:\/\/thehottieandthenottie.com\/\",\"name\":\"W okolicach Hotties\",\"description\":\"Poznaj kobiety w twojej okolicy\",\"potentialAction\":[{\"@type\":\"SearchAction\",\"target\":{\"@type\":\"EntryPoint\",\"urlTemplate\":\"https:\/\/thehottieandthenottie.com\/?s={search_term_string}\"},\"query-input\":\"required name=search_term_string\"}],\"inLanguage\":\"pl-PL\"},{\"@type\":\"WebPage\",\"@id\":\"http:\/\/thehottieandthenottie.com\/pl\/randki-nsa\/#webpage\",\"url\":\"http:\/\/thehottieandthenottie.com\/pl\/randki-nsa\/\",\"name\":\"Randki NSA - W okolicach Hotties\",\"isPartOf\":{\"@id\":\"https:\/\/thehottieandthenottie.com\/#website\"},\"datePublished\":\"2022-09-30T11:55:07+00:00\",\"dateModified\":\"2022-09-30T11:55:07+00:00\",\"breadcrumb\":{\"@id\":\"http:\/\/thehottieandthenottie.com\/pl\/randki-nsa\/#breadcrumb\"},\"inLanguage\":\"pl-PL\",\"potentialAction\":[{\"@type\":\"ReadAction\",\"target\":[\"http:\/\/thehottieandthenottie.com\/pl\/randki-nsa\/\"]}]},{\"@type\":\"BreadcrumbList\",\"@id\":\"http:\/\/thehottieandthenottie.com\/pl\/randki-nsa\/#breadcrumb\",\"itemListElement\":[{\"@type\":\"ListItem\",\"position\":1,\"name\":\"Home\",\"item\":\"http:\/\/thehottieandthenottie.com\/pl\/\"},{\"@type\":\"ListItem\",\"position\":2,\"name\":\"Randki NSA\"}]}]}<\/script>\n<!-- \/ Yoast SEO plugin. -->","yoast_head_json":{"title":"Randki NSA - W okolicach Hotties","robots":{"index":"index","follow":"follow","max-snippet":"max-snippet:-1","max-image-preview":"max-image-preview:large","max-video-preview":"max-video-preview:-1"},"canonical":"http:\/\/thehottieandthenottie.com\/pl\/randki-nsa\/","og_locale":"pl_PL","og_type":"article","og_title":"Randki NSA - W okolicach Hotties","og_description":"Istnieje kilka sposob\u00f3w na znalezienie stoiska na jedn\u0105 noc w pobli\u017cu. Najprostszym sposobem jest skorzystanie z aplikacji randkowej, takiej jak Tinder lub Bumble. Mo\u017cesz tak\u017ce spr\u00f3bowa\u0107 p\u00f3j\u015b\u0107 do baru lub klubu i sprawdzi\u0107, czy s\u0105 jakie\u015b pojedyncze osoby, kt\u00f3re wydaj\u0105 si\u0119 zainteresowane pod\u0142\u0105czeniem. Je\u015bli nie masz szcz\u0119\u015bcia znale\u017a\u0107 kogo\u015b zainteresowanego jedn\u0105 noc\u0105, zawsze mo\u017cesz spr\u00f3bowa\u0107 ... Czytaj dalej","og_url":"http:\/\/thehottieandthenottie.com\/pl\/randki-nsa\/","og_site_name":"W okolicach Hotties","twitter_card":"summary_large_image","twitter_misc":{"Szacowany czas czytania":"3 minuty"},"schema":{"@context":"https:\/\/schema.org","@graph":[{"@type":"WebSite","@id":"https:\/\/thehottieandthenottie.com\/#website","url":"https:\/\/thehottieandthenottie.com\/","name":"W okolicach Hotties","description":"Poznaj kobiety w twojej okolicy","potentialAction":[{"@type":"SearchAction","target":{"@type":"EntryPoint","urlTemplate":"https:\/\/thehottieandthenottie.com\/?s={search_term_string}"},"query-input":"required name=search_term_string"}],"inLanguage":"pl-PL"},{"@type":"WebPage","@id":"http:\/\/thehottieandthenottie.com\/pl\/randki-nsa\/#webpage","url":"http:\/\/thehottieandthenottie.com\/pl\/randki-nsa\/","name":"Randki NSA - W okolicach Hotties","isPartOf":{"@id":"https:\/\/thehottieandthenottie.com\/#website"},"datePublished":"2022-09-30T11:55:07+00:00","dateModified":"2022-09-30T11:55:07+00:00","breadcrumb":{"@id":"http:\/\/thehottieandthenottie.com\/pl\/randki-nsa\/#breadcrumb"},"inLanguage":"pl-PL","potentialAction":[{"@type":"ReadAction","target":["http:\/\/thehottieandthenottie.com\/pl\/randki-nsa\/"]}]},{"@type":"BreadcrumbList","@id":"http:\/\/thehottieandthenottie.com\/pl\/randki-nsa\/#breadcrumb","itemListElement":[{"@type":"ListItem","position":1,"name":"Home","item":"http:\/\/thehottieandthenottie.com\/pl\/"},{"@type":"ListItem","position":2,"name":"Randki NSA"}]}]}},"_links":{"self":[{"href":"http:\/\/thehottieandthenottie.com\/pl\/wp-json\/wp\/v2\/pages\/609"}],"collection":[{"href":"http:\/\/thehottieandthenottie.com\/pl\/wp-json\/wp\/v2\/pages"}],"about":[{"href":"http:\/\/thehottieandthenottie.com\/pl\/wp-json\/wp\/v2\/types\/page"}],"author":[{"embeddable":true,"href":"http:\/\/thehottieandthenottie.com\/pl\/wp-json\/wp\/v2\/users\/1"}],"replies":[{"embeddable":true,"href":"http:\/\/thehottieandthenottie.com\/pl\/wp-json\/wp\/v2\/comments?post=609"}],"version-history":[{"count":0,"href":"http:\/\/thehottieandthenottie.com\/pl\/wp-json\/wp\/v2\/pages\/609\/revisions"}],"wp:attachment":[{"href":"http:\/\/thehottieandthenottie.com\/pl\/wp-json\/wp\/v2\/media?parent=609"}],"curies":[{"name":"wp","href":"https:\/\/api.w.org\/{rel}","templated":true}]}}