{"id":615,"date":"2022-09-30T12:54:32","date_gmt":"2022-09-30T11:54:32","guid":{"rendered":"http:\/\/thehottieandthenottie.com\/sex-hookup-sites\/"},"modified":"2022-09-30T12:54:32","modified_gmt":"2022-09-30T11:54:32","slug":"sex-hookup-sites","status":"publish","type":"page","link":"http:\/\/thehottieandthenottie.com\/pl\/sex-hookup-sites\/","title":{"rendered":"Sex Hookup Sites"},"content":{"rendered":"<p>Istnieje wiele darmowych stron z wiadomo\u015bciami erotycznymi, ale nie wszystkie z nich s\u0105 warte u\u017cycia. Je\u015bli szukasz witryny, kt\u00f3ra pomo\u017ce Ci si\u0119 z kim\u015b po\u0142\u0105czy\u0107, chcesz mie\u0107 pewno\u015b\u0107, \u017ce ma dobr\u0105 reputacj\u0119 i \u017ce jest \u0142atwa w u\u017cyciu. Chcesz r\u00f3wnie\u017c upewni\u0107 si\u0119, \u017ce witryna ma wielu cz\u0142onk\u00f3w, aby mie\u0107 wi\u0119ksze szanse na znalezienie kogo\u015b, kto jest z Tob\u0105 zgodny.<\/p>\n<h2>Darmowe sex hookup<\/h2>\n<p>Istnieje wiele nieporozumie\u0144 na temat darmowych randek seksualnych. Wiele os\u00f3b uwa\u017ca, \u017ce chodzi o znalezienie kogo\u015b, z kim mo\u017cna uprawia\u0107 seks bez konieczno\u015bci anga\u017cowania si\u0119 w nie emocjonalnie lub finansowo. Ale tak naprawd\u0119 nie o to chodzi w darmowych randkach seksualnych. Darmowe randki seksualne polegaj\u0105 na znalezieniu kogo\u015b, do kogo jeste\u015b fizycznie i emocjonalnie przyci\u0105gany i kto jest r\u00f3wnie\u017c przyci\u0105gany do ciebie. Chodzi o uprawianie seksu z kim\u015b bez martwienia si\u0119 o konsekwencje zwi\u0105zane z tradycyjnym zwi\u0105zkiem. Oczywi\u015bcie istnieje pewne ryzyko zwi\u0105zane z bezp\u0142atnymi randkami seksualnymi. Mo\u017cesz w ko\u0144cu sta\u0107 si\u0119 emocjonalnie przywi\u0105zany do kogo\u015b, z kim tak naprawd\u0119 nie jeste\u015b kompatybilny. I zawsze istnieje mo\u017cliwo\u015b\u0107, \u017ce mo\u017cesz z\u0142apa\u0107 STD. Ale je\u015bli chcesz podj\u0105\u0107 to ryzyko, darmowe randki seksualne mog\u0105 by\u0107 \u015bwietn\u0105 zabaw\u0105. Mo\u017ce to by\u0107 \u015bwietny spos\u00f3b na poznanie swojej seksualno\u015bci i dowiedzenie si\u0119, czego naprawd\u0119 szukasz w partnerze.<\/p>\n<p>Nie ma nic lepszego ni\u017c znalezienie mi\u0142o\u015bci, a je\u015bli szukasz darmowego seksu, zdecydowanie powiniene\u015b sprawdzi\u0107 Free Sex Meet Up. Ta strona jest idealna dla os\u00f3b, kt\u00f3re szukaj\u0105 seksu bez \u017cadnych zobowi\u0105za\u0144, a w Twojej okolicy mo\u017cna znale\u017a\u0107 ludzi, kt\u00f3rzy szukaj\u0105 tego samego. Wystarczy stworzy\u0107 profil i rozpocz\u0105\u0107 poszukiwania os\u00f3b, kt\u00f3re szukaj\u0105 darmowego seksu. Mo\u017cesz tak\u017ce skorzysta\u0107 ze strony internetowej, aby znale\u017a\u0107 osoby, kt\u00f3re szukaj\u0105 zwi\u0105zku, a nawet znale\u017a\u0107 osoby, kt\u00f3re szukaj\u0105 czego\u015b bardziej swobodnego. Czegokolwiek szukasz, mo\u017cesz go znale\u017a\u0107 na Free Sex Meet Up.<\/p>\n<h2>Darmowy czat seksualny<\/h2>\n<p>Jest wielu ludzi, kt\u00f3rzy lubi\u0105 darmowe SMS-y erotyczne. W tym miejscu mo\u017cesz wys\u0142a\u0107 komu\u015b SMS-a za darmo, a on w zamian wy\u015ble Ci wiadomo\u015bci o charakterze jednoznacznie seksualnym. Mo\u017ce to by\u0107 \u015bwietny spos\u00f3b na poznanie kogo\u015b seksualnie bez konieczno\u015bci osobistego spotkania z nim. Mo\u017ce to by\u0107 r\u00f3wnie\u017c \u015bwietny spos\u00f3b na uzyskanie napi\u0119cia seksualnego, zanim faktycznie spotkasz si\u0119 z kim\u015b osobi\u015bcie.<\/p>\n<h3>SwingStyl \u017cycia<\/h3>\n<p>SwingLifestyle to bezp\u0142atna strona z wiadomo\u015bciami erotycznymi, kt\u00f3ra pozwala \u0142\u0105czy\u0107 si\u0119 z podobnie my\u015bl\u0105cymi lud\u017ami na przypadkowe spotkania lub wi\u0119cej. Strona istnieje ju\u017c od jakiego\u015b czasu i ma dobr\u0105 reputacj\u0119 jako bezpieczne miejsce do \u0142\u0105czenia si\u0119 z lud\u017ami. Aplikacja jest \u0142atwa w u\u017cyciu i ma wiele funkcji, kt\u00f3re sprawiaj\u0105, \u017ce jest to \u015bwietny wyb\u00f3r dla os\u00f3b, kt\u00f3re szukaj\u0105 bezp\u0142atnej witryny do przesy\u0142ania wiadomo\u015bci erotycznych. Jedynym minusem jest to, \u017ce strona nie jest tak popularna, jak niekt\u00f3re inne bezp\u0142atne witryny z wiadomo\u015bciami erotycznymi.<\/p>\n<h3>XPickup<\/h3>\n<p>Je\u015bli szukasz darmowej strony z wiadomo\u015bciami erotycznymi, XPickup to \u015bwietna opcja. Aplikacja jest \u0142atwa w u\u017cyciu i ma wiele funkcji, kt\u00f3re sprawiaj\u0105, \u017ce jest to \u015bwietny wyb\u00f3r dla ka\u017cdego, kto szuka przypadkowego po\u0142\u0105czenia. Funkcja wyszukiwania jest szczeg\u00f3lnie przydatna, poniewa\u017c pozwala znale\u017a\u0107 ludzi w Twojej okolicy, kt\u00f3rzy szukaj\u0105 tego samego co Ty. Aplikacja ma r\u00f3wnie\u017c \u015bwietny system przesy\u0142ania wiadomo\u015bci, kt\u00f3ry u\u0142atwia utrzymywanie kontaktu z potencjalnymi po\u0142\u0105czeniami. Og\u00f3lnie rzecz bior\u0105c, XPickup to \u015bwietny wyb\u00f3r dla ka\u017cdego, kto szuka zwyk\u0142ej strony z pod\u0142\u0105czeniem.<\/p>\n<h3>Alt.com<\/h3>\n<p>Alt.com to bezp\u0142atna strona z wiadomo\u015bciami erotycznymi, kt\u00f3ra umo\u017cliwia wysy\u0142anie i odbieranie wiadomo\u015bci z innymi cz\u0142onkami. Witryna ma du\u017c\u0105 baz\u0119 cz\u0142onk\u00f3w i jest \u0142atwa w u\u017cyciu. Jednak strona nie ma wielu funkcji i nie jest zbyt przyjazna dla u\u017cytkownika.<\/p>\n","protected":false},"excerpt":{"rendered":"<p>Istnieje wiele darmowych stron z wiadomo\u015bciami erotycznymi, ale nie wszystkie z nich s\u0105 warte u\u017cycia. Je\u015bli szukasz witryny, kt\u00f3ra pomo\u017ce Ci si\u0119 z kim\u015b po\u0142\u0105czy\u0107, chcesz mie\u0107 pewno\u015b\u0107, \u017ce ma dobr\u0105 reputacj\u0119 i \u017ce jest \u0142atwa w u\u017cyciu. Chcesz r\u00f3wnie\u017c upewni\u0107 si\u0119, \u017ce witryna ma wielu cz\u0142onk\u00f3w, aby mie\u0107 wi\u0119ksze szanse na znalezienie kogo\u015b, kto &#8230; <a title=\"Sex Hookup Sites\" class=\"read-more\" href=\"http:\/\/thehottieandthenottie.com\/pl\/sex-hookup-sites\/\" aria-label=\"More on Sex Hookup Sites\">Czytaj dalej<\/a><\/p>\n","protected":false},"author":1,"featured_media":0,"parent":0,"menu_order":0,"comment_status":"closed","ping_status":"closed","template":"","meta":[],"yoast_head":"<!-- This site is optimized with the Yoast SEO plugin v17.7.1 - https:\/\/yoast.com\/wordpress\/plugins\/seo\/ -->\n<title>Sex Hookup Sites - W okolicach Hotties<\/title>\n<meta name=\"robots\" content=\"index, follow, max-snippet:-1, max-image-preview:large, max-video-preview:-1\" \/>\n<link rel=\"canonical\" href=\"http:\/\/thehottieandthenottie.com\/pl\/sex-hookup-sites\/\" \/>\n<meta property=\"og:locale\" content=\"pl_PL\" \/>\n<meta property=\"og:type\" content=\"article\" \/>\n<meta property=\"og:title\" content=\"Sex Hookup Sites - W okolicach Hotties\" \/>\n<meta property=\"og:description\" content=\"Istnieje wiele darmowych stron z wiadomo\u015bciami erotycznymi, ale nie wszystkie z nich s\u0105 warte u\u017cycia. Je\u015bli szukasz witryny, kt\u00f3ra pomo\u017ce Ci si\u0119 z kim\u015b po\u0142\u0105czy\u0107, chcesz mie\u0107 pewno\u015b\u0107, \u017ce ma dobr\u0105 reputacj\u0119 i \u017ce jest \u0142atwa w u\u017cyciu. Chcesz r\u00f3wnie\u017c upewni\u0107 si\u0119, \u017ce witryna ma wielu cz\u0142onk\u00f3w, aby mie\u0107 wi\u0119ksze szanse na znalezienie kogo\u015b, kto ... Czytaj dalej\" \/>\n<meta property=\"og:url\" content=\"http:\/\/thehottieandthenottie.com\/pl\/sex-hookup-sites\/\" \/>\n<meta property=\"og:site_name\" content=\"W okolicach Hotties\" \/>\n<meta name=\"twitter:card\" content=\"summary_large_image\" \/>\n<meta name=\"twitter:label1\" content=\"Szacowany czas czytania\" \/>\n\t<meta name=\"twitter:data1\" content=\"3 minuty\" \/>\n<script type=\"application\/ld+json\" class=\"yoast-schema-graph\">{\"@context\":\"https:\/\/schema.org\",\"@graph\":[{\"@type\":\"WebSite\",\"@id\":\"https:\/\/thehottieandthenottie.com\/#website\",\"url\":\"https:\/\/thehottieandthenottie.com\/\",\"name\":\"W okolicach Hotties\",\"description\":\"Poznaj kobiety w twojej okolicy\",\"potentialAction\":[{\"@type\":\"SearchAction\",\"target\":{\"@type\":\"EntryPoint\",\"urlTemplate\":\"https:\/\/thehottieandthenottie.com\/?s={search_term_string}\"},\"query-input\":\"required name=search_term_string\"}],\"inLanguage\":\"pl-PL\"},{\"@type\":\"WebPage\",\"@id\":\"http:\/\/thehottieandthenottie.com\/pl\/sex-hookup-sites\/#webpage\",\"url\":\"http:\/\/thehottieandthenottie.com\/pl\/sex-hookup-sites\/\",\"name\":\"Sex Hookup Sites - W okolicach Hotties\",\"isPartOf\":{\"@id\":\"https:\/\/thehottieandthenottie.com\/#website\"},\"datePublished\":\"2022-09-30T11:54:32+00:00\",\"dateModified\":\"2022-09-30T11:54:32+00:00\",\"breadcrumb\":{\"@id\":\"http:\/\/thehottieandthenottie.com\/pl\/sex-hookup-sites\/#breadcrumb\"},\"inLanguage\":\"pl-PL\",\"potentialAction\":[{\"@type\":\"ReadAction\",\"target\":[\"http:\/\/thehottieandthenottie.com\/pl\/sex-hookup-sites\/\"]}]},{\"@type\":\"BreadcrumbList\",\"@id\":\"http:\/\/thehottieandthenottie.com\/pl\/sex-hookup-sites\/#breadcrumb\",\"itemListElement\":[{\"@type\":\"ListItem\",\"position\":1,\"name\":\"Home\",\"item\":\"https:\/\/thehottieandthenottie.com\/pl\/\"},{\"@type\":\"ListItem\",\"position\":2,\"name\":\"Sex Hookup Sites\"}]}]}<\/script>\n<!-- \/ Yoast SEO plugin. -->","yoast_head_json":{"title":"Sex Hookup Sites - W okolicach Hotties","robots":{"index":"index","follow":"follow","max-snippet":"max-snippet:-1","max-image-preview":"max-image-preview:large","max-video-preview":"max-video-preview:-1"},"canonical":"http:\/\/thehottieandthenottie.com\/pl\/sex-hookup-sites\/","og_locale":"pl_PL","og_type":"article","og_title":"Sex Hookup Sites - W okolicach Hotties","og_description":"Istnieje wiele darmowych stron z wiadomo\u015bciami erotycznymi, ale nie wszystkie z nich s\u0105 warte u\u017cycia. Je\u015bli szukasz witryny, kt\u00f3ra pomo\u017ce Ci si\u0119 z kim\u015b po\u0142\u0105czy\u0107, chcesz mie\u0107 pewno\u015b\u0107, \u017ce ma dobr\u0105 reputacj\u0119 i \u017ce jest \u0142atwa w u\u017cyciu. Chcesz r\u00f3wnie\u017c upewni\u0107 si\u0119, \u017ce witryna ma wielu cz\u0142onk\u00f3w, aby mie\u0107 wi\u0119ksze szanse na znalezienie kogo\u015b, kto ... Czytaj dalej","og_url":"http:\/\/thehottieandthenottie.com\/pl\/sex-hookup-sites\/","og_site_name":"W okolicach Hotties","twitter_card":"summary_large_image","twitter_misc":{"Szacowany czas czytania":"3 minuty"},"schema":{"@context":"https:\/\/schema.org","@graph":[{"@type":"WebSite","@id":"https:\/\/thehottieandthenottie.com\/#website","url":"https:\/\/thehottieandthenottie.com\/","name":"W okolicach Hotties","description":"Poznaj kobiety w twojej okolicy","potentialAction":[{"@type":"SearchAction","target":{"@type":"EntryPoint","urlTemplate":"https:\/\/thehottieandthenottie.com\/?s={search_term_string}"},"query-input":"required name=search_term_string"}],"inLanguage":"pl-PL"},{"@type":"WebPage","@id":"http:\/\/thehottieandthenottie.com\/pl\/sex-hookup-sites\/#webpage","url":"http:\/\/thehottieandthenottie.com\/pl\/sex-hookup-sites\/","name":"Sex Hookup Sites - W okolicach Hotties","isPartOf":{"@id":"https:\/\/thehottieandthenottie.com\/#website"},"datePublished":"2022-09-30T11:54:32+00:00","dateModified":"2022-09-30T11:54:32+00:00","breadcrumb":{"@id":"http:\/\/thehottieandthenottie.com\/pl\/sex-hookup-sites\/#breadcrumb"},"inLanguage":"pl-PL","potentialAction":[{"@type":"ReadAction","target":["http:\/\/thehottieandthenottie.com\/pl\/sex-hookup-sites\/"]}]},{"@type":"BreadcrumbList","@id":"http:\/\/thehottieandthenottie.com\/pl\/sex-hookup-sites\/#breadcrumb","itemListElement":[{"@type":"ListItem","position":1,"name":"Home","item":"https:\/\/thehottieandthenottie.com\/pl\/"},{"@type":"ListItem","position":2,"name":"Sex Hookup Sites"}]}]}},"_links":{"self":[{"href":"http:\/\/thehottieandthenottie.com\/pl\/wp-json\/wp\/v2\/pages\/615"}],"collection":[{"href":"http:\/\/thehottieandthenottie.com\/pl\/wp-json\/wp\/v2\/pages"}],"about":[{"href":"http:\/\/thehottieandthenottie.com\/pl\/wp-json\/wp\/v2\/types\/page"}],"author":[{"embeddable":true,"href":"http:\/\/thehottieandthenottie.com\/pl\/wp-json\/wp\/v2\/users\/1"}],"replies":[{"embeddable":true,"href":"http:\/\/thehottieandthenottie.com\/pl\/wp-json\/wp\/v2\/comments?post=615"}],"version-history":[{"count":0,"href":"http:\/\/thehottieandthenottie.com\/pl\/wp-json\/wp\/v2\/pages\/615\/revisions"}],"wp:attachment":[{"href":"http:\/\/thehottieandthenottie.com\/pl\/wp-json\/wp\/v2\/media?parent=615"}],"curies":[{"name":"wp","href":"https:\/\/api.w.org\/{rel}","templated":true}]}}