{"id":629,"date":"2022-09-30T12:53:59","date_gmt":"2022-09-30T11:53:59","guid":{"rendered":"http:\/\/thehottieandthenottie.com\/seks-blisko-mnie\/"},"modified":"2022-09-30T12:53:59","modified_gmt":"2022-09-30T11:53:59","slug":"seks-blisko-mnie","status":"publish","type":"page","link":"http:\/\/thehottieandthenottie.com\/pl\/seks-blisko-mnie\/","title":{"rendered":"Seks blisko mnie"},"content":{"rendered":"<p>Nie ma potrzeby sp\u0119dzania godzin w Internecie na szukaniu &#8222;darmowego seksu w pobli\u017cu&#8221;. Po prostu udaj si\u0119 do lokalnego baru lub klubu i zacznij rozmawia\u0107 o potencjalnych po\u0142\u0105czeniach. Mo\u017cesz by\u0107 zaskoczony, jak \u0142atwo jest znale\u017a\u0107 kogo\u015b, kto jest na dobrej zabawie bez zobowi\u0105za\u0144. Pami\u0119taj tylko, aby by\u0107 bezpiecznym i korzysta\u0107 z ochrony!<\/p>\n<h2>Znajd\u017a seks<\/h2>\n<p>Nie ma to jak dreszczyk emocji zwi\u0105zany ze \u015bwiadomo\u015bci\u0105, \u017ce <a href=\"http:\/\/thehottieandthenottie.com\/swinger-sites\/\">w pobli\u017cu jest darmowy seks<\/a>. Niezale\u017cnie od tego, czy jest to jednorazowe po\u0142\u0105czenie, czy zwyk\u0142a rzecz, zawsze jest ekscytuj\u0105ce. I, oczywi\u015bcie, jest jeszcze lepiej, gdy nie musisz i\u015b\u0107 daleko, aby go znale\u017a\u0107. Je\u015bli szukasz darmowego seksu w pobli\u017cu, jednym z najlepszych sposob\u00f3w, aby go znale\u017a\u0107, s\u0105 randki online. Istnieje wiele serwis\u00f3w randkowych i aplikacji, kt\u00f3re mog\u0105 pom\u00f3c Ci po\u0142\u0105czy\u0107 si\u0119 z kim\u015b, kto jest zainteresowany tym samym. Oczywi\u015bcie mo\u017cesz r\u00f3wnie\u017c spr\u00f3bowa\u0107 szcz\u0119\u015bcia w barach lub klubach. Ale je\u015bli nie jeste\u015b na tej scenie, randki online to zdecydowanie droga. Przy tak wielu ludziach szukaj\u0105cych darmowego seksu, na pewno znajdziesz kogo\u015b, kto jest na to gotowy.<\/p>\n<h2>Lokalne po\u0142\u0105czenia<\/h2>\n<p>Kiedy pr\u00f3bujesz znale\u017a\u0107 mi\u0142o\u015b\u0107, mo\u017cesz poczu\u0107 si\u0119 tak, jakby\u015b szuka\u0142 ig\u0142y w stogu siana. Ale je\u015bli poszerzysz swoje poszukiwania o potencjalnych partner\u00f3w, kt\u00f3rzy mieszkaj\u0105 blisko ciebie, twoje szanse na znalezienie mi\u0142o\u015bci rosn\u0105 wyk\u0142adniczo. A dzi\u0119ki technologii \u0142atwiej ni\u017c kiedykolwiek znale\u017a\u0107 kogo\u015b, kto jest w pobli\u017cu. Istnieje wiele aplikacji randkowych i stron internetowych, kt\u00f3re umo\u017cliwiaj\u0105 wyszukiwanie potencjalnych partner\u00f3w wed\u0142ug lokalizacji. Wi\u0119c je\u015bli szukasz mi\u0142o\u015bci i jeste\u015b got\u00f3w pieprzy\u0107 si\u0119 w pobli\u017cu kogo\u015b, istnieje du\u017ca szansa, \u017ce b\u0119dziesz w stanie znale\u017a\u0107 to, czego szukasz. Oczywi\u015bcie nie ma \u017cadnych gwarancji w \u017cyciu. Ale je\u015bli jeste\u015b otwarty na pieprzenie si\u0119 w pobli\u017cu kogo\u015b, aby znale\u017a\u0107 mi\u0142o\u015b\u0107, mo\u017cesz by\u0107 zaskoczony, jak \u0142atwo jest znale\u017a\u0107 dopasowanie. Wi\u0119c \u015bmia\u0142o i spr\u00f3buj. Po prostu mo\u017cesz znale\u017a\u0107 mi\u0142o\u015b\u0107 swojego \u017cycia.<\/p>\n<h2>Casual Sex Meet<\/h2>\n<p>Nie ma jednej odpowiedzi na to pytanie, poniewa\u017c ludzie maj\u0105 r\u00f3\u017cne opinie na temat tego, co kwalifikuje si\u0119 jako &#8222;przypadkowy seks&#8221;. Dla niekt\u00f3rych os\u00f3b przygodny seks odnosi si\u0119 do aktywno\u015bci seksualnej, kt\u00f3ra nie wi\u0105\u017ce si\u0119 z \u017cadnym rodzajem emocjonalnego zwi\u0105zku lub zaanga\u017cowania, podczas gdy dla innych po prostu odnosi si\u0119 do seksu, kt\u00f3ry nie jest cz\u0119\u015bci\u0105 d\u0142ugoterminowego, monogamicznego zwi\u0105zku.<\/p>\n<p>Je\u015bli jeste\u015b zainteresowany odkrywaniem przypadkowego seksu, nale\u017cy pami\u0119ta\u0107 o kilku rzeczach. Po pierwsze, pami\u0119taj, aby komunikowa\u0107 si\u0119 ze swoim partnerem (partnerami) na temat swoich oczekiwa\u0144 i granic zwi\u0105zanych z seksem. Wa\u017cne jest r\u00f3wnie\u017c, aby by\u0107 szczerym wobec siebie na temat tego, czego szukasz i z czym czujesz si\u0119 komfortowo. Je\u015bli nie jeste\u015b pewien, to w porz\u0105dku! Zawsze mo\u017cesz eksperymentowa\u0107 i zobaczy\u0107, co jest dla Ciebie dobre.<\/p>\n<p>Na koniec pami\u0119taj, aby uprawia\u0107 bezpieczny seks za pomoc\u0105 prezerwatyw i \/ lub innych form kontroli urodze\u0144 i regularnie bada\u0107 si\u0119 na choroby przenoszone drog\u0105 p\u0142ciow\u0105. Swobodny seks mo\u017ce by\u0107 zabawnym i ekscytuj\u0105cym sposobem odkrywania swojej seksualno\u015bci, ale wa\u017cne jest, aby by\u0107 bezpiecznym i odpowiedzialnym.<\/p>\n<h3>Badoo \u2022<\/h3>\n<p>Badoo to bezp\u0142atna aplikacja randkowa online, kt\u00f3ra pozwala pozna\u0107 nowych ludzi w Twojej okolicy. Nie ma potrzeby zak\u0142adania konta, aby korzysta\u0107 z Badoo i mo\u017cesz natychmiast rozpocz\u0105\u0107 czatowanie z lud\u017ami w pobli\u017cu. Aplikacja ma r\u00f3wnie\u017c opcj\u0119 p\u0142atnej subskrypcji, kt\u00f3ra daje dost\u0119p do dodatkowych funkcji, takich jak nieograniczona liczba wiadomo\u015bci i mo\u017cliwo\u015b\u0107 zobaczenia, kto przegl\u0105da\u0142 Tw\u00f3j profil. Badoo nie jest aplikacj\u0105 do pod\u0142\u0105czania i nie jest przeznaczona do u\u017cytku jako spos\u00f3b na znalezienie darmowego seksu w pobli\u017cu mnie. Jednak wielu u\u017cytkownik\u00f3w korzysta z aplikacji w tym celu i mo\u017cna znale\u017a\u0107 osoby, kt\u00f3re s\u0105 zainteresowane przypadkowymi po\u0142\u0105czeniami i spotkaniami seksualnymi. Aplikacja jest stosunkowo bezpieczna w u\u017cyciu i istnieje wiele sposob\u00f3w zg\u0142aszania i blokowania u\u017cytkownik\u00f3w, kt\u00f3rzy zachowuj\u0105 si\u0119 niew\u0142a\u015bciwie. Og\u00f3lnie rzecz bior\u0105c, Badoo jest dobrym rozwi\u0105zaniem do poznawania nowych ludzi i potencjalnie znajdowania przypadkowych po\u0142\u0105cze\u0144.<\/p>\n<h3>Ashley Madison<\/h3>\n<p>Je\u015bli szukasz dyskretnego sposobu na romans lub po\u0142\u0105czenie, Ashley Madison to aplikacja randkowa dla Ciebie. Z ponad 60 milionami cz\u0142onk\u00f3w na ca\u0142ym \u015bwiecie, jest to jedna z najpopularniejszych aplikacji dla os\u00f3b szukaj\u0105cych romans\u00f3w pozama\u0142\u017ce\u0144skich i przypadkowych spotka\u0144. Aplikacja jest bezp\u0142atna do pobrania i u\u017cywania, ale musisz kupi\u0107 kredyty, aby odblokowa\u0107 niekt\u00f3re funkcje. Og\u00f3lnie rzecz bior\u0105c, Ashley Madison to \u015bwietna aplikacja dla ka\u017cdego, kto szuka troch\u0119 dodatkowych emocji w swoim \u017cyciu mi\u0142osnym.<\/p>\n<h3>DateMyAge<\/h3>\n<p>Je\u015bli szukasz nowej aplikacji randkowej, DateMyAge to \u015bwietna opcja. Mo\u017cna go pobra\u0107 bezp\u0142atnie i ma ocen\u0119 4,5 gwiazdki w App Store. Aplikacja jest przeznaczona dla os\u00f3b w wieku powy\u017cej 50 lat i jest \u015bwietnym sposobem na poznanie nowych ludzi, niezale\u017cnie od tego, czy szukasz przyja\u017ani, czy mi\u0142o\u015bci. Aplikacja jest \u0142atwa w u\u017cyciu i ma wiele wspania\u0142ych funkcji, takich jak mo\u017cliwo\u015b\u0107 przegl\u0105dania profili innych u\u017cytkownik\u00f3w w Twojej okolicy. Mo\u017cesz tak\u017ce wysy\u0142a\u0107 wiadomo\u015bci i korzysta\u0107 z funkcji czatu, aby lepiej pozna\u0107 innych u\u017cytkownik\u00f3w.<\/p>\n<p>Og\u00f3lnie rzecz bior\u0105c, zdecydowanie poleci\u0142bym DateMyAge ka\u017cdemu, kto szuka nowej aplikacji randkowej. To \u015bwietny spos\u00f3b na poznanie nowych ludzi i korzystanie z niego jest bezp\u0142atne.<\/p>\n","protected":false},"excerpt":{"rendered":"<p>Nie ma potrzeby sp\u0119dzania godzin w Internecie na szukaniu &#8222;darmowego seksu w pobli\u017cu&#8221;. Po prostu udaj si\u0119 do lokalnego baru lub klubu i zacznij rozmawia\u0107 o potencjalnych po\u0142\u0105czeniach. Mo\u017cesz by\u0107 zaskoczony, jak \u0142atwo jest znale\u017a\u0107 kogo\u015b, kto jest na dobrej zabawie bez zobowi\u0105za\u0144. Pami\u0119taj tylko, aby by\u0107 bezpiecznym i korzysta\u0107 z ochrony! Znajd\u017a seks Nie &#8230; <a title=\"Seks blisko mnie\" class=\"read-more\" href=\"http:\/\/thehottieandthenottie.com\/pl\/seks-blisko-mnie\/\" aria-label=\"More on Seks blisko mnie\">Czytaj dalej<\/a><\/p>\n","protected":false},"author":1,"featured_media":0,"parent":0,"menu_order":0,"comment_status":"closed","ping_status":"closed","template":"","meta":[],"yoast_head":"<!-- This site is optimized with the Yoast SEO plugin v17.7.1 - https:\/\/yoast.com\/wordpress\/plugins\/seo\/ -->\n<title>Seks blisko mnie - W okolicach Hotties<\/title>\n<meta name=\"robots\" content=\"index, follow, max-snippet:-1, max-image-preview:large, max-video-preview:-1\" \/>\n<link rel=\"canonical\" href=\"http:\/\/thehottieandthenottie.com\/pl\/seks-blisko-mnie\/\" \/>\n<meta property=\"og:locale\" content=\"pl_PL\" \/>\n<meta property=\"og:type\" content=\"article\" \/>\n<meta property=\"og:title\" content=\"Seks blisko mnie - W okolicach Hotties\" \/>\n<meta property=\"og:description\" content=\"Nie ma potrzeby sp\u0119dzania godzin w Internecie na szukaniu &#8222;darmowego seksu w pobli\u017cu&#8221;. Po prostu udaj si\u0119 do lokalnego baru lub klubu i zacznij rozmawia\u0107 o potencjalnych po\u0142\u0105czeniach. Mo\u017cesz by\u0107 zaskoczony, jak \u0142atwo jest znale\u017a\u0107 kogo\u015b, kto jest na dobrej zabawie bez zobowi\u0105za\u0144. Pami\u0119taj tylko, aby by\u0107 bezpiecznym i korzysta\u0107 z ochrony! Znajd\u017a seks Nie ... Czytaj dalej\" \/>\n<meta property=\"og:url\" content=\"http:\/\/thehottieandthenottie.com\/pl\/seks-blisko-mnie\/\" \/>\n<meta property=\"og:site_name\" content=\"W okolicach Hotties\" \/>\n<meta name=\"twitter:card\" content=\"summary_large_image\" \/>\n<meta name=\"twitter:label1\" content=\"Szacowany czas czytania\" \/>\n\t<meta name=\"twitter:data1\" content=\"5 minut\" \/>\n<script type=\"application\/ld+json\" class=\"yoast-schema-graph\">{\"@context\":\"https:\/\/schema.org\",\"@graph\":[{\"@type\":\"WebSite\",\"@id\":\"https:\/\/thehottieandthenottie.com\/#website\",\"url\":\"https:\/\/thehottieandthenottie.com\/\",\"name\":\"W okolicach Hotties\",\"description\":\"Poznaj kobiety w twojej okolicy\",\"potentialAction\":[{\"@type\":\"SearchAction\",\"target\":{\"@type\":\"EntryPoint\",\"urlTemplate\":\"https:\/\/thehottieandthenottie.com\/?s={search_term_string}\"},\"query-input\":\"required name=search_term_string\"}],\"inLanguage\":\"pl-PL\"},{\"@type\":\"WebPage\",\"@id\":\"http:\/\/thehottieandthenottie.com\/pl\/seks-blisko-mnie\/#webpage\",\"url\":\"http:\/\/thehottieandthenottie.com\/pl\/seks-blisko-mnie\/\",\"name\":\"Seks blisko mnie - W okolicach Hotties\",\"isPartOf\":{\"@id\":\"https:\/\/thehottieandthenottie.com\/#website\"},\"datePublished\":\"2022-09-30T11:53:59+00:00\",\"dateModified\":\"2022-09-30T11:53:59+00:00\",\"breadcrumb\":{\"@id\":\"http:\/\/thehottieandthenottie.com\/pl\/seks-blisko-mnie\/#breadcrumb\"},\"inLanguage\":\"pl-PL\",\"potentialAction\":[{\"@type\":\"ReadAction\",\"target\":[\"http:\/\/thehottieandthenottie.com\/pl\/seks-blisko-mnie\/\"]}]},{\"@type\":\"BreadcrumbList\",\"@id\":\"http:\/\/thehottieandthenottie.com\/pl\/seks-blisko-mnie\/#breadcrumb\",\"itemListElement\":[{\"@type\":\"ListItem\",\"position\":1,\"name\":\"Home\",\"item\":\"http:\/\/thehottieandthenottie.com\/pl\/\"},{\"@type\":\"ListItem\",\"position\":2,\"name\":\"Seks blisko mnie\"}]}]}<\/script>\n<!-- \/ Yoast SEO plugin. -->","yoast_head_json":{"title":"Seks blisko mnie - W okolicach Hotties","robots":{"index":"index","follow":"follow","max-snippet":"max-snippet:-1","max-image-preview":"max-image-preview:large","max-video-preview":"max-video-preview:-1"},"canonical":"http:\/\/thehottieandthenottie.com\/pl\/seks-blisko-mnie\/","og_locale":"pl_PL","og_type":"article","og_title":"Seks blisko mnie - W okolicach Hotties","og_description":"Nie ma potrzeby sp\u0119dzania godzin w Internecie na szukaniu &#8222;darmowego seksu w pobli\u017cu&#8221;. Po prostu udaj si\u0119 do lokalnego baru lub klubu i zacznij rozmawia\u0107 o potencjalnych po\u0142\u0105czeniach. Mo\u017cesz by\u0107 zaskoczony, jak \u0142atwo jest znale\u017a\u0107 kogo\u015b, kto jest na dobrej zabawie bez zobowi\u0105za\u0144. Pami\u0119taj tylko, aby by\u0107 bezpiecznym i korzysta\u0107 z ochrony! Znajd\u017a seks Nie ... Czytaj dalej","og_url":"http:\/\/thehottieandthenottie.com\/pl\/seks-blisko-mnie\/","og_site_name":"W okolicach Hotties","twitter_card":"summary_large_image","twitter_misc":{"Szacowany czas czytania":"5 minut"},"schema":{"@context":"https:\/\/schema.org","@graph":[{"@type":"WebSite","@id":"https:\/\/thehottieandthenottie.com\/#website","url":"https:\/\/thehottieandthenottie.com\/","name":"W okolicach Hotties","description":"Poznaj kobiety w twojej okolicy","potentialAction":[{"@type":"SearchAction","target":{"@type":"EntryPoint","urlTemplate":"https:\/\/thehottieandthenottie.com\/?s={search_term_string}"},"query-input":"required name=search_term_string"}],"inLanguage":"pl-PL"},{"@type":"WebPage","@id":"http:\/\/thehottieandthenottie.com\/pl\/seks-blisko-mnie\/#webpage","url":"http:\/\/thehottieandthenottie.com\/pl\/seks-blisko-mnie\/","name":"Seks blisko mnie - W okolicach Hotties","isPartOf":{"@id":"https:\/\/thehottieandthenottie.com\/#website"},"datePublished":"2022-09-30T11:53:59+00:00","dateModified":"2022-09-30T11:53:59+00:00","breadcrumb":{"@id":"http:\/\/thehottieandthenottie.com\/pl\/seks-blisko-mnie\/#breadcrumb"},"inLanguage":"pl-PL","potentialAction":[{"@type":"ReadAction","target":["http:\/\/thehottieandthenottie.com\/pl\/seks-blisko-mnie\/"]}]},{"@type":"BreadcrumbList","@id":"http:\/\/thehottieandthenottie.com\/pl\/seks-blisko-mnie\/#breadcrumb","itemListElement":[{"@type":"ListItem","position":1,"name":"Home","item":"http:\/\/thehottieandthenottie.com\/pl\/"},{"@type":"ListItem","position":2,"name":"Seks blisko mnie"}]}]}},"_links":{"self":[{"href":"http:\/\/thehottieandthenottie.com\/pl\/wp-json\/wp\/v2\/pages\/629"}],"collection":[{"href":"http:\/\/thehottieandthenottie.com\/pl\/wp-json\/wp\/v2\/pages"}],"about":[{"href":"http:\/\/thehottieandthenottie.com\/pl\/wp-json\/wp\/v2\/types\/page"}],"author":[{"embeddable":true,"href":"http:\/\/thehottieandthenottie.com\/pl\/wp-json\/wp\/v2\/users\/1"}],"replies":[{"embeddable":true,"href":"http:\/\/thehottieandthenottie.com\/pl\/wp-json\/wp\/v2\/comments?post=629"}],"version-history":[{"count":0,"href":"http:\/\/thehottieandthenottie.com\/pl\/wp-json\/wp\/v2\/pages\/629\/revisions"}],"wp:attachment":[{"href":"http:\/\/thehottieandthenottie.com\/pl\/wp-json\/wp\/v2\/media?parent=629"}],"curies":[{"name":"wp","href":"https:\/\/api.w.org\/{rel}","templated":true}]}}