{"id":307,"date":"2022-09-09T10:59:01","date_gmt":"2022-09-09T09:59:01","guid":{"rendered":"http:\/\/thehottieandthenottie.com\/mulheres-horny-procurando-sexo-namoro-casual\/"},"modified":"2022-09-09T10:59:01","modified_gmt":"2022-09-09T09:59:01","slug":"mulheres-horny-procurando-sexo-namoro-casual","status":"publish","type":"page","link":"http:\/\/thehottieandthenottie.com\/pt-pt\/","title":{"rendered":"Mulheres horny procurando sexo &#8211; namoro casual"},"content":{"rendered":"<p><img loading=\"lazy\" class=\"aligncenter wp-image-77\" src=\"http:\/\/thehottieandthenottie.com\/wp-content\/uploads\/2022\/09\/real-dating-apps-1024x683.jpeg\" alt=\"\" width=\"649\" height=\"433\" srcset=\"http:\/\/thehottieandthenottie.com\/wp-content\/uploads\/2022\/09\/real-dating-apps-1024x683.jpeg 1024w, http:\/\/thehottieandthenottie.com\/wp-content\/uploads\/2022\/09\/real-dating-apps-300x200.jpeg 300w, http:\/\/thehottieandthenottie.com\/wp-content\/uploads\/2022\/09\/real-dating-apps-768x512.jpeg 768w, http:\/\/thehottieandthenottie.com\/wp-content\/uploads\/2022\/09\/real-dating-apps.jpeg 1125w\" sizes=\"(max-width: 649px) 100vw, 649px\" \/><\/p>\n<p>Muitas pessoas est\u00e3o a recorrer a sites de encontros gratuitos e app de encontros para encontrar parceiros sexuais casuais. Estes sites e aplicativos tornam f\u00e1cil e acess\u00edvel encontrar-se com algu\u00e9m que partilha os seus mesmos interesses. Tamb\u00e9m s\u00e3o an\u00f3nimos, o que significa que pode procurar perfis sem ter que revelar nada sobre si mesmo.<\/p>\n<p>H\u00e1 muitas op\u00e7\u00f5es l\u00e1 fora, mas reduzimos a nossa lista para 10 \u00f3timos lugares onde voc\u00ea pode encontrar encontros casuais. Quer esteja \u00e0 procura de algo s\u00e9rio ou apenas queira experimentar algo diferente, aqui est\u00e3o os melhores sites de encontros e aplicativos para encontrar sexo casual.<\/p>\n<h2>Quer dar uma queca?<\/h2>\n<p>H\u00e1 muitas op\u00e7\u00f5es l\u00e1 fora para encontrar encontros casuais on-line, seja um encontro r\u00e1pido, uma rela\u00e7\u00e3o a longo prazo, ou mesmo apenas alguma divers\u00e3o sem compromissos ligados. Mas e se quiser algo diferente? E se estiver procurando um caso de uma noite, ou um caso discreto? Se n\u00e3o se importar de ser sincero sobre o que pretende fazer, estes dez sites v\u00e3o caber na conta.<\/p>\n<h2>Que aplicativos experimentar?<\/h2>\n<p>Primeiro, os sites de encontros s\u00e3o uma coisa. Na verdade, s\u00e3o muito comuns hoje em dia. E embora o termo &#8220;encontro&#8221; possa parecer algo que s\u00f3 acontece \u00e0 porta fechada, na verdade refere-se a qualquer coisa que ocorra fora de uma rela\u00e7\u00e3o comprometida. Pode pensar nisso como uma forma de encontrar algu\u00e9m para namorar casualmente.<\/p>\n<p>Existem muitos tipos diferentes de sites de encontros l\u00e1 fora, desde aqueles que se concentram exclusivamente no sexo at\u00e9 aqueles que atendem a ambos os sexos. H\u00e1 at\u00e9 alguns que s\u00e3o especificamente projetados para gay ou para dobras<\/p>\n<p>J\u00e1 ouvimos falar de encontros h\u00e1 algum tempo, mas nunca sab\u00edamos exatamente o que significava. Bem, hoje, estamos aqui para lhe dizer tudo o que h\u00e1 para saber sobre sites de encontros.<\/p>\n<h3>Ashley Madison &#8211; The Cheaters Hub<\/h3>\n<p>Se fazer batota \u00e9 o que procura, v\u00ea a Ashley Madison. Este site \u00e9 especificamente projetado para pessoas casadas que procuram casos. Se estiveres disposto a investigar um pouco, vais encontrar muitos homens e mulheres solteiros sensuais que est\u00e3o abertos a rela\u00e7\u00f5es discretas.<\/p>\n<p>AshleyMadison.com \u00e9 uma lufada de ar fresco on-line para aqueles que procuram amor, romance, ou apenas algum divertimento. Com mais de 50 milh\u00f5es de membros em todo o mundo, AshleyMadison.com \u00e9 o maior site de pessoas pessoais adultos do mundo. Quer esteja \u00e0 procura de encontros casuais, de uma rela\u00e7\u00e3o s\u00e9ria, ou at\u00e9 de casamento, h\u00e1 muitas pessoas \u00e0 sua espera para te conhecer.<\/p>\n<p><img loading=\"lazy\" class=\"aligncenter wp-image-76\" src=\"http:\/\/thehottieandthenottie.com\/wp-content\/uploads\/2022\/09\/online-hookups-1024x683.jpeg\" alt=\"\" width=\"517\" height=\"345\" srcset=\"http:\/\/thehottieandthenottie.com\/wp-content\/uploads\/2022\/09\/online-hookups-1024x683.jpeg 1024w, http:\/\/thehottieandthenottie.com\/wp-content\/uploads\/2022\/09\/online-hookups-300x200.jpeg 300w, http:\/\/thehottieandthenottie.com\/wp-content\/uploads\/2022\/09\/online-hookups-768x512.jpeg 768w, http:\/\/thehottieandthenottie.com\/wp-content\/uploads\/2022\/09\/online-hookups.jpeg 1125w\" sizes=\"(max-width: 517px) 100vw, 517px\" \/><\/p>\n<h3>AdultFriendFinder &#8211; Uma plataforma de liga\u00e7\u00e3o fidedigna<\/h3>\n<p>Com mais de tr\u00eas milh\u00f5es de membros em todo o mundo, a AFF oferece muitas formas de se conectar com outros. Voc\u00ea pode usar mensagens de texto, webcam video chat, ou at\u00e9 mesmo participar de uma reuni\u00e3o de grupo para satisfazer as suas necessidades sexuais.<\/p>\n<p>Adult Friend Finder (AFF), um dos sites adultos mais populares para casais swinger e swingers, oferece um ambiente seguro onde as pessoas podem conhecer outros interessados em atividades de balan\u00e7o, como sexo em grupo, trios e quartetos. Os swingers s\u00e3o encorajados a publicar fotos e v\u00eddeos de si mesmos em a\u00e7\u00e3o, e qualquer outra pessoa que queira ver como \u00e9 pode inscrever-se para ser membro.<\/p>\n<p>O site inclui uma grande base de dados de membros ativos, muitos dos quais est\u00e3o \u00e0 procura de encontros casuais. H\u00e1 centenas de milhares de membros, e o n\u00famero continua a crescer todos os dias. As pessoas usam o site para encontrar parceiros para tudo, desde simples encontros de uma noite at\u00e9 relacionamentos de longa dura\u00e7\u00e3o.<\/p>\n<h3>Tinder &#8211; A sua op\u00e7\u00e3o de confian\u00e7a<\/h3>\n<p>O Tinder \u00e9 um dos aplicativos de encontros mais populares por a\u00ed. A sua atmosfera casual encoraja a conversa de flirty, levando a jogos r\u00e1pidos e datas ainda mais r\u00e1pidas. Os utilizadores s\u00e3o encorajados a passar para a esquerda se n\u00e3o gostarem da foto de algu\u00e9m; caso contr\u00e1rio, eles passam para a direita. Se ambas as partes coincidirem, ver\u00e3o as fotos e as biografias de cada um. Voc\u00ea pode escrever sobre si mesmo e escolher se inclui uma foto de si mesmo.<\/p>\n<p>A popularidade da aplica\u00e7\u00e3o explodiu desde que foi lan\u00e7ada em 2012. Em 2013, a empresa informou que os seus utilizadores ativos di\u00e1rios tinham crescido para cerca de 5 milh\u00f5es. Em 2016, esse n\u00famero aumentou para 15 milh\u00f5es. Hoje, a aplica\u00e7\u00e3o conta com 50 milh\u00f5es de utilizadores ativos mensais.<\/p>\n<p>Em junho de 2017, o Tinder anunciou planos para lan\u00e7ar uma vers\u00e3o premium da app chamada &#8220;Tinder Gold&#8221;. Esta vers\u00e3o permite que os membros enviem mensagens ilimitadas e lhes permita ver perfis sem ter de pagar.<\/p>\n<h3>69Fuck<\/h3>\n<p>O mundo dos encontros online est\u00e1 a mudar rapidamente. Gra\u00e7as ao desenvolvimento da Internet, as pessoas t\u00eam agora acesso a informa\u00e7\u00e3o sobre potenciais parceiros literalmente na ponta dos dedos. Esta tend\u00eancia tem levado ao surgimento de v\u00e1rios tipos de plataformas de encontros online. Entre eles, h\u00e1 um chamado 69Fuck. Este site afirma ser o melhor local de liga\u00e7\u00e3o local. Ent\u00e3o, vamos ver mais de perto o que faz este site sobressa\u00edr da multid\u00e3o.<\/p>\n<p>69Fuck \u00e9 uma plataforma de encontros online onde os membros podem encontrar uma data dentro da sua cidade. Dizem que oferecem uma vasta gama de cidades em todo o mundo, incluindo mais de 30 pa\u00edses. O seu objetivo \u00e9 ajudar homens e mulheres a conectarem-se na vida real. Para isso, fornecem v\u00e1rias ferramentas que facilitam o encontro com algu\u00e9m. Por exemplo, permitem que os utilizadores carreguem uma fotografia de si mesmos, escrevam uma biografia curta e escolham uma imagem de perfil.<\/p>\n<p>Al\u00e9m disso, d\u00e3o-lhe 24 horas de ades\u00e3o gratuita. Depois disso, pode pagar 19 d\u00f3lares por m\u00eas para desbloquear funcionalidades adicionais, como mensagens ilimitadas e perfis de navega\u00e7\u00e3o. Pode cancelar a qualquer hora sem pagar nada.<\/p>\n<h2>Como escolher a certa para si?<\/h2>\n<p>Todos sabemos que encontrar um encontro pode ser dif\u00edcil. E todos sabemos que h\u00e1 muitos tipos diferentes de encontros l\u00e1 fora. Mas e aquelas alturas em que n\u00e3o te apetece encontrar-te com algu\u00e9m? Ou talvez esteja \u00e0 procura de algo mais s\u00e9rio? Veio ao lugar certo. Compilamos algumas informa\u00e7\u00f5es sobre os melhores sites de liga\u00e7\u00e3o na Internet hoje.<\/p>\n<p>O site \u00e9 absolutamente gratuito e oferece acesso a mulheres solteiras e homens. Voc\u00ea encontrar\u00e1 tudo aqui &#8211; desde conversas de webcam ao vivo at\u00e9 salas de chat de v\u00eddeo onde voc\u00ea pode conhecer solteiros locais. N\u00e3o h\u00e1 taxas ou encargos ocultos. Na verdade, se decidir fazer upgrade para a ades\u00e3o premium, receber\u00e1 ainda mais funcionalidades e benef\u00edcios.<\/p>\n<p>Pode escolher se prefere usar aplica\u00e7\u00f5es m\u00f3veis ou navegadores de ambiente de trabalho. Se optar por este \u00faltimo, poder\u00e1 usufruir da conveni\u00eancia de poder fazer login quando e onde quer que seja. Tudo o que tem de fazer \u00e9 inscrever-se e come\u00e7ar a navegar!<\/p>\n<p>Assim que encontrar o perfil da pessoa que gostaria de conhecer, pode enviar-lhes mensagens diretamente. Desta forma, n\u00e3o vai perder tempo a tentar descobrir como contactar a pessoa. Basta escrever uma pequena nota e bater &#8220;enviar&#8221;.<\/p>\n<p>Se voc\u00ea est\u00e1 interessado em conversar com outros, voc\u00ea pode se juntar a grupos p\u00fablicos, salas de chat privadas, ou at\u00e9 mesmo ir direto para sess\u00f5es de c\u00e2mara ao vivo. Estas op\u00e7\u00f5es s\u00e3o perfeitas para quem quer fazer amigos enquanto se diverte.<\/p>\n","protected":false},"excerpt":{"rendered":"<p>Muitas pessoas est\u00e3o a recorrer a sites de encontros gratuitos e app de encontros para encontrar parceiros sexuais casuais. Estes sites e aplicativos tornam f\u00e1cil e acess\u00edvel encontrar-se com algu\u00e9m que partilha os seus mesmos interesses. Tamb\u00e9m s\u00e3o an\u00f3nimos, o que significa que pode procurar perfis sem ter que revelar nada sobre si mesmo. H\u00e1 &#8230; <a title=\"Mulheres horny procurando sexo &#8211; namoro casual\" class=\"read-more\" href=\"http:\/\/thehottieandthenottie.com\/pt-pt\/\" aria-label=\"Mais sobre Mulheres horny procurando sexo &#8211; namoro casual\">Ler mais<\/a><\/p>\n","protected":false},"author":1,"featured_media":0,"parent":0,"menu_order":0,"comment_status":"closed","ping_status":"closed","template":"","meta":[],"yoast_head":"<!-- This site is optimized with the Yoast SEO plugin v17.7.1 - https:\/\/yoast.com\/wordpress\/plugins\/seo\/ -->\n<title>Mulheres horny procurando sexo - namoro casual - Hotties Nas proximidades<\/title>\n<meta name=\"description\" content=\"Descri\u00e7\u00e3o DA META\" \/>\n<meta name=\"robots\" content=\"index, follow, max-snippet:-1, max-image-preview:large, max-video-preview:-1\" \/>\n<link rel=\"canonical\" href=\"http:\/\/thehottieandthenottie.com\/pt-pt\/\" \/>\n<meta property=\"og:locale\" content=\"pt_PT\" \/>\n<meta property=\"og:type\" content=\"article\" \/>\n<meta property=\"og:title\" content=\"Mulheres horny procurando sexo - namoro casual - Hotties Nas proximidades\" \/>\n<meta property=\"og:description\" content=\"Descri\u00e7\u00e3o DA META\" \/>\n<meta property=\"og:url\" content=\"http:\/\/thehottieandthenottie.com\/pt-pt\/\" \/>\n<meta property=\"og:site_name\" content=\"Hotties Nas proximidades\" \/>\n<meta property=\"og:image\" content=\"http:\/\/thehottieandthenottie.com\/wp-content\/uploads\/2022\/09\/real-dating-apps-1024x683.jpeg\" \/>\n<meta name=\"twitter:card\" content=\"summary_large_image\" \/>\n<meta name=\"twitter:label1\" content=\"Tempo estimado de leitura\" \/>\n\t<meta name=\"twitter:data1\" content=\"6 minutos\" \/>\n<script type=\"application\/ld+json\" class=\"yoast-schema-graph\">{\"@context\":\"https:\/\/schema.org\",\"@graph\":[{\"@type\":\"WebSite\",\"@id\":\"https:\/\/thehottieandthenottie.com\/#website\",\"url\":\"https:\/\/thehottieandthenottie.com\/\",\"name\":\"Hotties Nas proximidades\",\"description\":\"Conhe\\u00e7a as mulheres na sua \\u00e1rea\",\"potentialAction\":[{\"@type\":\"SearchAction\",\"target\":{\"@type\":\"EntryPoint\",\"urlTemplate\":\"https:\/\/thehottieandthenottie.com\/?s={search_term_string}\"},\"query-input\":\"required name=search_term_string\"}],\"inLanguage\":\"pt-PT\"},{\"@type\":\"ImageObject\",\"@id\":\"http:\/\/thehottieandthenottie.com\/pt-pt\/#primaryimage\",\"inLanguage\":\"pt-PT\",\"url\":\"http:\/\/thehottieandthenottie.com\/wp-content\/uploads\/2022\/09\/real-dating-apps.jpeg\",\"contentUrl\":\"http:\/\/thehottieandthenottie.com\/wp-content\/uploads\/2022\/09\/real-dating-apps.jpeg\",\"width\":1125,\"height\":750},{\"@type\":\"WebPage\",\"@id\":\"http:\/\/thehottieandthenottie.com\/pt-pt\/#webpage\",\"url\":\"http:\/\/thehottieandthenottie.com\/pt-pt\/\",\"name\":\"Mulheres horny procurando sexo - namoro casual - Hotties Nas proximidades\",\"isPartOf\":{\"@id\":\"https:\/\/thehottieandthenottie.com\/#website\"},\"primaryImageOfPage\":{\"@id\":\"http:\/\/thehottieandthenottie.com\/pt-pt\/#primaryimage\"},\"datePublished\":\"2022-09-09T09:59:01+00:00\",\"dateModified\":\"2022-09-09T09:59:01+00:00\",\"description\":\"Descri\\u00e7\\u00e3o DA META\",\"breadcrumb\":{\"@id\":\"http:\/\/thehottieandthenottie.com\/pt-pt\/#breadcrumb\"},\"inLanguage\":\"pt-PT\",\"potentialAction\":[{\"@type\":\"ReadAction\",\"target\":[\"http:\/\/thehottieandthenottie.com\/pt-pt\/\"]}]},{\"@type\":\"BreadcrumbList\",\"@id\":\"http:\/\/thehottieandthenottie.com\/pt-pt\/#breadcrumb\",\"itemListElement\":[{\"@type\":\"ListItem\",\"position\":1,\"name\":\"Home\",\"item\":\"https:\/\/thehottieandthenottie.com\/pt-pt\/\"},{\"@type\":\"ListItem\",\"position\":2,\"name\":\"Mulheres horny procurando sexo &#8211; namoro casual\"}]}]}<\/script>\n<!-- \/ Yoast SEO plugin. -->","yoast_head_json":{"title":"Mulheres horny procurando sexo - namoro casual - Hotties Nas proximidades","description":"Descri\u00e7\u00e3o DA META","robots":{"index":"index","follow":"follow","max-snippet":"max-snippet:-1","max-image-preview":"max-image-preview:large","max-video-preview":"max-video-preview:-1"},"canonical":"http:\/\/thehottieandthenottie.com\/pt-pt\/","og_locale":"pt_PT","og_type":"article","og_title":"Mulheres horny procurando sexo - namoro casual - Hotties Nas proximidades","og_description":"Descri\u00e7\u00e3o DA META","og_url":"http:\/\/thehottieandthenottie.com\/pt-pt\/","og_site_name":"Hotties Nas proximidades","og_image":[{"url":"http:\/\/thehottieandthenottie.com\/wp-content\/uploads\/2022\/09\/real-dating-apps-1024x683.jpeg"}],"twitter_card":"summary_large_image","twitter_misc":{"Tempo estimado de leitura":"6 minutos"},"schema":{"@context":"https:\/\/schema.org","@graph":[{"@type":"WebSite","@id":"https:\/\/thehottieandthenottie.com\/#website","url":"https:\/\/thehottieandthenottie.com\/","name":"Hotties Nas proximidades","description":"Conhe\u00e7a as mulheres na sua \u00e1rea","potentialAction":[{"@type":"SearchAction","target":{"@type":"EntryPoint","urlTemplate":"https:\/\/thehottieandthenottie.com\/?s={search_term_string}"},"query-input":"required name=search_term_string"}],"inLanguage":"pt-PT"},{"@type":"ImageObject","@id":"http:\/\/thehottieandthenottie.com\/pt-pt\/#primaryimage","inLanguage":"pt-PT","url":"http:\/\/thehottieandthenottie.com\/wp-content\/uploads\/2022\/09\/real-dating-apps.jpeg","contentUrl":"http:\/\/thehottieandthenottie.com\/wp-content\/uploads\/2022\/09\/real-dating-apps.jpeg","width":1125,"height":750},{"@type":"WebPage","@id":"http:\/\/thehottieandthenottie.com\/pt-pt\/#webpage","url":"http:\/\/thehottieandthenottie.com\/pt-pt\/","name":"Mulheres horny procurando sexo - namoro casual - Hotties Nas proximidades","isPartOf":{"@id":"https:\/\/thehottieandthenottie.com\/#website"},"primaryImageOfPage":{"@id":"http:\/\/thehottieandthenottie.com\/pt-pt\/#primaryimage"},"datePublished":"2022-09-09T09:59:01+00:00","dateModified":"2022-09-09T09:59:01+00:00","description":"Descri\u00e7\u00e3o DA META","breadcrumb":{"@id":"http:\/\/thehottieandthenottie.com\/pt-pt\/#breadcrumb"},"inLanguage":"pt-PT","potentialAction":[{"@type":"ReadAction","target":["http:\/\/thehottieandthenottie.com\/pt-pt\/"]}]},{"@type":"BreadcrumbList","@id":"http:\/\/thehottieandthenottie.com\/pt-pt\/#breadcrumb","itemListElement":[{"@type":"ListItem","position":1,"name":"Home","item":"https:\/\/thehottieandthenottie.com\/pt-pt\/"},{"@type":"ListItem","position":2,"name":"Mulheres horny procurando sexo &#8211; namoro casual"}]}]}},"_links":{"self":[{"href":"http:\/\/thehottieandthenottie.com\/pt-pt\/wp-json\/wp\/v2\/pages\/307"}],"collection":[{"href":"http:\/\/thehottieandthenottie.com\/pt-pt\/wp-json\/wp\/v2\/pages"}],"about":[{"href":"http:\/\/thehottieandthenottie.com\/pt-pt\/wp-json\/wp\/v2\/types\/page"}],"author":[{"embeddable":true,"href":"http:\/\/thehottieandthenottie.com\/pt-pt\/wp-json\/wp\/v2\/users\/1"}],"replies":[{"embeddable":true,"href":"http:\/\/thehottieandthenottie.com\/pt-pt\/wp-json\/wp\/v2\/comments?post=307"}],"version-history":[{"count":0,"href":"http:\/\/thehottieandthenottie.com\/pt-pt\/wp-json\/wp\/v2\/pages\/307\/revisions"}],"wp:attachment":[{"href":"http:\/\/thehottieandthenottie.com\/pt-pt\/wp-json\/wp\/v2\/media?parent=307"}],"curies":[{"name":"wp","href":"https:\/\/api.w.org\/{rel}","templated":true}]}}