{"id":562,"date":"2022-09-30T12:57:19","date_gmt":"2022-09-30T11:57:19","guid":{"rendered":"http:\/\/thehottieandthenottie.com\/swinger-sites\/"},"modified":"2022-09-30T12:57:19","modified_gmt":"2022-09-30T11:57:19","slug":"swinger-sites","status":"publish","type":"page","link":"http:\/\/thehottieandthenottie.com\/pt-pt\/swinger-sites\/","title":{"rendered":"Swinger Sites"},"content":{"rendered":"<p>H\u00e1 muitos sites de swinger locais que voc\u00ea pode usar para se juntar com pessoas na sua \u00e1rea. Estes sites s\u00e3o uma \u00f3tima maneira de conhecer novas pessoas e explorar os seus limites sexuais. Voc\u00ea pode usar estes sites para encontrar pessoas que est\u00e3o nas mesmas coisas que voc\u00ea, e que est\u00e3o procurando um bom momento. Voc\u00ea tamb\u00e9m pode usar estes sites para encontrar pessoas que est\u00e3o procurando uma rela\u00e7\u00e3o s\u00e9ria. Se voc\u00ea est\u00e1 procurando por um engate, ent\u00e3o voc\u00ea definitivamente deve verificar alguns dos locais de swinger local.<\/p>\n<p>H\u00e1 uma variedade de sites swinger dispon\u00edveis on-line e eles atendem a diferentes p\u00fablicos. Alguns sites swinger s\u00e3o direcionados para casais que est\u00e3o \u00e0 procura de outros casais para balan\u00e7ar, enquanto outros est\u00e3o orientados para solteiros que est\u00e3o interessados em conhecer outros singles para fins swinging. Os sites swinger normalmente t\u00eam uma grande variedade de funcionalidades e op\u00e7\u00f5es para os utilizadores aproveitarem, e fornecem um ambiente seguro e seguro para as pessoas se conectarem e explorarem os seus interesses sexuais.<\/p>\n<h2>Sites de Hookup swingers<\/h2>\n<p>H\u00e1 algo na <a href=\"http:\/\/thehottieandthenottie.com\/free-adult-classifieds\/\">emo\u00e7\u00e3o de se encontrar com um estranho<\/a> que n\u00e3o pode ser vencido. E se est\u00e1s \u00e0 procura de amor, os swingers s\u00e3o o caminho perfeito. Voc\u00ea pode conhecer novas pessoas, explorar novas experi\u00eancias sexuais, e se divertir muito no processo. Al\u00e9m disso, nunca se sabe onde se pode encontrar a sua combina\u00e7\u00e3o perfeita. Por isso, se est\u00e1s pronto para apimentar a tua vida amorosa, os swingers s\u00e3o o caminho a seguir.<\/p>\n<p>Se quer adicionar um pouco de especiaria \u00e0 sua vida amorosa, ent\u00e3o talvez queira ver um site de swinger local. Os sites swinger s\u00e3o uma \u00f3tima maneira de conhecer novas pessoas que partilham os seus mesmos interesses. Voc\u00ea pode navegar perfis e encontrar pessoas na sua \u00e1rea que estejam interessadas nas mesmas coisas que voc\u00ea. Al\u00e9m disso, pode conversar com outros membros e conhec\u00ea-los antes de se encontrarem pessoalmente. Os sites swinger s\u00e3o uma \u00f3tima maneira de se divertir e conhecer novas pessoas.<\/p>\n<h3>SimpleFlirts<\/h3>\n<p>Se voc\u00ea est\u00e1 procurando um site de swinger local, SimpleFlirts \u00e9 uma \u00f3tima op\u00e7\u00e3o. O site tem uma grande base de dados de membros, por isso, vai encontrar algu\u00e9m na sua \u00e1rea. A fun\u00e7\u00e3o de pesquisa \u00e9 f\u00e1cil de usar e pode filtrar os seus resultados por idade, localiza\u00e7\u00e3o e interesses. O sistema de mensagens \u00e9 simples e f\u00e1cil de usar, e tamb\u00e9m pode enviar fotos e v\u00eddeos. O site tamb\u00e9m tem uma aplica\u00e7\u00e3o m\u00f3vel, para que possa aceder \u00e0 sua conta em movimento. A \u00fanica desvantagem \u00e9 que o site n\u00e3o tem muitos sinos e assobios &#8211; mas \u00e9 perfeito para encontrar swingers locais.<\/p>\n<h3>SextFun<\/h3>\n<p>SextFun \u00e9 uma aplica\u00e7\u00e3o de encontros que liga swingers locais uns aos outros. A aplica\u00e7\u00e3o \u00e9 gratuita para descarregar e usar, e oferece uma variedade de funcionalidades que facilitam a liga\u00e7\u00e3o com outros swingers na sua \u00e1rea. SextFun tamb\u00e9m oferece uma variedade de funcionalidades que facilitam a procura e a liga\u00e7\u00e3o com outros swingers locais. A aplica\u00e7\u00e3o est\u00e1 dispon\u00edvel tanto para iOS como Android, e \u00e9 uma \u00f3tima maneira de conhecer outros swingers locais na sua \u00e1rea.<\/p>\n<h3>HeatedAffairs<\/h3>\n<p>HeatedAffairs \u00e9 um dos aplicativos de namoro mais populares para swingers locais. A aplica\u00e7\u00e3o foi projetada para ajudar os casais a conectarem-se com outros casais na sua \u00e1rea para divers\u00e3o e excita\u00e7\u00e3o. A aplica\u00e7\u00e3o \u00e9 gratuita para descarregar e usar, e oferece uma grande variedade de funcionalidades para ajudar os casais a conectarem-se entre si. A aplica\u00e7\u00e3o tamb\u00e9m inclui um sistema de mensagens para que os casais possam conversar e namoriscar uns com os outros.<\/p>\n","protected":false},"excerpt":{"rendered":"<p>H\u00e1 muitos sites de swinger locais que voc\u00ea pode usar para se juntar com pessoas na sua \u00e1rea. Estes sites s\u00e3o uma \u00f3tima maneira de conhecer novas pessoas e explorar os seus limites sexuais. Voc\u00ea pode usar estes sites para encontrar pessoas que est\u00e3o nas mesmas coisas que voc\u00ea, e que est\u00e3o procurando um bom &#8230; <a title=\"Swinger Sites\" class=\"read-more\" href=\"http:\/\/thehottieandthenottie.com\/pt-pt\/swinger-sites\/\" aria-label=\"Mais sobre Swinger Sites\">Ler mais<\/a><\/p>\n","protected":false},"author":1,"featured_media":0,"parent":0,"menu_order":0,"comment_status":"closed","ping_status":"closed","template":"","meta":[],"yoast_head":"<!-- This site is optimized with the Yoast SEO plugin v17.7.1 - https:\/\/yoast.com\/wordpress\/plugins\/seo\/ -->\n<title>Swinger Sites - Hotties Nas proximidades<\/title>\n<meta name=\"robots\" content=\"index, follow, max-snippet:-1, max-image-preview:large, max-video-preview:-1\" \/>\n<link rel=\"canonical\" href=\"http:\/\/thehottieandthenottie.com\/pt-pt\/swinger-sites\/\" \/>\n<meta property=\"og:locale\" content=\"pt_PT\" \/>\n<meta property=\"og:type\" content=\"article\" \/>\n<meta property=\"og:title\" content=\"Swinger Sites - Hotties Nas proximidades\" \/>\n<meta property=\"og:description\" content=\"H\u00e1 muitos sites de swinger locais que voc\u00ea pode usar para se juntar com pessoas na sua \u00e1rea. Estes sites s\u00e3o uma \u00f3tima maneira de conhecer novas pessoas e explorar os seus limites sexuais. Voc\u00ea pode usar estes sites para encontrar pessoas que est\u00e3o nas mesmas coisas que voc\u00ea, e que est\u00e3o procurando um bom ... Ler mais\" \/>\n<meta property=\"og:url\" content=\"http:\/\/thehottieandthenottie.com\/pt-pt\/swinger-sites\/\" \/>\n<meta property=\"og:site_name\" content=\"Hotties Nas proximidades\" \/>\n<meta name=\"twitter:card\" content=\"summary_large_image\" \/>\n<meta name=\"twitter:label1\" content=\"Tempo estimado de leitura\" \/>\n\t<meta name=\"twitter:data1\" content=\"3 minutos\" \/>\n<script type=\"application\/ld+json\" class=\"yoast-schema-graph\">{\"@context\":\"https:\/\/schema.org\",\"@graph\":[{\"@type\":\"WebSite\",\"@id\":\"https:\/\/thehottieandthenottie.com\/#website\",\"url\":\"https:\/\/thehottieandthenottie.com\/\",\"name\":\"Hotties Nas proximidades\",\"description\":\"Conhe\\u00e7a as mulheres na sua \\u00e1rea\",\"potentialAction\":[{\"@type\":\"SearchAction\",\"target\":{\"@type\":\"EntryPoint\",\"urlTemplate\":\"https:\/\/thehottieandthenottie.com\/?s={search_term_string}\"},\"query-input\":\"required name=search_term_string\"}],\"inLanguage\":\"pt-PT\"},{\"@type\":\"WebPage\",\"@id\":\"http:\/\/thehottieandthenottie.com\/pt-pt\/swinger-sites\/#webpage\",\"url\":\"http:\/\/thehottieandthenottie.com\/pt-pt\/swinger-sites\/\",\"name\":\"Swinger Sites - Hotties Nas proximidades\",\"isPartOf\":{\"@id\":\"https:\/\/thehottieandthenottie.com\/#website\"},\"datePublished\":\"2022-09-30T11:57:19+00:00\",\"dateModified\":\"2022-09-30T11:57:19+00:00\",\"breadcrumb\":{\"@id\":\"http:\/\/thehottieandthenottie.com\/pt-pt\/swinger-sites\/#breadcrumb\"},\"inLanguage\":\"pt-PT\",\"potentialAction\":[{\"@type\":\"ReadAction\",\"target\":[\"http:\/\/thehottieandthenottie.com\/pt-pt\/swinger-sites\/\"]}]},{\"@type\":\"BreadcrumbList\",\"@id\":\"http:\/\/thehottieandthenottie.com\/pt-pt\/swinger-sites\/#breadcrumb\",\"itemListElement\":[{\"@type\":\"ListItem\",\"position\":1,\"name\":\"Home\",\"item\":\"https:\/\/thehottieandthenottie.com\/pt-pt\/\"},{\"@type\":\"ListItem\",\"position\":2,\"name\":\"Swinger Sites\"}]}]}<\/script>\n<!-- \/ Yoast SEO plugin. -->","yoast_head_json":{"title":"Swinger Sites - Hotties Nas proximidades","robots":{"index":"index","follow":"follow","max-snippet":"max-snippet:-1","max-image-preview":"max-image-preview:large","max-video-preview":"max-video-preview:-1"},"canonical":"http:\/\/thehottieandthenottie.com\/pt-pt\/swinger-sites\/","og_locale":"pt_PT","og_type":"article","og_title":"Swinger Sites - Hotties Nas proximidades","og_description":"H\u00e1 muitos sites de swinger locais que voc\u00ea pode usar para se juntar com pessoas na sua \u00e1rea. Estes sites s\u00e3o uma \u00f3tima maneira de conhecer novas pessoas e explorar os seus limites sexuais. Voc\u00ea pode usar estes sites para encontrar pessoas que est\u00e3o nas mesmas coisas que voc\u00ea, e que est\u00e3o procurando um bom ... Ler mais","og_url":"http:\/\/thehottieandthenottie.com\/pt-pt\/swinger-sites\/","og_site_name":"Hotties Nas proximidades","twitter_card":"summary_large_image","twitter_misc":{"Tempo estimado de leitura":"3 minutos"},"schema":{"@context":"https:\/\/schema.org","@graph":[{"@type":"WebSite","@id":"https:\/\/thehottieandthenottie.com\/#website","url":"https:\/\/thehottieandthenottie.com\/","name":"Hotties Nas proximidades","description":"Conhe\u00e7a as mulheres na sua \u00e1rea","potentialAction":[{"@type":"SearchAction","target":{"@type":"EntryPoint","urlTemplate":"https:\/\/thehottieandthenottie.com\/?s={search_term_string}"},"query-input":"required name=search_term_string"}],"inLanguage":"pt-PT"},{"@type":"WebPage","@id":"http:\/\/thehottieandthenottie.com\/pt-pt\/swinger-sites\/#webpage","url":"http:\/\/thehottieandthenottie.com\/pt-pt\/swinger-sites\/","name":"Swinger Sites - Hotties Nas proximidades","isPartOf":{"@id":"https:\/\/thehottieandthenottie.com\/#website"},"datePublished":"2022-09-30T11:57:19+00:00","dateModified":"2022-09-30T11:57:19+00:00","breadcrumb":{"@id":"http:\/\/thehottieandthenottie.com\/pt-pt\/swinger-sites\/#breadcrumb"},"inLanguage":"pt-PT","potentialAction":[{"@type":"ReadAction","target":["http:\/\/thehottieandthenottie.com\/pt-pt\/swinger-sites\/"]}]},{"@type":"BreadcrumbList","@id":"http:\/\/thehottieandthenottie.com\/pt-pt\/swinger-sites\/#breadcrumb","itemListElement":[{"@type":"ListItem","position":1,"name":"Home","item":"https:\/\/thehottieandthenottie.com\/pt-pt\/"},{"@type":"ListItem","position":2,"name":"Swinger Sites"}]}]}},"_links":{"self":[{"href":"http:\/\/thehottieandthenottie.com\/pt-pt\/wp-json\/wp\/v2\/pages\/562"}],"collection":[{"href":"http:\/\/thehottieandthenottie.com\/pt-pt\/wp-json\/wp\/v2\/pages"}],"about":[{"href":"http:\/\/thehottieandthenottie.com\/pt-pt\/wp-json\/wp\/v2\/types\/page"}],"author":[{"embeddable":true,"href":"http:\/\/thehottieandthenottie.com\/pt-pt\/wp-json\/wp\/v2\/users\/1"}],"replies":[{"embeddable":true,"href":"http:\/\/thehottieandthenottie.com\/pt-pt\/wp-json\/wp\/v2\/comments?post=562"}],"version-history":[{"count":0,"href":"http:\/\/thehottieandthenottie.com\/pt-pt\/wp-json\/wp\/v2\/pages\/562\/revisions"}],"wp:attachment":[{"href":"http:\/\/thehottieandthenottie.com\/pt-pt\/wp-json\/wp\/v2\/media?parent=562"}],"curies":[{"name":"wp","href":"https:\/\/api.w.org\/{rel}","templated":true}]}}