{"id":581,"date":"2022-09-30T12:56:42","date_gmt":"2022-09-30T11:56:42","guid":{"rendered":"http:\/\/thehottieandthenottie.com\/classificados-gratuitos-para-adultos\/"},"modified":"2022-09-30T12:56:42","modified_gmt":"2022-09-30T11:56:42","slug":"classificados-gratuitos-para-adultos","status":"publish","type":"page","link":"http:\/\/thehottieandthenottie.com\/pt-pt\/classificados-gratuitos-para-adultos\/","title":{"rendered":"Classificados gratuitos para adultos"},"content":{"rendered":"<p>N\u00e3o h\u00e1 necessidade de ir a um bar ou clube para pegar em compara\u00e7\u00e3o com quando voc\u00ea est\u00e1 usando pessoal adulto local. Tudo o que precisa fazer \u00e9 publicar um an\u00fancio pessoal on-line e pode encontrar-se com algu\u00e9m local na sua \u00e1rea sem sequer sair de casa. Podes ser t\u00e3o espec\u00edfico como quiseres no teu an\u00fancio para que s\u00f3 atraias pessoas que procuram o mesmo que tu. Lembra-te que nem toda a gente anda \u00e0 procura de um caso de uma noite, por isso, se \u00e9 s\u00f3 isso que procuras, ent\u00e3o talvez tenhas mais sorte noutro s\u00edtio.<\/p>\n<h2>Pessoas pessoais do sexo local<\/h2>\n<p>H\u00e1 muitas pessoas que usam pessoas sexuais quando procuram um encontro. Isto porque podem ser muito espec\u00edficos sobre o que procuram e podem encontrar pessoas que procuram a mesma coisa. H\u00e1 tamb\u00e9m muitas pessoas que usam pessoas sexuais para encontrar algu\u00e9m com quem ter um encontro casual. Isto \u00e9 porque \u00e9 muito mais f\u00e1cil encontrar algu\u00e9m que esteja \u00e0 procura da mesma coisa quando se usa um site de sexo pessoal. Existem muitos sites de classificados para adultos que atendem a quem procura amor. Estes sites oferecem uma variedade de servi\u00e7os que podem ajud\u00e1-lo a encontrar o par perfeito. Eles tamb\u00e9m podem fornecer-lhe dicas e conselhos sobre como aproveitar ao m\u00e1ximo a sua rela\u00e7\u00e3o. A maioria destes sites s\u00e3o gratuitos para que possa navegar atrav\u00e9s deles a seu bel-prazer.<\/p>\n<h2>An\u00fancios sexuais gratuitos<\/h2>\n<p>Tem havido uma recente onda de <a href=\"http:\/\/thehottieandthenottie.com\/fuck-someone-near-you\/\">an\u00fancios sexuais locais<\/a> no mundo dos encontros. Isto deve-se, provavelmente, ao facto de as pessoas se sentirem mais confort\u00e1veis com a sua sexualidade e estarem mais abertas a explorar as suas op\u00e7\u00f5es. Estes an\u00fancios podem ser uma \u00f3tima maneira de se conectar com algu\u00e9m que partilha os seus interesses e desejos. Tamb\u00e9m podem ser uma \u00f3tima maneira de encontrar algu\u00e9m que esteja \u00e0 procura de algo um pouco mais casual. Se voc\u00ea est\u00e1 interessado em explorar suas op\u00e7\u00f5es, ent\u00e3o verificar an\u00fancios sexuais locais pode ser um \u00f3timo lugar para come\u00e7ar. Certifique-se de ser seguro e honesto sobre o que procura.<\/p>\n<h3>DoubleList<\/h3>\n<p>DoubleList \u00e9 uma nova aplica\u00e7\u00e3o de encontros que tem sido muito agitada ultimamente. A aplica\u00e7\u00e3o foi concebida para ajud\u00e1-lo a encontrar solteiros adultos locais at\u00e9 \u00e0 data e a con tualam-se. A aplica\u00e7\u00e3o \u00e9 gratuita para descarregar e usar, estando dispon\u00edvel tanto para dispositivos iOS como android. A aplica\u00e7\u00e3o DoubleList \u00e9 muito f\u00e1cil de navegar e f\u00e1cil de navegar. Pode navegar atrav\u00e9s de perfis de solteiros locais na sua \u00e1rea e ver as suas fotos e informa\u00e7\u00f5es. Quando encontrar algu\u00e9m que lhe interesse, pode enviar-lhe uma mensagem e come\u00e7ar a conversar. A aplica\u00e7\u00e3o tamb\u00e9m tem um sistema de chat incorporado para que possa conversar com os seus jogos em tempo real. A aplica\u00e7\u00e3o DoubleList \u00e9 uma \u00f3tima maneira de conhecer solteiros locais para namorar e namorar.<\/p>\n<h3>Badoo<\/h3>\n<p>Badoo \u00e9 uma aplica\u00e7\u00e3o de encontros que est\u00e1 a crescer em popularidade entre adultos que procuram encontros locais. A aplica\u00e7\u00e3o \u00e9 gratuita para descarregar e usar, e oferece uma variedade de funcionalidades que facilitam a liga\u00e7\u00e3o com potenciais jogos na sua \u00e1rea. Badoo tamb\u00e9m tem uma forte pol\u00edtica de privacidade, e \u00e9 uma das poucas aplica\u00e7\u00f5es de namoro que lhe permitem controlar quem pode ver o seu perfil. No geral, Badoo \u00e9 uma \u00f3tima op\u00e7\u00e3o para adultos que est\u00e3o procurando uma app de liga\u00e7\u00e3o que \u00e9 f\u00e1cil de usar e tem uma pol\u00edtica de privacidade forte.<\/p>\n<h3>Alt.com<\/h3>\n<p>Alt.com \u00e9 uma aplica\u00e7\u00e3o de encontros de pessoais para adultos locais que tem sido muito agitada ultimamente. A aplica\u00e7\u00e3o \u00e9 gratuita para descarregar e promete ajud\u00e1-lo a encontrar adultos locais para se encontrar. Mas ser\u00e1 que est\u00e1 \u00e0 altura do alarido?<\/p>\n<p>Decidi dar Alt.com uma tentativa e ver por mim mesmo. O processo de inscri\u00e7\u00e3o foi r\u00e1pido e f\u00e1cil, e eu estava logo a navegar pelos perfis de adultos locais. Fiquei surpreendida com quantos eram! Encontrei alguns f\u00f3sforos em potencial e conversei com eles por um tempo.<\/p>\n<p>No geral, fiquei impressionado com Alt.com. \u00c9 uma \u00f3tima maneira de conhecer adultos locais para encontros casuais. A aplica\u00e7\u00e3o \u00e9 f\u00e1cil de usar e h\u00e1 muitos utilizadores por onde escolher. Se est\u00e1 \u00e0 procura de uma nova aplica\u00e7\u00e3o de encontros para experimentar, recomendo dar Alt.com uma oportunidade.<\/p>\n","protected":false},"excerpt":{"rendered":"<p>N\u00e3o h\u00e1 necessidade de ir a um bar ou clube para pegar em compara\u00e7\u00e3o com quando voc\u00ea est\u00e1 usando pessoal adulto local. Tudo o que precisa fazer \u00e9 publicar um an\u00fancio pessoal on-line e pode encontrar-se com algu\u00e9m local na sua \u00e1rea sem sequer sair de casa. Podes ser t\u00e3o espec\u00edfico como quiseres no teu &#8230; <a title=\"Classificados gratuitos para adultos\" class=\"read-more\" href=\"http:\/\/thehottieandthenottie.com\/pt-pt\/classificados-gratuitos-para-adultos\/\" aria-label=\"Mais sobre Classificados gratuitos para adultos\">Ler mais<\/a><\/p>\n","protected":false},"author":1,"featured_media":0,"parent":0,"menu_order":0,"comment_status":"closed","ping_status":"closed","template":"","meta":[],"yoast_head":"<!-- This site is optimized with the Yoast SEO plugin v17.7.1 - https:\/\/yoast.com\/wordpress\/plugins\/seo\/ -->\n<title>Classificados gratuitos para adultos - Hotties Nas proximidades<\/title>\n<meta name=\"robots\" content=\"index, follow, max-snippet:-1, max-image-preview:large, max-video-preview:-1\" \/>\n<link rel=\"canonical\" href=\"http:\/\/thehottieandthenottie.com\/pt-pt\/classificados-gratuitos-para-adultos\/\" \/>\n<meta property=\"og:locale\" content=\"pt_PT\" \/>\n<meta property=\"og:type\" content=\"article\" \/>\n<meta property=\"og:title\" content=\"Classificados gratuitos para adultos - Hotties Nas proximidades\" \/>\n<meta property=\"og:description\" content=\"N\u00e3o h\u00e1 necessidade de ir a um bar ou clube para pegar em compara\u00e7\u00e3o com quando voc\u00ea est\u00e1 usando pessoal adulto local. Tudo o que precisa fazer \u00e9 publicar um an\u00fancio pessoal on-line e pode encontrar-se com algu\u00e9m local na sua \u00e1rea sem sequer sair de casa. Podes ser t\u00e3o espec\u00edfico como quiseres no teu ... Ler mais\" \/>\n<meta property=\"og:url\" content=\"http:\/\/thehottieandthenottie.com\/pt-pt\/classificados-gratuitos-para-adultos\/\" \/>\n<meta property=\"og:site_name\" content=\"Hotties Nas proximidades\" \/>\n<meta name=\"twitter:card\" content=\"summary_large_image\" \/>\n<meta name=\"twitter:label1\" content=\"Tempo estimado de leitura\" \/>\n\t<meta name=\"twitter:data1\" content=\"4 minutos\" \/>\n<script type=\"application\/ld+json\" class=\"yoast-schema-graph\">{\"@context\":\"https:\/\/schema.org\",\"@graph\":[{\"@type\":\"WebSite\",\"@id\":\"https:\/\/thehottieandthenottie.com\/#website\",\"url\":\"https:\/\/thehottieandthenottie.com\/\",\"name\":\"Hotties Nas proximidades\",\"description\":\"Conhe\\u00e7a as mulheres na sua \\u00e1rea\",\"potentialAction\":[{\"@type\":\"SearchAction\",\"target\":{\"@type\":\"EntryPoint\",\"urlTemplate\":\"https:\/\/thehottieandthenottie.com\/?s={search_term_string}\"},\"query-input\":\"required name=search_term_string\"}],\"inLanguage\":\"pt-PT\"},{\"@type\":\"WebPage\",\"@id\":\"http:\/\/thehottieandthenottie.com\/pt-pt\/classificados-gratuitos-para-adultos\/#webpage\",\"url\":\"http:\/\/thehottieandthenottie.com\/pt-pt\/classificados-gratuitos-para-adultos\/\",\"name\":\"Classificados gratuitos para adultos - Hotties Nas proximidades\",\"isPartOf\":{\"@id\":\"https:\/\/thehottieandthenottie.com\/#website\"},\"datePublished\":\"2022-09-30T11:56:42+00:00\",\"dateModified\":\"2022-09-30T11:56:42+00:00\",\"breadcrumb\":{\"@id\":\"http:\/\/thehottieandthenottie.com\/pt-pt\/classificados-gratuitos-para-adultos\/#breadcrumb\"},\"inLanguage\":\"pt-PT\",\"potentialAction\":[{\"@type\":\"ReadAction\",\"target\":[\"http:\/\/thehottieandthenottie.com\/pt-pt\/classificados-gratuitos-para-adultos\/\"]}]},{\"@type\":\"BreadcrumbList\",\"@id\":\"http:\/\/thehottieandthenottie.com\/pt-pt\/classificados-gratuitos-para-adultos\/#breadcrumb\",\"itemListElement\":[{\"@type\":\"ListItem\",\"position\":1,\"name\":\"Home\",\"item\":\"https:\/\/thehottieandthenottie.com\/pt-pt\/\"},{\"@type\":\"ListItem\",\"position\":2,\"name\":\"Classificados gratuitos para adultos\"}]}]}<\/script>\n<!-- \/ Yoast SEO plugin. -->","yoast_head_json":{"title":"Classificados gratuitos para adultos - Hotties Nas proximidades","robots":{"index":"index","follow":"follow","max-snippet":"max-snippet:-1","max-image-preview":"max-image-preview:large","max-video-preview":"max-video-preview:-1"},"canonical":"http:\/\/thehottieandthenottie.com\/pt-pt\/classificados-gratuitos-para-adultos\/","og_locale":"pt_PT","og_type":"article","og_title":"Classificados gratuitos para adultos - Hotties Nas proximidades","og_description":"N\u00e3o h\u00e1 necessidade de ir a um bar ou clube para pegar em compara\u00e7\u00e3o com quando voc\u00ea est\u00e1 usando pessoal adulto local. Tudo o que precisa fazer \u00e9 publicar um an\u00fancio pessoal on-line e pode encontrar-se com algu\u00e9m local na sua \u00e1rea sem sequer sair de casa. Podes ser t\u00e3o espec\u00edfico como quiseres no teu ... Ler mais","og_url":"http:\/\/thehottieandthenottie.com\/pt-pt\/classificados-gratuitos-para-adultos\/","og_site_name":"Hotties Nas proximidades","twitter_card":"summary_large_image","twitter_misc":{"Tempo estimado de leitura":"4 minutos"},"schema":{"@context":"https:\/\/schema.org","@graph":[{"@type":"WebSite","@id":"https:\/\/thehottieandthenottie.com\/#website","url":"https:\/\/thehottieandthenottie.com\/","name":"Hotties Nas proximidades","description":"Conhe\u00e7a as mulheres na sua \u00e1rea","potentialAction":[{"@type":"SearchAction","target":{"@type":"EntryPoint","urlTemplate":"https:\/\/thehottieandthenottie.com\/?s={search_term_string}"},"query-input":"required name=search_term_string"}],"inLanguage":"pt-PT"},{"@type":"WebPage","@id":"http:\/\/thehottieandthenottie.com\/pt-pt\/classificados-gratuitos-para-adultos\/#webpage","url":"http:\/\/thehottieandthenottie.com\/pt-pt\/classificados-gratuitos-para-adultos\/","name":"Classificados gratuitos para adultos - Hotties Nas proximidades","isPartOf":{"@id":"https:\/\/thehottieandthenottie.com\/#website"},"datePublished":"2022-09-30T11:56:42+00:00","dateModified":"2022-09-30T11:56:42+00:00","breadcrumb":{"@id":"http:\/\/thehottieandthenottie.com\/pt-pt\/classificados-gratuitos-para-adultos\/#breadcrumb"},"inLanguage":"pt-PT","potentialAction":[{"@type":"ReadAction","target":["http:\/\/thehottieandthenottie.com\/pt-pt\/classificados-gratuitos-para-adultos\/"]}]},{"@type":"BreadcrumbList","@id":"http:\/\/thehottieandthenottie.com\/pt-pt\/classificados-gratuitos-para-adultos\/#breadcrumb","itemListElement":[{"@type":"ListItem","position":1,"name":"Home","item":"https:\/\/thehottieandthenottie.com\/pt-pt\/"},{"@type":"ListItem","position":2,"name":"Classificados gratuitos para adultos"}]}]}},"_links":{"self":[{"href":"http:\/\/thehottieandthenottie.com\/pt-pt\/wp-json\/wp\/v2\/pages\/581"}],"collection":[{"href":"http:\/\/thehottieandthenottie.com\/pt-pt\/wp-json\/wp\/v2\/pages"}],"about":[{"href":"http:\/\/thehottieandthenottie.com\/pt-pt\/wp-json\/wp\/v2\/types\/page"}],"author":[{"embeddable":true,"href":"http:\/\/thehottieandthenottie.com\/pt-pt\/wp-json\/wp\/v2\/users\/1"}],"replies":[{"embeddable":true,"href":"http:\/\/thehottieandthenottie.com\/pt-pt\/wp-json\/wp\/v2\/comments?post=581"}],"version-history":[{"count":0,"href":"http:\/\/thehottieandthenottie.com\/pt-pt\/wp-json\/wp\/v2\/pages\/581\/revisions"}],"wp:attachment":[{"href":"http:\/\/thehottieandthenottie.com\/pt-pt\/wp-json\/wp\/v2\/media?parent=581"}],"curies":[{"name":"wp","href":"https:\/\/api.w.org\/{rel}","templated":true}]}}