{"id":583,"date":"2022-09-30T12:56:06","date_gmt":"2022-09-30T11:56:06","guid":{"rendered":"http:\/\/thehottieandthenottie.com\/foda-alguem-perto-de-voce\/"},"modified":"2022-09-30T12:56:06","modified_gmt":"2022-09-30T11:56:06","slug":"foda-alguem-perto-de-voce","status":"publish","type":"page","link":"http:\/\/thehottieandthenottie.com\/pt-pt\/foda-alguem-perto-de-voce\/","title":{"rendered":"Foda algu\u00e9m perto de voc\u00ea"},"content":{"rendered":"<p>Se est\u00e1s \u00e0 procura de encontros perto de ti, h\u00e1 algumas coisas que podes fazer para aumentar as hip\u00f3teses de encontrares algu\u00e9m. Primeiro, tente usar aplicativos de namoro ou sites que s\u00e3o especificamente para encontros. Estas podem ser uma \u00f3tima maneira de conhecer pessoas que tamb\u00e9m est\u00e3o procurando encontros casuais. Outra op\u00e7\u00e3o \u00e9 ir a bares ou clubes que s\u00e3o conhecidos por serem pontos de encontro. Finalmente, pode sempre perguntar para ver se algum dos seus amigos conhece algu\u00e9m que possa estar <a href=\"http:\/\/thehottieandthenottie.com\/bondage-dating\/\">interessado em namorar<\/a>.<\/p>\n<h2>Hookups gr\u00e1tis perto de mim<\/h2>\n<p>H\u00e1 muitos pontos de encontro perto de mim, desde bares e clubes a parques e outros espa\u00e7os p\u00fablicos. Se estou \u00e0 procura de um encontro casual, normalmente vou a um bar ou clube, onde h\u00e1 muitas pessoas por perto que tamb\u00e9m est\u00e3o \u00e0 procura de divers\u00e3o. Se estou \u00e0 procura de algo um pouco mais \u00edntimo, posso ir a um parque ou outro espa\u00e7o p\u00fablico onde possa estar a s\u00f3s com o meu par. De qualquer forma, h\u00e1 muitas op\u00e7\u00f5es para encontrar um bom ponto de encontro perto de mim.<\/p>\n<p>N\u00e3o h\u00e1 necessidade de tentar encontrar algu\u00e9m perto de si. S\u00ea tu mesmo e abre-te a novas experi\u00eancias. Nunca se sabe quem se pode conhecer e o que pode acontecer. Quem sabe, pode encontrar o amor da sua vida.<\/p>\n<h2>Namoro sexual local<\/h2>\n<p>H\u00e1 muitas manchas sexuais locais se estiveres \u00e0 procura de um lugar para sair. A biblioteca \u00e9 sempre uma boa aposta &#8211; apenas certifique-se de ficar quieto! Se te sentes um pouco mais aventureira, h\u00e1 sempre o parque depois de escurecer. Fica de olho na pol\u00edcia!<\/p>\n<h3>Rio Chatzy<\/h3>\n<p>Se est\u00e1s \u00e0 procura de uma nova aplica\u00e7\u00e3o de encontros, o Chatzy pode valer a pena verificar. A aplica\u00e7\u00e3o foi concebida para o ajudar a conectar-se com pessoas pr\u00f3ximas, para que possa conversar e at\u00e9 mesmo encontrar-se pessoalmente. A aplica\u00e7\u00e3o \u00e9 gratuita para descarregar e usar, e \u00e9 muito f\u00e1cil descobrir como us\u00e1-la. Crie um perfil e comece a conversar com pessoas da sua \u00e1rea.<\/p>\n<p>Ando a usar o Chatzy h\u00e1 algumas semanas e j\u00e1 tive boas experi\u00eancias com isso. Conheci pessoas muito legais e tive grandes conversas. A aplica\u00e7\u00e3o vale definitivamente a pena verificar se voc\u00ea est\u00e1 procurando por algo novo e diferente.<\/p>\n<h3>TinderMeets<\/h3>\n<p>Se procura uma nova aplica\u00e7\u00e3o de encontros para experimentar, considere o TinderMeets. \u00c9 uma aplica\u00e7\u00e3o popular com uma boa reputa\u00e7\u00e3o para ajudar as pessoas a encontrar encontros perto deles. A aplica\u00e7\u00e3o \u00e9 gratuita para descarregar e usar, e \u00e9 f\u00e1cil inscrever-se e come\u00e7ar. Pode navegar nos perfis, enviar mensagens e ver fotos de potenciais partidas na sua \u00e1rea. A aplica\u00e7\u00e3o tamb\u00e9m tem uma boa fun\u00e7\u00e3o de pesquisa, para que possa encontrar pessoas que cumpram os seus crit\u00e9rios espec\u00edficos. O TinderMeets \u00e9 uma \u00f3tima op\u00e7\u00e3o para pessoas que procuram uma nova forma de encontrar potenciais encontros perto deles.<\/p>\n<h3>Milfaholic<\/h3>\n<p>Se procura um encontro casual perto de si, Milfaholic \u00e9 uma \u00f3tima op\u00e7\u00e3o. A aplica\u00e7\u00e3o \u00e9 gratuita para descarregar e usar, e \u00e9 uma das aplica\u00e7\u00f5es de namoro mais populares por a\u00ed. \u00c9 f\u00e1cil de usar e \u00e9 \u00f3timo para encontrar encontros locais. A \u00fanica desvantagem \u00e9 que n\u00e3o \u00e9 a aplica\u00e7\u00e3o mais agrad\u00e1vel esteticamente l\u00e1 fora.<\/p>\n","protected":false},"excerpt":{"rendered":"<p>Se est\u00e1s \u00e0 procura de encontros perto de ti, h\u00e1 algumas coisas que podes fazer para aumentar as hip\u00f3teses de encontrares algu\u00e9m. Primeiro, tente usar aplicativos de namoro ou sites que s\u00e3o especificamente para encontros. Estas podem ser uma \u00f3tima maneira de conhecer pessoas que tamb\u00e9m est\u00e3o procurando encontros casuais. Outra op\u00e7\u00e3o \u00e9 ir a &#8230; <a title=\"Foda algu\u00e9m perto de voc\u00ea\" class=\"read-more\" href=\"http:\/\/thehottieandthenottie.com\/pt-pt\/foda-alguem-perto-de-voce\/\" aria-label=\"Mais sobre Foda algu\u00e9m perto de voc\u00ea\">Ler mais<\/a><\/p>\n","protected":false},"author":1,"featured_media":0,"parent":0,"menu_order":0,"comment_status":"closed","ping_status":"closed","template":"","meta":[],"yoast_head":"<!-- This site is optimized with the Yoast SEO plugin v17.7.1 - https:\/\/yoast.com\/wordpress\/plugins\/seo\/ -->\n<title>Foda algu\u00e9m perto de voc\u00ea - Hotties Nas proximidades<\/title>\n<meta name=\"robots\" content=\"index, follow, max-snippet:-1, max-image-preview:large, max-video-preview:-1\" \/>\n<link rel=\"canonical\" href=\"http:\/\/thehottieandthenottie.com\/pt-pt\/foda-alguem-perto-de-voce\/\" \/>\n<meta property=\"og:locale\" content=\"pt_PT\" \/>\n<meta property=\"og:type\" content=\"article\" \/>\n<meta property=\"og:title\" content=\"Foda algu\u00e9m perto de voc\u00ea - Hotties Nas proximidades\" \/>\n<meta property=\"og:description\" content=\"Se est\u00e1s \u00e0 procura de encontros perto de ti, h\u00e1 algumas coisas que podes fazer para aumentar as hip\u00f3teses de encontrares algu\u00e9m. Primeiro, tente usar aplicativos de namoro ou sites que s\u00e3o especificamente para encontros. Estas podem ser uma \u00f3tima maneira de conhecer pessoas que tamb\u00e9m est\u00e3o procurando encontros casuais. Outra op\u00e7\u00e3o \u00e9 ir a ... Ler mais\" \/>\n<meta property=\"og:url\" content=\"http:\/\/thehottieandthenottie.com\/pt-pt\/foda-alguem-perto-de-voce\/\" \/>\n<meta property=\"og:site_name\" content=\"Hotties Nas proximidades\" \/>\n<meta name=\"twitter:card\" content=\"summary_large_image\" \/>\n<meta name=\"twitter:label1\" content=\"Tempo estimado de leitura\" \/>\n\t<meta name=\"twitter:data1\" content=\"3 minutos\" \/>\n<script type=\"application\/ld+json\" class=\"yoast-schema-graph\">{\"@context\":\"https:\/\/schema.org\",\"@graph\":[{\"@type\":\"WebSite\",\"@id\":\"https:\/\/thehottieandthenottie.com\/#website\",\"url\":\"https:\/\/thehottieandthenottie.com\/\",\"name\":\"Hotties Nas proximidades\",\"description\":\"Conhe\\u00e7a as mulheres na sua \\u00e1rea\",\"potentialAction\":[{\"@type\":\"SearchAction\",\"target\":{\"@type\":\"EntryPoint\",\"urlTemplate\":\"https:\/\/thehottieandthenottie.com\/?s={search_term_string}\"},\"query-input\":\"required name=search_term_string\"}],\"inLanguage\":\"pt-PT\"},{\"@type\":\"WebPage\",\"@id\":\"http:\/\/thehottieandthenottie.com\/pt-pt\/foda-alguem-perto-de-voce\/#webpage\",\"url\":\"http:\/\/thehottieandthenottie.com\/pt-pt\/foda-alguem-perto-de-voce\/\",\"name\":\"Foda algu\\u00e9m perto de voc\\u00ea - Hotties Nas proximidades\",\"isPartOf\":{\"@id\":\"https:\/\/thehottieandthenottie.com\/#website\"},\"datePublished\":\"2022-09-30T11:56:06+00:00\",\"dateModified\":\"2022-09-30T11:56:06+00:00\",\"breadcrumb\":{\"@id\":\"http:\/\/thehottieandthenottie.com\/pt-pt\/foda-alguem-perto-de-voce\/#breadcrumb\"},\"inLanguage\":\"pt-PT\",\"potentialAction\":[{\"@type\":\"ReadAction\",\"target\":[\"http:\/\/thehottieandthenottie.com\/pt-pt\/foda-alguem-perto-de-voce\/\"]}]},{\"@type\":\"BreadcrumbList\",\"@id\":\"http:\/\/thehottieandthenottie.com\/pt-pt\/foda-alguem-perto-de-voce\/#breadcrumb\",\"itemListElement\":[{\"@type\":\"ListItem\",\"position\":1,\"name\":\"Home\",\"item\":\"https:\/\/thehottieandthenottie.com\/pt-pt\/\"},{\"@type\":\"ListItem\",\"position\":2,\"name\":\"Foda algu\\u00e9m perto de voc\\u00ea\"}]}]}<\/script>\n<!-- \/ Yoast SEO plugin. -->","yoast_head_json":{"title":"Foda algu\u00e9m perto de voc\u00ea - Hotties Nas proximidades","robots":{"index":"index","follow":"follow","max-snippet":"max-snippet:-1","max-image-preview":"max-image-preview:large","max-video-preview":"max-video-preview:-1"},"canonical":"http:\/\/thehottieandthenottie.com\/pt-pt\/foda-alguem-perto-de-voce\/","og_locale":"pt_PT","og_type":"article","og_title":"Foda algu\u00e9m perto de voc\u00ea - Hotties Nas proximidades","og_description":"Se est\u00e1s \u00e0 procura de encontros perto de ti, h\u00e1 algumas coisas que podes fazer para aumentar as hip\u00f3teses de encontrares algu\u00e9m. Primeiro, tente usar aplicativos de namoro ou sites que s\u00e3o especificamente para encontros. Estas podem ser uma \u00f3tima maneira de conhecer pessoas que tamb\u00e9m est\u00e3o procurando encontros casuais. Outra op\u00e7\u00e3o \u00e9 ir a ... Ler mais","og_url":"http:\/\/thehottieandthenottie.com\/pt-pt\/foda-alguem-perto-de-voce\/","og_site_name":"Hotties Nas proximidades","twitter_card":"summary_large_image","twitter_misc":{"Tempo estimado de leitura":"3 minutos"},"schema":{"@context":"https:\/\/schema.org","@graph":[{"@type":"WebSite","@id":"https:\/\/thehottieandthenottie.com\/#website","url":"https:\/\/thehottieandthenottie.com\/","name":"Hotties Nas proximidades","description":"Conhe\u00e7a as mulheres na sua \u00e1rea","potentialAction":[{"@type":"SearchAction","target":{"@type":"EntryPoint","urlTemplate":"https:\/\/thehottieandthenottie.com\/?s={search_term_string}"},"query-input":"required name=search_term_string"}],"inLanguage":"pt-PT"},{"@type":"WebPage","@id":"http:\/\/thehottieandthenottie.com\/pt-pt\/foda-alguem-perto-de-voce\/#webpage","url":"http:\/\/thehottieandthenottie.com\/pt-pt\/foda-alguem-perto-de-voce\/","name":"Foda algu\u00e9m perto de voc\u00ea - Hotties Nas proximidades","isPartOf":{"@id":"https:\/\/thehottieandthenottie.com\/#website"},"datePublished":"2022-09-30T11:56:06+00:00","dateModified":"2022-09-30T11:56:06+00:00","breadcrumb":{"@id":"http:\/\/thehottieandthenottie.com\/pt-pt\/foda-alguem-perto-de-voce\/#breadcrumb"},"inLanguage":"pt-PT","potentialAction":[{"@type":"ReadAction","target":["http:\/\/thehottieandthenottie.com\/pt-pt\/foda-alguem-perto-de-voce\/"]}]},{"@type":"BreadcrumbList","@id":"http:\/\/thehottieandthenottie.com\/pt-pt\/foda-alguem-perto-de-voce\/#breadcrumb","itemListElement":[{"@type":"ListItem","position":1,"name":"Home","item":"https:\/\/thehottieandthenottie.com\/pt-pt\/"},{"@type":"ListItem","position":2,"name":"Foda algu\u00e9m perto de voc\u00ea"}]}]}},"_links":{"self":[{"href":"http:\/\/thehottieandthenottie.com\/pt-pt\/wp-json\/wp\/v2\/pages\/583"}],"collection":[{"href":"http:\/\/thehottieandthenottie.com\/pt-pt\/wp-json\/wp\/v2\/pages"}],"about":[{"href":"http:\/\/thehottieandthenottie.com\/pt-pt\/wp-json\/wp\/v2\/types\/page"}],"author":[{"embeddable":true,"href":"http:\/\/thehottieandthenottie.com\/pt-pt\/wp-json\/wp\/v2\/users\/1"}],"replies":[{"embeddable":true,"href":"http:\/\/thehottieandthenottie.com\/pt-pt\/wp-json\/wp\/v2\/comments?post=583"}],"version-history":[{"count":0,"href":"http:\/\/thehottieandthenottie.com\/pt-pt\/wp-json\/wp\/v2\/pages\/583\/revisions"}],"wp:attachment":[{"href":"http:\/\/thehottieandthenottie.com\/pt-pt\/wp-json\/wp\/v2\/media?parent=583"}],"curies":[{"name":"wp","href":"https:\/\/api.w.org\/{rel}","templated":true}]}}