{"id":596,"date":"2022-09-30T12:55:30","date_gmt":"2022-09-30T11:55:30","guid":{"rendered":"http:\/\/thehottieandthenottie.com\/namoro-com-bondage\/"},"modified":"2022-09-30T12:55:30","modified_gmt":"2022-09-30T11:55:30","slug":"namoro-com-bondage","status":"publish","type":"page","link":"http:\/\/thehottieandthenottie.com\/pt-pt\/namoro-com-bondage\/","title":{"rendered":"Namoro com bondage"},"content":{"rendered":"<p>H\u00e1 algo no anonimato de uma sala de chat que realmente faz as pessoas falarem sobre as suas dobradi\u00e7as e fetiches. Se gosta de escravid\u00e3o, h\u00e1 muitas salas de chat por a\u00ed onde pode explorar os seus interesses com pessoas do mesmo tipo.<\/p>\n<p>Podes encontrar salas de chat para todo o tipo de pervers\u00f5es e fetiches, por isso tens a certeza que vais encontrar uma que seja certa para ti. Lembra-te de ser seguro e respeitoso quando estiveres a falar com algu\u00e9m novo. E quem sabe, podes encontrar o teu parceiro perfeito numa destas salas de chat. Namoro de bondage refere-se \u00e0 pr\u00e1tica de desfrutar de rela\u00e7\u00f5es f\u00edsicas e emocionais \u00edntimas com algu\u00e9m que gosta de conter o seu parceiro. Isto pode envolver algemas, cordas, morda\u00e7as, vendadas e outros tipos de restri\u00e7\u00f5es. Pode ser uma forma divertida e excitante de adicionar um pouco de especiaria \u00e0 sua rela\u00e7\u00e3o. No entanto, \u00e9 importante ser seguro e consensual quando se envolve em jogos de escravid\u00e3o.<\/p>\n<h2>Sites de liga\u00e7\u00e3o bdsm<\/h2>\n<p>N\u00e3o h\u00e1 resposta para esta pergunta- as experi\u00eancias de todos ser\u00e3o diferentes. No entanto, se estiver interessado em explorar liga\u00e7\u00f5es com bDSM, h\u00e1 algumas coisas que pode ter em mente. Primeiro, \u00e9 importante ser claro sobre o que procura e quais s\u00e3o os seus limites. Tamb\u00e9m \u00e9 uma boa ideia comunicar previamente com o seu potencial parceiro para ter a certeza de que est\u00e1 na mesma p\u00e1gina. Uma vez que encontre algu\u00e9m com quem seja compat\u00edvel, \u00e9 importante confiar nos seus instintos e seguir o seu instinto. Por \u00faltimo, certifique-se de se divertir e divertir-se!<\/p>\n<h2>Namoro fetiche<\/h2>\n<p>Fetish meet sites pode ser uma \u00f3tima maneira para pessoas com fetiches espec\u00edficos se conectarem com outros que compartilham seus interesses. Estes sites podem ajudar as pessoas a encontrar parceiros para encontros, relacionamentos ou at\u00e9 mesmo apenas encontros casuais. Enquanto algumas pessoas podem ver fetiches como estranhos ou estranhos, n\u00e3o h\u00e1 nada de errado em ter um. Todos s\u00e3o diferentes e n\u00e3o h\u00e1 vergonha em desfrutar de algo que pode ser considerado tabu. Os sites de encontro de fetiches podem proporcionar um ambiente seguro e acolhedor para as pessoas explorarem a sua sexualidade e encontrarem parceiros semelhantes.<\/p>\n<h3>HeatedAffairs<\/h3>\n<p>Heated Affairs \u00e9 uma aplica\u00e7\u00e3o de encontros online que atende pessoas interessadas em salas de chat de bondage. A aplica\u00e7\u00e3o \u00e9 f\u00e1cil de usar e tem muitas funcionalidades que a tornam uma \u00f3tima escolha para pessoas que procuram uma forma de se conectarem com outros que partilham os seus interesses. A aplica\u00e7\u00e3o \u00e9 gratuita para descarregar e usar, e oferece uma grande variedade de funcionalidades que a tornam uma \u00f3tima op\u00e7\u00e3o para pessoas que procuram uma forma de se conectarem com outros que partilham os seus interesses.<\/p>\n<h3>Avenida Chat<\/h3>\n<p>Se procura uma sala de chat especificamente projetada para pessoas interessadas em escravid\u00e3o, ent\u00e3o deve verificar a sala de chat da Chat Avenue. Esta sala de chat est\u00e1 cheia de pessoas que procuram explorar o seu lado exc\u00eantrico, e \u00e9 um \u00f3timo lugar para encontrar algu\u00e9m com quem conversar sobre os seus interesses comuns. A sala de chat \u00e9 moderada para que se sinta segura discutindo os seus interesses com os outros, e tamb\u00e9m pode encontrar pessoas com quem conversar que partilham os seus fetiches exc\u00eantricos.<\/p>\n<h3>BeNaughty<\/h3>\n<p>BeNaughty \u00e9 uma aplica\u00e7\u00e3o de encontros especificamente projetada para pessoas que est\u00e3o interessadas em salas de chat de bondage. A aplica\u00e7\u00e3o \u00e9 muito amig\u00e1vel para o utilizador e torna f\u00e1cil encontrar pessoas que partilhem os seus interesses. A aplica\u00e7\u00e3o tamb\u00e9m possui muitas funcionalidades que facilitam a liga\u00e7\u00e3o com outros utilizadores. No geral, BeNaughty \u00e9 uma \u00f3tima op\u00e7\u00e3o para pessoas que est\u00e3o interessadas em salas de chat de bondage.<\/p>\n","protected":false},"excerpt":{"rendered":"<p>H\u00e1 algo no anonimato de uma sala de chat que realmente faz as pessoas falarem sobre as suas dobradi\u00e7as e fetiches. Se gosta de escravid\u00e3o, h\u00e1 muitas salas de chat por a\u00ed onde pode explorar os seus interesses com pessoas do mesmo tipo. Podes encontrar salas de chat para todo o tipo de pervers\u00f5es e &#8230; <a title=\"Namoro com bondage\" class=\"read-more\" href=\"http:\/\/thehottieandthenottie.com\/pt-pt\/namoro-com-bondage\/\" aria-label=\"Mais sobre Namoro com bondage\">Ler mais<\/a><\/p>\n","protected":false},"author":1,"featured_media":0,"parent":0,"menu_order":0,"comment_status":"closed","ping_status":"closed","template":"","meta":[],"yoast_head":"<!-- This site is optimized with the Yoast SEO plugin v17.7.1 - https:\/\/yoast.com\/wordpress\/plugins\/seo\/ -->\n<title>Namoro com bondage - Hotties Nas proximidades<\/title>\n<meta name=\"robots\" content=\"index, follow, max-snippet:-1, max-image-preview:large, max-video-preview:-1\" \/>\n<link rel=\"canonical\" href=\"http:\/\/thehottieandthenottie.com\/pt-pt\/namoro-com-bondage\/\" \/>\n<meta property=\"og:locale\" content=\"pt_PT\" \/>\n<meta property=\"og:type\" content=\"article\" \/>\n<meta property=\"og:title\" content=\"Namoro com bondage - Hotties Nas proximidades\" \/>\n<meta property=\"og:description\" content=\"H\u00e1 algo no anonimato de uma sala de chat que realmente faz as pessoas falarem sobre as suas dobradi\u00e7as e fetiches. Se gosta de escravid\u00e3o, h\u00e1 muitas salas de chat por a\u00ed onde pode explorar os seus interesses com pessoas do mesmo tipo. Podes encontrar salas de chat para todo o tipo de pervers\u00f5es e ... Ler mais\" \/>\n<meta property=\"og:url\" content=\"http:\/\/thehottieandthenottie.com\/pt-pt\/namoro-com-bondage\/\" \/>\n<meta property=\"og:site_name\" content=\"Hotties Nas proximidades\" \/>\n<meta name=\"twitter:card\" content=\"summary_large_image\" \/>\n<meta name=\"twitter:label1\" content=\"Tempo estimado de leitura\" \/>\n\t<meta name=\"twitter:data1\" content=\"3 minutos\" \/>\n<script type=\"application\/ld+json\" class=\"yoast-schema-graph\">{\"@context\":\"https:\/\/schema.org\",\"@graph\":[{\"@type\":\"WebSite\",\"@id\":\"https:\/\/thehottieandthenottie.com\/#website\",\"url\":\"https:\/\/thehottieandthenottie.com\/\",\"name\":\"Hotties Nas proximidades\",\"description\":\"Conhe\\u00e7a as mulheres na sua \\u00e1rea\",\"potentialAction\":[{\"@type\":\"SearchAction\",\"target\":{\"@type\":\"EntryPoint\",\"urlTemplate\":\"https:\/\/thehottieandthenottie.com\/?s={search_term_string}\"},\"query-input\":\"required name=search_term_string\"}],\"inLanguage\":\"pt-PT\"},{\"@type\":\"WebPage\",\"@id\":\"http:\/\/thehottieandthenottie.com\/pt-pt\/namoro-com-bondage\/#webpage\",\"url\":\"http:\/\/thehottieandthenottie.com\/pt-pt\/namoro-com-bondage\/\",\"name\":\"Namoro com bondage - Hotties Nas proximidades\",\"isPartOf\":{\"@id\":\"https:\/\/thehottieandthenottie.com\/#website\"},\"datePublished\":\"2022-09-30T11:55:30+00:00\",\"dateModified\":\"2022-09-30T11:55:30+00:00\",\"breadcrumb\":{\"@id\":\"http:\/\/thehottieandthenottie.com\/pt-pt\/namoro-com-bondage\/#breadcrumb\"},\"inLanguage\":\"pt-PT\",\"potentialAction\":[{\"@type\":\"ReadAction\",\"target\":[\"http:\/\/thehottieandthenottie.com\/pt-pt\/namoro-com-bondage\/\"]}]},{\"@type\":\"BreadcrumbList\",\"@id\":\"http:\/\/thehottieandthenottie.com\/pt-pt\/namoro-com-bondage\/#breadcrumb\",\"itemListElement\":[{\"@type\":\"ListItem\",\"position\":1,\"name\":\"Home\",\"item\":\"https:\/\/thehottieandthenottie.com\/pt-pt\/\"},{\"@type\":\"ListItem\",\"position\":2,\"name\":\"Namoro com bondage\"}]}]}<\/script>\n<!-- \/ Yoast SEO plugin. -->","yoast_head_json":{"title":"Namoro com bondage - Hotties Nas proximidades","robots":{"index":"index","follow":"follow","max-snippet":"max-snippet:-1","max-image-preview":"max-image-preview:large","max-video-preview":"max-video-preview:-1"},"canonical":"http:\/\/thehottieandthenottie.com\/pt-pt\/namoro-com-bondage\/","og_locale":"pt_PT","og_type":"article","og_title":"Namoro com bondage - Hotties Nas proximidades","og_description":"H\u00e1 algo no anonimato de uma sala de chat que realmente faz as pessoas falarem sobre as suas dobradi\u00e7as e fetiches. Se gosta de escravid\u00e3o, h\u00e1 muitas salas de chat por a\u00ed onde pode explorar os seus interesses com pessoas do mesmo tipo. Podes encontrar salas de chat para todo o tipo de pervers\u00f5es e ... Ler mais","og_url":"http:\/\/thehottieandthenottie.com\/pt-pt\/namoro-com-bondage\/","og_site_name":"Hotties Nas proximidades","twitter_card":"summary_large_image","twitter_misc":{"Tempo estimado de leitura":"3 minutos"},"schema":{"@context":"https:\/\/schema.org","@graph":[{"@type":"WebSite","@id":"https:\/\/thehottieandthenottie.com\/#website","url":"https:\/\/thehottieandthenottie.com\/","name":"Hotties Nas proximidades","description":"Conhe\u00e7a as mulheres na sua \u00e1rea","potentialAction":[{"@type":"SearchAction","target":{"@type":"EntryPoint","urlTemplate":"https:\/\/thehottieandthenottie.com\/?s={search_term_string}"},"query-input":"required name=search_term_string"}],"inLanguage":"pt-PT"},{"@type":"WebPage","@id":"http:\/\/thehottieandthenottie.com\/pt-pt\/namoro-com-bondage\/#webpage","url":"http:\/\/thehottieandthenottie.com\/pt-pt\/namoro-com-bondage\/","name":"Namoro com bondage - Hotties Nas proximidades","isPartOf":{"@id":"https:\/\/thehottieandthenottie.com\/#website"},"datePublished":"2022-09-30T11:55:30+00:00","dateModified":"2022-09-30T11:55:30+00:00","breadcrumb":{"@id":"http:\/\/thehottieandthenottie.com\/pt-pt\/namoro-com-bondage\/#breadcrumb"},"inLanguage":"pt-PT","potentialAction":[{"@type":"ReadAction","target":["http:\/\/thehottieandthenottie.com\/pt-pt\/namoro-com-bondage\/"]}]},{"@type":"BreadcrumbList","@id":"http:\/\/thehottieandthenottie.com\/pt-pt\/namoro-com-bondage\/#breadcrumb","itemListElement":[{"@type":"ListItem","position":1,"name":"Home","item":"https:\/\/thehottieandthenottie.com\/pt-pt\/"},{"@type":"ListItem","position":2,"name":"Namoro com bondage"}]}]}},"_links":{"self":[{"href":"http:\/\/thehottieandthenottie.com\/pt-pt\/wp-json\/wp\/v2\/pages\/596"}],"collection":[{"href":"http:\/\/thehottieandthenottie.com\/pt-pt\/wp-json\/wp\/v2\/pages"}],"about":[{"href":"http:\/\/thehottieandthenottie.com\/pt-pt\/wp-json\/wp\/v2\/types\/page"}],"author":[{"embeddable":true,"href":"http:\/\/thehottieandthenottie.com\/pt-pt\/wp-json\/wp\/v2\/users\/1"}],"replies":[{"embeddable":true,"href":"http:\/\/thehottieandthenottie.com\/pt-pt\/wp-json\/wp\/v2\/comments?post=596"}],"version-history":[{"count":0,"href":"http:\/\/thehottieandthenottie.com\/pt-pt\/wp-json\/wp\/v2\/pages\/596\/revisions"}],"wp:attachment":[{"href":"http:\/\/thehottieandthenottie.com\/pt-pt\/wp-json\/wp\/v2\/media?parent=596"}],"curies":[{"name":"wp","href":"https:\/\/api.w.org\/{rel}","templated":true}]}}