{"id":618,"date":"2022-09-30T12:54:32","date_gmt":"2022-09-30T11:54:32","guid":{"rendered":"http:\/\/thehottieandthenottie.com\/sites-de-ligacao-sexual\/"},"modified":"2022-09-30T12:54:32","modified_gmt":"2022-09-30T11:54:32","slug":"sites-de-ligacao-sexual","status":"publish","type":"page","link":"http:\/\/thehottieandthenottie.com\/pt-pt\/sites-de-ligacao-sexual\/","title":{"rendered":"Sites de liga\u00e7\u00e3o sexual"},"content":{"rendered":"<p>H\u00e1 muitos sites de mensagens sexuais gr\u00e1tis por a\u00ed, mas nem todos valem a pena usar. Se procura um site que o ajude a se encontrar com algu\u00e9m, quer ter certeza de que tem uma boa reputa\u00e7\u00e3o e que \u00e9 f\u00e1cil de usar. Tamb\u00e9m queres ter a certeza que o site tem muitos membros para que seja mais prov\u00e1vel encontrar algu\u00e9m compat\u00edvel consigo.<\/p>\n<h2>Hookup sexual gratuito<\/h2>\n<p>H\u00e1 muitos equ\u00edvocos por a\u00ed sobre encontros sexuais livres. Muitas pessoas pensam que \u00e9 tudo sobre encontrar algu\u00e9m com quem fazer sexo sem ter que se comprometer emocionalmente ou financeiramente. Mas n\u00e3o \u00e9 disso que se trata um encontro sexual livre. Namoro sexual livre \u00e9 sobre encontrar algu\u00e9m por quem te sentes fisicamente e emocionalmente atra\u00eddo e que tamb\u00e9m te atrai. Trata-se de fazer sexo com algu\u00e9m sem ter de se preocupar com as consequ\u00eancias que surgem com uma rela\u00e7\u00e3o tradicional. Claro que h\u00e1 alguns riscos envolvidos em encontros sexuais gratuitos. Podes acabar por ficar emocionalmente ligado a algu\u00e9m com quem n\u00e3o \u00e9s realmente compat\u00edvel. E h\u00e1 sempre a possibilidade de apanhar uma DST. Mas se est\u00e1s disposto a correr esses riscos, namorar sexo gr\u00e1tis pode ser muito divertido. Pode ser uma \u00f3tima maneira de explorar a sua sexualidade e descobrir o que realmente procura num parceiro.<\/p>\n<p>N\u00e3o h\u00e1 nada melhor do que encontrar o amor, e se est\u00e1s \u00e0 procura de sexo gr\u00e1tis, ent\u00e3o devias definitivamente ver &#8220;Free Sex Meet Up&#8221;. Este site \u00e9 perfeito para pessoas que n\u00e3o procuram sexo ligado a cordas, e voc\u00ea pode encontrar pessoas na sua \u00e1rea que est\u00e3o procurando a mesma coisa. Tudo o que precisa fazer \u00e9 criar um perfil e come\u00e7ar a procurar pessoas que procuram sexo gr\u00e1tis. Voc\u00ea tamb\u00e9m pode usar o site para encontrar pessoas que est\u00e3o procurando uma rela\u00e7\u00e3o, e voc\u00ea pode at\u00e9 encontrar pessoas que est\u00e3o procurando algo mais casual. O que quer que estejas \u00e0 procura, podes encontr\u00e1-lo no Free Sex Meet Up.<\/p>\n<h2>Chat Sexual Gr\u00e1tis<\/h2>\n<p>H\u00e1 muitas pessoas l\u00e1 fora que est\u00e3o a fazer mensagens de sexo gr\u00e1tis. \u00c9 aqui que pode enviar mensagens sexualmente expl\u00edcitas a algu\u00e9m em troca. Esta pode ser uma \u00f3tima maneira de conhecer algu\u00e9m sexualmente sem ter que realmente se encontrar com ela pessoalmente. Tamb\u00e9m pode ser uma \u00f3tima maneira de ter alguma tens\u00e3o sexual l\u00e1 fora antes de se encontrar com algu\u00e9m em pessoa.<\/p>\n<h3>SwingLifestyle<\/h3>\n<p>SwingLifestyle \u00e9 um site de mensagens sexuais gratuito que permite conectar-se com pessoas com ideias semelhantes para encontros casuais ou mais. O site j\u00e1 existe h\u00e1 algum tempo e tem uma boa reputa\u00e7\u00e3o por ser um lugar seguro para se encontrar com pessoas. A aplica\u00e7\u00e3o \u00e9 f\u00e1cil de usar e tem muitas funcionalidades que a tornam uma \u00f3tima escolha para pessoas que procuram um site de mensagens sexuais gratuitas. A \u00fanica desvantagem \u00e9 que o site n\u00e3o \u00e9 t\u00e3o popular como alguns dos outros sites de mensagens sexuais gr\u00e1tis l\u00e1 fora.<\/p>\n<h3>XPickup<\/h3>\n<p>Se procura um site de mensagens sexuais gr\u00e1tis, o XPickup \u00e9 uma \u00f3tima op\u00e7\u00e3o. A aplica\u00e7\u00e3o \u00e9 f\u00e1cil de usar e tem muitas funcionalidades que fazem dela uma \u00f3tima escolha para quem procura uma liga\u00e7\u00e3o casual. A fun\u00e7\u00e3o de pesquisa \u00e9 particularmente \u00fatil, pois permite-lhe encontrar pessoas na sua \u00e1rea que procuram o mesmo que voc\u00ea. A aplica\u00e7\u00e3o tamb\u00e9m tem um \u00f3timo sistema de mensagens, o que facilita manter o contacto com potenciais liga\u00e7\u00f5es. No geral, xPickup \u00e9 uma \u00f3tima escolha para quem procura um site de liga\u00e7\u00e3o casual.<\/p>\n<h3>Alt.com<\/h3>\n<p>Alt.com \u00e9 um site de mensagens sexuais gratuito que lhe permite enviar e receber mensagens com outros membros. O site tem uma grande base de membros e \u00e9 f\u00e1cil de usar. No entanto, o site n\u00e3o tem muitas funcionalidades e n\u00e3o \u00e9 muito f\u00e1cil de utilizar.<\/p>\n","protected":false},"excerpt":{"rendered":"<p>H\u00e1 muitos sites de mensagens sexuais gr\u00e1tis por a\u00ed, mas nem todos valem a pena usar. Se procura um site que o ajude a se encontrar com algu\u00e9m, quer ter certeza de que tem uma boa reputa\u00e7\u00e3o e que \u00e9 f\u00e1cil de usar. Tamb\u00e9m queres ter a certeza que o site tem muitos membros para &#8230; <a title=\"Sites de liga\u00e7\u00e3o sexual\" class=\"read-more\" href=\"http:\/\/thehottieandthenottie.com\/pt-pt\/sites-de-ligacao-sexual\/\" aria-label=\"Mais sobre Sites de liga\u00e7\u00e3o sexual\">Ler mais<\/a><\/p>\n","protected":false},"author":1,"featured_media":0,"parent":0,"menu_order":0,"comment_status":"closed","ping_status":"closed","template":"","meta":[],"yoast_head":"<!-- This site is optimized with the Yoast SEO plugin v17.7.1 - https:\/\/yoast.com\/wordpress\/plugins\/seo\/ -->\n<title>Sites de liga\u00e7\u00e3o sexual - Hotties Nas proximidades<\/title>\n<meta name=\"robots\" content=\"index, follow, max-snippet:-1, max-image-preview:large, max-video-preview:-1\" \/>\n<link rel=\"canonical\" href=\"http:\/\/thehottieandthenottie.com\/pt-pt\/sites-de-ligacao-sexual\/\" \/>\n<meta property=\"og:locale\" content=\"pt_PT\" \/>\n<meta property=\"og:type\" content=\"article\" \/>\n<meta property=\"og:title\" content=\"Sites de liga\u00e7\u00e3o sexual - Hotties Nas proximidades\" \/>\n<meta property=\"og:description\" content=\"H\u00e1 muitos sites de mensagens sexuais gr\u00e1tis por a\u00ed, mas nem todos valem a pena usar. Se procura um site que o ajude a se encontrar com algu\u00e9m, quer ter certeza de que tem uma boa reputa\u00e7\u00e3o e que \u00e9 f\u00e1cil de usar. Tamb\u00e9m queres ter a certeza que o site tem muitos membros para ... Ler mais\" \/>\n<meta property=\"og:url\" content=\"http:\/\/thehottieandthenottie.com\/pt-pt\/sites-de-ligacao-sexual\/\" \/>\n<meta property=\"og:site_name\" content=\"Hotties Nas proximidades\" \/>\n<meta name=\"twitter:card\" content=\"summary_large_image\" \/>\n<meta name=\"twitter:label1\" content=\"Tempo estimado de leitura\" \/>\n\t<meta name=\"twitter:data1\" content=\"3 minutos\" \/>\n<script type=\"application\/ld+json\" class=\"yoast-schema-graph\">{\"@context\":\"https:\/\/schema.org\",\"@graph\":[{\"@type\":\"WebSite\",\"@id\":\"https:\/\/thehottieandthenottie.com\/#website\",\"url\":\"https:\/\/thehottieandthenottie.com\/\",\"name\":\"Hotties Nas proximidades\",\"description\":\"Conhe\\u00e7a as mulheres na sua \\u00e1rea\",\"potentialAction\":[{\"@type\":\"SearchAction\",\"target\":{\"@type\":\"EntryPoint\",\"urlTemplate\":\"https:\/\/thehottieandthenottie.com\/?s={search_term_string}\"},\"query-input\":\"required name=search_term_string\"}],\"inLanguage\":\"pt-PT\"},{\"@type\":\"WebPage\",\"@id\":\"http:\/\/thehottieandthenottie.com\/pt-pt\/sites-de-ligacao-sexual\/#webpage\",\"url\":\"http:\/\/thehottieandthenottie.com\/pt-pt\/sites-de-ligacao-sexual\/\",\"name\":\"Sites de liga\\u00e7\\u00e3o sexual - Hotties Nas proximidades\",\"isPartOf\":{\"@id\":\"https:\/\/thehottieandthenottie.com\/#website\"},\"datePublished\":\"2022-09-30T11:54:32+00:00\",\"dateModified\":\"2022-09-30T11:54:32+00:00\",\"breadcrumb\":{\"@id\":\"http:\/\/thehottieandthenottie.com\/pt-pt\/sites-de-ligacao-sexual\/#breadcrumb\"},\"inLanguage\":\"pt-PT\",\"potentialAction\":[{\"@type\":\"ReadAction\",\"target\":[\"http:\/\/thehottieandthenottie.com\/pt-pt\/sites-de-ligacao-sexual\/\"]}]},{\"@type\":\"BreadcrumbList\",\"@id\":\"http:\/\/thehottieandthenottie.com\/pt-pt\/sites-de-ligacao-sexual\/#breadcrumb\",\"itemListElement\":[{\"@type\":\"ListItem\",\"position\":1,\"name\":\"Home\",\"item\":\"https:\/\/thehottieandthenottie.com\/pt-pt\/\"},{\"@type\":\"ListItem\",\"position\":2,\"name\":\"Sites de liga\\u00e7\\u00e3o sexual\"}]}]}<\/script>\n<!-- \/ Yoast SEO plugin. -->","yoast_head_json":{"title":"Sites de liga\u00e7\u00e3o sexual - Hotties Nas proximidades","robots":{"index":"index","follow":"follow","max-snippet":"max-snippet:-1","max-image-preview":"max-image-preview:large","max-video-preview":"max-video-preview:-1"},"canonical":"http:\/\/thehottieandthenottie.com\/pt-pt\/sites-de-ligacao-sexual\/","og_locale":"pt_PT","og_type":"article","og_title":"Sites de liga\u00e7\u00e3o sexual - Hotties Nas proximidades","og_description":"H\u00e1 muitos sites de mensagens sexuais gr\u00e1tis por a\u00ed, mas nem todos valem a pena usar. Se procura um site que o ajude a se encontrar com algu\u00e9m, quer ter certeza de que tem uma boa reputa\u00e7\u00e3o e que \u00e9 f\u00e1cil de usar. Tamb\u00e9m queres ter a certeza que o site tem muitos membros para ... Ler mais","og_url":"http:\/\/thehottieandthenottie.com\/pt-pt\/sites-de-ligacao-sexual\/","og_site_name":"Hotties Nas proximidades","twitter_card":"summary_large_image","twitter_misc":{"Tempo estimado de leitura":"3 minutos"},"schema":{"@context":"https:\/\/schema.org","@graph":[{"@type":"WebSite","@id":"https:\/\/thehottieandthenottie.com\/#website","url":"https:\/\/thehottieandthenottie.com\/","name":"Hotties Nas proximidades","description":"Conhe\u00e7a as mulheres na sua \u00e1rea","potentialAction":[{"@type":"SearchAction","target":{"@type":"EntryPoint","urlTemplate":"https:\/\/thehottieandthenottie.com\/?s={search_term_string}"},"query-input":"required name=search_term_string"}],"inLanguage":"pt-PT"},{"@type":"WebPage","@id":"http:\/\/thehottieandthenottie.com\/pt-pt\/sites-de-ligacao-sexual\/#webpage","url":"http:\/\/thehottieandthenottie.com\/pt-pt\/sites-de-ligacao-sexual\/","name":"Sites de liga\u00e7\u00e3o sexual - Hotties Nas proximidades","isPartOf":{"@id":"https:\/\/thehottieandthenottie.com\/#website"},"datePublished":"2022-09-30T11:54:32+00:00","dateModified":"2022-09-30T11:54:32+00:00","breadcrumb":{"@id":"http:\/\/thehottieandthenottie.com\/pt-pt\/sites-de-ligacao-sexual\/#breadcrumb"},"inLanguage":"pt-PT","potentialAction":[{"@type":"ReadAction","target":["http:\/\/thehottieandthenottie.com\/pt-pt\/sites-de-ligacao-sexual\/"]}]},{"@type":"BreadcrumbList","@id":"http:\/\/thehottieandthenottie.com\/pt-pt\/sites-de-ligacao-sexual\/#breadcrumb","itemListElement":[{"@type":"ListItem","position":1,"name":"Home","item":"https:\/\/thehottieandthenottie.com\/pt-pt\/"},{"@type":"ListItem","position":2,"name":"Sites de liga\u00e7\u00e3o sexual"}]}]}},"_links":{"self":[{"href":"http:\/\/thehottieandthenottie.com\/pt-pt\/wp-json\/wp\/v2\/pages\/618"}],"collection":[{"href":"http:\/\/thehottieandthenottie.com\/pt-pt\/wp-json\/wp\/v2\/pages"}],"about":[{"href":"http:\/\/thehottieandthenottie.com\/pt-pt\/wp-json\/wp\/v2\/types\/page"}],"author":[{"embeddable":true,"href":"http:\/\/thehottieandthenottie.com\/pt-pt\/wp-json\/wp\/v2\/users\/1"}],"replies":[{"embeddable":true,"href":"http:\/\/thehottieandthenottie.com\/pt-pt\/wp-json\/wp\/v2\/comments?post=618"}],"version-history":[{"count":0,"href":"http:\/\/thehottieandthenottie.com\/pt-pt\/wp-json\/wp\/v2\/pages\/618\/revisions"}],"wp:attachment":[{"href":"http:\/\/thehottieandthenottie.com\/pt-pt\/wp-json\/wp\/v2\/media?parent=618"}],"curies":[{"name":"wp","href":"https:\/\/api.w.org\/{rel}","templated":true}]}}