{"id":627,"date":"2022-09-30T12:55:07","date_gmt":"2022-09-30T11:55:07","guid":{"rendered":"http:\/\/thehottieandthenottie.com\/datacao-nsa\/"},"modified":"2022-09-30T12:55:07","modified_gmt":"2022-09-30T11:55:07","slug":"datacao-nsa","status":"publish","type":"page","link":"http:\/\/thehottieandthenottie.com\/pt-pt\/datacao-nsa\/","title":{"rendered":"Data\u00e7\u00e3o NSA"},"content":{"rendered":"<p>H\u00e1 algumas maneiras de encontrar um encontro de uma noite perto de si. A maneira mais f\u00e1cil \u00e9 usar uma aplica\u00e7\u00e3o de encontros como o Tinder ou o Bumble. Voc\u00ea tamb\u00e9m pode tentar ir a um bar ou clube e ver se h\u00e1 alguma pessoa solteira que pare\u00e7a interessada em namorar. Se n\u00e3o tiver sorte em encontrar algu\u00e9m interessado num caso de uma noite, pode sempre tentar publicar um an\u00fancio pessoal na Craigslist ou num site similar. Apenas certifique-se de ser claro sobre o que procura e esteja seguro quando se encontrar com estranhos.<\/p>\n<p>H\u00e1 muitos sites por a\u00ed que podem ajud\u00e1-lo a encontrar um caso de uma noite. Tudo o que tens de fazer \u00e9 escrever o que procuras e a tua localiza\u00e7\u00e3o, e poder\u00e1s encontrar uma lista de potenciais f\u00f3sforos. Em seguida, pode enviar-lhes uma mensagem e combinar um encontro. Apenas certifique-se de estar seguro e usar um preservativo!<\/p>\n<h2>Sites de encontros da NSA<\/h2>\n<p>N\u00e3o h\u00e1 como negar que namorar com a NSA pode ser uma \u00f3tima maneira de encontrar o amor. Afinal, o que poderia ser mais rom\u00e2ntico do que conhecer algu\u00e9m sem expectativas ou compromissos? No entanto, \u00e9 importante ter em mente que namorar com a NSA n\u00e3o \u00e9 para todos. Se est\u00e1s \u00e0 procura de algo s\u00e9rio, ent\u00e3o este tipo de namoro provavelmente n\u00e3o \u00e9 para ti. Mas se est\u00e1s \u00e0 procura de divers\u00e3o e excita\u00e7\u00e3o, ent\u00e3o namorar com a NSA pode ser a maneira perfeita de o encontrar.<\/p>\n<h2>One Night Stand Dating<\/h2>\n<p>H\u00e1 algo libertador num caso de uma noite. Sem compromissos, sem expectativas, apenas duas pessoas apreciando a companhia um do outro por uma noite. E se procura um site para ajud\u00e1-lo a encontrar um encontro de uma noite, ent\u00e3o n\u00e3o procure mais do que um site de encontro de uma noite. One Night Stand Site \u00e9 o lugar perfeito para encontrar algu\u00e9m para uma liga\u00e7\u00e3o sem compromissos. Quer esteja apenas \u00e0 procura de divers\u00e3o casual, ou se espera encontrar o seu pr\u00f3ximo parceiro de longa data, o One Night Stand Site pode ajud\u00e1-lo a encontrar o que procura.<\/p>\n<p>Tudo o que precisa fazer \u00e9 inscrever-se, criar um perfil e come\u00e7ar a navegar pelos perfis de outros membros. Quando encontrares algu\u00e9m em quem te interesse, envia-lhe uma mensagem e v\u00ea para onde v\u00e3o as coisas a partir da\u00ed. Por isso, se est\u00e1 pronto para se divertir e experimentar a excita\u00e7\u00e3o de um encontro de uma noite, ent\u00e3o inscreva-se no One Night Stand Site hoje!<\/p>\n<h3>FriendFinder-X<\/h3>\n<p>Se procura um caso de uma noite, o FriendFinder-X \u00e9 uma aplica\u00e7\u00e3o de encontros que pode ajud\u00e1-lo a encontrar encontros locais. A aplica\u00e7\u00e3o \u00e9 gratuita para descarregar e usar, estando dispon\u00edvel tanto no iOS como no Android. FriendFinder-X \u00e9 f\u00e1cil de usar e leva apenas alguns minutos para se inscrever. Assim que estiver inscrito, pode come\u00e7ar a navegar em singles locais e a enviar mensagens. A aplica\u00e7\u00e3o tamb\u00e9m tem uma funcionalidade &#8220;quente ou n\u00e3o&#8221;, que permite classificar outros utilizadores. Se procura um caso de uma noite, FriendFinder-X \u00e9 uma \u00f3tima op\u00e7\u00e3o.<\/p>\n<h3>Rubmaps<\/h3>\n<p>Rubmaps \u00e9 uma aplica\u00e7\u00e3o de encontros que lhe permite encontrar potenciais parceiros de uma noite perto de si. A aplica\u00e7\u00e3o \u00e9 gratuita para descarregar e usar, e oferece uma variedade de funcionalidades para ajud\u00e1-lo a encontrar uma correspond\u00eancia. Pode pesquisar por potenciais parceiros por localiza\u00e7\u00e3o, idade e interesses, e pode enviar-lhes uma mensagem diretamente. A aplica\u00e7\u00e3o tamb\u00e9m inclui uma fun\u00e7\u00e3o de chat incorporada, para que possa conhecer o seu potencial parceiro antes de se encontrar. No geral, Rubmaps \u00e9 uma \u00f3tima op\u00e7\u00e3o para encontrar um encontro de uma noite perto de voc\u00ea.<\/p>\n<h3>Shag<\/h3>\n<p>Se est\u00e1s \u00e0 procura de um caso de uma noite, ent\u00e3o o Shag pode ser o aplicativo de encontros para ti. \u00c9 r\u00e1pido, f\u00e1cil de usar, e pode filtrar os seus f\u00f3sforos por localiza\u00e7\u00e3o, idade e estado de relacionamento. No entanto, a aplica\u00e7\u00e3o s\u00f3 est\u00e1 dispon\u00edvel no Reino Unido e na Irlanda, por isso, se n\u00e3o estiver num desses pa\u00edses, estar\u00e1 sem sorte.<\/p>\n","protected":false},"excerpt":{"rendered":"<p>H\u00e1 algumas maneiras de encontrar um encontro de uma noite perto de si. A maneira mais f\u00e1cil \u00e9 usar uma aplica\u00e7\u00e3o de encontros como o Tinder ou o Bumble. Voc\u00ea tamb\u00e9m pode tentar ir a um bar ou clube e ver se h\u00e1 alguma pessoa solteira que pare\u00e7a interessada em namorar. Se n\u00e3o tiver sorte &#8230; <a title=\"Data\u00e7\u00e3o NSA\" class=\"read-more\" href=\"http:\/\/thehottieandthenottie.com\/pt-pt\/datacao-nsa\/\" aria-label=\"Mais sobre Data\u00e7\u00e3o NSA\">Ler mais<\/a><\/p>\n","protected":false},"author":1,"featured_media":0,"parent":0,"menu_order":0,"comment_status":"closed","ping_status":"closed","template":"","meta":[],"yoast_head":"<!-- This site is optimized with the Yoast SEO plugin v17.7.1 - https:\/\/yoast.com\/wordpress\/plugins\/seo\/ -->\n<title>Data\u00e7\u00e3o NSA - Hotties Nas proximidades<\/title>\n<meta name=\"robots\" content=\"index, follow, max-snippet:-1, max-image-preview:large, max-video-preview:-1\" \/>\n<link rel=\"canonical\" href=\"http:\/\/thehottieandthenottie.com\/pt-pt\/datacao-nsa\/\" \/>\n<meta property=\"og:locale\" content=\"pt_PT\" \/>\n<meta property=\"og:type\" content=\"article\" \/>\n<meta property=\"og:title\" content=\"Data\u00e7\u00e3o NSA - Hotties Nas proximidades\" \/>\n<meta property=\"og:description\" content=\"H\u00e1 algumas maneiras de encontrar um encontro de uma noite perto de si. A maneira mais f\u00e1cil \u00e9 usar uma aplica\u00e7\u00e3o de encontros como o Tinder ou o Bumble. Voc\u00ea tamb\u00e9m pode tentar ir a um bar ou clube e ver se h\u00e1 alguma pessoa solteira que pare\u00e7a interessada em namorar. Se n\u00e3o tiver sorte ... Ler mais\" \/>\n<meta property=\"og:url\" content=\"http:\/\/thehottieandthenottie.com\/pt-pt\/datacao-nsa\/\" \/>\n<meta property=\"og:site_name\" content=\"Hotties Nas proximidades\" \/>\n<meta name=\"twitter:card\" content=\"summary_large_image\" \/>\n<meta name=\"twitter:label1\" content=\"Tempo estimado de leitura\" \/>\n\t<meta name=\"twitter:data1\" content=\"4 minutos\" \/>\n<script type=\"application\/ld+json\" class=\"yoast-schema-graph\">{\"@context\":\"https:\/\/schema.org\",\"@graph\":[{\"@type\":\"WebSite\",\"@id\":\"https:\/\/thehottieandthenottie.com\/#website\",\"url\":\"https:\/\/thehottieandthenottie.com\/\",\"name\":\"Hotties Nas proximidades\",\"description\":\"Conhe\\u00e7a as mulheres na sua \\u00e1rea\",\"potentialAction\":[{\"@type\":\"SearchAction\",\"target\":{\"@type\":\"EntryPoint\",\"urlTemplate\":\"https:\/\/thehottieandthenottie.com\/?s={search_term_string}\"},\"query-input\":\"required name=search_term_string\"}],\"inLanguage\":\"pt-PT\"},{\"@type\":\"WebPage\",\"@id\":\"http:\/\/thehottieandthenottie.com\/pt-pt\/datacao-nsa\/#webpage\",\"url\":\"http:\/\/thehottieandthenottie.com\/pt-pt\/datacao-nsa\/\",\"name\":\"Data\\u00e7\\u00e3o NSA - Hotties Nas proximidades\",\"isPartOf\":{\"@id\":\"https:\/\/thehottieandthenottie.com\/#website\"},\"datePublished\":\"2022-09-30T11:55:07+00:00\",\"dateModified\":\"2022-09-30T11:55:07+00:00\",\"breadcrumb\":{\"@id\":\"http:\/\/thehottieandthenottie.com\/pt-pt\/datacao-nsa\/#breadcrumb\"},\"inLanguage\":\"pt-PT\",\"potentialAction\":[{\"@type\":\"ReadAction\",\"target\":[\"http:\/\/thehottieandthenottie.com\/pt-pt\/datacao-nsa\/\"]}]},{\"@type\":\"BreadcrumbList\",\"@id\":\"http:\/\/thehottieandthenottie.com\/pt-pt\/datacao-nsa\/#breadcrumb\",\"itemListElement\":[{\"@type\":\"ListItem\",\"position\":1,\"name\":\"Home\",\"item\":\"https:\/\/thehottieandthenottie.com\/pt-pt\/\"},{\"@type\":\"ListItem\",\"position\":2,\"name\":\"Data\\u00e7\\u00e3o NSA\"}]}]}<\/script>\n<!-- \/ Yoast SEO plugin. -->","yoast_head_json":{"title":"Data\u00e7\u00e3o NSA - Hotties Nas proximidades","robots":{"index":"index","follow":"follow","max-snippet":"max-snippet:-1","max-image-preview":"max-image-preview:large","max-video-preview":"max-video-preview:-1"},"canonical":"http:\/\/thehottieandthenottie.com\/pt-pt\/datacao-nsa\/","og_locale":"pt_PT","og_type":"article","og_title":"Data\u00e7\u00e3o NSA - Hotties Nas proximidades","og_description":"H\u00e1 algumas maneiras de encontrar um encontro de uma noite perto de si. A maneira mais f\u00e1cil \u00e9 usar uma aplica\u00e7\u00e3o de encontros como o Tinder ou o Bumble. Voc\u00ea tamb\u00e9m pode tentar ir a um bar ou clube e ver se h\u00e1 alguma pessoa solteira que pare\u00e7a interessada em namorar. Se n\u00e3o tiver sorte ... Ler mais","og_url":"http:\/\/thehottieandthenottie.com\/pt-pt\/datacao-nsa\/","og_site_name":"Hotties Nas proximidades","twitter_card":"summary_large_image","twitter_misc":{"Tempo estimado de leitura":"4 minutos"},"schema":{"@context":"https:\/\/schema.org","@graph":[{"@type":"WebSite","@id":"https:\/\/thehottieandthenottie.com\/#website","url":"https:\/\/thehottieandthenottie.com\/","name":"Hotties Nas proximidades","description":"Conhe\u00e7a as mulheres na sua \u00e1rea","potentialAction":[{"@type":"SearchAction","target":{"@type":"EntryPoint","urlTemplate":"https:\/\/thehottieandthenottie.com\/?s={search_term_string}"},"query-input":"required name=search_term_string"}],"inLanguage":"pt-PT"},{"@type":"WebPage","@id":"http:\/\/thehottieandthenottie.com\/pt-pt\/datacao-nsa\/#webpage","url":"http:\/\/thehottieandthenottie.com\/pt-pt\/datacao-nsa\/","name":"Data\u00e7\u00e3o NSA - Hotties Nas proximidades","isPartOf":{"@id":"https:\/\/thehottieandthenottie.com\/#website"},"datePublished":"2022-09-30T11:55:07+00:00","dateModified":"2022-09-30T11:55:07+00:00","breadcrumb":{"@id":"http:\/\/thehottieandthenottie.com\/pt-pt\/datacao-nsa\/#breadcrumb"},"inLanguage":"pt-PT","potentialAction":[{"@type":"ReadAction","target":["http:\/\/thehottieandthenottie.com\/pt-pt\/datacao-nsa\/"]}]},{"@type":"BreadcrumbList","@id":"http:\/\/thehottieandthenottie.com\/pt-pt\/datacao-nsa\/#breadcrumb","itemListElement":[{"@type":"ListItem","position":1,"name":"Home","item":"https:\/\/thehottieandthenottie.com\/pt-pt\/"},{"@type":"ListItem","position":2,"name":"Data\u00e7\u00e3o NSA"}]}]}},"_links":{"self":[{"href":"http:\/\/thehottieandthenottie.com\/pt-pt\/wp-json\/wp\/v2\/pages\/627"}],"collection":[{"href":"http:\/\/thehottieandthenottie.com\/pt-pt\/wp-json\/wp\/v2\/pages"}],"about":[{"href":"http:\/\/thehottieandthenottie.com\/pt-pt\/wp-json\/wp\/v2\/types\/page"}],"author":[{"embeddable":true,"href":"http:\/\/thehottieandthenottie.com\/pt-pt\/wp-json\/wp\/v2\/users\/1"}],"replies":[{"embeddable":true,"href":"http:\/\/thehottieandthenottie.com\/pt-pt\/wp-json\/wp\/v2\/comments?post=627"}],"version-history":[{"count":0,"href":"http:\/\/thehottieandthenottie.com\/pt-pt\/wp-json\/wp\/v2\/pages\/627\/revisions"}],"wp:attachment":[{"href":"http:\/\/thehottieandthenottie.com\/pt-pt\/wp-json\/wp\/v2\/media?parent=627"}],"curies":[{"name":"wp","href":"https:\/\/api.w.org\/{rel}","templated":true}]}}