{"id":630,"date":"2022-09-30T12:53:59","date_gmt":"2022-09-30T11:53:59","guid":{"rendered":"http:\/\/thehottieandthenottie.com\/sexo-perto-de-mim\/"},"modified":"2022-09-30T12:53:59","modified_gmt":"2022-09-30T11:53:59","slug":"sexo-perto-de-mim","status":"publish","type":"page","link":"http:\/\/thehottieandthenottie.com\/pt-pt\/sexo-perto-de-mim\/","title":{"rendered":"Sexo Perto de Mim"},"content":{"rendered":"<p>N\u00e3o h\u00e1 necessidade de passar horas online \u00e0 procura de &#8220;sexo gr\u00e1tis perto de mim&#8221;. Basta ir ao seu bar ou clube local e come\u00e7ar a conversar com potenciais encontros. Podes ficar surpreendido como \u00e9 f\u00e1cil encontrar algu\u00e9m que esteja disposto a divertir-se sem compromissos. Lembre-se de estar seguro e usar prote\u00e7\u00e3o!<\/p>\n<h2>Encontrar sexo<\/h2>\n<p>N\u00e3o h\u00e1 nada como a emo\u00e7\u00e3o de saber que h\u00e1 <a href=\"http:\/\/thehottieandthenottie.com\/swinger-sites\/\">sexo gr\u00e1tis por perto<\/a>. Seja uma liga\u00e7\u00e3o \u00fanica ou uma coisa normal, \u00e9 sempre excitante. E, claro, \u00e9 ainda melhor quando n\u00e3o \u00e9 preciso ir longe para encontr\u00e1-lo. Se procura sexo gr\u00e1tis nas proximidades, uma das melhores formas de encontr\u00e1-lo \u00e9 atrav\u00e9s de encontros online. Existem muitos sites de encontros e aplicativos por a\u00ed que podem ajud\u00e1-lo a se conectar com algu\u00e9m que est\u00e1 interessado na mesma coisa. Claro que tamb\u00e9m pode tentar a sua sorte em bares ou clubes. Mas, se n\u00e3o gostas dessa cena, namorar online \u00e9 definitivamente o caminho a seguir. Com tanta gente \u00e0 procura de sexo gr\u00e1tis, tens a certeza que vais encontrar algu\u00e9m que esteja disposto a isso.<\/p>\n<h2>Liga\u00e7\u00f5es locais<\/h2>\n<p>Quando se tenta encontrar o amor, pode parecer que procura uma agulha num palheiro. Mas se alargares a tua procura para incluir potenciais parceiros que vivem perto de ti, as tuas hip\u00f3teses de encontrar amor aumentam exponencialmente. E gra\u00e7as \u00e0 tecnologia, \u00e9 mais f\u00e1cil do que nunca encontrar algu\u00e9m que se lixe perto de ti. Existem v\u00e1rias aplica\u00e7\u00f5es e websites de encontros que lhe permitem pesquisar potenciais parceiros por localiza\u00e7\u00e3o. Por isso, se est\u00e1s \u00e0 procura de amor e est\u00e1s disposto a foder perto de algu\u00e9m, h\u00e1 uma boa hip\u00f3tese de conseguires encontrar o que procuras. Claro que n\u00e3o h\u00e1 garantias na vida. Mas se est\u00e1s aberto a foder perto de algu\u00e9m para encontrar o amor, podes ficar surpreendido com a facilidade em encontrar um f\u00f3sforo. Ent\u00e3o, v\u00e1 em frente e tente. Pode encontrar o amor da sua vida.<\/p>\n<h2>Encontro de sexo casual<\/h2>\n<p>N\u00e3o h\u00e1 resposta para esta pergunta, uma vez que as pessoas t\u00eam opini\u00f5es diferentes sobre o que qualifica como &#8220;sexo casual&#8221;. Para algumas pessoas, sexo casual refere-se a atividade sexual que n\u00e3o envolve qualquer tipo de conex\u00e3o emocional ou compromisso, enquanto para outros se refere simplesmente a sexo que n\u00e3o faz parte de uma rela\u00e7\u00e3o monog\u00e2mica a longo prazo.<\/p>\n<p>Se est\u00e1 interessado em explorar sexo casual, h\u00e1 algumas coisas a ter em mente. Primeiro, n\u00e3o se esque\u00e7a de comunicar com os seus parceiros sobre as suas expectativas e limites em torno do sexo. Tamb\u00e9m \u00e9 importante ser honesto consigo mesmo sobre o que procura e com o que se sente confort\u00e1vel. Se n\u00e3o tens a certeza, tudo bem! Podes sempre experimentar e ver o que \u00e9 bom para ti.<\/p>\n<p>Por \u00faltimo, lembre-se de praticar sexo seguro usando preservativos e\/ou outras formas de controlo de natalidade, e seja testado regularmente para DSTs. Sexo casual pode ser uma forma divertida e excitante de explorar a sua sexualidade, mas \u00e9 importante ser seguro e respons\u00e1vel.<\/p>\n<h3>Badoo<\/h3>\n<p>Badoo \u00e9 uma aplica\u00e7\u00e3o de encontros online gratuita que permite conhecer novas pessoas na sua \u00e1rea. N\u00e3o h\u00e1 necessidade de se inscrever para uma conta para usar Badoo e voc\u00ea pode come\u00e7ar a conversar com as pessoas pr\u00f3ximas imediatamente. A aplica\u00e7\u00e3o tamb\u00e9m tem uma op\u00e7\u00e3o de subscri\u00e7\u00e3o paga que lhe d\u00e1 acesso a funcionalidades adicionais, como mensagens ilimitadas e a capacidade de ver quem viu o seu perfil. Badoo n\u00e3o \u00e9 uma app de encontros e n\u00e3o se destina a ser usado como uma forma de encontrar sexo livre perto de mim. No entanto, muitos utilizadores utilizam a app para este fim e \u00e9 poss\u00edvel encontrar pessoas interessadas em encontros casuais e encontros sexuais. A aplica\u00e7\u00e3o \u00e9 relativamente segura para usar e existem v\u00e1rias formas de reportar e bloquear utilizadores que se est\u00e3o a comportar de forma inadequada. No geral, Badoo \u00e9 uma boa op\u00e7\u00e3o para conhecer novas pessoas e potencialmente encontrar encontros casuais.<\/p>\n<h3>Ashley Madison<\/h3>\n<p>Se est\u00e1s \u00e0 procura de uma maneira discreta de ter um caso ou encontro, ent\u00e3o a Ashley Madison \u00e9 a aplica\u00e7\u00e3o de encontros para ti. Com mais de 60 milh\u00f5es de membros em todo o mundo, \u00e9 uma das aplica\u00e7\u00f5es mais populares para pessoas que procuram casos extraconjugais e encontros casuais. A aplica\u00e7\u00e3o \u00e9 gratuita para descarregar e usar, mas ter\u00e1 de comprar cr\u00e9ditos para desbloquear certas funcionalidades. No geral, Ashley Madison \u00e9 um \u00f3timo aplicativo para quem procura um pouco mais de excita\u00e7\u00e3o na sua vida amorosa.<\/p>\n<h3>DataMyAge<\/h3>\n<p>Se procura uma nova aplica\u00e7\u00e3o de encontros, a DateMyAge \u00e9 uma \u00f3tima op\u00e7\u00e3o. \u00c9 gratuito para download e tem uma classifica\u00e7\u00e3o de 4.5 estrelas na App Store. A aplica\u00e7\u00e3o \u00e9 projetada para pessoas com mais de 50 anos e \u00e9 uma \u00f3tima maneira de conhecer novas pessoas, quer esteja \u00e0 procura de amizade ou amor. A aplica\u00e7\u00e3o \u00e9 f\u00e1cil de usar e tem muitas funcionalidades \u00f3timas, como a capacidade de visualizar perfis de outros utilizadores na sua \u00e1rea. Tamb\u00e9m pode enviar mensagens e usar a fun\u00e7\u00e3o de chat para conhecer melhor outros utilizadores.<\/p>\n<p>No geral, eu definitivamente recomendaria DateMyAge a qualquer um que procura uma nova aplica\u00e7\u00e3o de encontros. \u00c9 uma \u00f3tima maneira de conhecer pessoas novas e \u00e9 livre de usar.<\/p>\n","protected":false},"excerpt":{"rendered":"<p>N\u00e3o h\u00e1 necessidade de passar horas online \u00e0 procura de &#8220;sexo gr\u00e1tis perto de mim&#8221;. Basta ir ao seu bar ou clube local e come\u00e7ar a conversar com potenciais encontros. Podes ficar surpreendido como \u00e9 f\u00e1cil encontrar algu\u00e9m que esteja disposto a divertir-se sem compromissos. Lembre-se de estar seguro e usar prote\u00e7\u00e3o! Encontrar sexo N\u00e3o &#8230; <a title=\"Sexo Perto de Mim\" class=\"read-more\" href=\"http:\/\/thehottieandthenottie.com\/pt-pt\/sexo-perto-de-mim\/\" aria-label=\"Mais sobre Sexo Perto de Mim\">Ler mais<\/a><\/p>\n","protected":false},"author":1,"featured_media":0,"parent":0,"menu_order":0,"comment_status":"closed","ping_status":"closed","template":"","meta":[],"yoast_head":"<!-- This site is optimized with the Yoast SEO plugin v17.7.1 - https:\/\/yoast.com\/wordpress\/plugins\/seo\/ -->\n<title>Sexo Perto de Mim - Hotties Nas proximidades<\/title>\n<meta name=\"robots\" content=\"index, follow, max-snippet:-1, max-image-preview:large, max-video-preview:-1\" \/>\n<link rel=\"canonical\" href=\"http:\/\/thehottieandthenottie.com\/pt-pt\/sexo-perto-de-mim\/\" \/>\n<meta property=\"og:locale\" content=\"pt_PT\" \/>\n<meta property=\"og:type\" content=\"article\" \/>\n<meta property=\"og:title\" content=\"Sexo Perto de Mim - Hotties Nas proximidades\" \/>\n<meta property=\"og:description\" content=\"N\u00e3o h\u00e1 necessidade de passar horas online \u00e0 procura de &#8220;sexo gr\u00e1tis perto de mim&#8221;. Basta ir ao seu bar ou clube local e come\u00e7ar a conversar com potenciais encontros. Podes ficar surpreendido como \u00e9 f\u00e1cil encontrar algu\u00e9m que esteja disposto a divertir-se sem compromissos. Lembre-se de estar seguro e usar prote\u00e7\u00e3o! Encontrar sexo N\u00e3o ... Ler mais\" \/>\n<meta property=\"og:url\" content=\"http:\/\/thehottieandthenottie.com\/pt-pt\/sexo-perto-de-mim\/\" \/>\n<meta property=\"og:site_name\" content=\"Hotties Nas proximidades\" \/>\n<meta name=\"twitter:card\" content=\"summary_large_image\" \/>\n<meta name=\"twitter:label1\" content=\"Tempo estimado de leitura\" \/>\n\t<meta name=\"twitter:data1\" content=\"5 minutos\" \/>\n<script type=\"application\/ld+json\" class=\"yoast-schema-graph\">{\"@context\":\"https:\/\/schema.org\",\"@graph\":[{\"@type\":\"WebSite\",\"@id\":\"https:\/\/thehottieandthenottie.com\/#website\",\"url\":\"https:\/\/thehottieandthenottie.com\/\",\"name\":\"Hotties Nas proximidades\",\"description\":\"Conhe\\u00e7a as mulheres na sua \\u00e1rea\",\"potentialAction\":[{\"@type\":\"SearchAction\",\"target\":{\"@type\":\"EntryPoint\",\"urlTemplate\":\"https:\/\/thehottieandthenottie.com\/?s={search_term_string}\"},\"query-input\":\"required name=search_term_string\"}],\"inLanguage\":\"pt-PT\"},{\"@type\":\"WebPage\",\"@id\":\"http:\/\/thehottieandthenottie.com\/pt-pt\/sexo-perto-de-mim\/#webpage\",\"url\":\"http:\/\/thehottieandthenottie.com\/pt-pt\/sexo-perto-de-mim\/\",\"name\":\"Sexo Perto de Mim - Hotties Nas proximidades\",\"isPartOf\":{\"@id\":\"https:\/\/thehottieandthenottie.com\/#website\"},\"datePublished\":\"2022-09-30T11:53:59+00:00\",\"dateModified\":\"2022-09-30T11:53:59+00:00\",\"breadcrumb\":{\"@id\":\"http:\/\/thehottieandthenottie.com\/pt-pt\/sexo-perto-de-mim\/#breadcrumb\"},\"inLanguage\":\"pt-PT\",\"potentialAction\":[{\"@type\":\"ReadAction\",\"target\":[\"http:\/\/thehottieandthenottie.com\/pt-pt\/sexo-perto-de-mim\/\"]}]},{\"@type\":\"BreadcrumbList\",\"@id\":\"http:\/\/thehottieandthenottie.com\/pt-pt\/sexo-perto-de-mim\/#breadcrumb\",\"itemListElement\":[{\"@type\":\"ListItem\",\"position\":1,\"name\":\"Home\",\"item\":\"http:\/\/thehottieandthenottie.com\/pt-pt\/\"},{\"@type\":\"ListItem\",\"position\":2,\"name\":\"Sexo Perto de Mim\"}]}]}<\/script>\n<!-- \/ Yoast SEO plugin. -->","yoast_head_json":{"title":"Sexo Perto de Mim - Hotties Nas proximidades","robots":{"index":"index","follow":"follow","max-snippet":"max-snippet:-1","max-image-preview":"max-image-preview:large","max-video-preview":"max-video-preview:-1"},"canonical":"http:\/\/thehottieandthenottie.com\/pt-pt\/sexo-perto-de-mim\/","og_locale":"pt_PT","og_type":"article","og_title":"Sexo Perto de Mim - Hotties Nas proximidades","og_description":"N\u00e3o h\u00e1 necessidade de passar horas online \u00e0 procura de &#8220;sexo gr\u00e1tis perto de mim&#8221;. Basta ir ao seu bar ou clube local e come\u00e7ar a conversar com potenciais encontros. Podes ficar surpreendido como \u00e9 f\u00e1cil encontrar algu\u00e9m que esteja disposto a divertir-se sem compromissos. Lembre-se de estar seguro e usar prote\u00e7\u00e3o! Encontrar sexo N\u00e3o ... Ler mais","og_url":"http:\/\/thehottieandthenottie.com\/pt-pt\/sexo-perto-de-mim\/","og_site_name":"Hotties Nas proximidades","twitter_card":"summary_large_image","twitter_misc":{"Tempo estimado de leitura":"5 minutos"},"schema":{"@context":"https:\/\/schema.org","@graph":[{"@type":"WebSite","@id":"https:\/\/thehottieandthenottie.com\/#website","url":"https:\/\/thehottieandthenottie.com\/","name":"Hotties Nas proximidades","description":"Conhe\u00e7a as mulheres na sua \u00e1rea","potentialAction":[{"@type":"SearchAction","target":{"@type":"EntryPoint","urlTemplate":"https:\/\/thehottieandthenottie.com\/?s={search_term_string}"},"query-input":"required name=search_term_string"}],"inLanguage":"pt-PT"},{"@type":"WebPage","@id":"http:\/\/thehottieandthenottie.com\/pt-pt\/sexo-perto-de-mim\/#webpage","url":"http:\/\/thehottieandthenottie.com\/pt-pt\/sexo-perto-de-mim\/","name":"Sexo Perto de Mim - Hotties Nas proximidades","isPartOf":{"@id":"https:\/\/thehottieandthenottie.com\/#website"},"datePublished":"2022-09-30T11:53:59+00:00","dateModified":"2022-09-30T11:53:59+00:00","breadcrumb":{"@id":"http:\/\/thehottieandthenottie.com\/pt-pt\/sexo-perto-de-mim\/#breadcrumb"},"inLanguage":"pt-PT","potentialAction":[{"@type":"ReadAction","target":["http:\/\/thehottieandthenottie.com\/pt-pt\/sexo-perto-de-mim\/"]}]},{"@type":"BreadcrumbList","@id":"http:\/\/thehottieandthenottie.com\/pt-pt\/sexo-perto-de-mim\/#breadcrumb","itemListElement":[{"@type":"ListItem","position":1,"name":"Home","item":"http:\/\/thehottieandthenottie.com\/pt-pt\/"},{"@type":"ListItem","position":2,"name":"Sexo Perto de Mim"}]}]}},"_links":{"self":[{"href":"http:\/\/thehottieandthenottie.com\/pt-pt\/wp-json\/wp\/v2\/pages\/630"}],"collection":[{"href":"http:\/\/thehottieandthenottie.com\/pt-pt\/wp-json\/wp\/v2\/pages"}],"about":[{"href":"http:\/\/thehottieandthenottie.com\/pt-pt\/wp-json\/wp\/v2\/types\/page"}],"author":[{"embeddable":true,"href":"http:\/\/thehottieandthenottie.com\/pt-pt\/wp-json\/wp\/v2\/users\/1"}],"replies":[{"embeddable":true,"href":"http:\/\/thehottieandthenottie.com\/pt-pt\/wp-json\/wp\/v2\/comments?post=630"}],"version-history":[{"count":0,"href":"http:\/\/thehottieandthenottie.com\/pt-pt\/wp-json\/wp\/v2\/pages\/630\/revisions"}],"wp:attachment":[{"href":"http:\/\/thehottieandthenottie.com\/pt-pt\/wp-json\/wp\/v2\/media?parent=630"}],"curies":[{"name":"wp","href":"https:\/\/api.w.org\/{rel}","templated":true}]}}