{"id":344,"date":"2022-09-09T10:59:01","date_gmt":"2022-09-09T09:59:01","guid":{"rendered":"http:\/\/thehottieandthenottie.com\/kata-kvinnor-som-letar-efter-sex-casual-dating\/"},"modified":"2022-09-09T10:59:01","modified_gmt":"2022-09-09T09:59:01","slug":"kata-kvinnor-som-letar-efter-sex-casual-dating","status":"publish","type":"page","link":"http:\/\/thehottieandthenottie.com\/sv\/","title":{"rendered":"K\u00e5ta kvinnor som letar efter sex &#8211; Casual Dating"},"content":{"rendered":"<p><img loading=\"lazy\" class=\"aligncenter wp-image-77\" src=\"http:\/\/thehottieandthenottie.com\/wp-content\/uploads\/2022\/09\/real-dating-apps-1024x683.jpeg\" alt=\"\" width=\"649\" height=\"433\" srcset=\"http:\/\/thehottieandthenottie.com\/wp-content\/uploads\/2022\/09\/real-dating-apps-1024x683.jpeg 1024w, http:\/\/thehottieandthenottie.com\/wp-content\/uploads\/2022\/09\/real-dating-apps-300x200.jpeg 300w, http:\/\/thehottieandthenottie.com\/wp-content\/uploads\/2022\/09\/real-dating-apps-768x512.jpeg 768w, http:\/\/thehottieandthenottie.com\/wp-content\/uploads\/2022\/09\/real-dating-apps.jpeg 1125w\" sizes=\"(max-width: 649px) 100vw, 649px\" \/><\/p>\n<p>M\u00e5nga m\u00e4nniskor v\u00e4nder sig till gratis dejtingsajter och anslutningsapp f\u00f6r att hitta avslappnade sexpartners. Dessa webbplatser och appar g\u00f6r det enkelt och prisv\u00e4rt att tr\u00e4ffa n\u00e5gon som delar samma intressen. De \u00e4r ocks\u00e5 anonyma, vilket inneb\u00e4r att du kan bl\u00e4ddra bland profiler utan att beh\u00f6va avsl\u00f6ja n\u00e5got om dig sj\u00e4lv.<\/p>\n<p>Det finns massor av alternativ d\u00e4r ute, men vi har begr\u00e4nsat v\u00e5r lista till 10 fantastiska platser d\u00e4r du kan hitta avslappnade m\u00f6ten. Oavsett om du letar efter n\u00e5got seri\u00f6st eller bara vill prova n\u00e5got annat, h\u00e4r \u00e4r de b\u00e4sta anslutningssidorna och apparna f\u00f6r att hitta avslappnad sex.<\/p>\n<h2>Vill du l\u00e4gga dig?<\/h2>\n<p>Det finns m\u00e5nga alternativ d\u00e4r ute f\u00f6r att hitta avslappnade m\u00f6ten online, oavsett om det \u00e4r en snabb anslutning, ett l\u00e5ngsiktigt f\u00f6rh\u00e5llande eller till och med bara lite kul utan str\u00e4ngar bifogad action. Men vad h\u00e4nder om du vill ha n\u00e5got annat? Vad h\u00e4nder om du letar efter ett one night stand eller en diskret aff\u00e4r? Om du inte har n\u00e5got emot att vara p\u00e5 f\u00f6rhand om vad du vill g\u00f6ra, kommer dessa tio webbplatser s\u00e4kert att passa r\u00e4kningen.<\/p>\n<h2>Vilka appar ska du prova?<\/h2>\n<p>F\u00f6rst och fr\u00e4mst \u00e4r anslutningssidor en sak. Faktum \u00e4r att de \u00e4r mycket vanliga nuf\u00f6rtiden. Och \u00e4ven om termen &#8221;anslutning&#8221; kan verka som n\u00e5got som bara h\u00e4nder bakom st\u00e4ngda d\u00f6rrar, h\u00e4nvisar det faktiskt till allt som \u00e4ger rum utanf\u00f6r ett engagerat f\u00f6rh\u00e5llande. Du kan t\u00e4nka p\u00e5 det som ett s\u00e4tt att hitta n\u00e5gon att dejta avslappnat.<\/p>\n<p>Det finns m\u00e5nga olika typer av anslutningssidor d\u00e4r ute, allt fr\u00e5n de som enbart fokuserar p\u00e5 sex till de som tillgodoser b\u00e5da k\u00f6nen. Det finns till och med n\u00e5gra som \u00e4r speciellt utformade f\u00f6r homosexuella eller f\u00f6r kinks<\/p>\n<p>Vi har h\u00f6rt talas om anslutningar ganska l\u00e4nge nu, men vi visste aldrig riktigt vad det betydde. Tja, idag \u00e4r vi h\u00e4r f\u00f6r att ber\u00e4tta allt som finns att veta om anslutningssidor.<\/p>\n<h3>Ashley Madison &#8211; Fuskarnas nav<\/h3>\n<p>Om fusk \u00e4r vad du \u00e4r ute efter, kolla in Ashley Madison. Denna webbplats \u00e4r speciellt utformad f\u00f6r gifta m\u00e4nniskor som s\u00f6ker aff\u00e4rer. Om du \u00e4r villig att gr\u00e4va lite hittar du massor av sexiga ensamst\u00e5ende m\u00e4n och kvinnor som \u00e4r \u00f6ppna f\u00f6r diskreta relationer.<\/p>\n<p>AshleyMadison.com \u00e4r en frisk fl\u00e4kt online f\u00f6r dem som letar efter k\u00e4rlek, romantik eller bara lite kul. Med \u00f6ver 50 miljoner medlemmar \u00f6ver hela v\u00e4rlden \u00e4r AshleyMadison.com v\u00e4rldens st\u00f6rsta kontaktannonser f\u00f6r vuxna. Oavsett om du letar efter avslappnade m\u00f6ten, ett seri\u00f6st f\u00f6rh\u00e5llande eller till och med \u00e4ktenskap, finns det gott om m\u00e4nniskor d\u00e4r ute som v\u00e4ntar p\u00e5 att tr\u00e4ffa dig.<\/p>\n<p><img loading=\"lazy\" class=\"aligncenter wp-image-76\" src=\"http:\/\/thehottieandthenottie.com\/wp-content\/uploads\/2022\/09\/online-hookups-1024x683.jpeg\" alt=\"\" width=\"517\" height=\"345\" srcset=\"http:\/\/thehottieandthenottie.com\/wp-content\/uploads\/2022\/09\/online-hookups-1024x683.jpeg 1024w, http:\/\/thehottieandthenottie.com\/wp-content\/uploads\/2022\/09\/online-hookups-300x200.jpeg 300w, http:\/\/thehottieandthenottie.com\/wp-content\/uploads\/2022\/09\/online-hookups-768x512.jpeg 768w, http:\/\/thehottieandthenottie.com\/wp-content\/uploads\/2022\/09\/online-hookups.jpeg 1125w\" sizes=\"(max-width: 517px) 100vw, 517px\" \/><\/p>\n<h3>AdultFriendFinder &#8211; En p\u00e5litlig anslutningsplattform<\/h3>\n<p>Med \u00f6ver tre miljoner medlemmar \u00f6ver hela v\u00e4rlden erbjuder AFF m\u00e5nga s\u00e4tt att f\u00e5 kontakt med andra. Du kan anv\u00e4nda textmeddelanden, videochatt med webbkamera eller till och med g\u00e5 med i ett gruppm\u00f6te f\u00f6r att uppfylla dina sexuella behov.<\/p>\n<p>Adult Friend Finder (AFF), en av de mest popul\u00e4ra webbplatserna f\u00f6r vuxna f\u00f6r swingerpar och swingers, erbjuder en s\u00e4ker milj\u00f6 d\u00e4r m\u00e4nniskor kan tr\u00e4ffa andra som \u00e4r intresserade av sv\u00e4ngaktiviteter, s\u00e5som gruppsex, trekanter och foursomes. Swingers uppmuntras att l\u00e4gga upp foton och videor av sig sj\u00e4lva i aktion, och alla andra som vill se hur det \u00e4r kan registrera sig f\u00f6r medlemskap.<\/p>\n<p>Webbplatsen inneh\u00e5ller en stor databas med aktiva medlemmar, varav m\u00e5nga letar efter avslappnade m\u00f6ten. Det finns hundratusentals medlemmar, och antalet forts\u00e4tter att v\u00e4xa varje dag. M\u00e4nniskor anv\u00e4nder webbplatsen f\u00f6r att hitta partners f\u00f6r allt fr\u00e5n enkla one-night stands till l\u00e5ngsiktiga relationer.<\/p>\n<h3>Tinder &#8211; Ditt betrodda alternativ<\/h3>\n<p>Tinder \u00e4r en av de mest popul\u00e4ra dejtingapparna d\u00e4r ute. Dess avslappnade atmosf\u00e4r uppmuntrar flirtig konversation, vilket leder till snabba matchningar och \u00e4nnu snabbare datum. Anv\u00e4ndare uppmuntras att svepa \u00e5t v\u00e4nster om de inte gillar n\u00e5gons foto; annars sveper de \u00e5t h\u00f6ger. Om b\u00e5da parter matchar ser du varandras profilbilder och bios. Du kan skriva om dig sj\u00e4lv och v\u00e4lja om du vill inkludera en bild av dig sj\u00e4lv.<\/p>\n<p>Appens popularitet har exploderat sedan den lanserades 2012. \u00c5r 2013 rapporterade f\u00f6retaget att dess dagliga aktiva anv\u00e4ndare hade vuxit till cirka 5 miljoner. \u00c5r 2016 v\u00e4xte den siffran till 15 miljoner. Idag har appen 50 miljoner aktiva anv\u00e4ndare varje m\u00e5nad.<\/p>\n<p>I juni 2017 tillk\u00e4nnagav Tinder planer p\u00e5 att lansera en premiumversion av appen som heter &#8221;Tinder Gold.&#8221; Denna version till\u00e5ter medlemmar att skicka obegr\u00e4nsade meddelanden och l\u00e5ter dem se profiler utan att beh\u00f6va betala.<\/p>\n<h3>69Fuck<\/h3>\n<p>V\u00e4rlden av online dating f\u00f6r\u00e4ndras snabbt. Tack vare utvecklingen av Internet har m\u00e4nniskor nu tillg\u00e5ng till information om potentiella partners bokstavligen till hands. Denna trend har lett till framv\u00e4xten av m\u00e5nga olika typer av online dating plattformar. Bland dem finns det en som heter 69Fuck. Denna webbplats p\u00e5st\u00e5r sig vara den b\u00e4sta lokala anslutningsplatsen. S\u00e5 l\u00e5t oss titta n\u00e4rmare p\u00e5 vad som g\u00f6r att den h\u00e4r webbplatsen sticker ut fr\u00e5n m\u00e4ngden.<\/p>\n<p>69Fuck \u00e4r en online dating plattform d\u00e4r medlemmar kan hitta ett datum i sin stad. De s\u00e4ger att de erbjuder ett brett utbud av st\u00e4der \u00f6ver hela v\u00e4rlden, inklusive \u00f6ver 30 l\u00e4nder. Deras m\u00e5l \u00e4r att hj\u00e4lpa m\u00e4n och kvinnor att ansluta i verkliga livet. F\u00f6r att uppn\u00e5 det tillhandah\u00e5ller de flera verktyg som g\u00f6r det l\u00e4ttare att tr\u00e4ffa n\u00e5gon. Till exempel till\u00e5ter de anv\u00e4ndare att ladda upp ett foto av sig sj\u00e4lva, skriva en kort bio och v\u00e4lja en profilbild.<\/p>\n<p>Dessutom ger de dig 24 timmars gratis medlemskap. D\u00e4refter kan du betala $ 19 per m\u00e5nad f\u00f6r att l\u00e5sa upp ytterligare funktioner som obegr\u00e4nsade meddelanden och surfprofiler. Du kan avbryta n\u00e4r som helst utan att betala n\u00e5got.<\/p>\n<h2>Hur v\u00e4ljer du r\u00e4tt f\u00f6r dig?<\/h2>\n<p>Vi vet alla att det kan vara sv\u00e5rt att hitta ett datum. Och vi vet alla att det finns m\u00e5nga olika typer av datum d\u00e4r ute. Men hur \u00e4r det med de tillf\u00e4llen d\u00e5 du bara inte k\u00e4nner f\u00f6r att tr\u00e4ffa n\u00e5gon? Eller kanske du letar efter n\u00e5got mer allvarligt? Tja, du har kommit till r\u00e4tt st\u00e4lle. Vi har sammanst\u00e4llt lite information om de b\u00e4sta anslutningssidorna p\u00e5 Internet idag.<\/p>\n<p>Webbplatsen \u00e4r helt gratis och erbjuder tillg\u00e5ng till b\u00e5de ensamst\u00e5ende kvinnor och m\u00e4n. Du hittar allt h\u00e4r &#8211; fr\u00e5n live webbkamerachattar till videochattrum d\u00e4r du kan tr\u00e4ffa lokala singlar. Det finns inga dolda avgifter eller avgifter alls. Faktum \u00e4r att om du best\u00e4mmer dig f\u00f6r att uppgradera till premiummedlemskap f\u00e5r du \u00e4nnu fler funktioner och f\u00f6rdelar.<\/p>\n<p>Du kan v\u00e4lja om du vill anv\u00e4nda mobilappar eller station\u00e4ra webbl\u00e4sare. Om du v\u00e4ljer det senare kan du njuta av bekv\u00e4mligheten med att kunna logga in n\u00e4r och var som helst. Allt du beh\u00f6ver g\u00f6ra \u00e4r att registrera dig och b\u00f6rja surfa!<\/p>\n<p>N\u00e4r du har hittat profilen f\u00f6r den person du vill tr\u00e4ffa kan du skicka meddelanden direkt till dem. P\u00e5 s\u00e5 s\u00e4tt sl\u00f6sar du ingen tid p\u00e5 att f\u00f6rs\u00f6ka ta reda p\u00e5 hur du kontaktar personen. Skriv bara en kort anteckning och tryck p\u00e5 &#8221;skicka&#8221;.<\/p>\n<p>Om du \u00e4r intresserad av att chatta med andra kan du g\u00e5 med i offentliga grupper, privata chattrum eller till och med g\u00e5 direkt till live cam-sessioner. Dessa alternativ \u00e4r perfekta f\u00f6r dem som vill f\u00e5 v\u00e4nner medan de har kul.<\/p>\n","protected":false},"excerpt":{"rendered":"<p>M\u00e5nga m\u00e4nniskor v\u00e4nder sig till gratis dejtingsajter och anslutningsapp f\u00f6r att hitta avslappnade sexpartners. Dessa webbplatser och appar g\u00f6r det enkelt och prisv\u00e4rt att tr\u00e4ffa n\u00e5gon som delar samma intressen. De \u00e4r ocks\u00e5 anonyma, vilket inneb\u00e4r att du kan bl\u00e4ddra bland profiler utan att beh\u00f6va avsl\u00f6ja n\u00e5got om dig sj\u00e4lv. Det finns massor av alternativ &#8230; <a title=\"K\u00e5ta kvinnor som letar efter sex &#8211; Casual Dating\" class=\"read-more\" href=\"http:\/\/thehottieandthenottie.com\/sv\/\" aria-label=\"Mer p\u00e5 K\u00e5ta kvinnor som letar efter sex &#8211; Casual Dating\">L\u00e4s mer<\/a><\/p>\n","protected":false},"author":1,"featured_media":0,"parent":0,"menu_order":0,"comment_status":"closed","ping_status":"closed","template":"","meta":[],"yoast_head":"<!-- This site is optimized with the Yoast SEO plugin v17.7.1 - https:\/\/yoast.com\/wordpress\/plugins\/seo\/ -->\n<title>K\u00e5ta kvinnor som letar efter sex - Casual Dating - Hotties i n\u00e4rheten<\/title>\n<meta name=\"description\" content=\"META Beskrivning\" \/>\n<meta name=\"robots\" content=\"index, follow, max-snippet:-1, max-image-preview:large, max-video-preview:-1\" \/>\n<link rel=\"canonical\" href=\"http:\/\/thehottieandthenottie.com\/sv\/\" \/>\n<meta property=\"og:locale\" content=\"sv_SE\" \/>\n<meta property=\"og:type\" content=\"article\" \/>\n<meta property=\"og:title\" content=\"K\u00e5ta kvinnor som letar efter sex - Casual Dating - Hotties i n\u00e4rheten\" \/>\n<meta property=\"og:description\" content=\"META Beskrivning\" \/>\n<meta property=\"og:url\" content=\"http:\/\/thehottieandthenottie.com\/sv\/\" \/>\n<meta property=\"og:site_name\" content=\"Hotties i n\u00e4rheten\" \/>\n<meta property=\"og:image\" content=\"http:\/\/thehottieandthenottie.com\/wp-content\/uploads\/2022\/09\/real-dating-apps-1024x683.jpeg\" \/>\n<meta name=\"twitter:card\" content=\"summary_large_image\" \/>\n<meta name=\"twitter:label1\" content=\"Ber\u00e4knad l\u00e4stid\" \/>\n\t<meta name=\"twitter:data1\" content=\"7 minuter\" \/>\n<script type=\"application\/ld+json\" class=\"yoast-schema-graph\">{\"@context\":\"https:\/\/schema.org\",\"@graph\":[{\"@type\":\"WebSite\",\"@id\":\"https:\/\/thehottieandthenottie.com\/#website\",\"url\":\"https:\/\/thehottieandthenottie.com\/\",\"name\":\"Hotties i n\\u00e4rheten\",\"description\":\"Tr\\u00e4ffa kvinnor i ditt omr\\u00e5de\",\"potentialAction\":[{\"@type\":\"SearchAction\",\"target\":{\"@type\":\"EntryPoint\",\"urlTemplate\":\"https:\/\/thehottieandthenottie.com\/?s={search_term_string}\"},\"query-input\":\"required name=search_term_string\"}],\"inLanguage\":\"sv-SE\"},{\"@type\":\"ImageObject\",\"@id\":\"http:\/\/thehottieandthenottie.com\/sv\/#primaryimage\",\"inLanguage\":\"sv-SE\",\"url\":\"http:\/\/thehottieandthenottie.com\/wp-content\/uploads\/2022\/09\/real-dating-apps.jpeg\",\"contentUrl\":\"http:\/\/thehottieandthenottie.com\/wp-content\/uploads\/2022\/09\/real-dating-apps.jpeg\",\"width\":1125,\"height\":750},{\"@type\":\"WebPage\",\"@id\":\"http:\/\/thehottieandthenottie.com\/sv\/#webpage\",\"url\":\"http:\/\/thehottieandthenottie.com\/sv\/\",\"name\":\"K\\u00e5ta kvinnor som letar efter sex - Casual Dating - Hotties i n\\u00e4rheten\",\"isPartOf\":{\"@id\":\"https:\/\/thehottieandthenottie.com\/#website\"},\"primaryImageOfPage\":{\"@id\":\"http:\/\/thehottieandthenottie.com\/sv\/#primaryimage\"},\"datePublished\":\"2022-09-09T09:59:01+00:00\",\"dateModified\":\"2022-09-09T09:59:01+00:00\",\"description\":\"META Beskrivning\",\"breadcrumb\":{\"@id\":\"http:\/\/thehottieandthenottie.com\/sv\/#breadcrumb\"},\"inLanguage\":\"sv-SE\",\"potentialAction\":[{\"@type\":\"ReadAction\",\"target\":[\"http:\/\/thehottieandthenottie.com\/sv\/\"]}]},{\"@type\":\"BreadcrumbList\",\"@id\":\"http:\/\/thehottieandthenottie.com\/sv\/#breadcrumb\",\"itemListElement\":[{\"@type\":\"ListItem\",\"position\":1,\"name\":\"Home\",\"item\":\"https:\/\/thehottieandthenottie.com\/sv\/\"},{\"@type\":\"ListItem\",\"position\":2,\"name\":\"K\\u00e5ta kvinnor som letar efter sex &#8211; Casual Dating\"}]}]}<\/script>\n<!-- \/ Yoast SEO plugin. -->","yoast_head_json":{"title":"K\u00e5ta kvinnor som letar efter sex - Casual Dating - Hotties i n\u00e4rheten","description":"META Beskrivning","robots":{"index":"index","follow":"follow","max-snippet":"max-snippet:-1","max-image-preview":"max-image-preview:large","max-video-preview":"max-video-preview:-1"},"canonical":"http:\/\/thehottieandthenottie.com\/sv\/","og_locale":"sv_SE","og_type":"article","og_title":"K\u00e5ta kvinnor som letar efter sex - Casual Dating - Hotties i n\u00e4rheten","og_description":"META Beskrivning","og_url":"http:\/\/thehottieandthenottie.com\/sv\/","og_site_name":"Hotties i n\u00e4rheten","og_image":[{"url":"http:\/\/thehottieandthenottie.com\/wp-content\/uploads\/2022\/09\/real-dating-apps-1024x683.jpeg"}],"twitter_card":"summary_large_image","twitter_misc":{"Ber\u00e4knad l\u00e4stid":"7 minuter"},"schema":{"@context":"https:\/\/schema.org","@graph":[{"@type":"WebSite","@id":"https:\/\/thehottieandthenottie.com\/#website","url":"https:\/\/thehottieandthenottie.com\/","name":"Hotties i n\u00e4rheten","description":"Tr\u00e4ffa kvinnor i ditt omr\u00e5de","potentialAction":[{"@type":"SearchAction","target":{"@type":"EntryPoint","urlTemplate":"https:\/\/thehottieandthenottie.com\/?s={search_term_string}"},"query-input":"required name=search_term_string"}],"inLanguage":"sv-SE"},{"@type":"ImageObject","@id":"http:\/\/thehottieandthenottie.com\/sv\/#primaryimage","inLanguage":"sv-SE","url":"http:\/\/thehottieandthenottie.com\/wp-content\/uploads\/2022\/09\/real-dating-apps.jpeg","contentUrl":"http:\/\/thehottieandthenottie.com\/wp-content\/uploads\/2022\/09\/real-dating-apps.jpeg","width":1125,"height":750},{"@type":"WebPage","@id":"http:\/\/thehottieandthenottie.com\/sv\/#webpage","url":"http:\/\/thehottieandthenottie.com\/sv\/","name":"K\u00e5ta kvinnor som letar efter sex - Casual Dating - Hotties i n\u00e4rheten","isPartOf":{"@id":"https:\/\/thehottieandthenottie.com\/#website"},"primaryImageOfPage":{"@id":"http:\/\/thehottieandthenottie.com\/sv\/#primaryimage"},"datePublished":"2022-09-09T09:59:01+00:00","dateModified":"2022-09-09T09:59:01+00:00","description":"META Beskrivning","breadcrumb":{"@id":"http:\/\/thehottieandthenottie.com\/sv\/#breadcrumb"},"inLanguage":"sv-SE","potentialAction":[{"@type":"ReadAction","target":["http:\/\/thehottieandthenottie.com\/sv\/"]}]},{"@type":"BreadcrumbList","@id":"http:\/\/thehottieandthenottie.com\/sv\/#breadcrumb","itemListElement":[{"@type":"ListItem","position":1,"name":"Home","item":"https:\/\/thehottieandthenottie.com\/sv\/"},{"@type":"ListItem","position":2,"name":"K\u00e5ta kvinnor som letar efter sex &#8211; Casual Dating"}]}]}},"_links":{"self":[{"href":"http:\/\/thehottieandthenottie.com\/sv\/wp-json\/wp\/v2\/pages\/344"}],"collection":[{"href":"http:\/\/thehottieandthenottie.com\/sv\/wp-json\/wp\/v2\/pages"}],"about":[{"href":"http:\/\/thehottieandthenottie.com\/sv\/wp-json\/wp\/v2\/types\/page"}],"author":[{"embeddable":true,"href":"http:\/\/thehottieandthenottie.com\/sv\/wp-json\/wp\/v2\/users\/1"}],"replies":[{"embeddable":true,"href":"http:\/\/thehottieandthenottie.com\/sv\/wp-json\/wp\/v2\/comments?post=344"}],"version-history":[{"count":0,"href":"http:\/\/thehottieandthenottie.com\/sv\/wp-json\/wp\/v2\/pages\/344\/revisions"}],"wp:attachment":[{"href":"http:\/\/thehottieandthenottie.com\/sv\/wp-json\/wp\/v2\/media?parent=344"}],"curies":[{"name":"wp","href":"https:\/\/api.w.org\/{rel}","templated":true}]}}