{"id":566,"date":"2022-09-30T12:57:19","date_gmt":"2022-09-30T11:57:19","guid":{"rendered":"http:\/\/thehottieandthenottie.com\/swinger-webbplatser\/"},"modified":"2022-09-30T12:57:19","modified_gmt":"2022-09-30T11:57:19","slug":"swinger-webbplatser","status":"publish","type":"page","link":"http:\/\/thehottieandthenottie.com\/sv\/swinger-webbplatser\/","title":{"rendered":"Swinger webbplatser"},"content":{"rendered":"<p>Det finns m\u00e5nga lokala swingerwebbplatser som du kan anv\u00e4nda f\u00f6r att ansluta till m\u00e4nniskor i ditt omr\u00e5de. Dessa webbplatser \u00e4r ett utm\u00e4rkt s\u00e4tt att tr\u00e4ffa nya m\u00e4nniskor och utforska dina sexuella gr\u00e4nser. Du kan anv\u00e4nda dessa webbplatser f\u00f6r att hitta m\u00e4nniskor som gillar samma saker som du och som letar efter en bra tid. Du kan ocks\u00e5 anv\u00e4nda dessa webbplatser f\u00f6r att hitta personer som letar efter ett seri\u00f6st f\u00f6rh\u00e5llande. Om du letar efter en anslutning b\u00f6r du definitivt kolla in n\u00e5gra av de lokala swingersajterna.<\/p>\n<p>Det finns en m\u00e4ngd olika swingersidor tillg\u00e4ngliga online och de tillgodoser olika m\u00e5lgrupper. Vissa swingersajter \u00e4r inriktade p\u00e5 par som letar efter andra par att sv\u00e4nga med, medan andra \u00e4r inriktade p\u00e5 singlar som \u00e4r intresserade av att tr\u00e4ffa andra singlar f\u00f6r swinging\u00e4ndam\u00e5l. Swinger-webbplatser har vanligtvis ett brett utbud av funktioner och alternativ f\u00f6r anv\u00e4ndare att dra nytta av, och de ger en s\u00e4ker och s\u00e4ker milj\u00f6 f\u00f6r m\u00e4nniskor att ansluta och utforska sina sexuella intressen.<\/p>\n<h2>Swingers Hookup webbplatser<\/h2>\n<p>Det \u00e4r n\u00e5got <a href=\"http:\/\/thehottieandthenottie.com\/free-adult-classifieds\/\">med sp\u00e4nningen i att ansluta sig till en fr\u00e4mling<\/a> som bara inte kan sl\u00e5s. Och om du letar efter k\u00e4rlek \u00e4r swingers-anslutningar det perfekta s\u00e4ttet att g\u00e5. Du kan tr\u00e4ffa nya m\u00e4nniskor, utforska nya sexuella upplevelser och ha massor av kul i processen. Dessutom vet du aldrig var du kan hitta din perfekta match. S\u00e5 om du \u00e4r redo att krydda ditt k\u00e4rleksliv \u00e4r swingers-anslutningar v\u00e4gen att g\u00e5.<\/p>\n<p>Om du vill l\u00e4gga till lite krydda i ditt dejtingsliv kanske du vill kolla in en lokal swinger-webbplats. Swinger-webbplatser \u00e4r ett bra s\u00e4tt att tr\u00e4ffa nya m\u00e4nniskor som delar samma intressen. Du kan bl\u00e4ddra bland profiler och hitta personer i ditt omr\u00e5de som \u00e4r intresserade av samma saker som du. Dessutom kan du chatta med andra medlemmar och l\u00e4ra k\u00e4nna dem innan du tr\u00e4ffas personligen. Swinger-webbplatser \u00e4r ett bra s\u00e4tt att ha kul och tr\u00e4ffa nya m\u00e4nniskor.<\/p>\n<h3>SimpleFlirts<\/h3>\n<p>Om du letar efter en lokal swinger-webbplats \u00e4r SimpleFlirts ett bra alternativ. Webbplatsen har en stor databas med medlemmar, s\u00e5 du \u00e4r s\u00e4ker p\u00e5 att hitta n\u00e5gon i ditt omr\u00e5de. S\u00f6kfunktionen \u00e4r enkel att anv\u00e4nda och du kan filtrera dina resultat efter \u00e5lder, plats och intressen. Meddelandesystemet \u00e4r enkelt och enkelt att anv\u00e4nda, och du kan ocks\u00e5 skicka foton och videor. Webbplatsen har ocks\u00e5 en mobilapp s\u00e5 att du kan komma \u00e5t ditt konto n\u00e4r du \u00e4r p\u00e5 spr\u00e5ng. Den enda nackdelen \u00e4r att webbplatsen inte har m\u00e5nga klockor och visselpipor &#8211; men den \u00e4r perfekt f\u00f6r att hitta lokala swingers.<\/p>\n<h3>SextFun<\/h3>\n<p>SextFun \u00e4r en dejtingsapp som f\u00f6rbinder lokala swingers med varandra. Appen \u00e4r gratis att ladda ner och anv\u00e4nda, och den erbjuder en m\u00e4ngd olika funktioner som g\u00f6r det enkelt att ansluta till andra swingers i ditt omr\u00e5de. SextFun erbjuder ocks\u00e5 en m\u00e4ngd olika funktioner som g\u00f6r det enkelt att hitta och ansluta till andra lokala swingers. Appen \u00e4r tillg\u00e4nglig f\u00f6r b\u00e5de iOS och Android, och det \u00e4r ett utm\u00e4rkt s\u00e4tt att tr\u00e4ffa andra lokala swingers i ditt omr\u00e5de.<\/p>\n<h3>Uppv\u00e4rmdaaffairer<\/h3>\n<p>HeatedAffairs \u00e4r en av de mest popul\u00e4ra dejtingapparna f\u00f6r lokala swingers. Appen har utformats f\u00f6r att hj\u00e4lpa par att f\u00e5 kontakt med andra par i sitt omr\u00e5de f\u00f6r skojs skull och sp\u00e4nning. Appen \u00e4r gratis att ladda ner och anv\u00e4nda, och den erbjuder ett brett utbud av funktioner som hj\u00e4lper par att ansluta till varandra. Appen inneh\u00e5ller ocks\u00e5 ett meddelandesystem s\u00e5 att par kan chatta och flirta med varandra.<\/p>\n","protected":false},"excerpt":{"rendered":"<p>Det finns m\u00e5nga lokala swingerwebbplatser som du kan anv\u00e4nda f\u00f6r att ansluta till m\u00e4nniskor i ditt omr\u00e5de. Dessa webbplatser \u00e4r ett utm\u00e4rkt s\u00e4tt att tr\u00e4ffa nya m\u00e4nniskor och utforska dina sexuella gr\u00e4nser. Du kan anv\u00e4nda dessa webbplatser f\u00f6r att hitta m\u00e4nniskor som gillar samma saker som du och som letar efter en bra tid. Du &#8230; <a title=\"Swinger webbplatser\" class=\"read-more\" href=\"http:\/\/thehottieandthenottie.com\/sv\/swinger-webbplatser\/\" aria-label=\"Mer p\u00e5 Swinger webbplatser\">L\u00e4s mer<\/a><\/p>\n","protected":false},"author":1,"featured_media":0,"parent":0,"menu_order":0,"comment_status":"closed","ping_status":"closed","template":"","meta":[],"yoast_head":"<!-- This site is optimized with the Yoast SEO plugin v17.7.1 - https:\/\/yoast.com\/wordpress\/plugins\/seo\/ -->\n<title>Swinger webbplatser - Hotties i n\u00e4rheten<\/title>\n<meta name=\"robots\" content=\"index, follow, max-snippet:-1, max-image-preview:large, max-video-preview:-1\" \/>\n<link rel=\"canonical\" href=\"http:\/\/thehottieandthenottie.com\/sv\/swinger-webbplatser\/\" \/>\n<meta property=\"og:locale\" content=\"sv_SE\" \/>\n<meta property=\"og:type\" content=\"article\" \/>\n<meta property=\"og:title\" content=\"Swinger webbplatser - Hotties i n\u00e4rheten\" \/>\n<meta property=\"og:description\" content=\"Det finns m\u00e5nga lokala swingerwebbplatser som du kan anv\u00e4nda f\u00f6r att ansluta till m\u00e4nniskor i ditt omr\u00e5de. Dessa webbplatser \u00e4r ett utm\u00e4rkt s\u00e4tt att tr\u00e4ffa nya m\u00e4nniskor och utforska dina sexuella gr\u00e4nser. Du kan anv\u00e4nda dessa webbplatser f\u00f6r att hitta m\u00e4nniskor som gillar samma saker som du och som letar efter en bra tid. Du ... L\u00e4s mer\" \/>\n<meta property=\"og:url\" content=\"http:\/\/thehottieandthenottie.com\/sv\/swinger-webbplatser\/\" \/>\n<meta property=\"og:site_name\" content=\"Hotties i n\u00e4rheten\" \/>\n<meta name=\"twitter:card\" content=\"summary_large_image\" \/>\n<meta name=\"twitter:label1\" content=\"Ber\u00e4knad l\u00e4stid\" \/>\n\t<meta name=\"twitter:data1\" content=\"3 minuter\" \/>\n<script type=\"application\/ld+json\" class=\"yoast-schema-graph\">{\"@context\":\"https:\/\/schema.org\",\"@graph\":[{\"@type\":\"WebSite\",\"@id\":\"https:\/\/thehottieandthenottie.com\/#website\",\"url\":\"https:\/\/thehottieandthenottie.com\/\",\"name\":\"Hotties i n\\u00e4rheten\",\"description\":\"Tr\\u00e4ffa kvinnor i ditt omr\\u00e5de\",\"potentialAction\":[{\"@type\":\"SearchAction\",\"target\":{\"@type\":\"EntryPoint\",\"urlTemplate\":\"https:\/\/thehottieandthenottie.com\/?s={search_term_string}\"},\"query-input\":\"required name=search_term_string\"}],\"inLanguage\":\"sv-SE\"},{\"@type\":\"WebPage\",\"@id\":\"http:\/\/thehottieandthenottie.com\/sv\/swinger-webbplatser\/#webpage\",\"url\":\"http:\/\/thehottieandthenottie.com\/sv\/swinger-webbplatser\/\",\"name\":\"Swinger webbplatser - Hotties i n\\u00e4rheten\",\"isPartOf\":{\"@id\":\"https:\/\/thehottieandthenottie.com\/#website\"},\"datePublished\":\"2022-09-30T11:57:19+00:00\",\"dateModified\":\"2022-09-30T11:57:19+00:00\",\"breadcrumb\":{\"@id\":\"http:\/\/thehottieandthenottie.com\/sv\/swinger-webbplatser\/#breadcrumb\"},\"inLanguage\":\"sv-SE\",\"potentialAction\":[{\"@type\":\"ReadAction\",\"target\":[\"http:\/\/thehottieandthenottie.com\/sv\/swinger-webbplatser\/\"]}]},{\"@type\":\"BreadcrumbList\",\"@id\":\"http:\/\/thehottieandthenottie.com\/sv\/swinger-webbplatser\/#breadcrumb\",\"itemListElement\":[{\"@type\":\"ListItem\",\"position\":1,\"name\":\"Home\",\"item\":\"https:\/\/thehottieandthenottie.com\/sv\/\"},{\"@type\":\"ListItem\",\"position\":2,\"name\":\"Swinger webbplatser\"}]}]}<\/script>\n<!-- \/ Yoast SEO plugin. -->","yoast_head_json":{"title":"Swinger webbplatser - Hotties i n\u00e4rheten","robots":{"index":"index","follow":"follow","max-snippet":"max-snippet:-1","max-image-preview":"max-image-preview:large","max-video-preview":"max-video-preview:-1"},"canonical":"http:\/\/thehottieandthenottie.com\/sv\/swinger-webbplatser\/","og_locale":"sv_SE","og_type":"article","og_title":"Swinger webbplatser - Hotties i n\u00e4rheten","og_description":"Det finns m\u00e5nga lokala swingerwebbplatser som du kan anv\u00e4nda f\u00f6r att ansluta till m\u00e4nniskor i ditt omr\u00e5de. Dessa webbplatser \u00e4r ett utm\u00e4rkt s\u00e4tt att tr\u00e4ffa nya m\u00e4nniskor och utforska dina sexuella gr\u00e4nser. Du kan anv\u00e4nda dessa webbplatser f\u00f6r att hitta m\u00e4nniskor som gillar samma saker som du och som letar efter en bra tid. Du ... L\u00e4s mer","og_url":"http:\/\/thehottieandthenottie.com\/sv\/swinger-webbplatser\/","og_site_name":"Hotties i n\u00e4rheten","twitter_card":"summary_large_image","twitter_misc":{"Ber\u00e4knad l\u00e4stid":"3 minuter"},"schema":{"@context":"https:\/\/schema.org","@graph":[{"@type":"WebSite","@id":"https:\/\/thehottieandthenottie.com\/#website","url":"https:\/\/thehottieandthenottie.com\/","name":"Hotties i n\u00e4rheten","description":"Tr\u00e4ffa kvinnor i ditt omr\u00e5de","potentialAction":[{"@type":"SearchAction","target":{"@type":"EntryPoint","urlTemplate":"https:\/\/thehottieandthenottie.com\/?s={search_term_string}"},"query-input":"required name=search_term_string"}],"inLanguage":"sv-SE"},{"@type":"WebPage","@id":"http:\/\/thehottieandthenottie.com\/sv\/swinger-webbplatser\/#webpage","url":"http:\/\/thehottieandthenottie.com\/sv\/swinger-webbplatser\/","name":"Swinger webbplatser - Hotties i n\u00e4rheten","isPartOf":{"@id":"https:\/\/thehottieandthenottie.com\/#website"},"datePublished":"2022-09-30T11:57:19+00:00","dateModified":"2022-09-30T11:57:19+00:00","breadcrumb":{"@id":"http:\/\/thehottieandthenottie.com\/sv\/swinger-webbplatser\/#breadcrumb"},"inLanguage":"sv-SE","potentialAction":[{"@type":"ReadAction","target":["http:\/\/thehottieandthenottie.com\/sv\/swinger-webbplatser\/"]}]},{"@type":"BreadcrumbList","@id":"http:\/\/thehottieandthenottie.com\/sv\/swinger-webbplatser\/#breadcrumb","itemListElement":[{"@type":"ListItem","position":1,"name":"Home","item":"https:\/\/thehottieandthenottie.com\/sv\/"},{"@type":"ListItem","position":2,"name":"Swinger webbplatser"}]}]}},"_links":{"self":[{"href":"http:\/\/thehottieandthenottie.com\/sv\/wp-json\/wp\/v2\/pages\/566"}],"collection":[{"href":"http:\/\/thehottieandthenottie.com\/sv\/wp-json\/wp\/v2\/pages"}],"about":[{"href":"http:\/\/thehottieandthenottie.com\/sv\/wp-json\/wp\/v2\/types\/page"}],"author":[{"embeddable":true,"href":"http:\/\/thehottieandthenottie.com\/sv\/wp-json\/wp\/v2\/users\/1"}],"replies":[{"embeddable":true,"href":"http:\/\/thehottieandthenottie.com\/sv\/wp-json\/wp\/v2\/comments?post=566"}],"version-history":[{"count":0,"href":"http:\/\/thehottieandthenottie.com\/sv\/wp-json\/wp\/v2\/pages\/566\/revisions"}],"wp:attachment":[{"href":"http:\/\/thehottieandthenottie.com\/sv\/wp-json\/wp\/v2\/media?parent=566"}],"curies":[{"name":"wp","href":"https:\/\/api.w.org\/{rel}","templated":true}]}}