{"id":582,"date":"2022-09-30T12:56:42","date_gmt":"2022-09-30T11:56:42","guid":{"rendered":"http:\/\/thehottieandthenottie.com\/gratis-vuxenannonser\/"},"modified":"2022-09-30T12:56:42","modified_gmt":"2022-09-30T11:56:42","slug":"gratis-vuxenannonser","status":"publish","type":"page","link":"http:\/\/thehottieandthenottie.com\/sv\/gratis-vuxenannonser\/","title":{"rendered":"Gratis vuxenannonser"},"content":{"rendered":"<p>Det finns ingen anledning att g\u00e5 till en bar eller klubb f\u00f6r att h\u00e4mta j\u00e4mf\u00f6rt med n\u00e4r du anv\u00e4nder lokala kontaktannonser f\u00f6r vuxna. Allt du beh\u00f6ver g\u00f6ra \u00e4r att l\u00e4gga upp en personlig annons online och du kan ansluta dig till n\u00e5gon lokal i ditt omr\u00e5de utan att ens l\u00e4mna ditt hus. Du kan vara s\u00e5 specifik som du vill i din annons s\u00e5 att du bara lockar personer som letar efter samma sak som du. T\u00e4nk p\u00e5 att inte alla letar efter ett one night stand, s\u00e5 om det \u00e4r allt du \u00e4r ute efter kan du ha b\u00e4ttre tur n\u00e5gon annanstans.<\/p>\n<h2>Lokala sexkontaktannonser<\/h2>\n<p>Det finns m\u00e5nga m\u00e4nniskor som anv\u00e4nder sexkontaktpersonal n\u00e4r de letar efter ett datum. Detta beror p\u00e5 att de kan vara mycket specifika om vad de letar efter och de kan hitta m\u00e4nniskor som letar efter samma sak. Det finns ocks\u00e5 m\u00e5nga m\u00e4nniskor som anv\u00e4nder sexkontakter f\u00f6r att hitta n\u00e5gon att ha ett avslappnat m\u00f6te med. Detta beror p\u00e5 att det \u00e4r mycket l\u00e4ttare att hitta n\u00e5gon som letar efter samma sak n\u00e4r du anv\u00e4nder en sex kontaktannonser webbplats. Det finns m\u00e5nga webbplatser f\u00f6r vuxna som tillgodoser dem som letar efter k\u00e4rlek. Dessa webbplatser erbjuder en m\u00e4ngd olika tj\u00e4nster som kan hj\u00e4lpa dig att hitta den perfekta matchningen. De kan ocks\u00e5 ge dig tips och r\u00e5d om hur du f\u00e5r ut det mesta av din relation. De flesta av dessa webbplatser \u00e4r gratis att anv\u00e4nda, s\u00e5 du kan bl\u00e4ddra igenom dem p\u00e5 din fritid.<\/p>\n<h2>Gratis sexannonser<\/h2>\n<p>Det har nyligen skett en \u00f6kning av <a href=\"http:\/\/thehottieandthenottie.com\/fuck-someone-near-you\/\">lokala sexannonser<\/a> i dejtingv\u00e4rlden. Detta beror sannolikt p\u00e5 att m\u00e4nniskor k\u00e4nner sig mer bekv\u00e4ma med sin sexualitet och \u00e4r mer \u00f6ppna f\u00f6r att utforska sina alternativ. Dessa annonser kan vara ett bra s\u00e4tt att f\u00e5 kontakt med n\u00e5gon som delar dina intressen och \u00f6nskem\u00e5l. De kan ocks\u00e5 vara ett bra s\u00e4tt att hitta n\u00e5gon som letar efter n\u00e5got lite mer avslappnat. Om du \u00e4r intresserad av att utforska dina alternativ kan det vara ett bra st\u00e4lle att b\u00f6rja med att kolla in lokala sexannonser. Se bara till att vara s\u00e4ker och \u00e4rlig om vad du letar efter.<\/p>\n<h3>Dubbellista<\/h3>\n<p>DoubleList \u00e4r en ny dejtingapp som har f\u00e5tt mycket surr p\u00e5 sistone. Appen \u00e4r utformad f\u00f6r att hj\u00e4lpa dig att hitta lokala vuxna singlar att dejta och ansluta till. Appen \u00e4r gratis att ladda ner och anv\u00e4nda, och den \u00e4r tillg\u00e4nglig f\u00f6r b\u00e5de iOS- och Android-enheter. DoubleList-appen \u00e4r mycket anv\u00e4ndarv\u00e4nlig och l\u00e4tt att navigera. Du kan bl\u00e4ddra igenom profiler f\u00f6r lokala singlar i ditt omr\u00e5de och se deras foton och information. N\u00e4r du hittar n\u00e5gon du \u00e4r intresserad av kan du skicka ett meddelande till dem och b\u00f6rja chatta. Appen har ocks\u00e5 ett inbyggt chattsystem s\u00e5 att du kan chatta med dina matchningar i realtid. DoubleList-appen \u00e4r ett utm\u00e4rkt s\u00e4tt att tr\u00e4ffa lokala singlar f\u00f6r att dejta och ansluta sig.<\/p>\n<h3>Badoo<\/h3>\n<p>Badoo \u00e4r en dejtingsapp som v\u00e4xer i popularitet bland vuxna som letar efter lokala anslutningar. Appen \u00e4r gratis att ladda ner och anv\u00e4nda, och den erbjuder en m\u00e4ngd olika funktioner som g\u00f6r det enkelt att ansluta till potentiella matchningar i ditt omr\u00e5de. Badoo har ocks\u00e5 en stark integritetspolicy, och det \u00e4r en av f\u00e5 dejtingappar som l\u00e5ter dig styra vem som kan se din profil. Sammantaget \u00e4r Badoo ett utm\u00e4rkt alternativ f\u00f6r vuxna som letar efter en anslutningsapp som \u00e4r l\u00e4tt att anv\u00e4nda och har en stark integritetspolicy.<\/p>\n<h3>Alt.com<\/h3>\n<p>Alt.com \u00e4r en lokal dejtingsapp f\u00f6r vuxna kontaktannonser som har f\u00e5tt mycket surr p\u00e5 sistone. Appen \u00e4r gratis att ladda ner och den lovar att hj\u00e4lpa dig att hitta lokala vuxna att ansluta till. Men lever det upp till hypen?<\/p>\n<p>Jag best\u00e4mde mig f\u00f6r att ge Alt.com ett f\u00f6rs\u00f6k och se sj\u00e4lv. Registreringsprocessen var snabb och enkel, och jag bl\u00e4ddrade snart igenom lokala vuxenprofiler. Jag blev f\u00f6rv\u00e5nad \u00f6ver hur m\u00e5nga det var! Jag hittade n\u00e5gra potentiella matchningar och pratade med dem ett tag.<\/p>\n<p>Sammantaget var jag imponerad av Alt.com. Det \u00e4r ett utm\u00e4rkt s\u00e4tt att tr\u00e4ffa lokala vuxna f\u00f6r avslappnade anslutningar. Appen \u00e4r enkel att anv\u00e4nda och det finns m\u00e5nga anv\u00e4ndare att v\u00e4lja mellan. Om du letar efter en ny dejtingapp att prova rekommenderar jag att du ger Alt.com en chans.<\/p>\n","protected":false},"excerpt":{"rendered":"<p>Det finns ingen anledning att g\u00e5 till en bar eller klubb f\u00f6r att h\u00e4mta j\u00e4mf\u00f6rt med n\u00e4r du anv\u00e4nder lokala kontaktannonser f\u00f6r vuxna. Allt du beh\u00f6ver g\u00f6ra \u00e4r att l\u00e4gga upp en personlig annons online och du kan ansluta dig till n\u00e5gon lokal i ditt omr\u00e5de utan att ens l\u00e4mna ditt hus. Du kan vara &#8230; <a title=\"Gratis vuxenannonser\" class=\"read-more\" href=\"http:\/\/thehottieandthenottie.com\/sv\/gratis-vuxenannonser\/\" aria-label=\"Mer p\u00e5 Gratis vuxenannonser\">L\u00e4s mer<\/a><\/p>\n","protected":false},"author":1,"featured_media":0,"parent":0,"menu_order":0,"comment_status":"closed","ping_status":"closed","template":"","meta":[],"yoast_head":"<!-- This site is optimized with the Yoast SEO plugin v17.7.1 - https:\/\/yoast.com\/wordpress\/plugins\/seo\/ -->\n<title>Gratis vuxenannonser - Hotties i n\u00e4rheten<\/title>\n<meta name=\"robots\" content=\"index, follow, max-snippet:-1, max-image-preview:large, max-video-preview:-1\" \/>\n<link rel=\"canonical\" href=\"http:\/\/thehottieandthenottie.com\/sv\/gratis-vuxenannonser\/\" \/>\n<meta property=\"og:locale\" content=\"sv_SE\" \/>\n<meta property=\"og:type\" content=\"article\" \/>\n<meta property=\"og:title\" content=\"Gratis vuxenannonser - Hotties i n\u00e4rheten\" \/>\n<meta property=\"og:description\" content=\"Det finns ingen anledning att g\u00e5 till en bar eller klubb f\u00f6r att h\u00e4mta j\u00e4mf\u00f6rt med n\u00e4r du anv\u00e4nder lokala kontaktannonser f\u00f6r vuxna. Allt du beh\u00f6ver g\u00f6ra \u00e4r att l\u00e4gga upp en personlig annons online och du kan ansluta dig till n\u00e5gon lokal i ditt omr\u00e5de utan att ens l\u00e4mna ditt hus. Du kan vara ... L\u00e4s mer\" \/>\n<meta property=\"og:url\" content=\"http:\/\/thehottieandthenottie.com\/sv\/gratis-vuxenannonser\/\" \/>\n<meta property=\"og:site_name\" content=\"Hotties i n\u00e4rheten\" \/>\n<meta name=\"twitter:card\" content=\"summary_large_image\" \/>\n<meta name=\"twitter:label1\" content=\"Ber\u00e4knad l\u00e4stid\" \/>\n\t<meta name=\"twitter:data1\" content=\"4 minuter\" \/>\n<script type=\"application\/ld+json\" class=\"yoast-schema-graph\">{\"@context\":\"https:\/\/schema.org\",\"@graph\":[{\"@type\":\"WebSite\",\"@id\":\"https:\/\/thehottieandthenottie.com\/#website\",\"url\":\"https:\/\/thehottieandthenottie.com\/\",\"name\":\"Hotties i n\\u00e4rheten\",\"description\":\"Tr\\u00e4ffa kvinnor i ditt omr\\u00e5de\",\"potentialAction\":[{\"@type\":\"SearchAction\",\"target\":{\"@type\":\"EntryPoint\",\"urlTemplate\":\"https:\/\/thehottieandthenottie.com\/?s={search_term_string}\"},\"query-input\":\"required name=search_term_string\"}],\"inLanguage\":\"sv-SE\"},{\"@type\":\"WebPage\",\"@id\":\"http:\/\/thehottieandthenottie.com\/sv\/gratis-vuxenannonser\/#webpage\",\"url\":\"http:\/\/thehottieandthenottie.com\/sv\/gratis-vuxenannonser\/\",\"name\":\"Gratis vuxenannonser - Hotties i n\\u00e4rheten\",\"isPartOf\":{\"@id\":\"https:\/\/thehottieandthenottie.com\/#website\"},\"datePublished\":\"2022-09-30T11:56:42+00:00\",\"dateModified\":\"2022-09-30T11:56:42+00:00\",\"breadcrumb\":{\"@id\":\"http:\/\/thehottieandthenottie.com\/sv\/gratis-vuxenannonser\/#breadcrumb\"},\"inLanguage\":\"sv-SE\",\"potentialAction\":[{\"@type\":\"ReadAction\",\"target\":[\"http:\/\/thehottieandthenottie.com\/sv\/gratis-vuxenannonser\/\"]}]},{\"@type\":\"BreadcrumbList\",\"@id\":\"http:\/\/thehottieandthenottie.com\/sv\/gratis-vuxenannonser\/#breadcrumb\",\"itemListElement\":[{\"@type\":\"ListItem\",\"position\":1,\"name\":\"Home\",\"item\":\"http:\/\/thehottieandthenottie.com\/sv\/\"},{\"@type\":\"ListItem\",\"position\":2,\"name\":\"Gratis vuxenannonser\"}]}]}<\/script>\n<!-- \/ Yoast SEO plugin. -->","yoast_head_json":{"title":"Gratis vuxenannonser - Hotties i n\u00e4rheten","robots":{"index":"index","follow":"follow","max-snippet":"max-snippet:-1","max-image-preview":"max-image-preview:large","max-video-preview":"max-video-preview:-1"},"canonical":"http:\/\/thehottieandthenottie.com\/sv\/gratis-vuxenannonser\/","og_locale":"sv_SE","og_type":"article","og_title":"Gratis vuxenannonser - Hotties i n\u00e4rheten","og_description":"Det finns ingen anledning att g\u00e5 till en bar eller klubb f\u00f6r att h\u00e4mta j\u00e4mf\u00f6rt med n\u00e4r du anv\u00e4nder lokala kontaktannonser f\u00f6r vuxna. Allt du beh\u00f6ver g\u00f6ra \u00e4r att l\u00e4gga upp en personlig annons online och du kan ansluta dig till n\u00e5gon lokal i ditt omr\u00e5de utan att ens l\u00e4mna ditt hus. Du kan vara ... L\u00e4s mer","og_url":"http:\/\/thehottieandthenottie.com\/sv\/gratis-vuxenannonser\/","og_site_name":"Hotties i n\u00e4rheten","twitter_card":"summary_large_image","twitter_misc":{"Ber\u00e4knad l\u00e4stid":"4 minuter"},"schema":{"@context":"https:\/\/schema.org","@graph":[{"@type":"WebSite","@id":"https:\/\/thehottieandthenottie.com\/#website","url":"https:\/\/thehottieandthenottie.com\/","name":"Hotties i n\u00e4rheten","description":"Tr\u00e4ffa kvinnor i ditt omr\u00e5de","potentialAction":[{"@type":"SearchAction","target":{"@type":"EntryPoint","urlTemplate":"https:\/\/thehottieandthenottie.com\/?s={search_term_string}"},"query-input":"required name=search_term_string"}],"inLanguage":"sv-SE"},{"@type":"WebPage","@id":"http:\/\/thehottieandthenottie.com\/sv\/gratis-vuxenannonser\/#webpage","url":"http:\/\/thehottieandthenottie.com\/sv\/gratis-vuxenannonser\/","name":"Gratis vuxenannonser - Hotties i n\u00e4rheten","isPartOf":{"@id":"https:\/\/thehottieandthenottie.com\/#website"},"datePublished":"2022-09-30T11:56:42+00:00","dateModified":"2022-09-30T11:56:42+00:00","breadcrumb":{"@id":"http:\/\/thehottieandthenottie.com\/sv\/gratis-vuxenannonser\/#breadcrumb"},"inLanguage":"sv-SE","potentialAction":[{"@type":"ReadAction","target":["http:\/\/thehottieandthenottie.com\/sv\/gratis-vuxenannonser\/"]}]},{"@type":"BreadcrumbList","@id":"http:\/\/thehottieandthenottie.com\/sv\/gratis-vuxenannonser\/#breadcrumb","itemListElement":[{"@type":"ListItem","position":1,"name":"Home","item":"http:\/\/thehottieandthenottie.com\/sv\/"},{"@type":"ListItem","position":2,"name":"Gratis vuxenannonser"}]}]}},"_links":{"self":[{"href":"http:\/\/thehottieandthenottie.com\/sv\/wp-json\/wp\/v2\/pages\/582"}],"collection":[{"href":"http:\/\/thehottieandthenottie.com\/sv\/wp-json\/wp\/v2\/pages"}],"about":[{"href":"http:\/\/thehottieandthenottie.com\/sv\/wp-json\/wp\/v2\/types\/page"}],"author":[{"embeddable":true,"href":"http:\/\/thehottieandthenottie.com\/sv\/wp-json\/wp\/v2\/users\/1"}],"replies":[{"embeddable":true,"href":"http:\/\/thehottieandthenottie.com\/sv\/wp-json\/wp\/v2\/comments?post=582"}],"version-history":[{"count":0,"href":"http:\/\/thehottieandthenottie.com\/sv\/wp-json\/wp\/v2\/pages\/582\/revisions"}],"wp:attachment":[{"href":"http:\/\/thehottieandthenottie.com\/sv\/wp-json\/wp\/v2\/media?parent=582"}],"curies":[{"name":"wp","href":"https:\/\/api.w.org\/{rel}","templated":true}]}}