{"id":590,"date":"2022-09-30T12:55:30","date_gmt":"2022-09-30T11:55:30","guid":{"rendered":"http:\/\/thehottieandthenottie.com\/bondage-dejting\/"},"modified":"2022-10-17T14:09:35","modified_gmt":"2022-10-17T13:09:35","slug":"bondage-dejting","status":"publish","type":"page","link":"http:\/\/thehottieandthenottie.com\/sv\/bondage-dejting\/","title":{"rendered":"Bondage Dejting"},"content":{"rendered":"<p>Det \u00e4r n\u00e5got med anonymiteten i ett chattrum som verkligen f\u00e5r folk att prata om sina kinks och fetischer. Om du gillar bondage finns det gott om chattrum d\u00e4r ute d\u00e4r du kan utforska dina intressen med likasinnade m\u00e4nniskor.<\/p>\n<p>Du kan hitta chattrum f\u00f6r alla typer av kinks och fetischer, s\u00e5 du \u00e4r s\u00e4ker p\u00e5 att hitta <a href=\"https:\/\/wank.io\/fi\/trans-treffit\/\">trans treffit<\/a> en som passar dig. Kom bara ih\u00e5g att vara s\u00e4ker och respektfull n\u00e4r du chattar med n\u00e5gon ny. Och vem vet, du kanske bara hittar din perfekta anslutningspartner i ett av dessa chattrum. Bondage dating h\u00e4nvisar till \u00f6vningen att njuta av intima fysiska och k\u00e4nslom\u00e4ssiga relationer med n\u00e5gon som tycker om att begr\u00e4nsa sin partner. Det kan handla om handf\u00e4ngsel, rep, gags, \u00f6gonbindlar och andra typer av fasth\u00e5llningar. Det kan vara ett roligt och sp\u00e4nnande s\u00e4tt att l\u00e4gga till lite krydda i ditt f\u00f6rh\u00e5llande. Det \u00e4r dock viktigt att vara s\u00e4ker och samf\u00f6rst\u00e5nd n\u00e4r man deltar i bondage-lek.<\/p>\n<h2>BDSM-anslutningswebbplatser<\/h2>\n<p>Det finns inget svar p\u00e5 den h\u00e4r fr\u00e5gan &#8211; allas erfarenheter kommer att vara olika. Men om du \u00e4r intresserad av att utforska BDSM-anslutningar finns det n\u00e5gra saker du kan t\u00e4nka p\u00e5. F\u00f6r det f\u00f6rsta \u00e4r det viktigt att vara tydlig med vad du letar efter och vilka dina gr\u00e4nser \u00e4r. Det \u00e4r ocks\u00e5 en bra id\u00e9 att kommunicera med din potentiella partner i f\u00f6rv\u00e4g f\u00f6r att se till att du \u00e4r p\u00e5 samma sida. N\u00e4r du v\u00e4l har hittat n\u00e5gon du \u00e4r kompatibel med \u00e4r det viktigt att lita p\u00e5 dina instinkter och g\u00e5 med magen. Slutligen, se till att ha kul och njut!<\/p>\n<h2>Fetisch Dejting<\/h2>\n<p>Fetischm\u00f6tessidor kan vara ett bra s\u00e4tt f\u00f6r personer med specifika fetischer att f\u00e5 kontakt <a href=\"https:\/\/vrpguide.com\/da\/100-gratis-vr-porno-gratis-vr-pornofilm\/\">vrporno<\/a> med andra som delar deras intressen. Dessa webbplatser kan hj\u00e4lpa m\u00e4nniskor att hitta partners f\u00f6r dejting, relationer eller till och med bara avslappnade m\u00f6ten. Medan vissa m\u00e4nniskor kan se fetischer som konstiga eller konstiga, \u00e4r det inget fel med att ha en. Alla \u00e4r olika och det finns ingen skam i att njuta av n\u00e5got som kan anses vara tabu. Fetish meet-webbplatser kan ge en s\u00e4ker och v\u00e4lkomnande milj\u00f6 f\u00f6r m\u00e4nniskor att utforska sin sexualitet och hitta likasinnade partners.<\/p>\n<h3>Uppv\u00e4rmdaaffairer<\/h3>\n<p>Heated Affairs \u00e4r en online dating app som v\u00e4nder sig till m\u00e4nniskor som \u00e4r intresserade av bondage chattrum. Appen \u00e4r enkel att anv\u00e4nda och har m\u00e5nga funktioner som g\u00f6r den till ett utm\u00e4rkt val f\u00f6r m\u00e4nniskor som letar efter ett s\u00e4tt att f\u00e5 kontakt med andra som delar sina intressen. Appen \u00e4r gratis att ladda ner och anv\u00e4nda, och den erbjuder <a href=\"http:\/\/www.sextstrangers.com\/sv\/gratis-webbplatser-for-sexmeddelanden\/\">gratis sex dating<\/a> ett brett utbud av funktioner som g\u00f6r den till ett utm\u00e4rkt alternativ f\u00f6r m\u00e4nniskor som letar efter ett s\u00e4tt att f\u00e5 kontakt med andra som delar deras intressen.<\/p>\n<h3>Chatt Avenyn<\/h3>\n<p>Om du letar efter ett chattrum som \u00e4r speciellt utformat f\u00f6r personer som \u00e4r intresserade av bondage, b\u00f6r du kolla in Chat Avenues bondage chatroom. Detta chattrum \u00e4r fyllt med m\u00e4nniskor som vill utforska sin kinky sida, och det \u00e4r ett bra st\u00e4lle att hitta n\u00e5gon att chatta med om dina gemensamma intressen. Chattrummet modereras s\u00e5 att du kan k\u00e4nna dig trygg med att diskutera dina intressen med andra, och du kan ocks\u00e5 hitta personer att chatta med som delar dina kinky fetischer.<\/p>\n<h3>Stygg<\/h3>\n<p>BeNaughty \u00e4r en dejtingsapp som \u00e4r speciellt utformad f\u00f6r personer som \u00e4r intresserade av bondage chattrum. Appen \u00e4r mycket anv\u00e4ndarv\u00e4nlig och g\u00f6r det enkelt att hitta personer som delar dina intressen. Appen har ocks\u00e5 m\u00e5nga funktioner som g\u00f6r det enkelt att ansluta till andra anv\u00e4ndare. Sammantaget \u00e4r BeNaughty ett utm\u00e4rkt alternativ f\u00f6r m\u00e4nniskor som \u00e4r intresserade av bondage chattrum.<\/p>\n","protected":false},"excerpt":{"rendered":"<p>Det \u00e4r n\u00e5got med anonymiteten i ett chattrum som verkligen f\u00e5r folk att prata om sina kinks och fetischer. Om du gillar bondage finns det gott om chattrum d\u00e4r ute d\u00e4r du kan utforska dina intressen med likasinnade m\u00e4nniskor. Du kan hitta chattrum f\u00f6r alla typer av kinks och fetischer, s\u00e5 du \u00e4r s\u00e4ker p\u00e5 &#8230; <a title=\"Bondage Dejting\" class=\"read-more\" href=\"http:\/\/thehottieandthenottie.com\/sv\/bondage-dejting\/\" aria-label=\"Mer p\u00e5 Bondage Dejting\">L\u00e4s mer<\/a><\/p>\n","protected":false},"author":1,"featured_media":0,"parent":0,"menu_order":0,"comment_status":"closed","ping_status":"closed","template":"","meta":[],"yoast_head":"<!-- This site is optimized with the Yoast SEO plugin v17.7.1 - https:\/\/yoast.com\/wordpress\/plugins\/seo\/ -->\n<title>Bondage Dejting - Hotties i n\u00e4rheten<\/title>\n<meta name=\"robots\" content=\"index, follow, max-snippet:-1, max-image-preview:large, max-video-preview:-1\" \/>\n<link rel=\"canonical\" href=\"http:\/\/thehottieandthenottie.com\/sv\/bondage-dejting\/\" \/>\n<meta property=\"og:locale\" content=\"sv_SE\" \/>\n<meta property=\"og:type\" content=\"article\" \/>\n<meta property=\"og:title\" content=\"Bondage Dejting - Hotties i n\u00e4rheten\" \/>\n<meta property=\"og:description\" content=\"Det \u00e4r n\u00e5got med anonymiteten i ett chattrum som verkligen f\u00e5r folk att prata om sina kinks och fetischer. Om du gillar bondage finns det gott om chattrum d\u00e4r ute d\u00e4r du kan utforska dina intressen med likasinnade m\u00e4nniskor. Du kan hitta chattrum f\u00f6r alla typer av kinks och fetischer, s\u00e5 du \u00e4r s\u00e4ker p\u00e5 ... L\u00e4s mer\" \/>\n<meta property=\"og:url\" content=\"http:\/\/thehottieandthenottie.com\/sv\/bondage-dejting\/\" \/>\n<meta property=\"og:site_name\" content=\"Hotties i n\u00e4rheten\" \/>\n<meta property=\"article:modified_time\" content=\"2022-10-17T13:09:35+00:00\" \/>\n<meta name=\"twitter:card\" content=\"summary_large_image\" \/>\n<meta name=\"twitter:label1\" content=\"Ber\u00e4knad l\u00e4stid\" \/>\n\t<meta name=\"twitter:data1\" content=\"3 minuter\" \/>\n<script type=\"application\/ld+json\" class=\"yoast-schema-graph\">{\"@context\":\"https:\/\/schema.org\",\"@graph\":[{\"@type\":\"WebSite\",\"@id\":\"https:\/\/thehottieandthenottie.com\/#website\",\"url\":\"https:\/\/thehottieandthenottie.com\/\",\"name\":\"Hotties i n\\u00e4rheten\",\"description\":\"Tr\\u00e4ffa kvinnor i ditt omr\\u00e5de\",\"potentialAction\":[{\"@type\":\"SearchAction\",\"target\":{\"@type\":\"EntryPoint\",\"urlTemplate\":\"https:\/\/thehottieandthenottie.com\/?s={search_term_string}\"},\"query-input\":\"required name=search_term_string\"}],\"inLanguage\":\"sv-SE\"},{\"@type\":\"WebPage\",\"@id\":\"http:\/\/thehottieandthenottie.com\/sv\/bondage-dejting\/#webpage\",\"url\":\"http:\/\/thehottieandthenottie.com\/sv\/bondage-dejting\/\",\"name\":\"Bondage Dejting - Hotties i n\\u00e4rheten\",\"isPartOf\":{\"@id\":\"https:\/\/thehottieandthenottie.com\/#website\"},\"datePublished\":\"2022-09-30T11:55:30+00:00\",\"dateModified\":\"2022-10-17T13:09:35+00:00\",\"breadcrumb\":{\"@id\":\"http:\/\/thehottieandthenottie.com\/sv\/bondage-dejting\/#breadcrumb\"},\"inLanguage\":\"sv-SE\",\"potentialAction\":[{\"@type\":\"ReadAction\",\"target\":[\"http:\/\/thehottieandthenottie.com\/sv\/bondage-dejting\/\"]}]},{\"@type\":\"BreadcrumbList\",\"@id\":\"http:\/\/thehottieandthenottie.com\/sv\/bondage-dejting\/#breadcrumb\",\"itemListElement\":[{\"@type\":\"ListItem\",\"position\":1,\"name\":\"Home\",\"item\":\"https:\/\/thehottieandthenottie.com\/sv\/\"},{\"@type\":\"ListItem\",\"position\":2,\"name\":\"Bondage Dejting\"}]}]}<\/script>\n<!-- \/ Yoast SEO plugin. -->","yoast_head_json":{"title":"Bondage Dejting - Hotties i n\u00e4rheten","robots":{"index":"index","follow":"follow","max-snippet":"max-snippet:-1","max-image-preview":"max-image-preview:large","max-video-preview":"max-video-preview:-1"},"canonical":"http:\/\/thehottieandthenottie.com\/sv\/bondage-dejting\/","og_locale":"sv_SE","og_type":"article","og_title":"Bondage Dejting - Hotties i n\u00e4rheten","og_description":"Det \u00e4r n\u00e5got med anonymiteten i ett chattrum som verkligen f\u00e5r folk att prata om sina kinks och fetischer. Om du gillar bondage finns det gott om chattrum d\u00e4r ute d\u00e4r du kan utforska dina intressen med likasinnade m\u00e4nniskor. Du kan hitta chattrum f\u00f6r alla typer av kinks och fetischer, s\u00e5 du \u00e4r s\u00e4ker p\u00e5 ... L\u00e4s mer","og_url":"http:\/\/thehottieandthenottie.com\/sv\/bondage-dejting\/","og_site_name":"Hotties i n\u00e4rheten","article_modified_time":"2022-10-17T13:09:35+00:00","twitter_card":"summary_large_image","twitter_misc":{"Ber\u00e4knad l\u00e4stid":"3 minuter"},"schema":{"@context":"https:\/\/schema.org","@graph":[{"@type":"WebSite","@id":"https:\/\/thehottieandthenottie.com\/#website","url":"https:\/\/thehottieandthenottie.com\/","name":"Hotties i n\u00e4rheten","description":"Tr\u00e4ffa kvinnor i ditt omr\u00e5de","potentialAction":[{"@type":"SearchAction","target":{"@type":"EntryPoint","urlTemplate":"https:\/\/thehottieandthenottie.com\/?s={search_term_string}"},"query-input":"required name=search_term_string"}],"inLanguage":"sv-SE"},{"@type":"WebPage","@id":"http:\/\/thehottieandthenottie.com\/sv\/bondage-dejting\/#webpage","url":"http:\/\/thehottieandthenottie.com\/sv\/bondage-dejting\/","name":"Bondage Dejting - Hotties i n\u00e4rheten","isPartOf":{"@id":"https:\/\/thehottieandthenottie.com\/#website"},"datePublished":"2022-09-30T11:55:30+00:00","dateModified":"2022-10-17T13:09:35+00:00","breadcrumb":{"@id":"http:\/\/thehottieandthenottie.com\/sv\/bondage-dejting\/#breadcrumb"},"inLanguage":"sv-SE","potentialAction":[{"@type":"ReadAction","target":["http:\/\/thehottieandthenottie.com\/sv\/bondage-dejting\/"]}]},{"@type":"BreadcrumbList","@id":"http:\/\/thehottieandthenottie.com\/sv\/bondage-dejting\/#breadcrumb","itemListElement":[{"@type":"ListItem","position":1,"name":"Home","item":"https:\/\/thehottieandthenottie.com\/sv\/"},{"@type":"ListItem","position":2,"name":"Bondage Dejting"}]}]}},"_links":{"self":[{"href":"http:\/\/thehottieandthenottie.com\/sv\/wp-json\/wp\/v2\/pages\/590"}],"collection":[{"href":"http:\/\/thehottieandthenottie.com\/sv\/wp-json\/wp\/v2\/pages"}],"about":[{"href":"http:\/\/thehottieandthenottie.com\/sv\/wp-json\/wp\/v2\/types\/page"}],"author":[{"embeddable":true,"href":"http:\/\/thehottieandthenottie.com\/sv\/wp-json\/wp\/v2\/users\/1"}],"replies":[{"embeddable":true,"href":"http:\/\/thehottieandthenottie.com\/sv\/wp-json\/wp\/v2\/comments?post=590"}],"version-history":[{"count":1,"href":"http:\/\/thehottieandthenottie.com\/sv\/wp-json\/wp\/v2\/pages\/590\/revisions"}],"predecessor-version":[{"id":680,"href":"http:\/\/thehottieandthenottie.com\/sv\/wp-json\/wp\/v2\/pages\/590\/revisions\/680"}],"wp:attachment":[{"href":"http:\/\/thehottieandthenottie.com\/sv\/wp-json\/wp\/v2\/media?parent=590"}],"curies":[{"name":"wp","href":"https:\/\/api.w.org\/{rel}","templated":true}]}}