{"id":595,"date":"2022-09-30T12:56:06","date_gmt":"2022-09-30T11:56:06","guid":{"rendered":"http:\/\/thehottieandthenottie.com\/knulla-nagon-nara-dig\/"},"modified":"2022-09-30T12:56:06","modified_gmt":"2022-09-30T11:56:06","slug":"knulla-nagon-nara-dig","status":"publish","type":"page","link":"http:\/\/thehottieandthenottie.com\/sv\/knulla-nagon-nara-dig\/","title":{"rendered":"Knulla n\u00e5gon n\u00e4ra dig"},"content":{"rendered":"<p>Om du letar efter anslutningar n\u00e4ra dig finns det n\u00e5gra saker du kan g\u00f6ra f\u00f6r att \u00f6ka dina chanser att hitta n\u00e5gon. F\u00f6rs\u00f6k f\u00f6rst anv\u00e4nda dejtingappar eller webbplatser som \u00e4r specifikt f\u00f6r anslutningar. Dessa kan vara ett bra s\u00e4tt att tr\u00e4ffa m\u00e4nniskor som ocks\u00e5 letar efter avslappnade m\u00f6ten. Ett annat alternativ \u00e4r att g\u00e5 till barer eller klubbar som \u00e4r k\u00e4nda f\u00f6r att vara anslutningsplatser. Slutligen kan du alltid fr\u00e5ga runt f\u00f6r att se om n\u00e5gon av dina v\u00e4nner k\u00e4nner n\u00e5gon som kan vara <a href=\"http:\/\/thehottieandthenottie.com\/bondage-dating\/\">intresserad av att ansluta sig<\/a>.<\/p>\n<h2>Gratis anslutningar n\u00e4ra mig<\/h2>\n<p>Det finns gott om uppkopplingsplatser n\u00e4ra mig, allt fr\u00e5n barer och klubbar till parker och andra offentliga utrymmen. Om jag letar efter en avslappnad anslutning g\u00e5r jag vanligtvis till en bar eller klubb, d\u00e4r det finns gott om m\u00e4nniskor runt som ocks\u00e5 letar efter en bra tid. Om jag letar efter n\u00e5got lite mer intimt kan jag g\u00e5 till en park eller annat offentligt utrymme d\u00e4r jag kan vara ensam med min dejt. Hur som helst finns det m\u00e5nga alternativ f\u00f6r att hitta en bra anslutningsplats n\u00e4ra mig.<\/p>\n<p>Det finns ingen anledning att g\u00f6ra allt f\u00f6r att hitta n\u00e5gon att knulla n\u00e4ra dig. Var bara dig sj\u00e4lv och var \u00f6ppen f\u00f6r nya upplevelser. Man vet aldrig vem man kan tr\u00e4ffa och vad som kan h\u00e4nda. Vem vet, du kanske bara hittar ditt livs k\u00e4rlek.<\/p>\n<h2>Lokal sexdejting<\/h2>\n<p>Det finns gott om lokala sexplatser om du letar efter en plats att ansluta till ett datum. Biblioteket \u00e4r alltid en bra satsning &#8211; se bara till att vara tyst! Om du k\u00e4nner dig lite mer \u00e4ventyrlig finns det alltid parken efter m\u00f6rkrets inbrott. Se bara till att h\u00e5lla utkik efter polisen!<\/p>\n<h3>Chatzy<\/h3>\n<p>Om du letar efter en ny dejtingsapp kan Chatzy vara v\u00e4rt att kolla in. Appen \u00e4r utformad f\u00f6r att hj\u00e4lpa dig att f\u00e5 kontakt med m\u00e4nniskor i n\u00e4rheten, s\u00e5 att du kan chatta och kanske till och med tr\u00e4ffas personligen. Appen \u00e4r gratis att ladda ner och anv\u00e4nda, och det \u00e4r ganska enkelt att ta reda p\u00e5 hur man anv\u00e4nder den. Skapa bara en profil och b\u00f6rja chatta med m\u00e4nniskor i ditt omr\u00e5de.<\/p>\n<p>Jag har anv\u00e4nt Chatzy i n\u00e5gra veckor nu och jag har haft n\u00e5gra bra erfarenheter av det. Jag har tr\u00e4ffat n\u00e5gra riktigt coola m\u00e4nniskor och haft n\u00e5gra bra samtal. Appen \u00e4r definitivt v\u00e4rt att kolla in om du letar efter n\u00e5got nytt och annorlunda.<\/p>\n<h3>TinderMeets<\/h3>\n<p>Om du letar efter en ny dejtingsapp att prova, \u00f6verv\u00e4g TinderMeets. Det \u00e4r en popul\u00e4r app med gott rykte f\u00f6r att hj\u00e4lpa m\u00e4nniskor att hitta anslutningar n\u00e4ra dem. Appen \u00e4r gratis att ladda ner och anv\u00e4nda, och det \u00e4r enkelt att registrera sig och komma ig\u00e5ng. Du kan bl\u00e4ddra bland profiler, skicka meddelanden och visa foton av potentiella matchningar i ditt omr\u00e5de. Appen har ocks\u00e5 en bra s\u00f6kfunktion, s\u00e5 att du kan hitta personer som uppfyller dina specifika kriterier. TinderMeets \u00e4r ett utm\u00e4rkt alternativ f\u00f6r m\u00e4nniskor som letar efter ett nytt s\u00e4tt att m\u00f6ta potentiella anslutningar n\u00e4ra dem.<\/p>\n<h3>Milfaholic<\/h3>\n<p>Om du letar efter en avslappnad anslutning n\u00e4ra dig \u00e4r Milfaholic ett bra alternativ. Appen \u00e4r gratis att ladda ner och anv\u00e4nda, och det \u00e4r en av de mest popul\u00e4ra dejtingsapparna d\u00e4r ute. Det \u00e4r l\u00e4tt att anv\u00e4nda och det \u00e4r bra f\u00f6r att hitta lokala anslutningar. Den enda nackdelen \u00e4r att det inte \u00e4r den mest estetiskt tilltalande appen d\u00e4r ute.<\/p>\n","protected":false},"excerpt":{"rendered":"<p>Om du letar efter anslutningar n\u00e4ra dig finns det n\u00e5gra saker du kan g\u00f6ra f\u00f6r att \u00f6ka dina chanser att hitta n\u00e5gon. F\u00f6rs\u00f6k f\u00f6rst anv\u00e4nda dejtingappar eller webbplatser som \u00e4r specifikt f\u00f6r anslutningar. Dessa kan vara ett bra s\u00e4tt att tr\u00e4ffa m\u00e4nniskor som ocks\u00e5 letar efter avslappnade m\u00f6ten. Ett annat alternativ \u00e4r att g\u00e5 till &#8230; <a title=\"Knulla n\u00e5gon n\u00e4ra dig\" class=\"read-more\" href=\"http:\/\/thehottieandthenottie.com\/sv\/knulla-nagon-nara-dig\/\" aria-label=\"Mer p\u00e5 Knulla n\u00e5gon n\u00e4ra dig\">L\u00e4s mer<\/a><\/p>\n","protected":false},"author":1,"featured_media":0,"parent":0,"menu_order":0,"comment_status":"closed","ping_status":"closed","template":"","meta":[],"yoast_head":"<!-- This site is optimized with the Yoast SEO plugin v17.7.1 - https:\/\/yoast.com\/wordpress\/plugins\/seo\/ -->\n<title>Knulla n\u00e5gon n\u00e4ra dig - Hotties i n\u00e4rheten<\/title>\n<meta name=\"robots\" content=\"index, follow, max-snippet:-1, max-image-preview:large, max-video-preview:-1\" \/>\n<link rel=\"canonical\" href=\"http:\/\/thehottieandthenottie.com\/sv\/knulla-nagon-nara-dig\/\" \/>\n<meta property=\"og:locale\" content=\"sv_SE\" \/>\n<meta property=\"og:type\" content=\"article\" \/>\n<meta property=\"og:title\" content=\"Knulla n\u00e5gon n\u00e4ra dig - Hotties i n\u00e4rheten\" \/>\n<meta property=\"og:description\" content=\"Om du letar efter anslutningar n\u00e4ra dig finns det n\u00e5gra saker du kan g\u00f6ra f\u00f6r att \u00f6ka dina chanser att hitta n\u00e5gon. F\u00f6rs\u00f6k f\u00f6rst anv\u00e4nda dejtingappar eller webbplatser som \u00e4r specifikt f\u00f6r anslutningar. Dessa kan vara ett bra s\u00e4tt att tr\u00e4ffa m\u00e4nniskor som ocks\u00e5 letar efter avslappnade m\u00f6ten. Ett annat alternativ \u00e4r att g\u00e5 till ... L\u00e4s mer\" \/>\n<meta property=\"og:url\" content=\"http:\/\/thehottieandthenottie.com\/sv\/knulla-nagon-nara-dig\/\" \/>\n<meta property=\"og:site_name\" content=\"Hotties i n\u00e4rheten\" \/>\n<meta name=\"twitter:card\" content=\"summary_large_image\" \/>\n<meta name=\"twitter:label1\" content=\"Ber\u00e4knad l\u00e4stid\" \/>\n\t<meta name=\"twitter:data1\" content=\"3 minuter\" \/>\n<script type=\"application\/ld+json\" class=\"yoast-schema-graph\">{\"@context\":\"https:\/\/schema.org\",\"@graph\":[{\"@type\":\"WebSite\",\"@id\":\"https:\/\/thehottieandthenottie.com\/#website\",\"url\":\"https:\/\/thehottieandthenottie.com\/\",\"name\":\"Hotties i n\\u00e4rheten\",\"description\":\"Tr\\u00e4ffa kvinnor i ditt omr\\u00e5de\",\"potentialAction\":[{\"@type\":\"SearchAction\",\"target\":{\"@type\":\"EntryPoint\",\"urlTemplate\":\"https:\/\/thehottieandthenottie.com\/?s={search_term_string}\"},\"query-input\":\"required name=search_term_string\"}],\"inLanguage\":\"sv-SE\"},{\"@type\":\"WebPage\",\"@id\":\"http:\/\/thehottieandthenottie.com\/sv\/knulla-nagon-nara-dig\/#webpage\",\"url\":\"http:\/\/thehottieandthenottie.com\/sv\/knulla-nagon-nara-dig\/\",\"name\":\"Knulla n\\u00e5gon n\\u00e4ra dig - Hotties i n\\u00e4rheten\",\"isPartOf\":{\"@id\":\"https:\/\/thehottieandthenottie.com\/#website\"},\"datePublished\":\"2022-09-30T11:56:06+00:00\",\"dateModified\":\"2022-09-30T11:56:06+00:00\",\"breadcrumb\":{\"@id\":\"http:\/\/thehottieandthenottie.com\/sv\/knulla-nagon-nara-dig\/#breadcrumb\"},\"inLanguage\":\"sv-SE\",\"potentialAction\":[{\"@type\":\"ReadAction\",\"target\":[\"http:\/\/thehottieandthenottie.com\/sv\/knulla-nagon-nara-dig\/\"]}]},{\"@type\":\"BreadcrumbList\",\"@id\":\"http:\/\/thehottieandthenottie.com\/sv\/knulla-nagon-nara-dig\/#breadcrumb\",\"itemListElement\":[{\"@type\":\"ListItem\",\"position\":1,\"name\":\"Home\",\"item\":\"https:\/\/thehottieandthenottie.com\/sv\/\"},{\"@type\":\"ListItem\",\"position\":2,\"name\":\"Knulla n\\u00e5gon n\\u00e4ra dig\"}]}]}<\/script>\n<!-- \/ Yoast SEO plugin. -->","yoast_head_json":{"title":"Knulla n\u00e5gon n\u00e4ra dig - Hotties i n\u00e4rheten","robots":{"index":"index","follow":"follow","max-snippet":"max-snippet:-1","max-image-preview":"max-image-preview:large","max-video-preview":"max-video-preview:-1"},"canonical":"http:\/\/thehottieandthenottie.com\/sv\/knulla-nagon-nara-dig\/","og_locale":"sv_SE","og_type":"article","og_title":"Knulla n\u00e5gon n\u00e4ra dig - Hotties i n\u00e4rheten","og_description":"Om du letar efter anslutningar n\u00e4ra dig finns det n\u00e5gra saker du kan g\u00f6ra f\u00f6r att \u00f6ka dina chanser att hitta n\u00e5gon. F\u00f6rs\u00f6k f\u00f6rst anv\u00e4nda dejtingappar eller webbplatser som \u00e4r specifikt f\u00f6r anslutningar. Dessa kan vara ett bra s\u00e4tt att tr\u00e4ffa m\u00e4nniskor som ocks\u00e5 letar efter avslappnade m\u00f6ten. Ett annat alternativ \u00e4r att g\u00e5 till ... L\u00e4s mer","og_url":"http:\/\/thehottieandthenottie.com\/sv\/knulla-nagon-nara-dig\/","og_site_name":"Hotties i n\u00e4rheten","twitter_card":"summary_large_image","twitter_misc":{"Ber\u00e4knad l\u00e4stid":"3 minuter"},"schema":{"@context":"https:\/\/schema.org","@graph":[{"@type":"WebSite","@id":"https:\/\/thehottieandthenottie.com\/#website","url":"https:\/\/thehottieandthenottie.com\/","name":"Hotties i n\u00e4rheten","description":"Tr\u00e4ffa kvinnor i ditt omr\u00e5de","potentialAction":[{"@type":"SearchAction","target":{"@type":"EntryPoint","urlTemplate":"https:\/\/thehottieandthenottie.com\/?s={search_term_string}"},"query-input":"required name=search_term_string"}],"inLanguage":"sv-SE"},{"@type":"WebPage","@id":"http:\/\/thehottieandthenottie.com\/sv\/knulla-nagon-nara-dig\/#webpage","url":"http:\/\/thehottieandthenottie.com\/sv\/knulla-nagon-nara-dig\/","name":"Knulla n\u00e5gon n\u00e4ra dig - Hotties i n\u00e4rheten","isPartOf":{"@id":"https:\/\/thehottieandthenottie.com\/#website"},"datePublished":"2022-09-30T11:56:06+00:00","dateModified":"2022-09-30T11:56:06+00:00","breadcrumb":{"@id":"http:\/\/thehottieandthenottie.com\/sv\/knulla-nagon-nara-dig\/#breadcrumb"},"inLanguage":"sv-SE","potentialAction":[{"@type":"ReadAction","target":["http:\/\/thehottieandthenottie.com\/sv\/knulla-nagon-nara-dig\/"]}]},{"@type":"BreadcrumbList","@id":"http:\/\/thehottieandthenottie.com\/sv\/knulla-nagon-nara-dig\/#breadcrumb","itemListElement":[{"@type":"ListItem","position":1,"name":"Home","item":"https:\/\/thehottieandthenottie.com\/sv\/"},{"@type":"ListItem","position":2,"name":"Knulla n\u00e5gon n\u00e4ra dig"}]}]}},"_links":{"self":[{"href":"http:\/\/thehottieandthenottie.com\/sv\/wp-json\/wp\/v2\/pages\/595"}],"collection":[{"href":"http:\/\/thehottieandthenottie.com\/sv\/wp-json\/wp\/v2\/pages"}],"about":[{"href":"http:\/\/thehottieandthenottie.com\/sv\/wp-json\/wp\/v2\/types\/page"}],"author":[{"embeddable":true,"href":"http:\/\/thehottieandthenottie.com\/sv\/wp-json\/wp\/v2\/users\/1"}],"replies":[{"embeddable":true,"href":"http:\/\/thehottieandthenottie.com\/sv\/wp-json\/wp\/v2\/comments?post=595"}],"version-history":[{"count":0,"href":"http:\/\/thehottieandthenottie.com\/sv\/wp-json\/wp\/v2\/pages\/595\/revisions"}],"wp:attachment":[{"href":"http:\/\/thehottieandthenottie.com\/sv\/wp-json\/wp\/v2\/media?parent=595"}],"curies":[{"name":"wp","href":"https:\/\/api.w.org\/{rel}","templated":true}]}}