{"id":625,"date":"2022-09-30T12:54:32","date_gmt":"2022-09-30T11:54:32","guid":{"rendered":"http:\/\/thehottieandthenottie.com\/webbplatser-for-sexanslutning\/"},"modified":"2022-10-17T14:11:47","modified_gmt":"2022-10-17T13:11:47","slug":"webbplatser-for-sexanslutning","status":"publish","type":"page","link":"http:\/\/thehottieandthenottie.com\/sv\/webbplatser-for-sexanslutning\/","title":{"rendered":"Webbplatser f\u00f6r sexanslutning"},"content":{"rendered":"<p>Det finns m\u00e5nga gratis sexmeddelandesidor d\u00e4r ute, men inte alla \u00e4r v\u00e4rda att anv\u00e4nda. Om du letar efter en webbplats som kommer att hj\u00e4lpa dig att ansluta till n\u00e5gon, vill du se till att den har ett gott rykte och att den \u00e4r l\u00e4tt att anv\u00e4nda. Du vill ocks\u00e5 se till att webbplatsen har m\u00e5nga medlemmar s\u00e5 att du \u00e4r mer ben\u00e4gna att hitta n\u00e5gon som \u00e4r kompatibel med dig.<\/p>\n<h2>Gratis sexanslutning<\/h2>\n<p>Det finns m\u00e5nga missuppfattningar d\u00e4r ute om gratis sexdejting. M\u00e5nga tror att det <a href=\"http:\/\/www.anonymous-sex-chat.com\/sv\/\">sex och chatt<\/a> handlar om att hitta n\u00e5gon att ha sex med utan att beh\u00f6va engagera sig k\u00e4nslom\u00e4ssigt eller ekonomiskt. Men det \u00e4r inte riktigt vad gratis sexdejting handlar om. Gratis sexdejting handlar om att hitta n\u00e5gon som du \u00e4r fysiskt och k\u00e4nslom\u00e4ssigt attraherad av och som ocks\u00e5 attraheras av dig. Det handlar om att ha sex med n\u00e5gon utan att beh\u00f6va oroa sig f\u00f6r konsekvenserna som f\u00f6ljer med ett traditionellt f\u00f6rh\u00e5llande. Naturligtvis finns det vissa risker med gratis sexdejting. Du kan sluta bli k\u00e4nslom\u00e4ssigt knuten till n\u00e5gon du inte riktigt \u00e4r kompatibel med. Och det finns alltid m\u00f6jligheten att du kan f\u00e5nga en STD. Men om du \u00e4r villig att ta dessa risker kan gratis sexdejting vara mycket roligt. Det kan vara ett bra s\u00e4tt att utforska din sexualitet och ta reda p\u00e5 vad du verkligen letar efter hos en partner.<\/p>\n<p>Det finns inget b\u00e4ttre \u00e4n att hitta k\u00e4rlek, och om du letar efter gratis sex, b\u00f6r du definitivt kolla in Free Sex Meet Up. Denna webbplats \u00e4r perfekt f\u00f6r personer som letar efter sex utan str\u00e4ngar, och du kan hitta m\u00e4nniskor i ditt omr\u00e5de som letar efter samma sak. Allt du beh\u00f6ver g\u00f6ra \u00e4r att skapa en profil och b\u00f6rja s\u00f6ka efter personer som letar <a href=\"http:\/\/www.jerkoffforme.com\/sv\/cam-webbplatser-som-camvault\/\">Camvault<\/a> efter gratis sex. Du kan ocks\u00e5 anv\u00e4nda webbplatsen f\u00f6r att hitta personer som letar efter ett f\u00f6rh\u00e5llande, och du kan till och med hitta m\u00e4nniskor som letar efter n\u00e5got mer avslappnat. Oavsett vad du letar efter kan du hitta det p\u00e5 Free Sex Meet Up.<\/p>\n<h2>Gratis sexchatt<\/h2>\n<p>Det finns m\u00e5nga m\u00e4nniskor d\u00e4r ute som gillar gratis sex-sms. Det \u00e4r h\u00e4r du kan skicka sms till n\u00e5gon gratis och de kommer att skicka dig sexuellt uttryckliga meddelanden i geng\u00e4ld. Detta kan vara ett bra s\u00e4tt att l\u00e4ra k\u00e4nna n\u00e5gon sexuellt utan att faktiskt beh\u00f6va tr\u00e4ffa dem personligen. Det kan ocks\u00e5 vara ett bra s\u00e4tt att f\u00e5 lite sexuell sp\u00e4nning d\u00e4r ute innan du faktiskt tr\u00e4ffar n\u00e5gon personligen.<\/p>\n<h3>SwingLivsstil<\/h3>\n<p>SwingLifestyle \u00e4r en gratis webbplats f\u00f6r sexmeddelanden som <a href=\"https:\/\/wank.io\/cs\/porno-hry-zdarma-bez-kreditni-karty\/\">pornohry<\/a> l\u00e5ter dig f\u00e5 kontakt med likasinnade f\u00f6r avslappnade m\u00f6ten eller mer. Webbplatsen har funnits ett tag och har ett gott rykte f\u00f6r att vara en s\u00e4ker plats att ansluta sig till m\u00e4nniskor. Appen \u00e4r enkel att anv\u00e4nda och har m\u00e5nga funktioner som g\u00f6r den till ett utm\u00e4rkt val f\u00f6r m\u00e4nniskor som letar efter en gratis sexmeddelandesida. Den enda nackdelen \u00e4r att webbplatsen inte \u00e4r lika popul\u00e4r som n\u00e5gra av de andra gratis sexmeddelandesidorna d\u00e4r ute.<\/p>\n<h3>XPickup<\/h3>\n<p>Om du letar efter en gratis sexmeddelandesida \u00e4r XPickup ett bra alternativ. Appen \u00e4r enkel att anv\u00e4nda och har m\u00e5nga funktioner som g\u00f6r den till ett utm\u00e4rkt val f\u00f6r alla som letar efter en avslappnad anslutning. S\u00f6kfunktionen \u00e4r s\u00e4rskilt anv\u00e4ndbar, eftersom den l\u00e5ter dig hitta personer i ditt omr\u00e5de som letar efter samma sak som du. Appen har ocks\u00e5 ett bra meddelandesystem, vilket g\u00f6r det enkelt att h\u00e5lla kontakten med potentiella anslutningar. Sammantaget \u00e4r XPickup ett utm\u00e4rkt val f\u00f6r alla som letar efter en avslappnad anslutningssida.<\/p>\n<h3>Alt.com<\/h3>\n<p>Alt.com \u00e4r en gratis sexmeddelandesida som l\u00e5ter dig skicka och ta emot meddelanden med andra medlemmar. Webbplatsen har en stor medlemsbas och \u00e4r l\u00e4tt att anv\u00e4nda. Webbplatsen har dock inte m\u00e5nga funktioner och \u00e4r inte s\u00e4rskilt anv\u00e4ndarv\u00e4nlig.<\/p>\n","protected":false},"excerpt":{"rendered":"<p>Det finns m\u00e5nga gratis sexmeddelandesidor d\u00e4r ute, men inte alla \u00e4r v\u00e4rda att anv\u00e4nda. Om du letar efter en webbplats som kommer att hj\u00e4lpa dig att ansluta till n\u00e5gon, vill du se till att den har ett gott rykte och att den \u00e4r l\u00e4tt att anv\u00e4nda. Du vill ocks\u00e5 se till att webbplatsen har m\u00e5nga &#8230; <a title=\"Webbplatser f\u00f6r sexanslutning\" class=\"read-more\" href=\"http:\/\/thehottieandthenottie.com\/sv\/webbplatser-for-sexanslutning\/\" aria-label=\"Mer p\u00e5 Webbplatser f\u00f6r sexanslutning\">L\u00e4s mer<\/a><\/p>\n","protected":false},"author":1,"featured_media":0,"parent":0,"menu_order":0,"comment_status":"closed","ping_status":"closed","template":"","meta":[],"yoast_head":"<!-- This site is optimized with the Yoast SEO plugin v17.7.1 - https:\/\/yoast.com\/wordpress\/plugins\/seo\/ -->\n<title>Webbplatser f\u00f6r sexanslutning - Hotties i n\u00e4rheten<\/title>\n<meta name=\"robots\" content=\"index, follow, max-snippet:-1, max-image-preview:large, max-video-preview:-1\" \/>\n<link rel=\"canonical\" href=\"http:\/\/thehottieandthenottie.com\/sv\/webbplatser-for-sexanslutning\/\" \/>\n<meta property=\"og:locale\" content=\"sv_SE\" \/>\n<meta property=\"og:type\" content=\"article\" \/>\n<meta property=\"og:title\" content=\"Webbplatser f\u00f6r sexanslutning - Hotties i n\u00e4rheten\" \/>\n<meta property=\"og:description\" content=\"Det finns m\u00e5nga gratis sexmeddelandesidor d\u00e4r ute, men inte alla \u00e4r v\u00e4rda att anv\u00e4nda. Om du letar efter en webbplats som kommer att hj\u00e4lpa dig att ansluta till n\u00e5gon, vill du se till att den har ett gott rykte och att den \u00e4r l\u00e4tt att anv\u00e4nda. Du vill ocks\u00e5 se till att webbplatsen har m\u00e5nga ... L\u00e4s mer\" \/>\n<meta property=\"og:url\" content=\"http:\/\/thehottieandthenottie.com\/sv\/webbplatser-for-sexanslutning\/\" \/>\n<meta property=\"og:site_name\" content=\"Hotties i n\u00e4rheten\" \/>\n<meta property=\"article:modified_time\" content=\"2022-10-17T13:11:47+00:00\" \/>\n<meta name=\"twitter:card\" content=\"summary_large_image\" \/>\n<meta name=\"twitter:label1\" content=\"Ber\u00e4knad l\u00e4stid\" \/>\n\t<meta name=\"twitter:data1\" content=\"4 minuter\" \/>\n<script type=\"application\/ld+json\" class=\"yoast-schema-graph\">{\"@context\":\"https:\/\/schema.org\",\"@graph\":[{\"@type\":\"WebSite\",\"@id\":\"https:\/\/thehottieandthenottie.com\/#website\",\"url\":\"https:\/\/thehottieandthenottie.com\/\",\"name\":\"Hotties i n\\u00e4rheten\",\"description\":\"Tr\\u00e4ffa kvinnor i ditt omr\\u00e5de\",\"potentialAction\":[{\"@type\":\"SearchAction\",\"target\":{\"@type\":\"EntryPoint\",\"urlTemplate\":\"https:\/\/thehottieandthenottie.com\/?s={search_term_string}\"},\"query-input\":\"required name=search_term_string\"}],\"inLanguage\":\"sv-SE\"},{\"@type\":\"WebPage\",\"@id\":\"http:\/\/thehottieandthenottie.com\/sv\/webbplatser-for-sexanslutning\/#webpage\",\"url\":\"http:\/\/thehottieandthenottie.com\/sv\/webbplatser-for-sexanslutning\/\",\"name\":\"Webbplatser f\\u00f6r sexanslutning - Hotties i n\\u00e4rheten\",\"isPartOf\":{\"@id\":\"https:\/\/thehottieandthenottie.com\/#website\"},\"datePublished\":\"2022-09-30T11:54:32+00:00\",\"dateModified\":\"2022-10-17T13:11:47+00:00\",\"breadcrumb\":{\"@id\":\"http:\/\/thehottieandthenottie.com\/sv\/webbplatser-for-sexanslutning\/#breadcrumb\"},\"inLanguage\":\"sv-SE\",\"potentialAction\":[{\"@type\":\"ReadAction\",\"target\":[\"http:\/\/thehottieandthenottie.com\/sv\/webbplatser-for-sexanslutning\/\"]}]},{\"@type\":\"BreadcrumbList\",\"@id\":\"http:\/\/thehottieandthenottie.com\/sv\/webbplatser-for-sexanslutning\/#breadcrumb\",\"itemListElement\":[{\"@type\":\"ListItem\",\"position\":1,\"name\":\"Home\",\"item\":\"http:\/\/thehottieandthenottie.com\/sv\/\"},{\"@type\":\"ListItem\",\"position\":2,\"name\":\"Webbplatser f\\u00f6r sexanslutning\"}]}]}<\/script>\n<!-- \/ Yoast SEO plugin. -->","yoast_head_json":{"title":"Webbplatser f\u00f6r sexanslutning - Hotties i n\u00e4rheten","robots":{"index":"index","follow":"follow","max-snippet":"max-snippet:-1","max-image-preview":"max-image-preview:large","max-video-preview":"max-video-preview:-1"},"canonical":"http:\/\/thehottieandthenottie.com\/sv\/webbplatser-for-sexanslutning\/","og_locale":"sv_SE","og_type":"article","og_title":"Webbplatser f\u00f6r sexanslutning - Hotties i n\u00e4rheten","og_description":"Det finns m\u00e5nga gratis sexmeddelandesidor d\u00e4r ute, men inte alla \u00e4r v\u00e4rda att anv\u00e4nda. Om du letar efter en webbplats som kommer att hj\u00e4lpa dig att ansluta till n\u00e5gon, vill du se till att den har ett gott rykte och att den \u00e4r l\u00e4tt att anv\u00e4nda. Du vill ocks\u00e5 se till att webbplatsen har m\u00e5nga ... L\u00e4s mer","og_url":"http:\/\/thehottieandthenottie.com\/sv\/webbplatser-for-sexanslutning\/","og_site_name":"Hotties i n\u00e4rheten","article_modified_time":"2022-10-17T13:11:47+00:00","twitter_card":"summary_large_image","twitter_misc":{"Ber\u00e4knad l\u00e4stid":"4 minuter"},"schema":{"@context":"https:\/\/schema.org","@graph":[{"@type":"WebSite","@id":"https:\/\/thehottieandthenottie.com\/#website","url":"https:\/\/thehottieandthenottie.com\/","name":"Hotties i n\u00e4rheten","description":"Tr\u00e4ffa kvinnor i ditt omr\u00e5de","potentialAction":[{"@type":"SearchAction","target":{"@type":"EntryPoint","urlTemplate":"https:\/\/thehottieandthenottie.com\/?s={search_term_string}"},"query-input":"required name=search_term_string"}],"inLanguage":"sv-SE"},{"@type":"WebPage","@id":"http:\/\/thehottieandthenottie.com\/sv\/webbplatser-for-sexanslutning\/#webpage","url":"http:\/\/thehottieandthenottie.com\/sv\/webbplatser-for-sexanslutning\/","name":"Webbplatser f\u00f6r sexanslutning - Hotties i n\u00e4rheten","isPartOf":{"@id":"https:\/\/thehottieandthenottie.com\/#website"},"datePublished":"2022-09-30T11:54:32+00:00","dateModified":"2022-10-17T13:11:47+00:00","breadcrumb":{"@id":"http:\/\/thehottieandthenottie.com\/sv\/webbplatser-for-sexanslutning\/#breadcrumb"},"inLanguage":"sv-SE","potentialAction":[{"@type":"ReadAction","target":["http:\/\/thehottieandthenottie.com\/sv\/webbplatser-for-sexanslutning\/"]}]},{"@type":"BreadcrumbList","@id":"http:\/\/thehottieandthenottie.com\/sv\/webbplatser-for-sexanslutning\/#breadcrumb","itemListElement":[{"@type":"ListItem","position":1,"name":"Home","item":"http:\/\/thehottieandthenottie.com\/sv\/"},{"@type":"ListItem","position":2,"name":"Webbplatser f\u00f6r sexanslutning"}]}]}},"_links":{"self":[{"href":"http:\/\/thehottieandthenottie.com\/sv\/wp-json\/wp\/v2\/pages\/625"}],"collection":[{"href":"http:\/\/thehottieandthenottie.com\/sv\/wp-json\/wp\/v2\/pages"}],"about":[{"href":"http:\/\/thehottieandthenottie.com\/sv\/wp-json\/wp\/v2\/types\/page"}],"author":[{"embeddable":true,"href":"http:\/\/thehottieandthenottie.com\/sv\/wp-json\/wp\/v2\/users\/1"}],"replies":[{"embeddable":true,"href":"http:\/\/thehottieandthenottie.com\/sv\/wp-json\/wp\/v2\/comments?post=625"}],"version-history":[{"count":1,"href":"http:\/\/thehottieandthenottie.com\/sv\/wp-json\/wp\/v2\/pages\/625\/revisions"}],"predecessor-version":[{"id":683,"href":"http:\/\/thehottieandthenottie.com\/sv\/wp-json\/wp\/v2\/pages\/625\/revisions\/683"}],"wp:attachment":[{"href":"http:\/\/thehottieandthenottie.com\/sv\/wp-json\/wp\/v2\/media?parent=625"}],"curies":[{"name":"wp","href":"https:\/\/api.w.org\/{rel}","templated":true}]}}