{"id":633,"date":"2022-09-30T12:55:07","date_gmt":"2022-09-30T11:55:07","guid":{"rendered":"http:\/\/thehottieandthenottie.com\/nsa-dejting\/"},"modified":"2022-10-17T14:08:40","modified_gmt":"2022-10-17T13:08:40","slug":"nsa-dejting","status":"publish","type":"page","link":"http:\/\/thehottieandthenottie.com\/sv\/nsa-dejting\/","title":{"rendered":"NSA-dejting"},"content":{"rendered":"<p>Det finns n\u00e5gra s\u00e4tt att g\u00e5 tillv\u00e4ga f\u00f6r att hitta ett one night stand n\u00e4ra dig. Det enklaste s\u00e4ttet \u00e4r att anv\u00e4nda en dejtingapp som Tinder eller Bumble. Du kan ocks\u00e5 prova att g\u00e5 till en bar eller klubb och se om det finns n\u00e5gra enskilda personer som verkar intresserade av att ansluta sig. Om du inte har tur att hitta n\u00e5gon som \u00e4r intresserad av ett one night stand kan <a href=\"https:\/\/vrpguide.com\/da\/vr-pornosider-de-bedste-vr-pornofilm\/\">bedste porno sider<\/a> du alltid f\u00f6rs\u00f6ka l\u00e4gga upp en personlig annons p\u00e5 Craigslist eller en liknande webbplats. Se bara till att vara tydlig med vad du letar efter och var s\u00e4ker n\u00e4r du tr\u00e4ffar fr\u00e4mlingar.<\/p>\n<p>Det finns m\u00e5nga webbplatser d\u00e4r ute som kan hj\u00e4lpa dig att hitta ett one night stand. Allt du beh\u00f6ver g\u00f6ra \u00e4r att skriva in vad du letar efter och din plats, s\u00e5 kan du hitta en lista \u00f6ver potentiella matchningar. Du kan sedan skicka meddelanden till dem och ordna att tr\u00e4ffas. Se bara till att vara s\u00e4ker och anv\u00e4nd kondom!<\/p>\n<h2>NSA dejtingsajter<\/h2>\n<p>Det kan inte f\u00f6rnekas att NSA-dejting kan vara ett bra s\u00e4tt att hitta k\u00e4rlek. N\u00e4r allt kommer omkring, vad kan vara mer romantiskt \u00e4n att tr\u00e4ffa n\u00e5gon utan n\u00e5gra f\u00f6rv\u00e4ntningar eller str\u00e4ngar? Det \u00e4r dock viktigt att komma ih\u00e5g att NSA-dejting inte \u00e4r f\u00f6r alla. Om du letar efter n\u00e5got seri\u00f6st \u00e4r den h\u00e4r typen av dejting f\u00f6rmodligen inte n\u00e5got f\u00f6r dig. Men om du bara letar efter lite kul och sp\u00e4nning, kan NSA-dejting vara det perfekta s\u00e4ttet att hitta det.<\/p>\n<h2>One Night Stand Dejting<\/h2>\n<p>Det \u00e4r n\u00e5got befriande med ett one night stand. Inga f\u00f6rbeh\u00e5ll, inga f\u00f6rv\u00e4ntningar &#8211; bara tv\u00e5 personer som njuter av varandras s\u00e4llskap f\u00f6r en natt. Och om du letar efter en webbplats som hj\u00e4lper dig att hitta ett one night stand, leta inte l\u00e4ngre \u00e4n One Night Stand Site. One Night Stand Site \u00e4r det perfekta st\u00e4llet att hitta n\u00e5gon f\u00f6r en utan str\u00e4ngar ansluten <a href=\"http:\/\/wank.io\/sv\/hitta-lokala-milfs\/\">hitta milfs<\/a> anslutning. Oavsett om du bara letar efter lite avslappnat kul, eller om du faktiskt hoppas hitta din n\u00e4sta l\u00e5ngsiktiga partner, kan One Night Stand Site hj\u00e4lpa dig att hitta det du letar efter.<\/p>\n<p>Allt du beh\u00f6ver g\u00f6ra \u00e4r att registrera dig, skapa en profil och b\u00f6rja bl\u00e4ddra igenom andra medlemmars profiler. N\u00e4r du hittar n\u00e5gon du \u00e4r intresserad av, skicka bara ett meddelande till dem och se var saker och ting g\u00e5r d\u00e4rifr\u00e5n. S\u00e5 om du \u00e4r redo att ha kul och uppleva sp\u00e4nningen i ett one night stand, registrera dig f\u00f6r One Night Stand Site idag!<\/p>\n<h3>FriendFinder-X<\/h3>\n<p>Om du letar efter ett one night stand \u00e4r FriendFinder-X en dejtingsapp som kan <a href=\"http:\/\/www.adult-dating.net\/da\/gratis-asiatisk-sex-chat\/\">gratis sex chat<\/a> hj\u00e4lpa dig att hitta lokala anslutningar. Appen \u00e4r gratis att ladda ner och anv\u00e4nda, och den \u00e4r tillg\u00e4nglig p\u00e5 b\u00e5de iOS och Android. FriendFinder-X \u00e4r l\u00e4tt att anv\u00e4nda och det tar bara n\u00e5gra minuter att registrera sig. N\u00e4r du har registrerat dig kan du b\u00f6rja surfa p\u00e5 lokala singlar och skicka meddelanden till dem. Appen har ocks\u00e5 en &#8221;het eller inte&#8221; -funktion, som l\u00e5ter dig betygs\u00e4tta andra anv\u00e4ndare. Om du letar efter ett one night stand \u00e4r FriendFinder-X ett bra alternativ.<\/p>\n<h3>Rubmaps<\/h3>\n<p>Rubmaps \u00e4r en dejtingapp som l\u00e5ter dig hitta potentiella one night stand-partners n\u00e4ra dig. Appen \u00e4r gratis att ladda ner och anv\u00e4nda, och den erbjuder en m\u00e4ngd olika funktioner som hj\u00e4lper dig att hitta en matchning. Du kan s\u00f6ka efter potentiella partners efter plats, \u00e5lder och intressen, och du kan skicka meddelanden direkt till dem. Appen inneh\u00e5ller ocks\u00e5 en inbyggd chattfunktion s\u00e5 att du kan l\u00e4ra k\u00e4nna din potentiella partner innan du tr\u00e4ffas. Sammantaget \u00e4r Rubmaps ett utm\u00e4rkt alternativ f\u00f6r att hitta ett one night stand n\u00e4ra dig.<\/p>\n<h3>Shag<\/h3>\n<p>Om du letar efter ett one night stand kan Shag vara dejtingappen f\u00f6r dig. Det \u00e4r snabbt, enkelt att anv\u00e4nda och du kan filtrera dina matchningar efter plats, \u00e5lder och relationsstatus. Appen \u00e4r dock endast tillg\u00e4nglig i Storbritannien och Irland, s\u00e5 om du inte \u00e4r i ett av dessa l\u00e4nder har du tur.<\/p>\n","protected":false},"excerpt":{"rendered":"<p>Det finns n\u00e5gra s\u00e4tt att g\u00e5 tillv\u00e4ga f\u00f6r att hitta ett one night stand n\u00e4ra dig. Det enklaste s\u00e4ttet \u00e4r att anv\u00e4nda en dejtingapp som Tinder eller Bumble. Du kan ocks\u00e5 prova att g\u00e5 till en bar eller klubb och se om det finns n\u00e5gra enskilda personer som verkar intresserade av att ansluta sig. Om &#8230; <a title=\"NSA-dejting\" class=\"read-more\" href=\"http:\/\/thehottieandthenottie.com\/sv\/nsa-dejting\/\" aria-label=\"Mer p\u00e5 NSA-dejting\">L\u00e4s mer<\/a><\/p>\n","protected":false},"author":1,"featured_media":0,"parent":0,"menu_order":0,"comment_status":"closed","ping_status":"closed","template":"","meta":[],"yoast_head":"<!-- This site is optimized with the Yoast SEO plugin v17.7.1 - https:\/\/yoast.com\/wordpress\/plugins\/seo\/ -->\n<title>NSA-dejting - Hotties i n\u00e4rheten<\/title>\n<meta name=\"robots\" content=\"index, follow, max-snippet:-1, max-image-preview:large, max-video-preview:-1\" \/>\n<link rel=\"canonical\" href=\"http:\/\/thehottieandthenottie.com\/sv\/nsa-dejting\/\" \/>\n<meta property=\"og:locale\" content=\"sv_SE\" \/>\n<meta property=\"og:type\" content=\"article\" \/>\n<meta property=\"og:title\" content=\"NSA-dejting - Hotties i n\u00e4rheten\" \/>\n<meta property=\"og:description\" content=\"Det finns n\u00e5gra s\u00e4tt att g\u00e5 tillv\u00e4ga f\u00f6r att hitta ett one night stand n\u00e4ra dig. Det enklaste s\u00e4ttet \u00e4r att anv\u00e4nda en dejtingapp som Tinder eller Bumble. Du kan ocks\u00e5 prova att g\u00e5 till en bar eller klubb och se om det finns n\u00e5gra enskilda personer som verkar intresserade av att ansluta sig. Om ... L\u00e4s mer\" \/>\n<meta property=\"og:url\" content=\"http:\/\/thehottieandthenottie.com\/sv\/nsa-dejting\/\" \/>\n<meta property=\"og:site_name\" content=\"Hotties i n\u00e4rheten\" \/>\n<meta property=\"article:modified_time\" content=\"2022-10-17T13:08:40+00:00\" \/>\n<meta name=\"twitter:card\" content=\"summary_large_image\" \/>\n<meta name=\"twitter:label1\" content=\"Ber\u00e4knad l\u00e4stid\" \/>\n\t<meta name=\"twitter:data1\" content=\"4 minuter\" \/>\n<script type=\"application\/ld+json\" class=\"yoast-schema-graph\">{\"@context\":\"https:\/\/schema.org\",\"@graph\":[{\"@type\":\"WebSite\",\"@id\":\"https:\/\/thehottieandthenottie.com\/#website\",\"url\":\"https:\/\/thehottieandthenottie.com\/\",\"name\":\"Hotties i n\\u00e4rheten\",\"description\":\"Tr\\u00e4ffa kvinnor i ditt omr\\u00e5de\",\"potentialAction\":[{\"@type\":\"SearchAction\",\"target\":{\"@type\":\"EntryPoint\",\"urlTemplate\":\"https:\/\/thehottieandthenottie.com\/?s={search_term_string}\"},\"query-input\":\"required name=search_term_string\"}],\"inLanguage\":\"sv-SE\"},{\"@type\":\"WebPage\",\"@id\":\"http:\/\/thehottieandthenottie.com\/sv\/nsa-dejting\/#webpage\",\"url\":\"http:\/\/thehottieandthenottie.com\/sv\/nsa-dejting\/\",\"name\":\"NSA-dejting - Hotties i n\\u00e4rheten\",\"isPartOf\":{\"@id\":\"https:\/\/thehottieandthenottie.com\/#website\"},\"datePublished\":\"2022-09-30T11:55:07+00:00\",\"dateModified\":\"2022-10-17T13:08:40+00:00\",\"breadcrumb\":{\"@id\":\"http:\/\/thehottieandthenottie.com\/sv\/nsa-dejting\/#breadcrumb\"},\"inLanguage\":\"sv-SE\",\"potentialAction\":[{\"@type\":\"ReadAction\",\"target\":[\"http:\/\/thehottieandthenottie.com\/sv\/nsa-dejting\/\"]}]},{\"@type\":\"BreadcrumbList\",\"@id\":\"http:\/\/thehottieandthenottie.com\/sv\/nsa-dejting\/#breadcrumb\",\"itemListElement\":[{\"@type\":\"ListItem\",\"position\":1,\"name\":\"Home\",\"item\":\"https:\/\/thehottieandthenottie.com\/sv\/\"},{\"@type\":\"ListItem\",\"position\":2,\"name\":\"NSA-dejting\"}]}]}<\/script>\n<!-- \/ Yoast SEO plugin. -->","yoast_head_json":{"title":"NSA-dejting - Hotties i n\u00e4rheten","robots":{"index":"index","follow":"follow","max-snippet":"max-snippet:-1","max-image-preview":"max-image-preview:large","max-video-preview":"max-video-preview:-1"},"canonical":"http:\/\/thehottieandthenottie.com\/sv\/nsa-dejting\/","og_locale":"sv_SE","og_type":"article","og_title":"NSA-dejting - Hotties i n\u00e4rheten","og_description":"Det finns n\u00e5gra s\u00e4tt att g\u00e5 tillv\u00e4ga f\u00f6r att hitta ett one night stand n\u00e4ra dig. Det enklaste s\u00e4ttet \u00e4r att anv\u00e4nda en dejtingapp som Tinder eller Bumble. Du kan ocks\u00e5 prova att g\u00e5 till en bar eller klubb och se om det finns n\u00e5gra enskilda personer som verkar intresserade av att ansluta sig. Om ... L\u00e4s mer","og_url":"http:\/\/thehottieandthenottie.com\/sv\/nsa-dejting\/","og_site_name":"Hotties i n\u00e4rheten","article_modified_time":"2022-10-17T13:08:40+00:00","twitter_card":"summary_large_image","twitter_misc":{"Ber\u00e4knad l\u00e4stid":"4 minuter"},"schema":{"@context":"https:\/\/schema.org","@graph":[{"@type":"WebSite","@id":"https:\/\/thehottieandthenottie.com\/#website","url":"https:\/\/thehottieandthenottie.com\/","name":"Hotties i n\u00e4rheten","description":"Tr\u00e4ffa kvinnor i ditt omr\u00e5de","potentialAction":[{"@type":"SearchAction","target":{"@type":"EntryPoint","urlTemplate":"https:\/\/thehottieandthenottie.com\/?s={search_term_string}"},"query-input":"required name=search_term_string"}],"inLanguage":"sv-SE"},{"@type":"WebPage","@id":"http:\/\/thehottieandthenottie.com\/sv\/nsa-dejting\/#webpage","url":"http:\/\/thehottieandthenottie.com\/sv\/nsa-dejting\/","name":"NSA-dejting - Hotties i n\u00e4rheten","isPartOf":{"@id":"https:\/\/thehottieandthenottie.com\/#website"},"datePublished":"2022-09-30T11:55:07+00:00","dateModified":"2022-10-17T13:08:40+00:00","breadcrumb":{"@id":"http:\/\/thehottieandthenottie.com\/sv\/nsa-dejting\/#breadcrumb"},"inLanguage":"sv-SE","potentialAction":[{"@type":"ReadAction","target":["http:\/\/thehottieandthenottie.com\/sv\/nsa-dejting\/"]}]},{"@type":"BreadcrumbList","@id":"http:\/\/thehottieandthenottie.com\/sv\/nsa-dejting\/#breadcrumb","itemListElement":[{"@type":"ListItem","position":1,"name":"Home","item":"https:\/\/thehottieandthenottie.com\/sv\/"},{"@type":"ListItem","position":2,"name":"NSA-dejting"}]}]}},"_links":{"self":[{"href":"http:\/\/thehottieandthenottie.com\/sv\/wp-json\/wp\/v2\/pages\/633"}],"collection":[{"href":"http:\/\/thehottieandthenottie.com\/sv\/wp-json\/wp\/v2\/pages"}],"about":[{"href":"http:\/\/thehottieandthenottie.com\/sv\/wp-json\/wp\/v2\/types\/page"}],"author":[{"embeddable":true,"href":"http:\/\/thehottieandthenottie.com\/sv\/wp-json\/wp\/v2\/users\/1"}],"replies":[{"embeddable":true,"href":"http:\/\/thehottieandthenottie.com\/sv\/wp-json\/wp\/v2\/comments?post=633"}],"version-history":[{"count":1,"href":"http:\/\/thehottieandthenottie.com\/sv\/wp-json\/wp\/v2\/pages\/633\/revisions"}],"predecessor-version":[{"id":679,"href":"http:\/\/thehottieandthenottie.com\/sv\/wp-json\/wp\/v2\/pages\/633\/revisions\/679"}],"wp:attachment":[{"href":"http:\/\/thehottieandthenottie.com\/sv\/wp-json\/wp\/v2\/media?parent=633"}],"curies":[{"name":"wp","href":"https:\/\/api.w.org\/{rel}","templated":true}]}}