{"id":634,"date":"2022-09-30T12:53:59","date_gmt":"2022-09-30T11:53:59","guid":{"rendered":"http:\/\/thehottieandthenottie.com\/sex-nara-mig\/"},"modified":"2022-10-17T14:11:17","modified_gmt":"2022-10-17T13:11:17","slug":"sex-nara-mig","status":"publish","type":"page","link":"http:\/\/thehottieandthenottie.com\/sv\/sex-nara-mig\/","title":{"rendered":"Sex n\u00e4ra mig"},"content":{"rendered":"<p>Det finns ingen anledning att spendera timmar online p\u00e5 att s\u00f6ka efter &#8221;gratis sex n\u00e4ra mig.&#8221; G\u00e5 bara till din lokala bar eller klubb och b\u00f6rja chatta med potentiella anslutningar. Du kan bli f\u00f6rv\u00e5nad \u00f6ver hur l\u00e4tt det \u00e4r att hitta n\u00e5gon som \u00e4r nere f\u00f6r lite roligt utan str\u00e4ngar. Kom bara ih\u00e5g att vara s\u00e4ker och anv\u00e4nd skydd!<\/p>\n<h2>Hitta sex<\/h2>\n<p>Det finns inget som \u00e4r lika sp\u00e4nnande att veta att det finns <a href=\"http:\/\/thehottieandthenottie.com\/swinger-sites\/\">gratis sex i n\u00e4rheten<\/a>. Oavsett om det \u00e4r en eng\u00e5ngsanslutning eller en vanlig sak, \u00e4r det alltid sp\u00e4nnande. Och naturligtvis \u00e4r det \u00e4nnu b\u00e4ttre n\u00e4r du inte beh\u00f6ver g\u00e5 l\u00e5ngt f\u00f6r att hitta det. Om du letar efter gratis sex i n\u00e4rheten \u00e4r ett av de b\u00e4sta s\u00e4tten att hitta det genom online dating. Det finns gott om dejtingsajter och appar d\u00e4r ute som kan hj\u00e4lpa dig att f\u00e5 kontakt med n\u00e5gon som \u00e4r intresserad av samma sak. Naturligtvis kan du ocks\u00e5 prova lyckan p\u00e5 barer eller klubbar. Men om du inte gillar den scenen \u00e4r online-dejting definitivt v\u00e4gen att g\u00e5. Med s\u00e5 m\u00e5nga m\u00e4nniskor <a href=\"http:\/\/www.bestfucksites.net\/sv\/hitta-lokala-kata-mammor\/\">k\u00e5ta mammor<\/a> som letar efter gratis sex \u00e4r du s\u00e4ker p\u00e5 att hitta n\u00e5gon som \u00e4r nere f\u00f6r det.<\/p>\n<h2>Lokala anslutningar<\/h2>\n<p>N\u00e4r du f\u00f6rs\u00f6ker hitta k\u00e4rleken kan det k\u00e4nnas som att du letar efter en n\u00e5l i en h\u00f6stack. Men om du breddar din s\u00f6kning till att omfatta potentiella partners som bor n\u00e4ra dig \u00f6kar dina chanser att hitta k\u00e4rlek exponentiellt. Och tack vare tekniken \u00e4r det l\u00e4ttare \u00e4n n\u00e5gonsin att hitta n\u00e5gon som \u00e4r knulla n\u00e4ra dig. Det finns ett antal dejtingappar och webbplatser som l\u00e5ter dig s\u00f6ka efter potentiella partners efter plats. S\u00e5 om du letar efter k\u00e4rlek och du \u00e4r villig att knulla n\u00e4ra n\u00e5gon, finns det en god chans att du kommer att kunna hitta det du letar efter. Naturligtvis finns det inga garantier i livet. Men om du \u00e4r \u00f6ppen f\u00f6r att knulla n\u00e4ra n\u00e5gon f\u00f6r att hitta k\u00e4rleken kan du bli f\u00f6rv\u00e5nad \u00f6ver hur l\u00e4tt det \u00e4r att hitta en matchning. S\u00e5 forts\u00e4tt och prova. Du kanske bara hittar ditt livs k\u00e4rlek.<\/p>\n<h2>Avslappnad sextr\u00e4ff<\/h2>\n<p>Det finns inget svar p\u00e5 denna fr\u00e5ga eftersom m\u00e4nniskor har olika \u00e5sikter om vad som kvalificerar sig som &#8221;avslappnad sex&#8221;. F\u00f6r vissa m\u00e4nniskor h\u00e4nvisar tillf\u00e4lligt sex till sexuell aktivitet som inte involverar n\u00e5gon typ av k\u00e4nslom\u00e4ssig koppling eller engagemang, medan det f\u00f6r andra helt enkelt h\u00e4nvisar till sex som inte ing\u00e5r i ett l\u00e5ngsiktigt, monogamt f\u00f6rh\u00e5llande.<\/p>\n<p>Om du \u00e4r intresserad av att utforska avslappnad sex finns det n\u00e5gra saker <a href=\"http:\/\/wank.io\/sv\/gratis-jerk-off-webbplatser\/\">vuxenkul chatt<\/a> att t\u00e4nka p\u00e5. Var f\u00f6rst noga med att kommunicera med din partner om dina f\u00f6rv\u00e4ntningar och gr\u00e4nser kring sex. Det \u00e4r ocks\u00e5 viktigt att vara \u00e4rlig mot dig sj\u00e4lv om vad du letar efter och vad du \u00e4r bekv\u00e4m med. Om du inte \u00e4r s\u00e4ker \u00e4r det OK! Du kan alltid experimentera och se vad som k\u00e4nns bra f\u00f6r dig.<\/p>\n<p>Slutligen, kom ih\u00e5g att \u00f6va s\u00e4kert sex genom att anv\u00e4nda kondomer och \/ eller andra former av preventivmedel och testa dig regelbundet f\u00f6r k\u00f6nssjukdomar. Casual sex kan vara ett roligt och sp\u00e4nnande s\u00e4tt att utforska din sexualitet, men det \u00e4r viktigt att vara s\u00e4ker och ansvarsfull.<\/p>\n<h3>Badoo<\/h3>\n<p>Badoo \u00e4r en gratis online dating app som l\u00e5ter dig tr\u00e4ffa nya m\u00e4nniskor i ditt omr\u00e5de. Det finns inget behov av att registrera dig f\u00f6r ett konto f\u00f6r att anv\u00e4nda Badoo och du kan b\u00f6rja chatta med m\u00e4nniskor i n\u00e4rheten omedelbart. Appen har ocks\u00e5 ett betalt prenumerationsalternativ som ger dig tillg\u00e5ng till ytterligare funktioner som obegr\u00e4nsade meddelanden och m\u00f6jligheten <a href=\"https:\/\/www.onemightydrop.com\/sv\/ingen-registrera-dig-gratis-sexapp\/\">sexapp<\/a> att se vem som har tittat p\u00e5 din profil. Badoo \u00e4r inte en anslutningsapp och \u00e4r inte avsedd att anv\u00e4ndas som ett s\u00e4tt att hitta gratis sex n\u00e4ra mig. Men m\u00e5nga anv\u00e4ndare anv\u00e4nder appen f\u00f6r detta \u00e4ndam\u00e5l och det \u00e4r m\u00f6jligt att hitta personer som \u00e4r intresserade av avslappnade anslutningar och sexuella m\u00f6ten. Appen \u00e4r relativt s\u00e4ker att anv\u00e4nda och det finns ett antal s\u00e4tt att rapportera och blockera anv\u00e4ndare som beter sig ol\u00e4mpligt. Sammantaget \u00e4r Badoo ett bra alternativ f\u00f6r att tr\u00e4ffa nya m\u00e4nniskor och potentiellt hitta avslappnade anslutningar.<\/p>\n<h3>Ashley Madison<\/h3>\n<p>Om du letar efter ett diskret s\u00e4tt att ha en aff\u00e4r eller anslutning, \u00e4r Ashley Madison dejtingsappen f\u00f6r dig. Med \u00f6ver 60 miljoner medlemmar \u00f6ver hela v\u00e4rlden \u00e4r det en av de mest popul\u00e4ra apparna f\u00f6r m\u00e4nniskor som letar efter utom\u00e4ktenskapliga aff\u00e4rer och avslappnade m\u00f6ten. Appen \u00e4r gratis att ladda ner och anv\u00e4nda, men du m\u00e5ste k\u00f6pa krediter f\u00f6r att l\u00e5sa upp vissa funktioner. Sammantaget \u00e4r Ashley Madison en bra app f\u00f6r alla som letar efter lite extra sp\u00e4nning i sitt k\u00e4rleksliv.<\/p>\n<h3>DateMyAge<\/h3>\n<p>Om du letar efter en ny dejtingsapp \u00e4r DateMyAge ett bra alternativ. Det \u00e4r gratis att ladda ner och har ett 4.5-stj\u00e4rnigt betyg i App Store. Appen \u00e4r utformad f\u00f6r personer \u00f6ver 50 \u00e5r och \u00e4r ett utm\u00e4rkt s\u00e4tt att tr\u00e4ffa nya m\u00e4nniskor, oavsett om du letar efter v\u00e4nskap eller k\u00e4rlek. Appen \u00e4r enkel att anv\u00e4nda och har m\u00e5nga fantastiska funktioner, som m\u00f6jligheten att visa profiler f\u00f6r andra anv\u00e4ndare i ditt omr\u00e5de. Du kan ocks\u00e5 skicka meddelanden och anv\u00e4nda chattfunktionen f\u00f6r att l\u00e4ra k\u00e4nna andra anv\u00e4ndare b\u00e4ttre.<\/p>\n<p>Sammantaget skulle jag definitivt rekommendera DateMyAge till alla som letar efter en ny dejtingsapp. Det \u00e4r ett bra s\u00e4tt att tr\u00e4ffa nya m\u00e4nniskor och det \u00e4r gratis att anv\u00e4nda.<\/p>\n","protected":false},"excerpt":{"rendered":"<p>Det finns ingen anledning att spendera timmar online p\u00e5 att s\u00f6ka efter &#8221;gratis sex n\u00e4ra mig.&#8221; G\u00e5 bara till din lokala bar eller klubb och b\u00f6rja chatta med potentiella anslutningar. Du kan bli f\u00f6rv\u00e5nad \u00f6ver hur l\u00e4tt det \u00e4r att hitta n\u00e5gon som \u00e4r nere f\u00f6r lite roligt utan str\u00e4ngar. Kom bara ih\u00e5g att vara &#8230; <a title=\"Sex n\u00e4ra mig\" class=\"read-more\" href=\"http:\/\/thehottieandthenottie.com\/sv\/sex-nara-mig\/\" aria-label=\"Mer p\u00e5 Sex n\u00e4ra mig\">L\u00e4s mer<\/a><\/p>\n","protected":false},"author":1,"featured_media":0,"parent":0,"menu_order":0,"comment_status":"closed","ping_status":"closed","template":"","meta":[],"yoast_head":"<!-- This site is optimized with the Yoast SEO plugin v17.7.1 - https:\/\/yoast.com\/wordpress\/plugins\/seo\/ -->\n<title>Sex n\u00e4ra mig - Hotties i n\u00e4rheten<\/title>\n<meta name=\"robots\" content=\"index, follow, max-snippet:-1, max-image-preview:large, max-video-preview:-1\" \/>\n<link rel=\"canonical\" href=\"http:\/\/thehottieandthenottie.com\/sv\/sex-nara-mig\/\" \/>\n<meta property=\"og:locale\" content=\"sv_SE\" \/>\n<meta property=\"og:type\" content=\"article\" \/>\n<meta property=\"og:title\" content=\"Sex n\u00e4ra mig - Hotties i n\u00e4rheten\" \/>\n<meta property=\"og:description\" content=\"Det finns ingen anledning att spendera timmar online p\u00e5 att s\u00f6ka efter &#8221;gratis sex n\u00e4ra mig.&#8221; G\u00e5 bara till din lokala bar eller klubb och b\u00f6rja chatta med potentiella anslutningar. Du kan bli f\u00f6rv\u00e5nad \u00f6ver hur l\u00e4tt det \u00e4r att hitta n\u00e5gon som \u00e4r nere f\u00f6r lite roligt utan str\u00e4ngar. Kom bara ih\u00e5g att vara ... L\u00e4s mer\" \/>\n<meta property=\"og:url\" content=\"http:\/\/thehottieandthenottie.com\/sv\/sex-nara-mig\/\" \/>\n<meta property=\"og:site_name\" content=\"Hotties i n\u00e4rheten\" \/>\n<meta property=\"article:modified_time\" content=\"2022-10-17T13:11:17+00:00\" \/>\n<meta name=\"twitter:card\" content=\"summary_large_image\" \/>\n<meta name=\"twitter:label1\" content=\"Ber\u00e4knad l\u00e4stid\" \/>\n\t<meta name=\"twitter:data1\" content=\"5 minuter\" \/>\n<script type=\"application\/ld+json\" class=\"yoast-schema-graph\">{\"@context\":\"https:\/\/schema.org\",\"@graph\":[{\"@type\":\"WebSite\",\"@id\":\"https:\/\/thehottieandthenottie.com\/#website\",\"url\":\"https:\/\/thehottieandthenottie.com\/\",\"name\":\"Hotties i n\\u00e4rheten\",\"description\":\"Tr\\u00e4ffa kvinnor i ditt omr\\u00e5de\",\"potentialAction\":[{\"@type\":\"SearchAction\",\"target\":{\"@type\":\"EntryPoint\",\"urlTemplate\":\"https:\/\/thehottieandthenottie.com\/?s={search_term_string}\"},\"query-input\":\"required name=search_term_string\"}],\"inLanguage\":\"sv-SE\"},{\"@type\":\"WebPage\",\"@id\":\"http:\/\/thehottieandthenottie.com\/sv\/sex-nara-mig\/#webpage\",\"url\":\"http:\/\/thehottieandthenottie.com\/sv\/sex-nara-mig\/\",\"name\":\"Sex n\\u00e4ra mig - Hotties i n\\u00e4rheten\",\"isPartOf\":{\"@id\":\"https:\/\/thehottieandthenottie.com\/#website\"},\"datePublished\":\"2022-09-30T11:53:59+00:00\",\"dateModified\":\"2022-10-17T13:11:17+00:00\",\"breadcrumb\":{\"@id\":\"http:\/\/thehottieandthenottie.com\/sv\/sex-nara-mig\/#breadcrumb\"},\"inLanguage\":\"sv-SE\",\"potentialAction\":[{\"@type\":\"ReadAction\",\"target\":[\"http:\/\/thehottieandthenottie.com\/sv\/sex-nara-mig\/\"]}]},{\"@type\":\"BreadcrumbList\",\"@id\":\"http:\/\/thehottieandthenottie.com\/sv\/sex-nara-mig\/#breadcrumb\",\"itemListElement\":[{\"@type\":\"ListItem\",\"position\":1,\"name\":\"Home\",\"item\":\"https:\/\/thehottieandthenottie.com\/sv\/\"},{\"@type\":\"ListItem\",\"position\":2,\"name\":\"Sex n\\u00e4ra mig\"}]}]}<\/script>\n<!-- \/ Yoast SEO plugin. -->","yoast_head_json":{"title":"Sex n\u00e4ra mig - Hotties i n\u00e4rheten","robots":{"index":"index","follow":"follow","max-snippet":"max-snippet:-1","max-image-preview":"max-image-preview:large","max-video-preview":"max-video-preview:-1"},"canonical":"http:\/\/thehottieandthenottie.com\/sv\/sex-nara-mig\/","og_locale":"sv_SE","og_type":"article","og_title":"Sex n\u00e4ra mig - Hotties i n\u00e4rheten","og_description":"Det finns ingen anledning att spendera timmar online p\u00e5 att s\u00f6ka efter &#8221;gratis sex n\u00e4ra mig.&#8221; G\u00e5 bara till din lokala bar eller klubb och b\u00f6rja chatta med potentiella anslutningar. Du kan bli f\u00f6rv\u00e5nad \u00f6ver hur l\u00e4tt det \u00e4r att hitta n\u00e5gon som \u00e4r nere f\u00f6r lite roligt utan str\u00e4ngar. Kom bara ih\u00e5g att vara ... L\u00e4s mer","og_url":"http:\/\/thehottieandthenottie.com\/sv\/sex-nara-mig\/","og_site_name":"Hotties i n\u00e4rheten","article_modified_time":"2022-10-17T13:11:17+00:00","twitter_card":"summary_large_image","twitter_misc":{"Ber\u00e4knad l\u00e4stid":"5 minuter"},"schema":{"@context":"https:\/\/schema.org","@graph":[{"@type":"WebSite","@id":"https:\/\/thehottieandthenottie.com\/#website","url":"https:\/\/thehottieandthenottie.com\/","name":"Hotties i n\u00e4rheten","description":"Tr\u00e4ffa kvinnor i ditt omr\u00e5de","potentialAction":[{"@type":"SearchAction","target":{"@type":"EntryPoint","urlTemplate":"https:\/\/thehottieandthenottie.com\/?s={search_term_string}"},"query-input":"required name=search_term_string"}],"inLanguage":"sv-SE"},{"@type":"WebPage","@id":"http:\/\/thehottieandthenottie.com\/sv\/sex-nara-mig\/#webpage","url":"http:\/\/thehottieandthenottie.com\/sv\/sex-nara-mig\/","name":"Sex n\u00e4ra mig - Hotties i n\u00e4rheten","isPartOf":{"@id":"https:\/\/thehottieandthenottie.com\/#website"},"datePublished":"2022-09-30T11:53:59+00:00","dateModified":"2022-10-17T13:11:17+00:00","breadcrumb":{"@id":"http:\/\/thehottieandthenottie.com\/sv\/sex-nara-mig\/#breadcrumb"},"inLanguage":"sv-SE","potentialAction":[{"@type":"ReadAction","target":["http:\/\/thehottieandthenottie.com\/sv\/sex-nara-mig\/"]}]},{"@type":"BreadcrumbList","@id":"http:\/\/thehottieandthenottie.com\/sv\/sex-nara-mig\/#breadcrumb","itemListElement":[{"@type":"ListItem","position":1,"name":"Home","item":"https:\/\/thehottieandthenottie.com\/sv\/"},{"@type":"ListItem","position":2,"name":"Sex n\u00e4ra mig"}]}]}},"_links":{"self":[{"href":"http:\/\/thehottieandthenottie.com\/sv\/wp-json\/wp\/v2\/pages\/634"}],"collection":[{"href":"http:\/\/thehottieandthenottie.com\/sv\/wp-json\/wp\/v2\/pages"}],"about":[{"href":"http:\/\/thehottieandthenottie.com\/sv\/wp-json\/wp\/v2\/types\/page"}],"author":[{"embeddable":true,"href":"http:\/\/thehottieandthenottie.com\/sv\/wp-json\/wp\/v2\/users\/1"}],"replies":[{"embeddable":true,"href":"http:\/\/thehottieandthenottie.com\/sv\/wp-json\/wp\/v2\/comments?post=634"}],"version-history":[{"count":2,"href":"http:\/\/thehottieandthenottie.com\/sv\/wp-json\/wp\/v2\/pages\/634\/revisions"}],"predecessor-version":[{"id":682,"href":"http:\/\/thehottieandthenottie.com\/sv\/wp-json\/wp\/v2\/pages\/634\/revisions\/682"}],"wp:attachment":[{"href":"http:\/\/thehottieandthenottie.com\/sv\/wp-json\/wp\/v2\/media?parent=634"}],"curies":[{"name":"wp","href":"https:\/\/api.w.org\/{rel}","templated":true}]}}