{"id":577,"date":"2022-09-30T12:56:42","date_gmt":"2022-09-30T11:56:42","guid":{"rendered":"http:\/\/thehottieandthenottie.com\/clasificados-gratuitos-para-adultos\/"},"modified":"2022-09-30T12:56:42","modified_gmt":"2022-09-30T11:56:42","slug":"clasificados-gratuitos-para-adultos","status":"publish","type":"page","link":"https:\/\/thehottieandthenottie.com\/es\/clasificados-gratuitos-para-adultos\/","title":{"rendered":"Clasificados gratuitos para adultos"},"content":{"rendered":"<p>No hay necesidad de ir a un bar o club para recoger en comparaci\u00f3n con cuando est\u00e1 utilizando personales adultos locales. Todo lo que necesita hacer es publicar un anuncio personal en l\u00ednea y puede conectarse con alguien local en su \u00e1rea sin siquiera salir de su casa. Puedes ser tan espec\u00edfico como quieras en tu anuncio para que solo atraigas a personas que buscan lo mismo que t\u00fa. Tenga en cuenta que no todos buscan una aventura de una noche, por lo que si eso es todo lo que busca, entonces podr\u00eda tener mejor suerte en otro lugar.<\/p>\n<h2>Personales sexuales locales<\/h2>\n<p>Hay muchas personas que usan sexo personal cuando est\u00e1n buscando una cita. Esto se debe a que pueden ser muy espec\u00edficos sobre lo que est\u00e1n buscando y pueden encontrar personas que buscan lo mismo. Tambi\u00e9n hay muchas personas que usan personales sexuales para encontrar a alguien con quien tener un encuentro casual. Esto se debe a que es mucho m\u00e1s f\u00e1cil encontrar a alguien que est\u00e9 buscando lo mismo cuando usas un sitio de sexo personal. Hay muchos sitios web de clasificados para adultos que atienden a aquellos que buscan amor. Estos sitios web ofrecen una variedad de servicios que pueden ayudarlo a encontrar la pareja perfecta. Tambi\u00e9n pueden brindarle consejos y sugerencias sobre c\u00f3mo aprovechar al m\u00e1ximo su relaci\u00f3n. La mayor\u00eda de estos sitios web son de uso gratuito, por lo que puede navegar a trav\u00e9s de ellos a su gusto.<\/p>\n<h2>Anuncios de sexo gratis<\/h2>\n<p>Ha habido un aumento reciente en los <a href=\"http:\/\/thehottieandthenottie.com\/fuck-someone-near-you\/\">anuncios de sexo locales<\/a> en el mundo de las citas. Esto probablemente se deba al hecho de que las personas se sienten m\u00e1s c\u00f3modas con su sexualidad y est\u00e1n m\u00e1s abiertas a explorar sus opciones. Estos anuncios pueden ser una excelente manera de conectarse con alguien que comparte sus intereses y deseos. Tambi\u00e9n pueden ser una excelente manera de encontrar a alguien que est\u00e9 buscando algo un poco m\u00e1s casual. Si est\u00e1 interesado en explorar sus opciones, consultar los anuncios de sexo locales puede ser un excelente lugar para comenzar. Solo aseg\u00farese de estar seguro y honesto sobre lo que est\u00e1 buscando.<\/p>\n<h3>Lista doble<\/h3>\n<p>DoubleList es una nueva aplicaci\u00f3n de citas que ha estado recibiendo mucho ruido \u00faltimamente. La aplicaci\u00f3n est\u00e1 dise\u00f1ada para ayudarlo a encontrar solteros adultos locales para salir y conectarse. La aplicaci\u00f3n se puede descargar y usar de forma gratuita, y est\u00e1 disponible para dispositivos iOS y Android. La aplicaci\u00f3n DoubleList es muy f\u00e1cil de usar y f\u00e1cil de navegar. Puede navegar a trav\u00e9s de los perfiles de solteros locales en su \u00e1rea y ver sus fotos e informaci\u00f3n. Cuando encuentres a alguien que te interese, puedes enviarle un mensaje y comenzar a chatear. La aplicaci\u00f3n tambi\u00e9n tiene un sistema de chat incorporado para que pueda chatear con sus partidos en tiempo real. La aplicaci\u00f3n DoubleList es una excelente manera de conocer solteros locales para tener citas y conectarse.<\/p>\n<h3>Badoo<\/h3>\n<p>Badoo es una aplicaci\u00f3n de citas que est\u00e1 creciendo en popularidad entre los adultos que buscan conexiones locales. La aplicaci\u00f3n se puede descargar y usar de forma gratuita, y ofrece una variedad de caracter\u00edsticas que facilitan la conexi\u00f3n con posibles coincidencias en su \u00e1rea. Badoo tambi\u00e9n tiene una fuerte pol\u00edtica de privacidad, y es una de las pocas aplicaciones de citas que le permiten controlar qui\u00e9n puede ver su perfil. En general, Badoo es una gran opci\u00f3n para los adultos que buscan una aplicaci\u00f3n de conexi\u00f3n que sea f\u00e1cil de usar y tenga una s\u00f3lida pol\u00edtica de privacidad.<\/p>\n<h3>Alt.com<\/h3>\n<p>Alt.com es una aplicaci\u00f3n local de citas personales para adultos que ha estado recibiendo mucho ruido \u00faltimamente. La aplicaci\u00f3n se puede descargar de forma gratuita y promete ayudarlo a encontrar adultos locales con los que conectarse. Pero, \u00bfest\u00e1 a la altura de la exageraci\u00f3n?<\/p>\n<p>Decid\u00ed darle una oportunidad a Alt.com y verlo por m\u00ed mismo. El proceso de registro fue r\u00e1pido y f\u00e1cil, y pronto estuve navegando a trav\u00e9s de los perfiles locales de adultos. \u00a1Me sorprendi\u00f3 cu\u00e1ntos hab\u00eda! Encontr\u00e9 algunas coincidencias potenciales y charl\u00e9 con ellos por un tiempo.<\/p>\n<p>En general, me impresion\u00f3 Alt.com. Es una excelente manera de conocer a adultos locales para encuentros casuales. La aplicaci\u00f3n es f\u00e1cil de usar y hay muchos usuarios para elegir. Si est\u00e1s buscando una nueva aplicaci\u00f3n de citas para probar, te recomiendo que Alt.com una oportunidad.<\/p>\n","protected":false},"excerpt":{"rendered":"<p>No hay necesidad de ir a un bar o club para recoger en comparaci\u00f3n con cuando est\u00e1 utilizando personales adultos locales. Todo lo que necesita hacer es publicar un anuncio personal en l\u00ednea y puede conectarse con alguien local en su \u00e1rea sin siquiera salir de su casa. Puedes ser tan espec\u00edfico como quieras en &#8230; <a title=\"Clasificados gratuitos para adultos\" class=\"read-more\" href=\"https:\/\/thehottieandthenottie.com\/es\/clasificados-gratuitos-para-adultos\/\" aria-label=\"M\u00e1s en Clasificados gratuitos para adultos\">Leer m\u00e1s<\/a><\/p>\n","protected":false},"author":1,"featured_media":0,"parent":0,"menu_order":0,"comment_status":"closed","ping_status":"closed","template":"","meta":[],"yoast_head":"<!-- This site is optimized with the Yoast SEO plugin v17.7.1 - https:\/\/yoast.com\/wordpress\/plugins\/seo\/ -->\n<title>Clasificados gratuitos para adultos - En los alrededores Hotties<\/title>\n<meta name=\"robots\" content=\"index, follow, max-snippet:-1, max-image-preview:large, max-video-preview:-1\" \/>\n<link rel=\"canonical\" href=\"https:\/\/thehottieandthenottie.com\/es\/clasificados-gratuitos-para-adultos\/\" \/>\n<meta property=\"og:locale\" content=\"es_ES\" \/>\n<meta property=\"og:type\" content=\"article\" \/>\n<meta property=\"og:title\" content=\"Clasificados gratuitos para adultos - En los alrededores Hotties\" \/>\n<meta property=\"og:description\" content=\"No hay necesidad de ir a un bar o club para recoger en comparaci\u00f3n con cuando est\u00e1 utilizando personales adultos locales. Todo lo que necesita hacer es publicar un anuncio personal en l\u00ednea y puede conectarse con alguien local en su \u00e1rea sin siquiera salir de su casa. Puedes ser tan espec\u00edfico como quieras en ... Leer m\u00e1s\" \/>\n<meta property=\"og:url\" content=\"https:\/\/thehottieandthenottie.com\/es\/clasificados-gratuitos-para-adultos\/\" \/>\n<meta property=\"og:site_name\" content=\"En los alrededores Hotties\" \/>\n<meta name=\"twitter:card\" content=\"summary_large_image\" \/>\n<meta name=\"twitter:label1\" content=\"Tiempo de lectura\" \/>\n\t<meta name=\"twitter:data1\" content=\"4 minutos\" \/>\n<script type=\"application\/ld+json\" class=\"yoast-schema-graph\">{\"@context\":\"https:\/\/schema.org\",\"@graph\":[{\"@type\":\"WebSite\",\"@id\":\"https:\/\/thehottieandthenottie.com\/#website\",\"url\":\"https:\/\/thehottieandthenottie.com\/\",\"name\":\"En los alrededores Hotties\",\"description\":\"Conozca a las mujeres en su \\u00e1rea\",\"potentialAction\":[{\"@type\":\"SearchAction\",\"target\":{\"@type\":\"EntryPoint\",\"urlTemplate\":\"https:\/\/thehottieandthenottie.com\/?s={search_term_string}\"},\"query-input\":\"required name=search_term_string\"}],\"inLanguage\":\"es\"},{\"@type\":\"WebPage\",\"@id\":\"https:\/\/thehottieandthenottie.com\/es\/clasificados-gratuitos-para-adultos\/#webpage\",\"url\":\"https:\/\/thehottieandthenottie.com\/es\/clasificados-gratuitos-para-adultos\/\",\"name\":\"Clasificados gratuitos para adultos - En los alrededores Hotties\",\"isPartOf\":{\"@id\":\"https:\/\/thehottieandthenottie.com\/#website\"},\"datePublished\":\"2022-09-30T11:56:42+00:00\",\"dateModified\":\"2022-09-30T11:56:42+00:00\",\"breadcrumb\":{\"@id\":\"https:\/\/thehottieandthenottie.com\/es\/clasificados-gratuitos-para-adultos\/#breadcrumb\"},\"inLanguage\":\"es\",\"potentialAction\":[{\"@type\":\"ReadAction\",\"target\":[\"https:\/\/thehottieandthenottie.com\/es\/clasificados-gratuitos-para-adultos\/\"]}]},{\"@type\":\"BreadcrumbList\",\"@id\":\"https:\/\/thehottieandthenottie.com\/es\/clasificados-gratuitos-para-adultos\/#breadcrumb\",\"itemListElement\":[{\"@type\":\"ListItem\",\"position\":1,\"name\":\"Home\",\"item\":\"http:\/\/thehottieandthenottie.com\/es\/\"},{\"@type\":\"ListItem\",\"position\":2,\"name\":\"Clasificados gratuitos para adultos\"}]}]}<\/script>\n<!-- \/ Yoast SEO plugin. -->","yoast_head_json":{"title":"Clasificados gratuitos para adultos - En los alrededores Hotties","robots":{"index":"index","follow":"follow","max-snippet":"max-snippet:-1","max-image-preview":"max-image-preview:large","max-video-preview":"max-video-preview:-1"},"canonical":"https:\/\/thehottieandthenottie.com\/es\/clasificados-gratuitos-para-adultos\/","og_locale":"es_ES","og_type":"article","og_title":"Clasificados gratuitos para adultos - En los alrededores Hotties","og_description":"No hay necesidad de ir a un bar o club para recoger en comparaci\u00f3n con cuando est\u00e1 utilizando personales adultos locales. Todo lo que necesita hacer es publicar un anuncio personal en l\u00ednea y puede conectarse con alguien local en su \u00e1rea sin siquiera salir de su casa. Puedes ser tan espec\u00edfico como quieras en ... Leer m\u00e1s","og_url":"https:\/\/thehottieandthenottie.com\/es\/clasificados-gratuitos-para-adultos\/","og_site_name":"En los alrededores Hotties","twitter_card":"summary_large_image","twitter_misc":{"Tiempo de lectura":"4 minutos"},"schema":{"@context":"https:\/\/schema.org","@graph":[{"@type":"WebSite","@id":"https:\/\/thehottieandthenottie.com\/#website","url":"https:\/\/thehottieandthenottie.com\/","name":"En los alrededores Hotties","description":"Conozca a las mujeres en su \u00e1rea","potentialAction":[{"@type":"SearchAction","target":{"@type":"EntryPoint","urlTemplate":"https:\/\/thehottieandthenottie.com\/?s={search_term_string}"},"query-input":"required name=search_term_string"}],"inLanguage":"es"},{"@type":"WebPage","@id":"https:\/\/thehottieandthenottie.com\/es\/clasificados-gratuitos-para-adultos\/#webpage","url":"https:\/\/thehottieandthenottie.com\/es\/clasificados-gratuitos-para-adultos\/","name":"Clasificados gratuitos para adultos - En los alrededores Hotties","isPartOf":{"@id":"https:\/\/thehottieandthenottie.com\/#website"},"datePublished":"2022-09-30T11:56:42+00:00","dateModified":"2022-09-30T11:56:42+00:00","breadcrumb":{"@id":"https:\/\/thehottieandthenottie.com\/es\/clasificados-gratuitos-para-adultos\/#breadcrumb"},"inLanguage":"es","potentialAction":[{"@type":"ReadAction","target":["https:\/\/thehottieandthenottie.com\/es\/clasificados-gratuitos-para-adultos\/"]}]},{"@type":"BreadcrumbList","@id":"https:\/\/thehottieandthenottie.com\/es\/clasificados-gratuitos-para-adultos\/#breadcrumb","itemListElement":[{"@type":"ListItem","position":1,"name":"Home","item":"http:\/\/thehottieandthenottie.com\/es\/"},{"@type":"ListItem","position":2,"name":"Clasificados gratuitos para adultos"}]}]}},"_links":{"self":[{"href":"https:\/\/thehottieandthenottie.com\/es\/wp-json\/wp\/v2\/pages\/577"}],"collection":[{"href":"https:\/\/thehottieandthenottie.com\/es\/wp-json\/wp\/v2\/pages"}],"about":[{"href":"https:\/\/thehottieandthenottie.com\/es\/wp-json\/wp\/v2\/types\/page"}],"author":[{"embeddable":true,"href":"https:\/\/thehottieandthenottie.com\/es\/wp-json\/wp\/v2\/users\/1"}],"replies":[{"embeddable":true,"href":"https:\/\/thehottieandthenottie.com\/es\/wp-json\/wp\/v2\/comments?post=577"}],"version-history":[{"count":0,"href":"https:\/\/thehottieandthenottie.com\/es\/wp-json\/wp\/v2\/pages\/577\/revisions"}],"wp:attachment":[{"href":"https:\/\/thehottieandthenottie.com\/es\/wp-json\/wp\/v2\/media?parent=577"}],"curies":[{"name":"wp","href":"https:\/\/api.w.org\/{rel}","templated":true}]}}